{"id":77,"date":"2014-04-25T21:32:15","date_gmt":"2014-04-25T19:32:15","guid":{"rendered":"https:\/\/diktardagar.no\/2024\/?page_id=77"},"modified":"2023-03-27T18:19:05","modified_gmt":"2023-03-27T16:19:05","slug":"lenker","status":"publish","type":"page","link":"https:\/\/diktardagar.no\/2024\/lenker\/","title":{"rendered":"Lenker"},"content":{"rendered":"\n\n\t<h4>Diktarar og diktarlag<\/h4>\n<ul>\n\t<li><a href=\"https:\/\/snl.no\/Olav_Aukrust\/\" target=\"_blank\" rel=\"noopener noreferrer\">Olav Aukrust<\/a><\/li>\n\t<li><a href=\"http:\/\/www.torjonsson.no\/\" target=\"_blank\" rel=\"noopener noreferrer\">Tor Jonsson<\/a><\/li>\n\t<li><a href=\"https:\/\/snl.no\/Knut_Hamsun\" target=\"_blank\" rel=\"noopener noreferrer\">Knut Hamsun<\/a><\/li>\n\t<li><a href=\"http:\/\/www.hamsun-selskapet.no\/\" target=\"_blank\" rel=\"noopener noreferrer\">Hamsunselskapet<\/a><\/li>\n\t<li><a href=\"http:\/\/www.janmagnusbruheim.no\/\" target=\"_blank\" rel=\"noopener noreferrer\">Jan-Magnus Bruheim<\/a><\/li>\n\t<li><a href=\"http:\/\/www.lokalhistoriewiki.no\/index.php\/Ivar_Kleiven\" target=\"_blank\" rel=\"noopener noreferrer\">Ivar Kleiven<\/a><\/li>\n\t<li><a href=\"https:\/\/snl.no\/Tore_\u00d8rjas\u00e6ter\" target=\"_blank\" rel=\"noopener noreferrer\">Tore \u00d8rjas\u00e6ter<\/a><\/li>\n\t<li><a href=\"http:\/\/www.otta2000.com\/dikt\/Storm\/edvard_storm.htm\" target=\"_blank\" rel=\"noopener noreferrer\">Edvard Storm<\/a><\/li>\n\t<li><a href=\"http:\/\/www.snl.no\/.nbl_biografi\/Elise_Aubert\/utdypning\" target=\"_blank\" rel=\"noopener noreferrer\">Elise Aubert<\/a><\/li>\n\t<li><a href=\"https:\/\/nbl.snl.no\/Kitty_Wentzel\" target=\"_blank\" rel=\"noopener noreferrer\">Kitty Wentzel<\/a><\/li>\n\t<li><a href=\"http:\/\/www.snl.no\/.nbl_biografi\/Ragnvald_Skrede\/utdypning\" target=\"_blank\" rel=\"noopener noreferrer\">Ragnvald Skrede<\/a><\/li>\n\t<li><a href=\"https:\/\/aslaughoydal.wordpress.com\/aslaug-hoydal-100-ar\/\" target=\"_blank\" rel=\"noopener noreferrer\">Aslaug H\u00f8ydal<\/a><\/li>\n<\/ul>\n\t<h4>Folkebibliotek<\/h4>\n<ul>\n \t<li><a href=\"https:\/\/www.lom.kommune.no\/tenester\/kultur-idrett-fritid-kyrkja\/lom-folkebibliotek\/\" target=\"_blank\" rel=\"noopener noreferrer\">Lom folkebibliotek<\/a><\/li>\n \t<li><a href=\"https:\/\/www.skjaak.kommune.no\/tenester\/kultur-idrett-og-fritid\/skjak-folkebibliotek\/\" target=\"_blank\" rel=\"noopener noreferrer\">Skj\u00e5k folkebibliotek<\/a><\/li>\n \t<li><a href=\"https:\/\/www.vaga.kommune.no\/tenester\/kultur-idrett-og-fritid\/bibliotek\/\" target=\"_blank\" rel=\"noopener noreferrer\">V\u00e5g\u00e5 bibliotek<\/a><\/li>\n<\/ul>\n\t<h4>Kommune<\/h4>\n<ul>\n \t<li><a href=\"http:\/\/www.lom.no\" target=\"_blank\" rel=\"noopener noreferrer\">lom.no<\/a><\/li>\n \t<li><a href=\"http:\/\/lom.kommune.no\" target=\"_blank\" rel=\"noopener noreferrer\">lom.kommune.no<\/a><\/li>\n \t<li><a href=\"https:\/\/www.skjak.no\/\" target=\"_blank\" rel=\"noopener noreferrer\">skjak.no<\/a><\/li> \n \t<li><a href=\"https:\/\/www.skjaak.kommune.no\/\" target=\"_blank\" rel=\"noopener noreferrer\">skjaak.kommune.no<\/a><\/li>\n \t\t<li><a href=\"http:\/\/www.vaga.kommune.no\" target=\"_blank\" rel=\"noopener noreferrer\">vaga.kommune.no<\/a><\/li>\n<\/ul>\n\t<h4>Ord om fjell<\/h4>\n<ul>\n \t<li><a href=\"http:\/\/ordomfjell.blogspot.no\/\" target=\"_blank\" rel=\"noopener noreferrer\">Ord om fjell<\/a><\/li>\n<\/ul>\n\t\t\t<a href=\"https:\/\/diktardagar.no\/2024\/tidlegare\/\" target=\"_self\" role=\"button\" rel=\"noopener\">\n\t\t\t\t\t\t\tTidlegare Diktardagar\n\t\t\t\t\t<\/a>\n<h2>\n\t\tSponsorar\n\t<\/h2>\n<h2>\n\t\tTakk \u00f2g til\n\t<\/h2>\n\t\r\n\r\n<div class=\"sponsor-takk\">\r\n\t\r\n\t<a href=\"https:\/\/gudbrandsdalsmusea.no\/\" target=\"_blank\" rel=\"noopener noreferrer\">\r\n\t\r\n\t\tGudbrandsdalsmusea\r\n\t\r\n\t<\/a>\r\n\t\r\n<\/div>\r\n\r\n\r\n\r\n<div class=\"sponsor-takk\">\r\n\t\r\n\t<a href=\"https:\/\/juvasshytta.no\/\" target=\"_blank\" rel=\"noopener noreferrer\">\r\n\t\r\n\t\tJuvasshytta\r\n\t\r\n\t<\/a>\r\n\t\r\n<\/div>\r\n\r\n\r\n\r\n<div class=\"sponsor-takk\">\r\n\t\r\n\t<a href=\"https:\/\/krossbu.no\/\" target=\"_blank\" rel=\"noopener noreferrer\">\r\n\t\r\n\t\tKrossbu turisthytte\r\n\t\r\n\t<\/a>\r\n\t\r\n<\/div>\r\n\r\n\r\n\r\n<div class=\"sponsor-takk\">\r\n\t\r\n\t<a href=\"https:\/\/lomb.no\/\" target=\"_blank\" rel=\"noopener noreferrer\">\r\n\t\r\n\t\tLom bryggeri\r\n\t\r\n\t<\/a>\r\n\t\r\n<\/div>\r\n\r\n\r\n\r\n<div class=\"sponsor-takk\">\r\n\t\r\n\t<a href=\"https:\/\/smakilom.no\/\" target=\"_blank\" rel=\"noopener noreferrer\">\r\n\t\r\n\t\tSmak i Lom\r\n\t\r\n\t<\/a>\r\n\t\r\n<\/div>\r\n\r\n\r\n\r\n\r\n\r\n<div class=\"sponsor-takk\">\r\n\t\r\n\t<a href=\"https:\/\/www.spiterstulen.no\/nb\/\" target=\"_blank\" rel=\"noopener noreferrer\">\r\n\t\r\n\t\tSpiterstulen\r\n\t\r\n\t<\/a>\r\n\t\r\n<\/div>\r\n\r\n\r\n\r\n<div class=\"sponsor-takk\">\r\n\t\r\n\t<a href=\"https:\/\/ullinsvin.no\/\" target=\"_blank\" rel=\"noopener noreferrer\">\r\n\t\r\n\t\tUllinsvin\r\n\t\r\n\t<\/a>\r\n\t\r\n<\/div>\r\n\r\n\r\n\r\n\r\n\r\n<div class=\"sponsor-takk\">\r\n\t\r\n\t<a href=\"https:\/\/www.interfil.no\/\" target=\"_blank\" rel=\"noopener noreferrer\">\r\n\t\r\n\t\tInterfil AS\r\n\t\r\n\t<\/a>\r\n\t\r\n<\/div>\r\n\r\n\r\n\r\n<div class=\"sponsor-takk\">\r\n\t\r\n\t<a href=\"https:\/\/www.eidefoss.no\/\" target=\"_blank\" rel=\"noopener noreferrer\">\r\n\t\r\n\t\tEidefoss\r\n\t\r\n\t<\/a>\r\n\t\r\n<\/div>\r\n\r\n\r\n\r\n<div class=\"sponsor-takk\">\r\n\t\r\n\t<a href=\"https:\/\/aschehoug.no\/\" target=\"_blank\" rel=\"noopener noreferrer\">\r\n\t\r\n\t\tAschehoug\r\n\t\r\n\t<\/a>\r\n\t\r\n<\/div>\r\n\r\n\r\n\r\n\r\n\r\n\r\n\r\n\r\n\r\n\r\n\r\n\r\n\r\n\r\n\r\n\r\n\r\n\r\n\r\n<div class=\"sponsor-takk\">\r\n\t\r\n\t<a href=\"https:\/\/samlaget.no\/\" target=\"_blank\" rel=\"noopener noreferrer\">\r\n\t\r\n\t\tSamlaget\r\n\t\r\n\t<\/a>\r\n\t\r\n<\/div>\r\n\r\n\r\n\r\n<div class=\"sponsor-takk\">\r\n\t\r\n\t<a href=\"https:\/\/www.norgesfor.no\/ottadalen\/\" target=\"_blank\" rel=\"noopener noreferrer\">\r\n\t\r\n\t\tOttadalen M\u00f8lle\r\n\t\r\n\t<\/a>\r\n\t\r\n<\/div>\r\n\r\n\r\n\r\n<div class=\"sponsor-takk\">\r\n\t\r\n\t<a href=\"http:\/\/www.fjellogfritid.no\/\" target=\"_blank\" rel=\"noopener noreferrer\">\r\n\t\r\n\t\tFjell &amp; Fritid\r\n\t\r\n\t<\/a>\r\n\t\r\n<\/div>\r\n\r\n\r\n\r\n<div class=\"sponsor-takk\">\r\n\t\r\n\t<a href=\"https:\/\/fossberg.no\/\" target=\"_blank\" rel=\"noopener noreferrer\">\r\n\t\r\n\t\tFossberg Hotell\r\n\t\r\n\t<\/a>\r\n\t\r\n<\/div>\r\n\r\n\r\n\r\n<div class=\"sponsor-takk\">\r\n\t\r\n\t<a href=\"http:\/\/fossheimsteinsenter.no\/\" target=\"_blank\" rel=\"noopener noreferrer\">\r\n\t\r\n\t\tFossheim Steinsenter\r\n\t\r\n\t<\/a>\r\n\t\r\n<\/div>\r\n\r\n\r\n\r\n<div class=\"sponsor-takk\">\r\n\t\r\n\t<a href=\"https:\/\/www.fossheimhotel.no\/\" target=\"_blank\" rel=\"noopener noreferrer\">\r\n\t\r\n\t\tFossheim Hotell\r\n\t\r\n\t<\/a>\r\n\t\r\n<\/div>\r\n\r\n\r\n\r\n<div class=\"sponsor-takk\">\r\n\t\r\n\t<a href=\"https:\/\/www.nordalturistsenter.no\/\" target=\"_blank\" rel=\"noopener noreferrer\">\r\n\t\r\n\t\tNordal Turistsenter\r\n\t\r\n\t<\/a>\r\n\t\r\n<\/div>\r\n\r\n\r\n\r\n<div class=\"sponsor-takk\">\r\n\t\r\n\t<a href=\"https:\/\/kiwi.no\/Finn-butikk\/kiwi-244-lom\/\" target=\"_blank\" rel=\"noopener noreferrer\">\r\n\t\r\n\t\tKiwi, Lom\r\n\t\r\n\t<\/a>\r\n\t\r\n<\/div>\r\n\r\n\r\n\r\n<div class=\"sponsor-takk\">\r\n\t\r\n\t<a href=\"https:\/\/stokkstein.no\/\" target=\"_blank\" rel=\"noopener noreferrer\">\r\n\t\r\n\t\tStokk &amp; Stein\r\n\t\r\n\t<\/a>\r\n\t\r\n<\/div>\r\n\r\n\r\n\r\n<div class=\"sponsor-takk\">\r\n\t\r\n\t<a href=\"https:\/\/coop.no\/samvirkelag\/coop-ottadalen\/\" target=\"_blank\" rel=\"noopener noreferrer\">\r\n\t\r\n\t\tCoop Ottadalen\r\n\t\r\n\t<\/a>\r\n\t\r\n<\/div>\r\n\r\n\n\n","protected":false},"excerpt":{"rendered":"<p>Diktarar og diktarlag Olav Aukrust Tor Jonsson Knut Hamsun Hamsunselskapet Jan-Magnus Bruheim Ivar Kleiven Tore \u00d8rjas\u00e6ter Edvard Storm Elise Aubert Kitty Wentzel Ragnvald Skrede Aslaug H\u00f8ydal Folkebibliotek Lom folkebibliotek Skj\u00e5k folkebibliotek V\u00e5g\u00e5 bibliotek Kommune lom.no lom.kommune.no skjak.no skjaak.kommune.no vaga.kommune.no Ord om fjell Ord om fjell Tidlegare Diktardagar Sponsorar Takk \u00f2g til<\/p>\n","protected":false},"author":1,"featured_media":0,"parent":0,"menu_order":9,"comment_status":"closed","ping_status":"open","template":"","meta":{"_acf_changed":false,"footnotes":""},"class_list":["post-77","page","type-page","status-publish","hentry"],"acf":[],"yoast_head":"<!-- This site is optimized with the Yoast SEO plugin v27.3 - https:\/\/yoast.com\/product\/yoast-seo-wordpress\/ -->\n<title>Lenker - Diktardagar 2024<\/title>\n<meta name=\"robots\" content=\"index, follow, max-snippet:-1, max-image-preview:large, max-video-preview:-1\" \/>\n<link rel=\"canonical\" href=\"https:\/\/diktardagar.no\/2024\/lenker\/\" class=\"yoast-seo-meta-tag\" \/>\n<meta property=\"og:locale\" content=\"nb_NO\" class=\"yoast-seo-meta-tag\" \/>\n<meta property=\"og:type\" content=\"article\" class=\"yoast-seo-meta-tag\" \/>\n<meta property=\"og:title\" content=\"Lenker - Diktardagar 2024\" class=\"yoast-seo-meta-tag\" \/>\n<meta property=\"og:description\" content=\"Diktarar og diktarlag Olav Aukrust Tor Jonsson Knut Hamsun Hamsunselskapet Jan-Magnus Bruheim Ivar Kleiven Tore \u00d8rjas\u00e6ter Edvard Storm Elise Aubert Kitty Wentzel Ragnvald Skrede Aslaug H\u00f8ydal Folkebibliotek Lom folkebibliotek Skj\u00e5k folkebibliotek V\u00e5g\u00e5 bibliotek Kommune lom.no lom.kommune.no skjak.no skjaak.kommune.no vaga.kommune.no Ord om fjell Ord om fjell Tidlegare Diktardagar Sponsorar Takk \u00f2g til\" class=\"yoast-seo-meta-tag\" \/>\n<meta property=\"og:url\" content=\"https:\/\/diktardagar.no\/2024\/lenker\/\" class=\"yoast-seo-meta-tag\" \/>\n<meta property=\"og:site_name\" content=\"Diktardagar 2024\" class=\"yoast-seo-meta-tag\" \/>\n<meta property=\"article:modified_time\" content=\"2023-03-27T16:19:05+00:00\" class=\"yoast-seo-meta-tag\" \/>\n<meta name=\"twitter:card\" content=\"summary_large_image\" class=\"yoast-seo-meta-tag\" \/>\n<meta name=\"twitter:label1\" content=\"Ansl. lesetid\" class=\"yoast-seo-meta-tag\" \/>\n\t<meta name=\"twitter:data1\" content=\"1 minutt\" class=\"yoast-seo-meta-tag\" \/>\n<script type=\"application\/ld+json\" class=\"yoast-schema-graph\">{\"@context\":\"https:\\\/\\\/schema.org\",\"@graph\":[{\"@type\":\"WebPage\",\"@id\":\"https:\\\/\\\/diktardagar.no\\\/2024\\\/lenker\\\/\",\"url\":\"https:\\\/\\\/diktardagar.no\\\/2024\\\/lenker\\\/\",\"name\":\"Lenker - Diktardagar 2024\",\"isPartOf\":{\"@id\":\"https:\\\/\\\/diktardagar.no\\\/2024\\\/#website\"},\"datePublished\":\"2014-04-25T19:32:15+00:00\",\"dateModified\":\"2023-03-27T16:19:05+00:00\",\"breadcrumb\":{\"@id\":\"https:\\\/\\\/diktardagar.no\\\/2024\\\/lenker\\\/#breadcrumb\"},\"inLanguage\":\"nb-NO\",\"potentialAction\":[{\"@type\":\"ReadAction\",\"target\":[\"https:\\\/\\\/diktardagar.no\\\/2024\\\/lenker\\\/\"]}]},{\"@type\":\"BreadcrumbList\",\"@id\":\"https:\\\/\\\/diktardagar.no\\\/2024\\\/lenker\\\/#breadcrumb\",\"itemListElement\":[{\"@type\":\"ListItem\",\"position\":1,\"name\":\"Hjem\",\"item\":\"https:\\\/\\\/diktardagar.no\\\/2024\\\/\"},{\"@type\":\"ListItem\",\"position\":2,\"name\":\"Lenker\"}]},{\"@type\":\"WebSite\",\"@id\":\"https:\\\/\\\/diktardagar.no\\\/2024\\\/#website\",\"url\":\"https:\\\/\\\/diktardagar.no\\\/2024\\\/\",\"name\":\"Diktardagar 2024\",\"description\":\"\",\"potentialAction\":[{\"@type\":\"SearchAction\",\"target\":{\"@type\":\"EntryPoint\",\"urlTemplate\":\"https:\\\/\\\/diktardagar.no\\\/2024\\\/?s={search_term_string}\"},\"query-input\":{\"@type\":\"PropertyValueSpecification\",\"valueRequired\":true,\"valueName\":\"search_term_string\"}}],\"inLanguage\":\"nb-NO\"}]}<\/script>\n<!-- \/ Yoast SEO plugin. -->","yoast_head_json":{"title":"Lenker - Diktardagar 2024","robots":{"index":"index","follow":"follow","max-snippet":"max-snippet:-1","max-image-preview":"max-image-preview:large","max-video-preview":"max-video-preview:-1"},"canonical":"https:\/\/diktardagar.no\/2024\/lenker\/","og_locale":"nb_NO","og_type":"article","og_title":"Lenker - Diktardagar 2024","og_description":"Diktarar og diktarlag Olav Aukrust Tor Jonsson Knut Hamsun Hamsunselskapet Jan-Magnus Bruheim Ivar Kleiven Tore \u00d8rjas\u00e6ter Edvard Storm Elise Aubert Kitty Wentzel Ragnvald Skrede Aslaug H\u00f8ydal Folkebibliotek Lom folkebibliotek Skj\u00e5k folkebibliotek V\u00e5g\u00e5 bibliotek Kommune lom.no lom.kommune.no skjak.no skjaak.kommune.no vaga.kommune.no Ord om fjell Ord om fjell Tidlegare Diktardagar Sponsorar Takk \u00f2g til","og_url":"https:\/\/diktardagar.no\/2024\/lenker\/","og_site_name":"Diktardagar 2024","article_modified_time":"2023-03-27T16:19:05+00:00","twitter_card":"summary_large_image","twitter_misc":{"Ansl. lesetid":"1 minutt"},"schema":{"@context":"https:\/\/schema.org","@graph":[{"@type":"WebPage","@id":"https:\/\/diktardagar.no\/2024\/lenker\/","url":"https:\/\/diktardagar.no\/2024\/lenker\/","name":"Lenker - Diktardagar 2024","isPartOf":{"@id":"https:\/\/diktardagar.no\/2024\/#website"},"datePublished":"2014-04-25T19:32:15+00:00","dateModified":"2023-03-27T16:19:05+00:00","breadcrumb":{"@id":"https:\/\/diktardagar.no\/2024\/lenker\/#breadcrumb"},"inLanguage":"nb-NO","potentialAction":[{"@type":"ReadAction","target":["https:\/\/diktardagar.no\/2024\/lenker\/"]}]},{"@type":"BreadcrumbList","@id":"https:\/\/diktardagar.no\/2024\/lenker\/#breadcrumb","itemListElement":[{"@type":"ListItem","position":1,"name":"Hjem","item":"https:\/\/diktardagar.no\/2024\/"},{"@type":"ListItem","position":2,"name":"Lenker"}]},{"@type":"WebSite","@id":"https:\/\/diktardagar.no\/2024\/#website","url":"https:\/\/diktardagar.no\/2024\/","name":"Diktardagar 2024","description":"","potentialAction":[{"@type":"SearchAction","target":{"@type":"EntryPoint","urlTemplate":"https:\/\/diktardagar.no\/2024\/?s={search_term_string}"},"query-input":{"@type":"PropertyValueSpecification","valueRequired":true,"valueName":"search_term_string"}}],"inLanguage":"nb-NO"}]}},"_links":{"self":[{"href":"https:\/\/diktardagar.no\/2024\/wp-json\/wp\/v2\/pages\/77","targetHints":{"allow":["GET"]}}],"collection":[{"href":"https:\/\/diktardagar.no\/2024\/wp-json\/wp\/v2\/pages"}],"about":[{"href":"https:\/\/diktardagar.no\/2024\/wp-json\/wp\/v2\/types\/page"}],"author":[{"embeddable":true,"href":"https:\/\/diktardagar.no\/2024\/wp-json\/wp\/v2\/users\/1"}],"replies":[{"embeddable":true,"href":"https:\/\/diktardagar.no\/2024\/wp-json\/wp\/v2\/comments?post=77"}],"version-history":[{"count":61,"href":"https:\/\/diktardagar.no\/2024\/wp-json\/wp\/v2\/pages\/77\/revisions"}],"predecessor-version":[{"id":4259,"href":"https:\/\/diktardagar.no\/2024\/wp-json\/wp\/v2\/pages\/77\/revisions\/4259"}],"wp:attachment":[{"href":"https:\/\/diktardagar.no\/2024\/wp-json\/wp\/v2\/media?parent=77"}],"curies":[{"name":"wp","href":"https:\/\/api.w.org\/{rel}","templated":true}]}}