{"id":2782,"date":"2019-06-14T13:24:45","date_gmt":"2019-06-14T11:24:45","guid":{"rendered":"https:\/\/diktardagar.no\/2024\/?page_id=2782"},"modified":"2023-11-17T11:55:13","modified_gmt":"2023-11-17T10:55:13","slug":"stadane","status":"publish","type":"page","link":"https:\/\/diktardagar.no\/2024\/stadane\/","title":{"rendered":"Stadene"},"content":{"rendered":"\n\n\t<div class=\"em em-view-container\" id=\"em-view-382393638\" data-view=\"location-list\">\r\n\t<div class=\"em pixelbones em-list em-locations-list\" id=\"em-locations-list-382393638\" data-view-id=\"382393638\">\r\n\t\t\n        <img loading=\"lazy\" decoding=\"async\" width=\"150\" height=\"150\" src=\"https:\/\/diktardagar.no\/2024\/wp-content\/uploads\/sites\/17\/2014\/05\/fossberg_hotell-150x150.jpg\" class=\"attachment-150x0 size-150x0 wp-post-image\" alt=\"\" srcset=\"https:\/\/diktardagar.no\/2024\/wp-content\/uploads\/sites\/17\/2014\/05\/fossberg_hotell-150x150.jpg 150w, https:\/\/diktardagar.no\/2024\/wp-content\/uploads\/sites\/17\/2014\/05\/fossberg_hotell-270x270.jpg 270w, https:\/\/diktardagar.no\/2024\/wp-content\/uploads\/sites\/17\/2014\/05\/fossberg_hotell-230x230.jpg 230w\" sizes=\"auto, (max-width: 150px) 100vw, 150px\" \/>\n        <a href=\"https:\/\/diktardagar.no\/2024\/locations\/fossberg-hotell\/\">Fossberg Hotell<\/a>\n        Fossberg Hotell ligg midt i Lom sentrum der dalf\u00f8ret deler seg for den mektige Lomseggen og B\u00f8vra renn kvit og vill utover Prestfossen. I v\u00e5rt moderne men tradisjonsrike hotell kan vi tilby komfortable hotellrom med dusj, toalett og TV med&#8230;\n\n        <img loading=\"lazy\" decoding=\"async\" width=\"150\" height=\"150\" src=\"https:\/\/diktardagar.no\/2024\/wp-content\/uploads\/sites\/17\/2014\/05\/Fossheim-150x150.jpg\" class=\"attachment-150x0 size-150x0 wp-post-image\" alt=\"\" \/>\n        <a href=\"https:\/\/diktardagar.no\/2024\/locations\/fossheim-hotell\/\">Fossheim hotell<\/a>\n        Fossheim Hotell er eit historisk og tradisjonsrikt hotell midt i Lom i Jotunheimen. Her f\u00e5r du god overnatting i ei roleg atmosf\u00e6re. I restauranten v\u00e5r kan du nyte b\u00e5de norsk tradisjonsmat og gourmetmat tufta p\u00e5 lokale r\u00e5varer fr\u00e5 nasjonalparkane rundt&#8230;\n\n        <img loading=\"lazy\" decoding=\"async\" width=\"150\" height=\"150\" src=\"https:\/\/diktardagar.no\/2024\/wp-content\/uploads\/sites\/17\/2014\/04\/Biblioteket-150x150.jpg\" class=\"attachment-150x0 size-150x0 wp-post-image\" alt=\"Lom folkebibliotek med Lom stavkyrkje i bakgrunnen\" \/>\n        <a href=\"https:\/\/diktardagar.no\/2024\/locations\/lom-bibliotek\/\">Lom folkebibliotek<\/a>\n        Lom folkebibliotek er eit lite bibliotek med stor aktivitet. Vi er to tilsette som gjennom \u00e5ra har brukt mykje tid p\u00e5 formidling av b\u00f8ker for alle aldersgrupper, b\u00e5de lokalt og nasjonalt, i bibliotek og p\u00e5 nett. Vi har delvis ved&#8230;\n\n        <img loading=\"lazy\" decoding=\"async\" width=\"150\" height=\"150\" src=\"https:\/\/diktardagar.no\/2024\/wp-content\/uploads\/sites\/17\/2022\/03\/marlo-grendehus-150x150.jpg\" class=\"attachment-150x0 size-150x0 wp-post-image\" alt=\"Marlo Grendehus i Skj\u00e5k\" \/>\n        <a href=\"https:\/\/diktardagar.no\/2024\/locations\/marlo-grendahus\/\">Marlo grendehus<\/a>\n        Marlo grendehus er Skj\u00e5k si storstue. Lokalet blir m.a. nytta til selskap, fest og som bygdakino. Huset har eit amfi med 130 sitjeplassar.\n\n        <img loading=\"lazy\" decoding=\"async\" width=\"150\" height=\"150\" src=\"https:\/\/diktardagar.no\/2024\/wp-content\/uploads\/sites\/17\/2023\/03\/skja-150x150.jpeg\" class=\"attachment-150x0 size-150x0 wp-post-image\" alt=\"Bilete fr\u00e5 barneavdelinga ved Skj\u00e5k folkebibliotek\" \/>\n        <a href=\"https:\/\/diktardagar.no\/2024\/locations\/skjak-folkebibliotek\/\">Skj\u00e5k folkebibliotek<\/a>\n        Skj\u00e5k folkebibliotek finn du i kommunehuset i Skj\u00e5k. Kommunehuset ligg i Bismo, som er sentrumet i Skj\u00e5k kommune. Biblioteket er \"meirope bibliotek\". Det vil seie at om du ordnar deg med adgangskort, kan bruke biblioteket kvar dag, heile \u00e5ret, fr\u00e5&#8230;\n\n        <img loading=\"lazy\" decoding=\"async\" width=\"150\" height=\"150\" src=\"https:\/\/diktardagar.no\/2024\/wp-content\/uploads\/sites\/17\/2014\/04\/tor-jonsson-stugu-150x150.jpg\" class=\"attachment-150x0 size-150x0 wp-post-image\" alt=\"Bilde av Tor Jonsson-stugu\" srcset=\"https:\/\/diktardagar.no\/2024\/wp-content\/uploads\/sites\/17\/2014\/04\/tor-jonsson-stugu-150x150.jpg 150w, https:\/\/diktardagar.no\/2024\/wp-content\/uploads\/sites\/17\/2014\/04\/tor-jonsson-stugu-270x270.jpg 270w, https:\/\/diktardagar.no\/2024\/wp-content\/uploads\/sites\/17\/2014\/04\/tor-jonsson-stugu-230x230.jpg 230w\" sizes=\"auto, (max-width: 150px) 100vw, 150px\" \/>\n        <a href=\"https:\/\/diktardagar.no\/2024\/locations\/tor-jonsson-stugu\/\">Tor Jonsson-stugu<\/a>\n        \n\n        <img loading=\"lazy\" decoding=\"async\" width=\"150\" height=\"150\" src=\"https:\/\/diktardagar.no\/2024\/wp-content\/uploads\/sites\/17\/2024\/04\/Fra-lufta-1-150x150.jpg\" class=\"attachment-150x0 size-150x0 wp-post-image\" alt=\"Bilde av Utgard fleirbrukshus i Lom. Foto: Ola Rossehaug\" \/>\n        <a href=\"https:\/\/diktardagar.no\/2024\/locations\/utgard-lom-kulturhus\/\">Utgard - Lom kulturhus<\/a>\n        Utgard er storstova i Lom. Saman med idrettsanlegget i Grov utgjer huset den st\u00f8rste samlingsplassen for kultur- og idrettsarrangement i Lom. Kulturhuset Utgard inneheld\u00a0 kulturstugu, idrettshall, kj\u00f8ken, kantine, m\u00f8terom, trimrom, sv\u00f8mmehall, garderobar og skulelokale for vidareg\u00e5ande skule. Kontaktperson\u00a0(1)\n\n        <img loading=\"lazy\" decoding=\"async\" width=\"150\" height=\"150\" src=\"https:\/\/diktardagar.no\/2024\/wp-content\/uploads\/sites\/17\/2014\/04\/va\u030aga\u030abib-150x150.jpg\" class=\"attachment-150x0 size-150x0 wp-post-image\" alt=\"\" srcset=\"https:\/\/diktardagar.no\/2024\/wp-content\/uploads\/sites\/17\/2014\/04\/va\u030aga\u030abib-150x150.jpg 150w, https:\/\/diktardagar.no\/2024\/wp-content\/uploads\/sites\/17\/2014\/04\/va\u030aga\u030abib-270x270.jpg 270w, https:\/\/diktardagar.no\/2024\/wp-content\/uploads\/sites\/17\/2014\/04\/va\u030aga\u030abib-230x230.jpg 230w\" sizes=\"auto, (max-width: 150px) 100vw, 150px\" \/>\n        <a href=\"https:\/\/diktardagar.no\/2024\/locations\/vaga-bibliotek\/\">V\u00e5g\u00e5 bibliotek<\/a>\n        Biblioteket ligg i V\u00e5g\u00e5mo som er sentrumet i V\u00e5g\u00e5. Inngang til biblioteket er p\u00e5 baksida av bygget som heiter \"Gammelbanken\". Facebook V\u00e5g\u00e5 bibliotek\n\t<\/div>\r\n<\/div>\n<br \/><br \/>\nHer vil du snart sj\u00e5 stadane for arrangementene i 2024.\n<h2>\n\t\tTakk \u00f2g til\n\t<\/h2>\n\t\r\n\r\n<div class=\"sponsor-takk\">\r\n\t\r\n\t<a href=\"https:\/\/gudbrandsdalsmusea.no\/\" target=\"_blank\" rel=\"noopener noreferrer\">\r\n\t\r\n\t\tGudbrandsdalsmusea\r\n\t\r\n\t<\/a>\r\n\t\r\n<\/div>\r\n\r\n\r\n\r\n<div class=\"sponsor-takk\">\r\n\t\r\n\t<a href=\"https:\/\/juvasshytta.no\/\" target=\"_blank\" rel=\"noopener noreferrer\">\r\n\t\r\n\t\tJuvasshytta\r\n\t\r\n\t<\/a>\r\n\t\r\n<\/div>\r\n\r\n\r\n\r\n<div class=\"sponsor-takk\">\r\n\t\r\n\t<a href=\"https:\/\/krossbu.no\/\" target=\"_blank\" rel=\"noopener noreferrer\">\r\n\t\r\n\t\tKrossbu turisthytte\r\n\t\r\n\t<\/a>\r\n\t\r\n<\/div>\r\n\r\n\r\n\r\n<div class=\"sponsor-takk\">\r\n\t\r\n\t<a href=\"https:\/\/lomb.no\/\" target=\"_blank\" rel=\"noopener noreferrer\">\r\n\t\r\n\t\tLom bryggeri\r\n\t\r\n\t<\/a>\r\n\t\r\n<\/div>\r\n\r\n\r\n\r\n<div class=\"sponsor-takk\">\r\n\t\r\n\t<a href=\"https:\/\/smakilom.no\/\" target=\"_blank\" rel=\"noopener noreferrer\">\r\n\t\r\n\t\tSmak i Lom\r\n\t\r\n\t<\/a>\r\n\t\r\n<\/div>\r\n\r\n\r\n\r\n\r\n\r\n<div class=\"sponsor-takk\">\r\n\t\r\n\t<a href=\"https:\/\/www.spiterstulen.no\/nb\/\" target=\"_blank\" rel=\"noopener noreferrer\">\r\n\t\r\n\t\tSpiterstulen\r\n\t\r\n\t<\/a>\r\n\t\r\n<\/div>\r\n\r\n\r\n\r\n<div class=\"sponsor-takk\">\r\n\t\r\n\t<a href=\"https:\/\/ullinsvin.no\/\" target=\"_blank\" rel=\"noopener noreferrer\">\r\n\t\r\n\t\tUllinsvin\r\n\t\r\n\t<\/a>\r\n\t\r\n<\/div>\r\n\r\n\r\n\r\n\r\n\r\n<div class=\"sponsor-takk\">\r\n\t\r\n\t<a href=\"https:\/\/www.interfil.no\/\" target=\"_blank\" rel=\"noopener noreferrer\">\r\n\t\r\n\t\tInterfil AS\r\n\t\r\n\t<\/a>\r\n\t\r\n<\/div>\r\n\r\n\r\n\r\n<div class=\"sponsor-takk\">\r\n\t\r\n\t<a href=\"https:\/\/www.eidefoss.no\/\" target=\"_blank\" rel=\"noopener noreferrer\">\r\n\t\r\n\t\tEidefoss\r\n\t\r\n\t<\/a>\r\n\t\r\n<\/div>\r\n\r\n\r\n\r\n<div class=\"sponsor-takk\">\r\n\t\r\n\t<a href=\"https:\/\/aschehoug.no\/\" target=\"_blank\" rel=\"noopener noreferrer\">\r\n\t\r\n\t\tAschehoug\r\n\t\r\n\t<\/a>\r\n\t\r\n<\/div>\r\n\r\n\r\n\r\n\r\n\r\n\r\n\r\n\r\n\r\n\r\n\r\n\r\n\r\n\r\n\r\n\r\n\r\n\r\n\r\n<div class=\"sponsor-takk\">\r\n\t\r\n\t<a href=\"https:\/\/samlaget.no\/\" target=\"_blank\" rel=\"noopener noreferrer\">\r\n\t\r\n\t\tSamlaget\r\n\t\r\n\t<\/a>\r\n\t\r\n<\/div>\r\n\r\n\r\n\r\n<div class=\"sponsor-takk\">\r\n\t\r\n\t<a href=\"https:\/\/www.norgesfor.no\/ottadalen\/\" target=\"_blank\" rel=\"noopener noreferrer\">\r\n\t\r\n\t\tOttadalen M\u00f8lle\r\n\t\r\n\t<\/a>\r\n\t\r\n<\/div>\r\n\r\n\r\n\r\n<div class=\"sponsor-takk\">\r\n\t\r\n\t<a href=\"http:\/\/www.fjellogfritid.no\/\" target=\"_blank\" rel=\"noopener noreferrer\">\r\n\t\r\n\t\tFjell &amp; Fritid\r\n\t\r\n\t<\/a>\r\n\t\r\n<\/div>\r\n\r\n\r\n\r\n<div class=\"sponsor-takk\">\r\n\t\r\n\t<a href=\"https:\/\/fossberg.no\/\" target=\"_blank\" rel=\"noopener noreferrer\">\r\n\t\r\n\t\tFossberg Hotell\r\n\t\r\n\t<\/a>\r\n\t\r\n<\/div>\r\n\r\n\r\n\r\n<div class=\"sponsor-takk\">\r\n\t\r\n\t<a href=\"http:\/\/fossheimsteinsenter.no\/\" target=\"_blank\" rel=\"noopener noreferrer\">\r\n\t\r\n\t\tFossheim Steinsenter\r\n\t\r\n\t<\/a>\r\n\t\r\n<\/div>\r\n\r\n\r\n\r\n<div class=\"sponsor-takk\">\r\n\t\r\n\t<a href=\"https:\/\/www.fossheimhotel.no\/\" target=\"_blank\" rel=\"noopener noreferrer\">\r\n\t\r\n\t\tFossheim Hotell\r\n\t\r\n\t<\/a>\r\n\t\r\n<\/div>\r\n\r\n\r\n\r\n<div class=\"sponsor-takk\">\r\n\t\r\n\t<a href=\"https:\/\/www.nordalturistsenter.no\/\" target=\"_blank\" rel=\"noopener noreferrer\">\r\n\t\r\n\t\tNordal Turistsenter\r\n\t\r\n\t<\/a>\r\n\t\r\n<\/div>\r\n\r\n\r\n\r\n<div class=\"sponsor-takk\">\r\n\t\r\n\t<a href=\"https:\/\/kiwi.no\/Finn-butikk\/kiwi-244-lom\/\" target=\"_blank\" rel=\"noopener noreferrer\">\r\n\t\r\n\t\tKiwi, Lom\r\n\t\r\n\t<\/a>\r\n\t\r\n<\/div>\r\n\r\n\r\n\r\n<div class=\"sponsor-takk\">\r\n\t\r\n\t<a href=\"https:\/\/stokkstein.no\/\" target=\"_blank\" rel=\"noopener noreferrer\">\r\n\t\r\n\t\tStokk &amp; Stein\r\n\t\r\n\t<\/a>\r\n\t\r\n<\/div>\r\n\r\n\r\n\r\n<div class=\"sponsor-takk\">\r\n\t\r\n\t<a href=\"https:\/\/coop.no\/samvirkelag\/coop-ottadalen\/\" target=\"_blank\" rel=\"noopener noreferrer\">\r\n\t\r\n\t\tCoop Ottadalen\r\n\t\r\n\t<\/a>\r\n\t\r\n<\/div>\r\n\r\n\n\t\t\t<a href=\"https:\/\/diktardagar.no\/2024\/tidlegare\/\" target=\"_self\" rel=\"noopener\">\n\t\t\t\t\t\t\tTidlegare Diktardagar\n\t\t\t\t\t<\/a>\n\n","protected":false},"excerpt":{"rendered":"<p>Her vil du snart sj\u00e5 stadane for arrangementene i 2024. Takk \u00f2g til Tidlegare Diktardagar<\/p>\n","protected":false},"author":1,"featured_media":0,"parent":0,"menu_order":1,"comment_status":"closed","ping_status":"closed","template":"","meta":{"_acf_changed":false,"footnotes":""},"class_list":["post-2782","page","type-page","status-publish","hentry"],"acf":[],"yoast_head":"<!-- This site is optimized with the Yoast SEO plugin v27.3 - https:\/\/yoast.com\/product\/yoast-seo-wordpress\/ -->\n<title>Stadene - Diktardagar 2024<\/title>\n<meta name=\"description\" content=\"Diktardagar V\u00e5g\u00e5, Lom og Skj\u00e5k\" class=\"yoast-seo-meta-tag\" \/>\n<meta name=\"robots\" content=\"index, follow, max-snippet:-1, max-image-preview:large, max-video-preview:-1\" \/>\n<link rel=\"canonical\" href=\"https:\/\/diktardagar.no\/2024\/stadane\/\" class=\"yoast-seo-meta-tag\" \/>\n<meta property=\"og:locale\" content=\"nb_NO\" class=\"yoast-seo-meta-tag\" \/>\n<meta property=\"og:type\" content=\"article\" class=\"yoast-seo-meta-tag\" \/>\n<meta property=\"og:title\" content=\"Stadene - Diktardagar 2024\" class=\"yoast-seo-meta-tag\" \/>\n<meta property=\"og:description\" content=\"Diktardagar V\u00e5g\u00e5, Lom og Skj\u00e5k\" class=\"yoast-seo-meta-tag\" \/>\n<meta property=\"og:url\" content=\"https:\/\/diktardagar.no\/2024\/stadane\/\" class=\"yoast-seo-meta-tag\" \/>\n<meta property=\"og:site_name\" content=\"Diktardagar 2024\" class=\"yoast-seo-meta-tag\" \/>\n<meta property=\"article:modified_time\" content=\"2023-11-17T10:55:13+00:00\" class=\"yoast-seo-meta-tag\" \/>\n<meta name=\"twitter:card\" content=\"summary_large_image\" class=\"yoast-seo-meta-tag\" \/>\n<meta name=\"twitter:label1\" content=\"Ansl. lesetid\" class=\"yoast-seo-meta-tag\" \/>\n\t<meta name=\"twitter:data1\" content=\"1 minutt\" class=\"yoast-seo-meta-tag\" \/>\n<script type=\"application\/ld+json\" class=\"yoast-schema-graph\">{\"@context\":\"https:\\\/\\\/schema.org\",\"@graph\":[{\"@type\":\"WebPage\",\"@id\":\"https:\\\/\\\/diktardagar.no\\\/2024\\\/stadane\\\/\",\"url\":\"https:\\\/\\\/diktardagar.no\\\/2024\\\/stadane\\\/\",\"name\":\"Stadene - Diktardagar 2024\",\"isPartOf\":{\"@id\":\"https:\\\/\\\/diktardagar.no\\\/2024\\\/#website\"},\"datePublished\":\"2019-06-14T11:24:45+00:00\",\"dateModified\":\"2023-11-17T10:55:13+00:00\",\"description\":\"Diktardagar V\u00e5g\u00e5, Lom og Skj\u00e5k\",\"breadcrumb\":{\"@id\":\"https:\\\/\\\/diktardagar.no\\\/2024\\\/stadane\\\/#breadcrumb\"},\"inLanguage\":\"nb-NO\",\"potentialAction\":[{\"@type\":\"ReadAction\",\"target\":[\"https:\\\/\\\/diktardagar.no\\\/2024\\\/stadane\\\/\"]}]},{\"@type\":\"BreadcrumbList\",\"@id\":\"https:\\\/\\\/diktardagar.no\\\/2024\\\/stadane\\\/#breadcrumb\",\"itemListElement\":[{\"@type\":\"ListItem\",\"position\":1,\"name\":\"Hjem\",\"item\":\"https:\\\/\\\/diktardagar.no\\\/2024\\\/\"},{\"@type\":\"ListItem\",\"position\":2,\"name\":\"Stadene\"}]},{\"@type\":\"WebSite\",\"@id\":\"https:\\\/\\\/diktardagar.no\\\/2024\\\/#website\",\"url\":\"https:\\\/\\\/diktardagar.no\\\/2024\\\/\",\"name\":\"Diktardagar 2024\",\"description\":\"\",\"potentialAction\":[{\"@type\":\"SearchAction\",\"target\":{\"@type\":\"EntryPoint\",\"urlTemplate\":\"https:\\\/\\\/diktardagar.no\\\/2024\\\/?s={search_term_string}\"},\"query-input\":{\"@type\":\"PropertyValueSpecification\",\"valueRequired\":true,\"valueName\":\"search_term_string\"}}],\"inLanguage\":\"nb-NO\"}]}<\/script>\n<!-- \/ Yoast SEO plugin. -->","yoast_head_json":{"title":"Stadene - Diktardagar 2024","description":"Diktardagar V\u00e5g\u00e5, Lom og Skj\u00e5k","robots":{"index":"index","follow":"follow","max-snippet":"max-snippet:-1","max-image-preview":"max-image-preview:large","max-video-preview":"max-video-preview:-1"},"canonical":"https:\/\/diktardagar.no\/2024\/stadane\/","og_locale":"nb_NO","og_type":"article","og_title":"Stadene - Diktardagar 2024","og_description":"Diktardagar V\u00e5g\u00e5, Lom og Skj\u00e5k","og_url":"https:\/\/diktardagar.no\/2024\/stadane\/","og_site_name":"Diktardagar 2024","article_modified_time":"2023-11-17T10:55:13+00:00","twitter_card":"summary_large_image","twitter_misc":{"Ansl. lesetid":"1 minutt"},"schema":{"@context":"https:\/\/schema.org","@graph":[{"@type":"WebPage","@id":"https:\/\/diktardagar.no\/2024\/stadane\/","url":"https:\/\/diktardagar.no\/2024\/stadane\/","name":"Stadene - Diktardagar 2024","isPartOf":{"@id":"https:\/\/diktardagar.no\/2024\/#website"},"datePublished":"2019-06-14T11:24:45+00:00","dateModified":"2023-11-17T10:55:13+00:00","description":"Diktardagar V\u00e5g\u00e5, Lom og Skj\u00e5k","breadcrumb":{"@id":"https:\/\/diktardagar.no\/2024\/stadane\/#breadcrumb"},"inLanguage":"nb-NO","potentialAction":[{"@type":"ReadAction","target":["https:\/\/diktardagar.no\/2024\/stadane\/"]}]},{"@type":"BreadcrumbList","@id":"https:\/\/diktardagar.no\/2024\/stadane\/#breadcrumb","itemListElement":[{"@type":"ListItem","position":1,"name":"Hjem","item":"https:\/\/diktardagar.no\/2024\/"},{"@type":"ListItem","position":2,"name":"Stadene"}]},{"@type":"WebSite","@id":"https:\/\/diktardagar.no\/2024\/#website","url":"https:\/\/diktardagar.no\/2024\/","name":"Diktardagar 2024","description":"","potentialAction":[{"@type":"SearchAction","target":{"@type":"EntryPoint","urlTemplate":"https:\/\/diktardagar.no\/2024\/?s={search_term_string}"},"query-input":{"@type":"PropertyValueSpecification","valueRequired":true,"valueName":"search_term_string"}}],"inLanguage":"nb-NO"}]}},"_links":{"self":[{"href":"https:\/\/diktardagar.no\/2024\/wp-json\/wp\/v2\/pages\/2782","targetHints":{"allow":["GET"]}}],"collection":[{"href":"https:\/\/diktardagar.no\/2024\/wp-json\/wp\/v2\/pages"}],"about":[{"href":"https:\/\/diktardagar.no\/2024\/wp-json\/wp\/v2\/types\/page"}],"author":[{"embeddable":true,"href":"https:\/\/diktardagar.no\/2024\/wp-json\/wp\/v2\/users\/1"}],"replies":[{"embeddable":true,"href":"https:\/\/diktardagar.no\/2024\/wp-json\/wp\/v2\/comments?post=2782"}],"version-history":[{"count":27,"href":"https:\/\/diktardagar.no\/2024\/wp-json\/wp\/v2\/pages\/2782\/revisions"}],"predecessor-version":[{"id":4879,"href":"https:\/\/diktardagar.no\/2024\/wp-json\/wp\/v2\/pages\/2782\/revisions\/4879"}],"wp:attachment":[{"href":"https:\/\/diktardagar.no\/2024\/wp-json\/wp\/v2\/media?parent=2782"}],"curies":[{"name":"wp","href":"https:\/\/api.w.org\/{rel}","templated":true}]}}