{"id":2318,"date":"2017-11-03T08:40:22","date_gmt":"2017-11-03T07:40:22","guid":{"rendered":"https:\/\/diktardagar.no\/2024\/?page_id=2318"},"modified":"2024-04-09T17:19:17","modified_gmt":"2024-04-09T15:19:17","slug":"program-og-billettar","status":"publish","type":"page","link":"https:\/\/diktardagar.no\/2024\/program-og-billettar\/","title":{"rendered":"Program og billettar"},"content":{"rendered":"\n\n\t<a href=\"https:\/\/checkout.ebillett.no\/227\/events\/3888\/purchase\" target=\"_blank\" rel=\"noopener noreferrer\">Kj\u00f8p festivalpass<\/a>\n\t<div class=\"em em-view-container\" id=\"em-view-1885241619\" data-view=\"list-grouped\">\r\n\t<div class=\"em pixelbones em-list em-events-list em-events-list-grouped\" id=\"em-events-list-grouped-1885241619\">\r\n\tIngen arrangementer er tilgjengelig enda.\t<\/div>\r\n<\/div>\n\t<a href=\"https:\/\/checkout.ebillett.no\/227\/events\/3888\/purchase\" target=\"_blank\" rel=\"noopener noreferrer\">Kj\u00f8p festivalpass<\/a>\n<h2>\n\t\tTakk \u00f2g til\n\t<\/h2>\n\t\r\n\r\n<div class=\"sponsor-takk\">\r\n\t\r\n\t<a href=\"https:\/\/gudbrandsdalsmusea.no\/\" target=\"_blank\" rel=\"noopener noreferrer\">\r\n\t\r\n\t\tGudbrandsdalsmusea\r\n\t\r\n\t<\/a>\r\n\t\r\n<\/div>\r\n\r\n\r\n\r\n<div class=\"sponsor-takk\">\r\n\t\r\n\t<a href=\"https:\/\/juvasshytta.no\/\" target=\"_blank\" rel=\"noopener noreferrer\">\r\n\t\r\n\t\tJuvasshytta\r\n\t\r\n\t<\/a>\r\n\t\r\n<\/div>\r\n\r\n\r\n\r\n<div class=\"sponsor-takk\">\r\n\t\r\n\t<a href=\"https:\/\/krossbu.no\/\" target=\"_blank\" rel=\"noopener noreferrer\">\r\n\t\r\n\t\tKrossbu turisthytte\r\n\t\r\n\t<\/a>\r\n\t\r\n<\/div>\r\n\r\n\r\n\r\n<div class=\"sponsor-takk\">\r\n\t\r\n\t<a href=\"https:\/\/lomb.no\/\" target=\"_blank\" rel=\"noopener noreferrer\">\r\n\t\r\n\t\tLom bryggeri\r\n\t\r\n\t<\/a>\r\n\t\r\n<\/div>\r\n\r\n\r\n\r\n<div class=\"sponsor-takk\">\r\n\t\r\n\t<a href=\"https:\/\/smakilom.no\/\" target=\"_blank\" rel=\"noopener noreferrer\">\r\n\t\r\n\t\tSmak i Lom\r\n\t\r\n\t<\/a>\r\n\t\r\n<\/div>\r\n\r\n\r\n\r\n\r\n\r\n<div class=\"sponsor-takk\">\r\n\t\r\n\t<a href=\"https:\/\/www.spiterstulen.no\/nb\/\" target=\"_blank\" rel=\"noopener noreferrer\">\r\n\t\r\n\t\tSpiterstulen\r\n\t\r\n\t<\/a>\r\n\t\r\n<\/div>\r\n\r\n\r\n\r\n<div class=\"sponsor-takk\">\r\n\t\r\n\t<a href=\"https:\/\/ullinsvin.no\/\" target=\"_blank\" rel=\"noopener noreferrer\">\r\n\t\r\n\t\tUllinsvin\r\n\t\r\n\t<\/a>\r\n\t\r\n<\/div>\r\n\r\n\r\n\r\n\r\n\r\n<div class=\"sponsor-takk\">\r\n\t\r\n\t<a href=\"https:\/\/www.interfil.no\/\" target=\"_blank\" rel=\"noopener noreferrer\">\r\n\t\r\n\t\tInterfil AS\r\n\t\r\n\t<\/a>\r\n\t\r\n<\/div>\r\n\r\n\r\n\r\n<div class=\"sponsor-takk\">\r\n\t\r\n\t<a href=\"https:\/\/www.eidefoss.no\/\" target=\"_blank\" rel=\"noopener noreferrer\">\r\n\t\r\n\t\tEidefoss\r\n\t\r\n\t<\/a>\r\n\t\r\n<\/div>\r\n\r\n\r\n\r\n<div class=\"sponsor-takk\">\r\n\t\r\n\t<a href=\"https:\/\/aschehoug.no\/\" target=\"_blank\" rel=\"noopener noreferrer\">\r\n\t\r\n\t\tAschehoug\r\n\t\r\n\t<\/a>\r\n\t\r\n<\/div>\r\n\r\n\r\n\r\n\r\n\r\n\r\n\r\n\r\n\r\n\r\n\r\n\r\n\r\n\r\n\r\n\r\n\r\n\r\n\r\n<div class=\"sponsor-takk\">\r\n\t\r\n\t<a href=\"https:\/\/samlaget.no\/\" target=\"_blank\" rel=\"noopener noreferrer\">\r\n\t\r\n\t\tSamlaget\r\n\t\r\n\t<\/a>\r\n\t\r\n<\/div>\r\n\r\n\r\n\r\n<div class=\"sponsor-takk\">\r\n\t\r\n\t<a href=\"https:\/\/www.norgesfor.no\/ottadalen\/\" target=\"_blank\" rel=\"noopener noreferrer\">\r\n\t\r\n\t\tOttadalen M\u00f8lle\r\n\t\r\n\t<\/a>\r\n\t\r\n<\/div>\r\n\r\n\r\n\r\n<div class=\"sponsor-takk\">\r\n\t\r\n\t<a href=\"http:\/\/www.fjellogfritid.no\/\" target=\"_blank\" rel=\"noopener noreferrer\">\r\n\t\r\n\t\tFjell &amp; Fritid\r\n\t\r\n\t<\/a>\r\n\t\r\n<\/div>\r\n\r\n\r\n\r\n<div class=\"sponsor-takk\">\r\n\t\r\n\t<a href=\"https:\/\/fossberg.no\/\" target=\"_blank\" rel=\"noopener noreferrer\">\r\n\t\r\n\t\tFossberg Hotell\r\n\t\r\n\t<\/a>\r\n\t\r\n<\/div>\r\n\r\n\r\n\r\n<div class=\"sponsor-takk\">\r\n\t\r\n\t<a href=\"http:\/\/fossheimsteinsenter.no\/\" target=\"_blank\" rel=\"noopener noreferrer\">\r\n\t\r\n\t\tFossheim Steinsenter\r\n\t\r\n\t<\/a>\r\n\t\r\n<\/div>\r\n\r\n\r\n\r\n<div class=\"sponsor-takk\">\r\n\t\r\n\t<a href=\"https:\/\/www.fossheimhotel.no\/\" target=\"_blank\" rel=\"noopener noreferrer\">\r\n\t\r\n\t\tFossheim Hotell\r\n\t\r\n\t<\/a>\r\n\t\r\n<\/div>\r\n\r\n\r\n\r\n<div class=\"sponsor-takk\">\r\n\t\r\n\t<a href=\"https:\/\/www.nordalturistsenter.no\/\" target=\"_blank\" rel=\"noopener noreferrer\">\r\n\t\r\n\t\tNordal Turistsenter\r\n\t\r\n\t<\/a>\r\n\t\r\n<\/div>\r\n\r\n\r\n\r\n<div class=\"sponsor-takk\">\r\n\t\r\n\t<a href=\"https:\/\/kiwi.no\/Finn-butikk\/kiwi-244-lom\/\" target=\"_blank\" rel=\"noopener noreferrer\">\r\n\t\r\n\t\tKiwi, Lom\r\n\t\r\n\t<\/a>\r\n\t\r\n<\/div>\r\n\r\n\r\n\r\n<div class=\"sponsor-takk\">\r\n\t\r\n\t<a href=\"https:\/\/stokkstein.no\/\" target=\"_blank\" rel=\"noopener noreferrer\">\r\n\t\r\n\t\tStokk &amp; Stein\r\n\t\r\n\t<\/a>\r\n\t\r\n<\/div>\r\n\r\n\r\n\r\n<div class=\"sponsor-takk\">\r\n\t\r\n\t<a href=\"https:\/\/coop.no\/samvirkelag\/coop-ottadalen\/\" target=\"_blank\" rel=\"noopener noreferrer\">\r\n\t\r\n\t\tCoop Ottadalen\r\n\t\r\n\t<\/a>\r\n\t\r\n<\/div>\r\n\r\n\n\t\t\t<a href=\"https:\/\/diktardagar.no\/2024\/tidlegare\/\" target=\"_self\" rel=\"noopener\">\n\t\t\t\t\t\t\tTidlegare Diktardagar\n\t\t\t\t\t<\/a>\n\n","protected":false},"excerpt":{"rendered":"<p>Kj\u00f8p festivalpass Kj\u00f8p festivalpass Takk \u00f2g til Tidlegare Diktardagar<\/p>\n","protected":false},"author":1,"featured_media":4885,"parent":0,"menu_order":4,"comment_status":"closed","ping_status":"closed","template":"","meta":{"_acf_changed":false,"footnotes":""},"class_list":["post-2318","page","type-page","status-publish","has-post-thumbnail","hentry"],"acf":[],"yoast_head":"<!-- This site is optimized with the Yoast SEO plugin v27.3 - https:\/\/yoast.com\/product\/yoast-seo-wordpress\/ -->\n<title>Program og billettar - Diktardagar 2024<\/title>\n<meta name=\"robots\" content=\"index, follow, max-snippet:-1, max-image-preview:large, max-video-preview:-1\" \/>\n<link rel=\"canonical\" href=\"https:\/\/diktardagar.no\/2024\/program-og-billettar\/\" class=\"yoast-seo-meta-tag\" \/>\n<meta property=\"og:locale\" content=\"nb_NO\" class=\"yoast-seo-meta-tag\" \/>\n<meta property=\"og:type\" content=\"article\" class=\"yoast-seo-meta-tag\" \/>\n<meta property=\"og:title\" content=\"Program og billettar - Diktardagar 2024\" class=\"yoast-seo-meta-tag\" \/>\n<meta property=\"og:description\" content=\"Kj\u00f8p festivalpass Kj\u00f8p festivalpass Takk \u00f2g til Tidlegare Diktardagar\" class=\"yoast-seo-meta-tag\" \/>\n<meta property=\"og:url\" content=\"https:\/\/diktardagar.no\/2024\/program-og-billettar\/\" class=\"yoast-seo-meta-tag\" \/>\n<meta property=\"og:site_name\" content=\"Diktardagar 2024\" class=\"yoast-seo-meta-tag\" \/>\n<meta property=\"article:modified_time\" content=\"2024-04-09T15:19:17+00:00\" class=\"yoast-seo-meta-tag\" \/>\n<meta property=\"og:image\" content=\"https:\/\/diktardagar.no\/2024\/wp-content\/uploads\/sites\/17\/2023\/12\/Ragnhild-Kolden-og-Brynjulf-Jung-Tjonn-2.png\" class=\"yoast-seo-meta-tag\" \/>\n\t<meta property=\"og:image:width\" content=\"1275\" class=\"yoast-seo-meta-tag\" \/>\n\t<meta property=\"og:image:height\" content=\"850\" class=\"yoast-seo-meta-tag\" \/>\n\t<meta property=\"og:image:type\" content=\"image\/png\" class=\"yoast-seo-meta-tag\" \/>\n<meta name=\"twitter:card\" content=\"summary_large_image\" class=\"yoast-seo-meta-tag\" \/>\n<meta name=\"twitter:label1\" content=\"Ansl. lesetid\" class=\"yoast-seo-meta-tag\" \/>\n\t<meta name=\"twitter:data1\" content=\"6 minutter\" class=\"yoast-seo-meta-tag\" \/>\n<script type=\"application\/ld+json\" class=\"yoast-schema-graph\">{\"@context\":\"https:\\\/\\\/schema.org\",\"@graph\":[{\"@type\":\"WebPage\",\"@id\":\"https:\\\/\\\/diktardagar.no\\\/2024\\\/program-og-billettar\\\/\",\"url\":\"https:\\\/\\\/diktardagar.no\\\/2024\\\/program-og-billettar\\\/\",\"name\":\"Program og billettar - Diktardagar 2024\",\"isPartOf\":{\"@id\":\"https:\\\/\\\/diktardagar.no\\\/2024\\\/#website\"},\"primaryImageOfPage\":{\"@id\":\"https:\\\/\\\/diktardagar.no\\\/2024\\\/program-og-billettar\\\/#primaryimage\"},\"image\":{\"@id\":\"https:\\\/\\\/diktardagar.no\\\/2024\\\/program-og-billettar\\\/#primaryimage\"},\"thumbnailUrl\":\"https:\\\/\\\/diktardagar.no\\\/2024\\\/wp-content\\\/uploads\\\/sites\\\/17\\\/2023\\\/12\\\/Ragnhild-Kolden-og-Brynjulf-Jung-Tjonn-2.png\",\"datePublished\":\"2017-11-03T07:40:22+00:00\",\"dateModified\":\"2024-04-09T15:19:17+00:00\",\"breadcrumb\":{\"@id\":\"https:\\\/\\\/diktardagar.no\\\/2024\\\/program-og-billettar\\\/#breadcrumb\"},\"inLanguage\":\"nb-NO\",\"potentialAction\":[{\"@type\":\"ReadAction\",\"target\":[\"https:\\\/\\\/diktardagar.no\\\/2024\\\/program-og-billettar\\\/\"]}]},{\"@type\":\"ImageObject\",\"inLanguage\":\"nb-NO\",\"@id\":\"https:\\\/\\\/diktardagar.no\\\/2024\\\/program-og-billettar\\\/#primaryimage\",\"url\":\"https:\\\/\\\/diktardagar.no\\\/2024\\\/wp-content\\\/uploads\\\/sites\\\/17\\\/2023\\\/12\\\/Ragnhild-Kolden-og-Brynjulf-Jung-Tjonn-2.png\",\"contentUrl\":\"https:\\\/\\\/diktardagar.no\\\/2024\\\/wp-content\\\/uploads\\\/sites\\\/17\\\/2023\\\/12\\\/Ragnhild-Kolden-og-Brynjulf-Jung-Tjonn-2.png\",\"width\":1275,\"height\":850,\"caption\":\"Ragnhild Kolden og Brynjulf Jung Tj\u00f8nn kjem til Diktardagar 2024\"},{\"@type\":\"BreadcrumbList\",\"@id\":\"https:\\\/\\\/diktardagar.no\\\/2024\\\/program-og-billettar\\\/#breadcrumb\",\"itemListElement\":[{\"@type\":\"ListItem\",\"position\":1,\"name\":\"Hjem\",\"item\":\"https:\\\/\\\/diktardagar.no\\\/2024\\\/\"},{\"@type\":\"ListItem\",\"position\":2,\"name\":\"Program og billettar\"}]},{\"@type\":\"WebSite\",\"@id\":\"https:\\\/\\\/diktardagar.no\\\/2024\\\/#website\",\"url\":\"https:\\\/\\\/diktardagar.no\\\/2024\\\/\",\"name\":\"Diktardagar 2024\",\"description\":\"\",\"potentialAction\":[{\"@type\":\"SearchAction\",\"target\":{\"@type\":\"EntryPoint\",\"urlTemplate\":\"https:\\\/\\\/diktardagar.no\\\/2024\\\/?s={search_term_string}\"},\"query-input\":{\"@type\":\"PropertyValueSpecification\",\"valueRequired\":true,\"valueName\":\"search_term_string\"}}],\"inLanguage\":\"nb-NO\"}]}<\/script>\n<!-- \/ Yoast SEO plugin. -->","yoast_head_json":{"title":"Program og billettar - Diktardagar 2024","robots":{"index":"index","follow":"follow","max-snippet":"max-snippet:-1","max-image-preview":"max-image-preview:large","max-video-preview":"max-video-preview:-1"},"canonical":"https:\/\/diktardagar.no\/2024\/program-og-billettar\/","og_locale":"nb_NO","og_type":"article","og_title":"Program og billettar - Diktardagar 2024","og_description":"Kj\u00f8p festivalpass Kj\u00f8p festivalpass Takk \u00f2g til Tidlegare Diktardagar","og_url":"https:\/\/diktardagar.no\/2024\/program-og-billettar\/","og_site_name":"Diktardagar 2024","article_modified_time":"2024-04-09T15:19:17+00:00","og_image":[{"width":1275,"height":850,"url":"https:\/\/diktardagar.no\/2024\/wp-content\/uploads\/sites\/17\/2023\/12\/Ragnhild-Kolden-og-Brynjulf-Jung-Tjonn-2.png","type":"image\/png"}],"twitter_card":"summary_large_image","twitter_misc":{"Ansl. lesetid":"6 minutter"},"schema":{"@context":"https:\/\/schema.org","@graph":[{"@type":"WebPage","@id":"https:\/\/diktardagar.no\/2024\/program-og-billettar\/","url":"https:\/\/diktardagar.no\/2024\/program-og-billettar\/","name":"Program og billettar - Diktardagar 2024","isPartOf":{"@id":"https:\/\/diktardagar.no\/2024\/#website"},"primaryImageOfPage":{"@id":"https:\/\/diktardagar.no\/2024\/program-og-billettar\/#primaryimage"},"image":{"@id":"https:\/\/diktardagar.no\/2024\/program-og-billettar\/#primaryimage"},"thumbnailUrl":"https:\/\/diktardagar.no\/2024\/wp-content\/uploads\/sites\/17\/2023\/12\/Ragnhild-Kolden-og-Brynjulf-Jung-Tjonn-2.png","datePublished":"2017-11-03T07:40:22+00:00","dateModified":"2024-04-09T15:19:17+00:00","breadcrumb":{"@id":"https:\/\/diktardagar.no\/2024\/program-og-billettar\/#breadcrumb"},"inLanguage":"nb-NO","potentialAction":[{"@type":"ReadAction","target":["https:\/\/diktardagar.no\/2024\/program-og-billettar\/"]}]},{"@type":"ImageObject","inLanguage":"nb-NO","@id":"https:\/\/diktardagar.no\/2024\/program-og-billettar\/#primaryimage","url":"https:\/\/diktardagar.no\/2024\/wp-content\/uploads\/sites\/17\/2023\/12\/Ragnhild-Kolden-og-Brynjulf-Jung-Tjonn-2.png","contentUrl":"https:\/\/diktardagar.no\/2024\/wp-content\/uploads\/sites\/17\/2023\/12\/Ragnhild-Kolden-og-Brynjulf-Jung-Tjonn-2.png","width":1275,"height":850,"caption":"Ragnhild Kolden og Brynjulf Jung Tj\u00f8nn kjem til Diktardagar 2024"},{"@type":"BreadcrumbList","@id":"https:\/\/diktardagar.no\/2024\/program-og-billettar\/#breadcrumb","itemListElement":[{"@type":"ListItem","position":1,"name":"Hjem","item":"https:\/\/diktardagar.no\/2024\/"},{"@type":"ListItem","position":2,"name":"Program og billettar"}]},{"@type":"WebSite","@id":"https:\/\/diktardagar.no\/2024\/#website","url":"https:\/\/diktardagar.no\/2024\/","name":"Diktardagar 2024","description":"","potentialAction":[{"@type":"SearchAction","target":{"@type":"EntryPoint","urlTemplate":"https:\/\/diktardagar.no\/2024\/?s={search_term_string}"},"query-input":{"@type":"PropertyValueSpecification","valueRequired":true,"valueName":"search_term_string"}}],"inLanguage":"nb-NO"}]}},"_links":{"self":[{"href":"https:\/\/diktardagar.no\/2024\/wp-json\/wp\/v2\/pages\/2318","targetHints":{"allow":["GET"]}}],"collection":[{"href":"https:\/\/diktardagar.no\/2024\/wp-json\/wp\/v2\/pages"}],"about":[{"href":"https:\/\/diktardagar.no\/2024\/wp-json\/wp\/v2\/types\/page"}],"author":[{"embeddable":true,"href":"https:\/\/diktardagar.no\/2024\/wp-json\/wp\/v2\/users\/1"}],"replies":[{"embeddable":true,"href":"https:\/\/diktardagar.no\/2024\/wp-json\/wp\/v2\/comments?post=2318"}],"version-history":[{"count":80,"href":"https:\/\/diktardagar.no\/2024\/wp-json\/wp\/v2\/pages\/2318\/revisions"}],"predecessor-version":[{"id":4949,"href":"https:\/\/diktardagar.no\/2024\/wp-json\/wp\/v2\/pages\/2318\/revisions\/4949"}],"wp:featuredmedia":[{"embeddable":true,"href":"https:\/\/diktardagar.no\/2024\/wp-json\/wp\/v2\/media\/4885"}],"wp:attachment":[{"href":"https:\/\/diktardagar.no\/2024\/wp-json\/wp\/v2\/media?parent=2318"}],"curies":[{"name":"wp","href":"https:\/\/api.w.org\/{rel}","templated":true}]}}