{"id":2782,"date":"2019-06-14T13:24:45","date_gmt":"2019-06-14T11:24:45","guid":{"rendered":"https:\/\/diktardagar.no\/2023\/?page_id=2782"},"modified":"2023-08-22T12:51:11","modified_gmt":"2023-08-22T10:51:11","slug":"stadane","status":"publish","type":"page","link":"https:\/\/diktardagar.no\/2023\/stadane\/","title":{"rendered":"Stadene"},"content":{"rendered":"\n\n\t<div class=\"em em-view-container\" id=\"em-view-1586460718\" data-view=\"location-list\">\r\n\t<div class=\"em pixelbones em-list em-locations-list\" id=\"em-locations-list-1586460718\" data-view-id=\"1586460718\">\r\n\t\t\n        <img loading=\"lazy\" decoding=\"async\" width=\"150\" height=\"150\" src=\"https:\/\/diktardagar.no\/2023\/wp-content\/uploads\/sites\/16\/2014\/05\/fossberg_hotell-150x150.jpg\" class=\"attachment-150x0 size-150x0 wp-post-image\" alt=\"\" srcset=\"https:\/\/diktardagar.no\/2023\/wp-content\/uploads\/sites\/16\/2014\/05\/fossberg_hotell-150x150.jpg 150w, https:\/\/diktardagar.no\/2023\/wp-content\/uploads\/sites\/16\/2014\/05\/fossberg_hotell-270x270.jpg 270w, https:\/\/diktardagar.no\/2023\/wp-content\/uploads\/sites\/16\/2014\/05\/fossberg_hotell-230x230.jpg 230w\" sizes=\"auto, (max-width: 150px) 100vw, 150px\" \/>\n        <a href=\"https:\/\/diktardagar.no\/2023\/locations\/fossberg-hotell\/\">Fossberg Hotell<\/a>\n        Fossberg Hotell ligg midt i Lom sentrum der dalf\u00f8ret deler seg for den mektige Lomseggen og B\u00f8vra renn kvit og vill utover Prestfossen. I v\u00e5rt moderne men tradisjonsrike hotell kan vi tilby komfortable hotellrom med dusj, toalett og TV med&#8230;\n\n        <img loading=\"lazy\" decoding=\"async\" width=\"150\" height=\"150\" src=\"https:\/\/diktardagar.no\/2023\/wp-content\/uploads\/sites\/16\/2014\/05\/Fossheim-150x150.jpg\" class=\"attachment-150x0 size-150x0 wp-post-image\" alt=\"\" \/>\n        <a href=\"https:\/\/diktardagar.no\/2023\/locations\/fossheim-hotell\/\">Fossheim hotell<\/a>\n        Fossheim Hotell er eit historisk og tradisjonsrikt hotell midt i Lom i Jotunheimen. Her f\u00e5r du god overnatting i ei roleg atmosf\u00e6re. I restauranten v\u00e5r kan du nyte b\u00e5de norsk tradisjonsmat og gourmetmat tufta p\u00e5 lokale r\u00e5varer fr\u00e5 nasjonalparkane rundt&#8230;\n\n        <img loading=\"lazy\" decoding=\"async\" width=\"150\" height=\"150\" src=\"https:\/\/diktardagar.no\/2023\/wp-content\/uploads\/sites\/16\/2023\/03\/KLLIMAPARKEN75-150x150.jpg\" class=\"attachment-150x0 size-150x0 wp-post-image\" alt=\"Klimaparken 2469 i Lom\" \/>\n        <a href=\"https:\/\/diktardagar.no\/2023\/locations\/klimapark-2469\/\">Klimapark 2469<\/a>\n        Klimaparken er eit utand\u00f8rs opplevingsomr\u00e5de med fokus p\u00e5 klimahistorie, jakt og fangst, geologi og biologi. P\u00e5 turen gjennom klimaparken tek ein guide med gruppa inn i eit spennande landskap av opplevingar og l\u00e6ring. Turen er ei kjelde til kunnskap om&#8230;\n\n        <img loading=\"lazy\" decoding=\"async\" width=\"150\" height=\"150\" src=\"https:\/\/diktardagar.no\/2023\/wp-content\/uploads\/sites\/16\/2022\/03\/marlo-grendehus-150x150.jpg\" class=\"attachment-150x0 size-150x0 wp-post-image\" alt=\"Marlo Grendehus i Skj\u00e5k\" \/>\n        <a href=\"https:\/\/diktardagar.no\/2023\/locations\/marlo-grendahus\/\">Marlo grendehus<\/a>\n        Marlo grendehus er Skj\u00e5k si storstue. Lokalet blir m.a. nytta til selskap, fest og som bygdakino. Huset har eit amfi med 130 sitjeplassar.\n\n        <img loading=\"lazy\" decoding=\"async\" width=\"150\" height=\"150\" src=\"https:\/\/diktardagar.no\/2023\/wp-content\/uploads\/sites\/16\/2023\/03\/skja-150x150.jpeg\" class=\"attachment-150x0 size-150x0 wp-post-image\" alt=\"Bilete fr\u00e5 barneavdelinga ved Skj\u00e5k folkebibliotek\" \/>\n        <a href=\"https:\/\/diktardagar.no\/2023\/locations\/skjak-folkebibliotek\/\">Skj\u00e5k folkebibliotek<\/a>\n        Skj\u00e5k folkebibliotek finn du i kommunehuset i Skj\u00e5k. Kommunehuset ligg i Bismo, som er sentrumet i Skj\u00e5k kommune. Biblioteket er nyoppussa og er \"meirope bibliotek\". Det vil seie at om du ordnar deg med adgangskort, kan bruke biblioteket kvar dag,&#8230;\n\n        <img loading=\"lazy\" decoding=\"async\" width=\"150\" height=\"150\" src=\"https:\/\/diktardagar.no\/2023\/wp-content\/uploads\/sites\/16\/2014\/05\/utgard-150x150.jpg\" class=\"attachment-150x0 size-150x0 wp-post-image\" alt=\"\" srcset=\"https:\/\/diktardagar.no\/2023\/wp-content\/uploads\/sites\/16\/2014\/05\/utgard-150x150.jpg 150w, https:\/\/diktardagar.no\/2023\/wp-content\/uploads\/sites\/16\/2014\/05\/utgard-270x270.jpg 270w, https:\/\/diktardagar.no\/2023\/wp-content\/uploads\/sites\/16\/2014\/05\/utgard-230x230.jpg 230w\" sizes=\"auto, (max-width: 150px) 100vw, 150px\" \/>\n        <a href=\"https:\/\/diktardagar.no\/2023\/locations\/utgard-lom-kulturhus\/\">Utgard - Lom kulturhus<\/a>\n        Utgard er storstova i Lom. Saman med idrettsanlegget i Grov utgjer huset den st\u00f8rste samlingsplassen for kultur- og idrettsarrangement i Lom. Kulturhuset Utgard inneheld\u00a0 kulturstugu, idrettshall, kj\u00f8ken, kantine, m\u00f8terom, trimrom, sv\u00f8mmehall, garderobar og skulelokale for vidareg\u00e5ande skule. Kontaktperson\u00a0(1)\n\n        \n        <a href=\"https:\/\/diktardagar.no\/2023\/locations\/vaga-bibliotek-2\/\">V\u00e5g\u00e5 bibliotek<\/a>\n        \n\n        <img loading=\"lazy\" decoding=\"async\" width=\"150\" height=\"150\" src=\"https:\/\/diktardagar.no\/2023\/wp-content\/uploads\/sites\/16\/2023\/03\/vaga-kulturhus-150x150.jpg\" class=\"attachment-150x0 size-150x0 wp-post-image\" alt=\"Bilete av V\u00e5g\u00e5 kulturhus\" \/>\n        <a href=\"https:\/\/diktardagar.no\/2023\/locations\/vaga-kulturhus-2\/\">V\u00e5g\u00e5 kulturhus<\/a>\n        V\u00e5g\u00e5 kulturhus er V\u00e5g\u00e5 si storstue og ligg sentralt plassert i sentrum. Foto: Arve Danielsen\/Fjuken\n\t<\/div>\r\n<\/div>\n<h2>\n\t\tTakk \u00f2g til\n\t<\/h2>\n\t\r\n\r\n\r\n\r\n\r\n\r\n<div class=\"sponsor-takk\">\r\n\t\r\n\t<a href=\"https:\/\/www.interfil.no\/\" target=\"_blank\" rel=\"noopener noreferrer\">\r\n\t\r\n\t\tInterfil AS\r\n\t\r\n\t<\/a>\r\n\t\r\n<\/div>\r\n\r\n\r\n\r\n<div class=\"sponsor-takk\">\r\n\t\r\n\t\tAustmannalaget\r\n\t\r\n<\/div>\r\n\r\n\r\n\r\n<div class=\"sponsor-takk\">\r\n\t\r\n\t<a href=\"https:\/\/www.eidefoss.no\/\" target=\"_blank\" rel=\"noopener noreferrer\">\r\n\t\r\n\t\tEidefoss\r\n\t\r\n\t<\/a>\r\n\t\r\n<\/div>\r\n\r\n\r\n\r\n\r\n\r\n\r\n\r\n\r\n\r\n\r\n\r\n\r\n\r\n\r\n\r\n\r\n\r\n\r\n\r\n\r\n\r\n\r\n\r\n<div class=\"sponsor-takk\">\r\n\t\r\n\t<a href=\"https:\/\/samlaget.no\/\" target=\"_blank\" rel=\"noopener noreferrer\">\r\n\t\r\n\t\tSamlaget\r\n\t\r\n\t<\/a>\r\n\t\r\n<\/div>\r\n\r\n\r\n\r\n<div class=\"sponsor-takk\">\r\n\t\r\n\t<a href=\"https:\/\/www.norgesfor.no\/ottadalen\/\" target=\"_blank\" rel=\"noopener noreferrer\">\r\n\t\r\n\t\tOttadalen M\u00f8lle\r\n\t\r\n\t<\/a>\r\n\t\r\n<\/div>\r\n\r\n\r\n\r\n<div class=\"sponsor-takk\">\r\n\t\r\n\t<a href=\"http:\/\/www.fjellogfritid.no\/\" target=\"_blank\" rel=\"noopener noreferrer\">\r\n\t\r\n\t\tFjell &amp; Fritid\r\n\t\r\n\t<\/a>\r\n\t\r\n<\/div>\r\n\r\n\r\n\r\n<div class=\"sponsor-takk\">\r\n\t\r\n\t<a href=\"https:\/\/fossberg.no\/\" target=\"_blank\" rel=\"noopener noreferrer\">\r\n\t\r\n\t\tFossberg Hotell\r\n\t\r\n\t<\/a>\r\n\t\r\n<\/div>\r\n\r\n\r\n\r\n<div class=\"sponsor-takk\">\r\n\t\r\n\t<a href=\"http:\/\/fossheimsteinsenter.no\/\" target=\"_blank\" rel=\"noopener noreferrer\">\r\n\t\r\n\t\tFossheim Steinsenter\r\n\t\r\n\t<\/a>\r\n\t\r\n<\/div>\r\n\r\n\r\n\r\n<div class=\"sponsor-takk\">\r\n\t\r\n\t<a href=\"https:\/\/www.fossheimhotel.no\/\" target=\"_blank\" rel=\"noopener noreferrer\">\r\n\t\r\n\t\tFossheim Hotell\r\n\t\r\n\t<\/a>\r\n\t\r\n<\/div>\r\n\r\n\r\n\r\n<div class=\"sponsor-takk\">\r\n\t\r\n\t<a href=\"https:\/\/www.nordalturistsenter.no\/\" target=\"_blank\" rel=\"noopener noreferrer\">\r\n\t\r\n\t\tNordal Turistsenter\r\n\t\r\n\t<\/a>\r\n\t\r\n<\/div>\r\n\r\n\r\n\r\n<div class=\"sponsor-takk\">\r\n\t\r\n\t<a href=\"https:\/\/kiwi.no\/Finn-butikk\/Kiwi-Lom\/\" target=\"_blank\" rel=\"noopener noreferrer\">\r\n\t\r\n\t\tKiwi\r\n\t\r\n\t<\/a>\r\n\t\r\n<\/div>\r\n\r\n\r\n\r\n<div class=\"sponsor-takk\">\r\n\t\r\n\t<a href=\"https:\/\/stokkstein.no\/\" target=\"_blank\" rel=\"noopener noreferrer\">\r\n\t\r\n\t\tStokk &amp; Stein\r\n\t\r\n\t<\/a>\r\n\t\r\n<\/div>\r\n\r\n\r\n\r\n<div class=\"sponsor-takk\">\r\n\t\r\n\t<a href=\"https:\/\/www.gaus.no\/\" target=\"_blank\" rel=\"noopener noreferrer\">\r\n\t\r\n\t\tGausdal Landhandleri\r\n\t\r\n\t<\/a>\r\n\t\r\n<\/div>\r\n\r\n\r\n\r\n<div class=\"sponsor-takk\">\r\n\t\r\n\t<a href=\"https:\/\/coop.no\/samvirkelag\/coop-ottadalen\/\" target=\"_blank\" rel=\"noopener noreferrer\">\r\n\t\r\n\t\tCoop Ottadalen\r\n\t\r\n\t<\/a>\r\n\t\r\n<\/div>\r\n\r\n\n\t\t\t<a href=\"https:\/\/diktardagar.no\/2023\/tidlegare\/\" target=\"_self\" rel=\"noopener\">\n\t\t\t\t\t\t\tTidlegare Diktardagar\n\t\t\t\t\t<\/a>\n\n","protected":false},"excerpt":{"rendered":"<p>Takk \u00f2g til Tidlegare Diktardagar<\/p>\n","protected":false},"author":1,"featured_media":0,"parent":0,"menu_order":1,"comment_status":"closed","ping_status":"closed","template":"","meta":{"footnotes":""},"class_list":["post-2782","page","type-page","status-publish","hentry"],"yoast_head":"<!-- This site is optimized with the Yoast SEO plugin v27.4 - https:\/\/yoast.com\/product\/yoast-seo-wordpress\/ -->\n<title>Stadene - Diktardagar 2023<\/title>\n<meta name=\"description\" content=\"Diktardagar V\u00e5g\u00e5, Lom og Skj\u00e5k\" class=\"yoast-seo-meta-tag\" \/>\n<meta name=\"robots\" content=\"index, follow, max-snippet:-1, max-image-preview:large, max-video-preview:-1\" \/>\n<link rel=\"canonical\" href=\"https:\/\/diktardagar.no\/2023\/stadane\/\" class=\"yoast-seo-meta-tag\" \/>\n<meta property=\"og:locale\" content=\"nb_NO\" class=\"yoast-seo-meta-tag\" \/>\n<meta property=\"og:type\" content=\"article\" class=\"yoast-seo-meta-tag\" \/>\n<meta property=\"og:title\" content=\"Stadene - Diktardagar 2023\" class=\"yoast-seo-meta-tag\" \/>\n<meta property=\"og:description\" content=\"Diktardagar V\u00e5g\u00e5, Lom og Skj\u00e5k\" class=\"yoast-seo-meta-tag\" \/>\n<meta property=\"og:url\" content=\"https:\/\/diktardagar.no\/2023\/stadane\/\" class=\"yoast-seo-meta-tag\" \/>\n<meta property=\"og:site_name\" content=\"Diktardagar 2023\" class=\"yoast-seo-meta-tag\" \/>\n<meta property=\"article:modified_time\" content=\"2023-08-22T10:51:11+00:00\" class=\"yoast-seo-meta-tag\" \/>\n<meta name=\"twitter:card\" content=\"summary_large_image\" class=\"yoast-seo-meta-tag\" \/>\n<meta name=\"twitter:label1\" content=\"Ansl. lesetid\" class=\"yoast-seo-meta-tag\" \/>\n\t<meta name=\"twitter:data1\" content=\"1 minutt\" class=\"yoast-seo-meta-tag\" \/>\n<script type=\"application\/ld+json\" class=\"yoast-schema-graph\">{\"@context\":\"https:\\\/\\\/schema.org\",\"@graph\":[{\"@type\":\"WebPage\",\"@id\":\"https:\\\/\\\/diktardagar.no\\\/2023\\\/stadane\\\/\",\"url\":\"https:\\\/\\\/diktardagar.no\\\/2023\\\/stadane\\\/\",\"name\":\"Stadene - Diktardagar 2023\",\"isPartOf\":{\"@id\":\"https:\\\/\\\/diktardagar.no\\\/2023\\\/#website\"},\"datePublished\":\"2019-06-14T11:24:45+00:00\",\"dateModified\":\"2023-08-22T10:51:11+00:00\",\"description\":\"Diktardagar V\u00e5g\u00e5, Lom og Skj\u00e5k\",\"breadcrumb\":{\"@id\":\"https:\\\/\\\/diktardagar.no\\\/2023\\\/stadane\\\/#breadcrumb\"},\"inLanguage\":\"nb-NO\",\"potentialAction\":[{\"@type\":\"ReadAction\",\"target\":[\"https:\\\/\\\/diktardagar.no\\\/2023\\\/stadane\\\/\"]}]},{\"@type\":\"BreadcrumbList\",\"@id\":\"https:\\\/\\\/diktardagar.no\\\/2023\\\/stadane\\\/#breadcrumb\",\"itemListElement\":[{\"@type\":\"ListItem\",\"position\":1,\"name\":\"Hjem\",\"item\":\"https:\\\/\\\/diktardagar.no\\\/2023\\\/\"},{\"@type\":\"ListItem\",\"position\":2,\"name\":\"Stadene\"}]},{\"@type\":\"WebSite\",\"@id\":\"https:\\\/\\\/diktardagar.no\\\/2023\\\/#website\",\"url\":\"https:\\\/\\\/diktardagar.no\\\/2023\\\/\",\"name\":\"Diktardagar 2023\",\"description\":\"\",\"potentialAction\":[{\"@type\":\"SearchAction\",\"target\":{\"@type\":\"EntryPoint\",\"urlTemplate\":\"https:\\\/\\\/diktardagar.no\\\/2023\\\/?s={search_term_string}\"},\"query-input\":{\"@type\":\"PropertyValueSpecification\",\"valueRequired\":true,\"valueName\":\"search_term_string\"}}],\"inLanguage\":\"nb-NO\"}]}<\/script>\n<!-- \/ Yoast SEO plugin. -->","yoast_head_json":{"title":"Stadene - Diktardagar 2023","description":"Diktardagar V\u00e5g\u00e5, Lom og Skj\u00e5k","robots":{"index":"index","follow":"follow","max-snippet":"max-snippet:-1","max-image-preview":"max-image-preview:large","max-video-preview":"max-video-preview:-1"},"canonical":"https:\/\/diktardagar.no\/2023\/stadane\/","og_locale":"nb_NO","og_type":"article","og_title":"Stadene - Diktardagar 2023","og_description":"Diktardagar V\u00e5g\u00e5, Lom og Skj\u00e5k","og_url":"https:\/\/diktardagar.no\/2023\/stadane\/","og_site_name":"Diktardagar 2023","article_modified_time":"2023-08-22T10:51:11+00:00","twitter_card":"summary_large_image","twitter_misc":{"Ansl. lesetid":"1 minutt"},"schema":{"@context":"https:\/\/schema.org","@graph":[{"@type":"WebPage","@id":"https:\/\/diktardagar.no\/2023\/stadane\/","url":"https:\/\/diktardagar.no\/2023\/stadane\/","name":"Stadene - Diktardagar 2023","isPartOf":{"@id":"https:\/\/diktardagar.no\/2023\/#website"},"datePublished":"2019-06-14T11:24:45+00:00","dateModified":"2023-08-22T10:51:11+00:00","description":"Diktardagar V\u00e5g\u00e5, Lom og Skj\u00e5k","breadcrumb":{"@id":"https:\/\/diktardagar.no\/2023\/stadane\/#breadcrumb"},"inLanguage":"nb-NO","potentialAction":[{"@type":"ReadAction","target":["https:\/\/diktardagar.no\/2023\/stadane\/"]}]},{"@type":"BreadcrumbList","@id":"https:\/\/diktardagar.no\/2023\/stadane\/#breadcrumb","itemListElement":[{"@type":"ListItem","position":1,"name":"Hjem","item":"https:\/\/diktardagar.no\/2023\/"},{"@type":"ListItem","position":2,"name":"Stadene"}]},{"@type":"WebSite","@id":"https:\/\/diktardagar.no\/2023\/#website","url":"https:\/\/diktardagar.no\/2023\/","name":"Diktardagar 2023","description":"","potentialAction":[{"@type":"SearchAction","target":{"@type":"EntryPoint","urlTemplate":"https:\/\/diktardagar.no\/2023\/?s={search_term_string}"},"query-input":{"@type":"PropertyValueSpecification","valueRequired":true,"valueName":"search_term_string"}}],"inLanguage":"nb-NO"}]}},"_links":{"self":[{"href":"https:\/\/diktardagar.no\/2023\/wp-json\/wp\/v2\/pages\/2782","targetHints":{"allow":["GET"]}}],"collection":[{"href":"https:\/\/diktardagar.no\/2023\/wp-json\/wp\/v2\/pages"}],"about":[{"href":"https:\/\/diktardagar.no\/2023\/wp-json\/wp\/v2\/types\/page"}],"author":[{"embeddable":true,"href":"https:\/\/diktardagar.no\/2023\/wp-json\/wp\/v2\/users\/1"}],"replies":[{"embeddable":true,"href":"https:\/\/diktardagar.no\/2023\/wp-json\/wp\/v2\/comments?post=2782"}],"version-history":[{"count":26,"href":"https:\/\/diktardagar.no\/2023\/wp-json\/wp\/v2\/pages\/2782\/revisions"}],"predecessor-version":[{"id":4785,"href":"https:\/\/diktardagar.no\/2023\/wp-json\/wp\/v2\/pages\/2782\/revisions\/4785"}],"wp:attachment":[{"href":"https:\/\/diktardagar.no\/2023\/wp-json\/wp\/v2\/media?parent=2782"}],"curies":[{"name":"wp","href":"https:\/\/api.w.org\/{rel}","templated":true}]}}