{"id":2327,"date":"2018-04-30T14:02:38","date_gmt":"2018-04-30T12:02:38","guid":{"rendered":"https:\/\/diktardagar.no\/2023\/?page_id=2327"},"modified":"2023-03-31T15:03:48","modified_gmt":"2023-03-31T13:03:48","slug":"aktorar","status":"publish","type":"page","link":"https:\/\/diktardagar.no\/2023\/aktorar\/","title":{"rendered":"Akt\u00f8rar"},"content":{"rendered":"\n<h2>\n\t\t\u00c5rets akt\u00f8rar\n\t<\/h2>\n\t<article class=\"aktorer_list\">\r\n\t<figure>\r\n\t\t<a href=\"https:\/\/diktardagar.no\/2023\/?post_type=aktr&#038;p=4167\"><img decoding=\"async\" src=\"https:\/\/diktardagar.no\/2023\/wp-content\/uploads\/sites\/16\/2023\/03\/a-75-150x150.jpg\" alt=\"Anders Totland\"><\/a>\r\n\t<\/figure>\r\n\t<header>\r\n\t\t<hgroup>\r\n\t\t\t<h2><a href=\"https:\/\/diktardagar.no\/2023\/?post_type=aktr&#038;p=4167\">Anders Totland<\/a><\/h2>\r\n\t\t<\/hgroup>\r\n\t<\/header>\r\n\t<p><p>Han har gjeve ut ei rekkje barne- og ungdomsb\u00f8ker. Fleire av b\u00f8kene er selde til utlandet. I 2017 fekk han Nynorsk barnelitteraturpris for ungdomsromanen &laquo;Engel i sn\u00f8en&raquo;.<\/p>\n<\/p>\r\n<\/article><article class=\"aktorer_list\">\r\n\t<figure>\r\n\t\t<a href=\"https:\/\/diktardagar.no\/2023\/?post_type=aktr&#038;p=2765\"><img decoding=\"async\" src=\"https:\/\/diktardagar.no\/2023\/wp-content\/uploads\/sites\/16\/2019\/06\/Bildoen-1-150x150.jpg\" alt=\"Brit Bild\u00f8en\"><\/a>\r\n\t<\/figure>\r\n\t<header>\r\n\t\t<hgroup>\r\n\t\t\t<h2><a href=\"https:\/\/diktardagar.no\/2023\/?post_type=aktr&#038;p=2765\">Brit Bild\u00f8en<\/a><\/h2>\r\n\t\t<\/hgroup>\r\n\t<\/header>\r\n\t<p><p>Brit Bild\u00f8en er ein av v\u00e5re fremste samtidsforfattarar. Ho er omsett til fleire spr\u00e5k, og har blitt tildelt fleire litter\u00e6re prisar.<\/p>\n<\/p>\r\n<\/article><article class=\"aktorer_list\">\r\n\t<figure>\r\n\t\t<a href=\"https:\/\/diktardagar.no\/2023\/?post_type=aktr&#038;p=2243\"><img decoding=\"async\" src=\"https:\/\/diktardagar.no\/2023\/wp-content\/uploads\/sites\/16\/2017\/08\/endre-150x150.jpg\" alt=\"Endre Skj\u00e5k\"><\/a>\r\n\t<\/figure>\r\n\t<header>\r\n\t\t<hgroup>\r\n\t\t\t<h2><a href=\"https:\/\/diktardagar.no\/2023\/?post_type=aktr&#038;p=2243\">Endre Skj\u00e5k<\/a><\/h2>\r\n\t\t<\/hgroup>\r\n\t<\/header>\r\n\t<p><p>Endre Skj\u00e5k har ein bachelorgrad i drama\/teater fr\u00e5 NTNU i Trondheim. Han har m.a. erfaring fr\u00e5 Kristinspelet p\u00e5 Sel og Teater Innlandet. <\/p>\n<\/p>\r\n<\/article><article class=\"aktorer_list\">\r\n\t<figure>\r\n\t\t<a href=\"https:\/\/diktardagar.no\/2023\/?post_type=aktr&#038;p=4254\"><img decoding=\"async\" src=\"https:\/\/diktardagar.no\/2023\/wp-content\/uploads\/sites\/16\/2023\/03\/erling-pettersen-150x150.jpg\" alt=\"Erling J. Pettersen\"><\/a>\r\n\t<\/figure>\r\n\t<header>\r\n\t\t<hgroup>\r\n\t\t\t<h2><a href=\"https:\/\/diktardagar.no\/2023\/?post_type=aktr&#038;p=4254\">Erling J. Pettersen<\/a><\/h2>\r\n\t\t<\/hgroup>\r\n\t<\/header>\r\n\t<p><p>Erling J. Pettersen var biskop i Stavanger fram til 2017. Han har skrive og redigert ei\u00a0rekkje b\u00f8ker og artiklar.<\/p>\n<\/p>\r\n<\/article><article class=\"aktorer_list\">\r\n\t<figure>\r\n\t\t<a href=\"https:\/\/diktardagar.no\/2023\/?post_type=aktr&#038;p=1699\"><img decoding=\"async\" src=\"https:\/\/diktardagar.no\/2023\/wp-content\/uploads\/sites\/16\/2023\/04\/guri-150x150.jpg\" alt=\"Guri S\u00f8rumg\u00e5rd Botheim\"><\/a>\r\n\t<\/figure>\r\n\t<header>\r\n\t\t<hgroup>\r\n\t\t\t<h2><a href=\"https:\/\/diktardagar.no\/2023\/?post_type=aktr&#038;p=1699\">Guri S\u00f8rumg\u00e5rd Botheim<\/a><\/h2>\r\n\t\t<\/hgroup>\r\n\t<\/header>\r\n\t<p><p>Guri kjem fr\u00e5 Lesja. Ho flytta til Domb\u00e5s i 2021 etter fleire \u00e5r i Trondheim. Guri debuterte som forfattar i 2009, saman med systera Sigrid, med romanen Ramstein Pensionat.<\/p>\n<\/p>\r\n<\/article><article class=\"aktorer_list\">\r\n\t<figure>\r\n\t\t<a href=\"https:\/\/diktardagar.no\/2023\/?post_type=aktr&#038;p=4445\"><img decoding=\"async\" src=\"https:\/\/diktardagar.no\/2023\/wp-content\/uploads\/sites\/16\/2023\/05\/Hallingdansarar-150x150.jpg\" alt=\"Hallingdansarar fr\u00e5 V\u00e5g\u00e5\"><\/a>\r\n\t<\/figure>\r\n\t<header>\r\n\t\t<hgroup>\r\n\t\t\t<h2><a href=\"https:\/\/diktardagar.no\/2023\/?post_type=aktr&#038;p=4445\">Hallingdansarar fr\u00e5 V\u00e5g\u00e5<\/a><\/h2>\r\n\t\t<\/hgroup>\r\n\t<\/header>\r\n\t<p><p>Wilmer Sandum Svanborg, Philip Kolobekken Pedersen, Magnus Skogstad Sandnes og Emil Kristiansen Sandum er 4 unge hallingdansarar fr\u00e5 V\u00e5g\u00e5 spel- og dansarlag. <\/p>\n<\/p>\r\n<\/article><article class=\"aktorer_list\">\r\n\t<figure>\r\n\t\t<a href=\"https:\/\/diktardagar.no\/2023\/?post_type=aktr&#038;p=4195\"><img decoding=\"async\" src=\"https:\/\/diktardagar.no\/2023\/wp-content\/uploads\/sites\/16\/2023\/03\/Halvdan-Sivertsen-av-Brynjar-Erdahl-150x150.jpg\" alt=\"Halvdan Sivertsen\"><\/a>\r\n\t<\/figure>\r\n\t<header>\r\n\t\t<hgroup>\r\n\t\t\t<h2><a href=\"https:\/\/diktardagar.no\/2023\/?post_type=aktr&#038;p=4195\">Halvdan Sivertsen<\/a><\/h2>\r\n\t\t<\/hgroup>\r\n\t<\/header>\r\n\t<p><p>Halvdan har gjeve ut fleire prisl\u00f8na album og er ein del av den norske supergruppa Gitarkameratene. I tillegg er musikken hans nytta i b\u00e5de film og teater.<\/p>\n<\/p>\r\n<\/article><article class=\"aktorer_list\">\r\n\t<figure>\r\n\t\t<a href=\"https:\/\/diktardagar.no\/2023\/?post_type=aktr&#038;p=4407\"><img decoding=\"async\" src=\"https:\/\/diktardagar.no\/2023\/wp-content\/uploads\/sites\/16\/2023\/04\/Harald-Sve-Bjorndal-002-150x150.jpg\" alt=\"Harald Sve Bj\u00f8rndal\"><\/a>\r\n\t<\/figure>\r\n\t<header>\r\n\t\t<hgroup>\r\n\t\t\t<h2><a href=\"https:\/\/diktardagar.no\/2023\/?post_type=aktr&#038;p=4407\">Harald Sve Bj\u00f8rndal<\/a><\/h2>\r\n\t\t<\/hgroup>\r\n\t<\/header>\r\n\t<p><p>Harald Sve Bj\u00f8rndal er ordf\u00f8rar i V\u00e5g\u00e5. Han er trettande generasjon som driv den tradisjonsrike Sve gard, og er levande oppteken av kunst og kultur.<\/p>\n<\/p>\r\n<\/article><article class=\"aktorer_list\">\r\n\t<figure>\r\n\t\t<a href=\"https:\/\/diktardagar.no\/2023\/?post_type=aktr&#038;p=4312\"><img decoding=\"async\" src=\"https:\/\/diktardagar.no\/2023\/wp-content\/uploads\/sites\/16\/2023\/03\/havard-teigen-150x150.jpg\" alt=\"H\u00e5vard Teigen\"><\/a>\r\n\t<\/figure>\r\n\t<header>\r\n\t\t<hgroup>\r\n\t\t\t<h2><a href=\"https:\/\/diktardagar.no\/2023\/?post_type=aktr&#038;p=4312\">H\u00e5vard Teigen<\/a><\/h2>\r\n\t\t<\/hgroup>\r\n\t<\/header>\r\n\t<p><p>Han er professor emeritus og har ogs\u00e5 vore rektor p\u00e5 h\u00f8gskulen i Lillehammer. Han har forfatta og redigert mange fagb\u00f8ker. H\u00e5vard er leiar av Tor Jonsson-laget.<\/p>\n<\/p>\r\n<\/article><article class=\"aktorer_list\">\r\n\t<figure>\r\n\t\t<a href=\"https:\/\/diktardagar.no\/2023\/?post_type=aktr&#038;p=4271\"><img decoding=\"async\" src=\"https:\/\/diktardagar.no\/2023\/wp-content\/uploads\/sites\/16\/2023\/03\/Ingrid-Lingaas-Fossum-redigert-150x150.jpg\" alt=\"Ingrid Lingaas Fossum\"><\/a>\r\n\t<\/figure>\r\n\t<header>\r\n\t\t<hgroup>\r\n\t\t\t<h2><a href=\"https:\/\/diktardagar.no\/2023\/?post_type=aktr&#038;p=4271\">Ingrid Lingaas Fossum<\/a><\/h2>\r\n\t\t<\/hgroup>\r\n\t<\/header>\r\n\t<p><p>Ingrid Lingaas Fossum er ein av dei fremste langeleikut\u00f8varane i Noreg. I 2022 vart ho valt som \u00e5rets Hilmartalent.<\/p>\n<\/p>\r\n<\/article><article class=\"aktorer_list\">\r\n\t<figure>\r\n\t\t<a href=\"https:\/\/diktardagar.no\/2023\/?post_type=aktr&#038;p=4249\"><img decoding=\"async\" src=\"https:\/\/diktardagar.no\/2023\/wp-content\/uploads\/sites\/16\/2023\/03\/portrett-jan-braende-150x150.jpg\" alt=\"Jan Br\u00e6nde\"><\/a>\r\n\t<\/figure>\r\n\t<header>\r\n\t\t<hgroup>\r\n\t\t\t<h2><a href=\"https:\/\/diktardagar.no\/2023\/?post_type=aktr&#038;p=4249\">Jan Br\u00e6nde<\/a><\/h2>\r\n\t\t<\/hgroup>\r\n\t<\/header>\r\n\t<p><p>Br\u00e6nde er internasjonalt anerkjent og\u00a0jobbar som biletkunstnar og grafikar. M\u00e5leria hans finst i private og offentlege samlingar i fleire land.<\/p>\n<\/p>\r\n<\/article><article class=\"aktorer_list\">\r\n\t<figure>\r\n\t\t<a href=\"https:\/\/diktardagar.no\/2023\/?post_type=aktr&#038;p=4193\"><img decoding=\"async\" src=\"https:\/\/diktardagar.no\/2023\/wp-content\/uploads\/sites\/16\/2023\/03\/sorbo-150x150.jpg\" alt=\"Jan Inge S\u00f8rb\u00f8\"><\/a>\r\n\t<\/figure>\r\n\t<header>\r\n\t\t<hgroup>\r\n\t\t\t<h2><a href=\"https:\/\/diktardagar.no\/2023\/?post_type=aktr&#038;p=4193\">Jan Inge S\u00f8rb\u00f8<\/a><\/h2>\r\n\t\t<\/hgroup>\r\n\t<\/header>\r\n\t<p><p>Jan Inge S\u00f8rb\u00f8 er professor i litteraturvitskap ved H\u00f8gskulen i Volda. S\u00f8rb\u00f8 har skrive fleire monografiar og biografiar.<\/p>\n<\/p>\r\n<\/article><article class=\"aktorer_list\">\r\n\t<figure>\r\n\t\t<a href=\"https:\/\/diktardagar.no\/2023\/?post_type=aktr&#038;p=4427\"><img decoding=\"async\" src=\"https:\/\/diktardagar.no\/2023\/wp-content\/uploads\/sites\/16\/2023\/04\/lars-bakke-150x150.jpg\" alt=\"Lars Bakke\"><\/a>\r\n\t<\/figure>\r\n\t<header>\r\n\t\t<hgroup>\r\n\t\t\t<h2><a href=\"https:\/\/diktardagar.no\/2023\/?post_type=aktr&#038;p=4427\">Lars Bakke<\/a><\/h2>\r\n\t\t<\/hgroup>\r\n\t<\/header>\r\n\t<p><p>Mange kjennar han fr\u00e5 gruppa LOMSK. Her var han b\u00e5de komponist, tekstforfattar og vokalist. Gruppa har gjeve ut seks album.<\/p>\n<\/p>\r\n<\/article><article class=\"aktorer_list\">\r\n\t<figure>\r\n\t\t<a href=\"https:\/\/diktardagar.no\/2023\/?post_type=aktr&#038;p=3225\"><img decoding=\"async\" src=\"https:\/\/diktardagar.no\/2023\/wp-content\/uploads\/sites\/16\/2017\/01\/magnhild-150x150.jpg\" alt=\"Magnhild Bruheim\"><\/a>\r\n\t<\/figure>\r\n\t<header>\r\n\t\t<hgroup>\r\n\t\t\t<h2><a href=\"https:\/\/diktardagar.no\/2023\/?post_type=aktr&#038;p=3225\">Magnhild Bruheim<\/a><\/h2>\r\n\t\t<\/hgroup>\r\n\t<\/header>\r\n\t<p><p>Magnhild Bruheim er forfattar og journalist og har tidlegare arbeidd som radio- og tv-journalist i NRK Oppland. Ho er fast leiar av bokbadet p\u00e5 Diktardagar. <\/p>\n<\/p>\r\n<\/article><article class=\"aktorer_list\">\r\n\t<figure>\r\n\t\t<a href=\"https:\/\/diktardagar.no\/2023\/?post_type=aktr&#038;p=2226\"><img decoding=\"async\" src=\"https:\/\/diktardagar.no\/2023\/wp-content\/uploads\/sites\/16\/2017\/08\/Ola-profilbilete-2-e1681303806167-150x150.jpg\" alt=\"Ola Gr\u00f8sland\"><\/a>\r\n\t<\/figure>\r\n\t<header>\r\n\t\t<hgroup>\r\n\t\t\t<h2><a href=\"https:\/\/diktardagar.no\/2023\/?post_type=aktr&#038;p=2226\">Ola Gr\u00f8sland<\/a><\/h2>\r\n\t\t<\/hgroup>\r\n\t<\/header>\r\n\t<p><p>Ola Gr\u00f8sland er pensjonert lektor med norsk hovudfag. Han har arbeidd med mange ulike kulturoppg\u00e5ver, s\u00e6rleg knytt til spr\u00e5k og folkemusikk.<\/p>\n<\/p>\r\n<\/article><article class=\"aktorer_list\">\r\n\t<figure>\r\n\t\t<a href=\"https:\/\/diktardagar.no\/2023\/?post_type=aktr&#038;p=3033\"><img decoding=\"async\" src=\"https:\/\/diktardagar.no\/2023\/wp-content\/uploads\/sites\/16\/2020\/08\/ole-150x150.jpg\" alt=\"Ole Foss\"><\/a>\r\n\t<\/figure>\r\n\t<header>\r\n\t\t<hgroup>\r\n\t\t\t<h2><a href=\"https:\/\/diktardagar.no\/2023\/?post_type=aktr&#038;p=3033\">Ole Foss<\/a><\/h2>\r\n\t\t<\/hgroup>\r\n\t<\/header>\r\n\t<p><p>Ole Foss er mest kjent som musikar, og har spelt fleire ulike instrument sidan han var gutunge. Han er m.a. medlem i folkrock-gruppa LoMsk.<\/p>\n<\/p>\r\n<\/article><article class=\"aktorer_list\">\r\n\t<figure>\r\n\t\t<a href=\"https:\/\/diktardagar.no\/2023\/?post_type=aktr&#038;p=3782\"><img decoding=\"async\" src=\"https:\/\/diktardagar.no\/2023\/wp-content\/uploads\/sites\/16\/2022\/04\/Reidar-Svare-scaled-1-150x150.jpg\" alt=\"Reidar Svare\"><\/a>\r\n\t<\/figure>\r\n\t<header>\r\n\t\t<hgroup>\r\n\t\t\t<h2><a href=\"https:\/\/diktardagar.no\/2023\/?post_type=aktr&#038;p=3782\">Reidar Svare<\/a><\/h2>\r\n\t\t<\/hgroup>\r\n\t<\/header>\r\n\t<p><p>Reidar Svare er opprinneleg fr\u00e5 V\u00e5g\u00e5, men har budd i Lom ei \u00e5rrekkje, der han for tida er tilsett som organist.<\/p>\n<\/p>\r\n<\/article><article class=\"aktorer_list\">\r\n\t<figure>\r\n\t\t<a href=\"https:\/\/diktardagar.no\/2023\/?post_type=aktr&#038;p=4413\"><img decoding=\"async\" src=\"https:\/\/diktardagar.no\/2023\/wp-content\/uploads\/sites\/16\/2023\/04\/Rune-2-1-150x150.png\" alt=\"Rune Kj\u00f8rren\"><\/a>\r\n\t<\/figure>\r\n\t<header>\r\n\t\t<hgroup>\r\n\t\t\t<h2><a href=\"https:\/\/diktardagar.no\/2023\/?post_type=aktr&#038;p=4413\">Rune Kj\u00f8rren<\/a><\/h2>\r\n\t\t<\/hgroup>\r\n\t<\/header>\r\n\t<p><p>T\u00f8mrar og gardbrukar Rune Kj\u00f8rren er mest kjend som gitarist i folkrockgruppa LoMsk. Bandet vart nominert til Spellemannprisen i 2007.<\/p>\n<\/p>\r\n<\/article><article class=\"aktorer_list\">\r\n\t<figure>\r\n\t\t<a href=\"https:\/\/diktardagar.no\/2023\/?post_type=aktr&#038;p=4164\"><img decoding=\"async\" src=\"https:\/\/diktardagar.no\/2023\/wp-content\/uploads\/sites\/16\/2023\/03\/Sigrid-M.-150x150.jpg\" alt=\"Sigrid Moldestad m\/band\"><\/a>\r\n\t<\/figure>\r\n\t<header>\r\n\t\t<hgroup>\r\n\t\t\t<h2><a href=\"https:\/\/diktardagar.no\/2023\/?post_type=aktr&#038;p=4164\">Sigrid Moldestad m\/band<\/a><\/h2>\r\n\t\t<\/hgroup>\r\n\t<\/header>\r\n\t<p><p>Sigrid Moldestad har lenge hatt eit n\u00e6rt forhold til Jan-Magnus Bruheim sine dikt. No har ho f\u00e5tt oppfylt draumen om \u00e5 lage musikk til nokre av dei fine barnedikta hans.<\/p>\n<\/p>\r\n<\/article><article class=\"aktorer_list\">\r\n\t<figure>\r\n\t\t<a href=\"https:\/\/diktardagar.no\/2023\/?post_type=aktr&#038;p=4252\"><img decoding=\"async\" src=\"https:\/\/diktardagar.no\/2023\/wp-content\/uploads\/sites\/16\/2023\/03\/Vemund-O.-Aukrust.-Foto-Havard-Lie-redigert-2-150x150.jpg\" alt=\"Vemund Olav Aukrust\"><\/a>\r\n\t<\/figure>\r\n\t<header>\r\n\t\t<hgroup>\r\n\t\t\t<h2><a href=\"https:\/\/diktardagar.no\/2023\/?post_type=aktr&#038;p=4252\">Vemund Olav Aukrust<\/a><\/h2>\r\n\t\t<\/hgroup>\r\n\t<\/header>\r\n\t<p><p>Vemund Olav Aukrust er utdanna kyrkjemusikar fr\u00e5 Norges musikkh\u00f8gskole og HMDK Suttgart. Han har halde mange konsertar b\u00e5de i inn- og utland<\/p>\n<\/p>\r\n<\/article><article class=\"aktorer_list\">\r\n\t<figure>\r\n\t\t<a href=\"https:\/\/diktardagar.no\/2023\/?post_type=aktr&#038;p=4244\"><img decoding=\"async\" src=\"https:\/\/diktardagar.no\/2023\/wp-content\/uploads\/sites\/16\/2023\/03\/Seierstad-150x150.jpg\" alt=\"\u00c5sne Seierstad\"><\/a>\r\n\t<\/figure>\r\n\t<header>\r\n\t\t<hgroup>\r\n\t\t\t<h2><a href=\"https:\/\/diktardagar.no\/2023\/?post_type=aktr&#038;p=4244\">\u00c5sne Seierstad<\/a><\/h2>\r\n\t\t<\/hgroup>\r\n\t<\/header>\r\n\t<p><p>Forfattar og journalist \u00c5sne Seierstad er aktuell med boka Afghanerne, som kom ut i 2022. Boka vart nominert til Brageprisen.<\/p>\n<\/p>\r\n<\/article>\n\t\t\t<a href=\"https:\/\/diktardagar.no\/2023\/tidlegare\/\" target=\"_self\" role=\"button\" rel=\"noopener\">\n\t\t\t\t\t\t\tTidlegare Diktardagar\n\t\t\t\t\t<\/a>\n<h2>\n\t\tSponsorar\n\t<\/h2>\n<h2>\n\t\tTakk \u00f2g til\n\t<\/h2>\n\t\r\n\r\n\r\n\r\n\r\n\r\n<div class=\"sponsor-takk\">\r\n\t\r\n\t<a href=\"https:\/\/www.interfil.no\/\" target=\"_blank\" rel=\"noopener noreferrer\">\r\n\t\r\n\t\tInterfil AS\r\n\t\r\n\t<\/a>\r\n\t\r\n<\/div>\r\n\r\n\r\n\r\n<div class=\"sponsor-takk\">\r\n\t\r\n\t\tAustmannalaget\r\n\t\r\n<\/div>\r\n\r\n\r\n\r\n<div class=\"sponsor-takk\">\r\n\t\r\n\t<a href=\"https:\/\/www.eidefoss.no\/\" target=\"_blank\" rel=\"noopener noreferrer\">\r\n\t\r\n\t\tEidefoss\r\n\t\r\n\t<\/a>\r\n\t\r\n<\/div>\r\n\r\n\r\n\r\n\r\n\r\n\r\n\r\n\r\n\r\n\r\n\r\n\r\n\r\n\r\n\r\n\r\n\r\n\r\n\r\n\r\n\r\n\r\n\r\n<div class=\"sponsor-takk\">\r\n\t\r\n\t<a href=\"https:\/\/samlaget.no\/\" target=\"_blank\" rel=\"noopener noreferrer\">\r\n\t\r\n\t\tSamlaget\r\n\t\r\n\t<\/a>\r\n\t\r\n<\/div>\r\n\r\n\r\n\r\n<div class=\"sponsor-takk\">\r\n\t\r\n\t<a href=\"https:\/\/www.norgesfor.no\/ottadalen\/\" target=\"_blank\" rel=\"noopener noreferrer\">\r\n\t\r\n\t\tOttadalen M\u00f8lle\r\n\t\r\n\t<\/a>\r\n\t\r\n<\/div>\r\n\r\n\r\n\r\n<div class=\"sponsor-takk\">\r\n\t\r\n\t<a href=\"http:\/\/www.fjellogfritid.no\/\" target=\"_blank\" rel=\"noopener noreferrer\">\r\n\t\r\n\t\tFjell &amp; Fritid\r\n\t\r\n\t<\/a>\r\n\t\r\n<\/div>\r\n\r\n\r\n\r\n<div class=\"sponsor-takk\">\r\n\t\r\n\t<a href=\"https:\/\/fossberg.no\/\" target=\"_blank\" rel=\"noopener noreferrer\">\r\n\t\r\n\t\tFossberg Hotell\r\n\t\r\n\t<\/a>\r\n\t\r\n<\/div>\r\n\r\n\r\n\r\n<div class=\"sponsor-takk\">\r\n\t\r\n\t<a href=\"http:\/\/fossheimsteinsenter.no\/\" target=\"_blank\" rel=\"noopener noreferrer\">\r\n\t\r\n\t\tFossheim Steinsenter\r\n\t\r\n\t<\/a>\r\n\t\r\n<\/div>\r\n\r\n\r\n\r\n<div class=\"sponsor-takk\">\r\n\t\r\n\t<a href=\"https:\/\/www.fossheimhotel.no\/\" target=\"_blank\" rel=\"noopener noreferrer\">\r\n\t\r\n\t\tFossheim Hotell\r\n\t\r\n\t<\/a>\r\n\t\r\n<\/div>\r\n\r\n\r\n\r\n<div class=\"sponsor-takk\">\r\n\t\r\n\t<a href=\"https:\/\/www.nordalturistsenter.no\/\" target=\"_blank\" rel=\"noopener noreferrer\">\r\n\t\r\n\t\tNordal Turistsenter\r\n\t\r\n\t<\/a>\r\n\t\r\n<\/div>\r\n\r\n\r\n\r\n<div class=\"sponsor-takk\">\r\n\t\r\n\t<a href=\"https:\/\/kiwi.no\/Finn-butikk\/Kiwi-Lom\/\" target=\"_blank\" rel=\"noopener noreferrer\">\r\n\t\r\n\t\tKiwi\r\n\t\r\n\t<\/a>\r\n\t\r\n<\/div>\r\n\r\n\r\n\r\n<div class=\"sponsor-takk\">\r\n\t\r\n\t<a href=\"https:\/\/stokkstein.no\/\" target=\"_blank\" rel=\"noopener noreferrer\">\r\n\t\r\n\t\tStokk &amp; Stein\r\n\t\r\n\t<\/a>\r\n\t\r\n<\/div>\r\n\r\n\r\n\r\n<div class=\"sponsor-takk\">\r\n\t\r\n\t<a href=\"https:\/\/www.gaus.no\/\" target=\"_blank\" rel=\"noopener noreferrer\">\r\n\t\r\n\t\tGausdal Landhandleri\r\n\t\r\n\t<\/a>\r\n\t\r\n<\/div>\r\n\r\n\r\n\r\n<div class=\"sponsor-takk\">\r\n\t\r\n\t<a href=\"https:\/\/coop.no\/samvirkelag\/coop-ottadalen\/\" target=\"_blank\" rel=\"noopener noreferrer\">\r\n\t\r\n\t\tCoop Ottadalen\r\n\t\r\n\t<\/a>\r\n\t\r\n<\/div>\r\n\r\n\n\n","protected":false},"excerpt":{"rendered":"<p>\u00c5rets akt\u00f8rar 2018<\/p>\n","protected":false},"author":1,"featured_media":0,"parent":0,"menu_order":3,"comment_status":"closed","ping_status":"closed","template":"","meta":{"footnotes":""},"class_list":["post-2327","page","type-page","status-publish","hentry"],"yoast_head":"<!-- This site is optimized with the Yoast SEO plugin v27.4 - https:\/\/yoast.com\/product\/yoast-seo-wordpress\/ -->\n<title>Akt\u00f8rar - Diktardagar 2023<\/title>\n<meta name=\"robots\" content=\"index, follow, max-snippet:-1, max-image-preview:large, max-video-preview:-1\" \/>\n<link rel=\"canonical\" href=\"https:\/\/diktardagar.no\/2023\/aktorar\/\" class=\"yoast-seo-meta-tag\" \/>\n<meta property=\"og:locale\" content=\"nb_NO\" class=\"yoast-seo-meta-tag\" \/>\n<meta property=\"og:type\" content=\"article\" class=\"yoast-seo-meta-tag\" \/>\n<meta property=\"og:title\" content=\"Akt\u00f8rar - Diktardagar 2023\" class=\"yoast-seo-meta-tag\" \/>\n<meta property=\"og:description\" content=\"\u00c5rets akt\u00f8rar 2018\" class=\"yoast-seo-meta-tag\" \/>\n<meta property=\"og:url\" content=\"https:\/\/diktardagar.no\/2023\/aktorar\/\" class=\"yoast-seo-meta-tag\" \/>\n<meta property=\"og:site_name\" content=\"Diktardagar 2023\" class=\"yoast-seo-meta-tag\" \/>\n<meta property=\"article:modified_time\" content=\"2023-03-31T13:03:48+00:00\" class=\"yoast-seo-meta-tag\" \/>\n<meta name=\"twitter:card\" content=\"summary_large_image\" class=\"yoast-seo-meta-tag\" \/>\n<meta name=\"twitter:label1\" content=\"Ansl. lesetid\" class=\"yoast-seo-meta-tag\" \/>\n\t<meta name=\"twitter:data1\" content=\"1 minutt\" class=\"yoast-seo-meta-tag\" \/>\n<script type=\"application\/ld+json\" class=\"yoast-schema-graph\">{\"@context\":\"https:\\\/\\\/schema.org\",\"@graph\":[{\"@type\":\"WebPage\",\"@id\":\"https:\\\/\\\/diktardagar.no\\\/2023\\\/aktorar\\\/\",\"url\":\"https:\\\/\\\/diktardagar.no\\\/2023\\\/aktorar\\\/\",\"name\":\"Akt\u00f8rar - Diktardagar 2023\",\"isPartOf\":{\"@id\":\"https:\\\/\\\/diktardagar.no\\\/2023\\\/#website\"},\"datePublished\":\"2018-04-30T12:02:38+00:00\",\"dateModified\":\"2023-03-31T13:03:48+00:00\",\"breadcrumb\":{\"@id\":\"https:\\\/\\\/diktardagar.no\\\/2023\\\/aktorar\\\/#breadcrumb\"},\"inLanguage\":\"nb-NO\",\"potentialAction\":[{\"@type\":\"ReadAction\",\"target\":[\"https:\\\/\\\/diktardagar.no\\\/2023\\\/aktorar\\\/\"]}]},{\"@type\":\"BreadcrumbList\",\"@id\":\"https:\\\/\\\/diktardagar.no\\\/2023\\\/aktorar\\\/#breadcrumb\",\"itemListElement\":[{\"@type\":\"ListItem\",\"position\":1,\"name\":\"Hjem\",\"item\":\"https:\\\/\\\/diktardagar.no\\\/2023\\\/\"},{\"@type\":\"ListItem\",\"position\":2,\"name\":\"Akt\u00f8rar\"}]},{\"@type\":\"WebSite\",\"@id\":\"https:\\\/\\\/diktardagar.no\\\/2023\\\/#website\",\"url\":\"https:\\\/\\\/diktardagar.no\\\/2023\\\/\",\"name\":\"Diktardagar 2023\",\"description\":\"\",\"potentialAction\":[{\"@type\":\"SearchAction\",\"target\":{\"@type\":\"EntryPoint\",\"urlTemplate\":\"https:\\\/\\\/diktardagar.no\\\/2023\\\/?s={search_term_string}\"},\"query-input\":{\"@type\":\"PropertyValueSpecification\",\"valueRequired\":true,\"valueName\":\"search_term_string\"}}],\"inLanguage\":\"nb-NO\"}]}<\/script>\n<!-- \/ Yoast SEO plugin. -->","yoast_head_json":{"title":"Akt\u00f8rar - Diktardagar 2023","robots":{"index":"index","follow":"follow","max-snippet":"max-snippet:-1","max-image-preview":"max-image-preview:large","max-video-preview":"max-video-preview:-1"},"canonical":"https:\/\/diktardagar.no\/2023\/aktorar\/","og_locale":"nb_NO","og_type":"article","og_title":"Akt\u00f8rar - Diktardagar 2023","og_description":"\u00c5rets akt\u00f8rar 2018","og_url":"https:\/\/diktardagar.no\/2023\/aktorar\/","og_site_name":"Diktardagar 2023","article_modified_time":"2023-03-31T13:03:48+00:00","twitter_card":"summary_large_image","twitter_misc":{"Ansl. lesetid":"1 minutt"},"schema":{"@context":"https:\/\/schema.org","@graph":[{"@type":"WebPage","@id":"https:\/\/diktardagar.no\/2023\/aktorar\/","url":"https:\/\/diktardagar.no\/2023\/aktorar\/","name":"Akt\u00f8rar - Diktardagar 2023","isPartOf":{"@id":"https:\/\/diktardagar.no\/2023\/#website"},"datePublished":"2018-04-30T12:02:38+00:00","dateModified":"2023-03-31T13:03:48+00:00","breadcrumb":{"@id":"https:\/\/diktardagar.no\/2023\/aktorar\/#breadcrumb"},"inLanguage":"nb-NO","potentialAction":[{"@type":"ReadAction","target":["https:\/\/diktardagar.no\/2023\/aktorar\/"]}]},{"@type":"BreadcrumbList","@id":"https:\/\/diktardagar.no\/2023\/aktorar\/#breadcrumb","itemListElement":[{"@type":"ListItem","position":1,"name":"Hjem","item":"https:\/\/diktardagar.no\/2023\/"},{"@type":"ListItem","position":2,"name":"Akt\u00f8rar"}]},{"@type":"WebSite","@id":"https:\/\/diktardagar.no\/2023\/#website","url":"https:\/\/diktardagar.no\/2023\/","name":"Diktardagar 2023","description":"","potentialAction":[{"@type":"SearchAction","target":{"@type":"EntryPoint","urlTemplate":"https:\/\/diktardagar.no\/2023\/?s={search_term_string}"},"query-input":{"@type":"PropertyValueSpecification","valueRequired":true,"valueName":"search_term_string"}}],"inLanguage":"nb-NO"}]}},"_links":{"self":[{"href":"https:\/\/diktardagar.no\/2023\/wp-json\/wp\/v2\/pages\/2327","targetHints":{"allow":["GET"]}}],"collection":[{"href":"https:\/\/diktardagar.no\/2023\/wp-json\/wp\/v2\/pages"}],"about":[{"href":"https:\/\/diktardagar.no\/2023\/wp-json\/wp\/v2\/types\/page"}],"author":[{"embeddable":true,"href":"https:\/\/diktardagar.no\/2023\/wp-json\/wp\/v2\/users\/1"}],"replies":[{"embeddable":true,"href":"https:\/\/diktardagar.no\/2023\/wp-json\/wp\/v2\/comments?post=2327"}],"version-history":[{"count":31,"href":"https:\/\/diktardagar.no\/2023\/wp-json\/wp\/v2\/pages\/2327\/revisions"}],"predecessor-version":[{"id":4349,"href":"https:\/\/diktardagar.no\/2023\/wp-json\/wp\/v2\/pages\/2327\/revisions\/4349"}],"wp:attachment":[{"href":"https:\/\/diktardagar.no\/2023\/wp-json\/wp\/v2\/media?parent=2327"}],"curies":[{"name":"wp","href":"https:\/\/api.w.org\/{rel}","templated":true}]}}