{"id":2327,"date":"2018-04-30T14:02:38","date_gmt":"2018-04-30T12:02:38","guid":{"rendered":"https:\/\/diktardagar.no\/2022\/?page_id=2327"},"modified":"2023-03-17T09:30:06","modified_gmt":"2023-03-17T08:30:06","slug":"aktorar","status":"publish","type":"page","link":"https:\/\/diktardagar.no\/2022\/aktorar\/","title":{"rendered":"Akt\u00f8rar"},"content":{"rendered":"\n<h2>\n\t\t\u00c5rets akt\u00f8rar\n\t<\/h2>\n\t<article class=\"aktorer_list\">\r\n\t<figure>\r\n\t\t<a href=\"https:\/\/diktardagar.no\/2022\/?post_type=aktr&#038;p=3590\"><img decoding=\"async\" src=\"https:\/\/diktardagar.no\/2022\/wp-content\/uploads\/sites\/15\/2022\/03\/Synne-Vo-presse-2-Thor-Hakon-Ulstad-150x150.jpg\" alt=\"Synne Vo\"><\/a>\r\n\t<\/figure>\r\n\t<header>\r\n\t\t<hgroup>\r\n\t\t\t<h2><a href=\"https:\/\/diktardagar.no\/2022\/?post_type=aktr&#038;p=3590\">Synne Vo<\/a><\/h2>\r\n\t\t<\/hgroup>\r\n\t<\/header>\r\n\t<p><p>Synne Vorkinn (f\u00f8dd 1998) er songar og l\u00e5tskrivar fr\u00e5 Lesja. Ho har studert l\u00e5tskriving og musikkproduksjon p\u00e5 LIMPI p\u00e5 Lillehammer, og slo for alvor gjennom med l\u00e5ta &laquo;Ikkje tenk p\u00e5 meg&raquo; under artistnamnet Synne Vo i 2020.<\/p>\n<\/p>\r\n<\/article><article class=\"aktorer_list\">\r\n\t<figure>\r\n\t\t<a href=\"https:\/\/diktardagar.no\/2022\/?post_type=aktr&#038;p=3717\"><img decoding=\"async\" src=\"https:\/\/diktardagar.no\/2022\/wp-content\/uploads\/sites\/15\/2022\/03\/Hans-Olav-900-150x150.png\" alt=\"Hans Olav Lahlum\"><\/a>\r\n\t<\/figure>\r\n\t<header>\r\n\t\t<hgroup>\r\n\t\t\t<h2><a href=\"https:\/\/diktardagar.no\/2022\/?post_type=aktr&#038;p=3717\">Hans Olav Lahlum<\/a><\/h2>\r\n\t\t<\/hgroup>\r\n\t<\/header>\r\n\t<p><p>Hans Olav Lahlum er ein norsk historikar, biograf, kriminalforfattar, sjakkspelar og SV-politikar.  Han er kjent som ein aktiv samfunnsdebattant og har vore med som ekspertkommentator p\u00e5 TV b\u00e5de n\u00e5r det gjeld sjakk og amerikansk historie og politikk.<\/p>\n<\/p>\r\n<\/article><article class=\"aktorer_list\">\r\n\t<figure>\r\n\t\t<a href=\"https:\/\/diktardagar.no\/2022\/?post_type=aktr&#038;p=3767\"><img decoding=\"async\" src=\"https:\/\/diktardagar.no\/2022\/wp-content\/uploads\/sites\/15\/2022\/04\/Una-Sand-150x150.jpg\" alt=\"Una Aurora Sand Ven\u00e5s\"><\/a>\r\n\t<\/figure>\r\n\t<header>\r\n\t\t<hgroup>\r\n\t\t\t<h2><a href=\"https:\/\/diktardagar.no\/2022\/?post_type=aktr&#038;p=3767\">Una Aurora Sand Ven\u00e5s<\/a><\/h2>\r\n\t\t<\/hgroup>\r\n\t<\/header>\r\n\t<p><p>Una Aurora er 23 \u00e5r og er student ved Norges Muskikkh\u00f8gskole i Oslo ved Det frie kandidatstudiet. Ho er ei allsidig dame som spelar p\u00e5 fleire strengar. I studiet sitt driv ho med vokal, l\u00e5tskriving, produksjon og live-elektronikk. Ved sidan av studiet driv ho ogs\u00e5 med visuell kunst.<\/p>\n<\/p>\r\n<\/article><article class=\"aktorer_list\">\r\n\t<figure>\r\n\t\t<a href=\"https:\/\/diktardagar.no\/2022\/?post_type=aktr&#038;p=3576\"><img decoding=\"async\" src=\"https:\/\/diktardagar.no\/2022\/wp-content\/uploads\/sites\/15\/2022\/03\/Sanna-Sarromaa-portrett3-2022-150x150.png\" alt=\"Sanna Sarromaa\"><\/a>\r\n\t<\/figure>\r\n\t<header>\r\n\t\t<hgroup>\r\n\t\t\t<h2><a href=\"https:\/\/diktardagar.no\/2022\/?post_type=aktr&#038;p=3576\">Sanna Sarromaa<\/a><\/h2>\r\n\t\t<\/hgroup>\r\n\t<\/header>\r\n\t<p><p>Sanna Sarromaa (f\u00f8dd i Finland, 1979) er historielektor, sosiolog og forfattar busett p\u00e5 Lillehammer. I tillegg til sitt politiske engasjement, har Sanna vekt merksemd med sine mange kronikkar b\u00e5de i Gudbransd\u00f8len Dagningen og i VG.<\/p>\n<\/p>\r\n<\/article><article class=\"aktorer_list\">\r\n\t<figure>\r\n\t\t<a href=\"https:\/\/diktardagar.no\/2022\/?post_type=aktr&#038;p=3751\"><img decoding=\"async\" src=\"https:\/\/diktardagar.no\/2022\/wp-content\/uploads\/sites\/15\/2022\/04\/Magnus-Takvam3-150x150.png\" alt=\"Magnus Takvam\"><\/a>\r\n\t<\/figure>\r\n\t<header>\r\n\t\t<hgroup>\r\n\t\t\t<h2><a href=\"https:\/\/diktardagar.no\/2022\/?post_type=aktr&#038;p=3751\">Magnus Takvam<\/a><\/h2>\r\n\t\t<\/hgroup>\r\n\t<\/header>\r\n\t<p><p>Magnus Takvam har vore journalist og politisk kommentator i NRK sidan 1983. I 2002 gav han ut boka &laquo;Arbeiderpartiets fall&raquo;. I fjor gav han ut boka &laquo;Hun skrev for \u00e5 kunne leve : min mor, Marie Takvam&raquo;.<\/p>\n<\/p>\r\n<\/article><article class=\"aktorer_list\">\r\n\t<figure>\r\n\t\t<a href=\"https:\/\/diktardagar.no\/2022\/?post_type=aktr&#038;p=3684\"><img decoding=\"async\" src=\"https:\/\/diktardagar.no\/2022\/wp-content\/uploads\/sites\/15\/2022\/03\/Mari-Eide-Lindsheim-150x150.jpg\" alt=\"Mari Eide Lindsheim\"><\/a>\r\n\t<\/figure>\r\n\t<header>\r\n\t\t<hgroup>\r\n\t\t\t<h2><a href=\"https:\/\/diktardagar.no\/2022\/?post_type=aktr&#038;p=3684\">Mari Eide Lindsheim<\/a><\/h2>\r\n\t\t<\/hgroup>\r\n\t<\/header>\r\n\t<p><p>Mari Eide Lindsheim (f\u00f8dd 1999) kjem fr\u00e5 Skj\u00e5k. Ho syng, spelar gitar og har tonesett fleire dikt av Jan-Magnus Bruheim og Olav \u00d8ygard. Som musikksjanger er ho allsidig, ho brukar b\u00e5de viser, stev og pop\/rock.<\/p>\n<\/p>\r\n<\/article><article class=\"aktorer_list\">\r\n\t<figure>\r\n\t\t<a href=\"https:\/\/diktardagar.no\/2022\/?post_type=aktr&#038;p=3782\"><img decoding=\"async\" src=\"https:\/\/diktardagar.no\/2022\/wp-content\/uploads\/sites\/15\/2022\/04\/Reidar-Svare-150x150.jpg\" alt=\"Reidar Svare\"><\/a>\r\n\t<\/figure>\r\n\t<header>\r\n\t\t<hgroup>\r\n\t\t\t<h2><a href=\"https:\/\/diktardagar.no\/2022\/?post_type=aktr&#038;p=3782\">Reidar Svare<\/a><\/h2>\r\n\t\t<\/hgroup>\r\n\t<\/header>\r\n\t<p><p>Reidar Svare er opprinneleg fr\u00e5 V\u00e5g\u00e5, men har budd i Lom ei \u00e5rrekkje, der han for tida er tilsett som organist.<\/p>\n<\/p>\r\n<\/article><article class=\"aktorer_list\">\r\n\t<figure>\r\n\t\t<a href=\"https:\/\/diktardagar.no\/2022\/?post_type=aktr&#038;p=3225\"><img decoding=\"async\" src=\"https:\/\/diktardagar.no\/2022\/wp-content\/uploads\/sites\/15\/2017\/01\/magnhild-150x150.jpg\" alt=\"Magnhild Bruheim\"><\/a>\r\n\t<\/figure>\r\n\t<header>\r\n\t\t<hgroup>\r\n\t\t\t<h2><a href=\"https:\/\/diktardagar.no\/2022\/?post_type=aktr&#038;p=3225\">Magnhild Bruheim<\/a><\/h2>\r\n\t\t<\/hgroup>\r\n\t<\/header>\r\n\t<p><p>Magnhild Bruheim er forfattar og journalist og har tidlegare arbeidd som radio- og tv-journalist i NRK Oppland. Ho er fast leiar av bokbadet p\u00e5 Diktardagar. <\/p>\n<\/p>\r\n<\/article><article class=\"aktorer_list\">\r\n\t<figure>\r\n\t\t<a href=\"https:\/\/diktardagar.no\/2022\/?post_type=aktr&#038;p=3721\"><img decoding=\"async\" src=\"https:\/\/diktardagar.no\/2022\/wp-content\/uploads\/sites\/15\/2022\/04\/Nordvesten-1-150x150.jpg\" alt=\"Nordvesten sp\u00e6lle blues &#8211; ogs\u00e5 vi da\"><\/a>\r\n\t<\/figure>\r\n\t<header>\r\n\t\t<hgroup>\r\n\t\t\t<h2><a href=\"https:\/\/diktardagar.no\/2022\/?post_type=aktr&#038;p=3721\">Nordvesten sp\u00e6lle blues &#8211; ogs\u00e5 vi da<\/a><\/h2>\r\n\t\t<\/hgroup>\r\n\t<\/header>\r\n\t<p><p>Trioen Syver Olstad, Malin Anna Zetterberg og Stein Elvestad har laga ei musikalsk hylling til den nordnorske naturen gjennom formidling av tekster av Arvid Hanssen tonesett av Tove Karoline Knutsen.<\/p>\n<\/p>\r\n<\/article><article class=\"aktorer_list\">\r\n\t<figure>\r\n\t\t<a href=\"https:\/\/diktardagar.no\/2022\/?post_type=aktr&#038;p=3534\"><img decoding=\"async\" src=\"https:\/\/diktardagar.no\/2022\/wp-content\/uploads\/sites\/15\/2022\/03\/Runaug-150x150.jpg\" alt=\"Runaug Ven\u00e5s\"><\/a>\r\n\t<\/figure>\r\n\t<header>\r\n\t\t<hgroup>\r\n\t\t\t<h2><a href=\"https:\/\/diktardagar.no\/2022\/?post_type=aktr&#038;p=3534\">Runaug Ven\u00e5s<\/a><\/h2>\r\n\t\t<\/hgroup>\r\n\t<\/header>\r\n\t<p><p>Runaug Ven\u00e5s er f\u00f8dd i Lom i 1968, og bur og jobbar som kunstnar i Telemark. Ho er utdanna ved Kunst\u00f8gskolen i Oslo og Oslo Tegne- og Maleskole.<\/p>\n<\/p>\r\n<\/article><article class=\"aktorer_list\">\r\n\t<figure>\r\n\t\t<a href=\"https:\/\/diktardagar.no\/2022\/?post_type=aktr&#038;p=3628\"><img decoding=\"async\" src=\"https:\/\/diktardagar.no\/2022\/wp-content\/uploads\/sites\/15\/2022\/03\/Steinum-Brun-1-150x150.png\" alt=\"Martin Steinum Brun\"><\/a>\r\n\t<\/figure>\r\n\t<header>\r\n\t\t<hgroup>\r\n\t\t\t<h2><a href=\"https:\/\/diktardagar.no\/2022\/?post_type=aktr&#038;p=3628\">Martin Steinum Brun<\/a><\/h2>\r\n\t\t<\/hgroup>\r\n\t<\/header>\r\n\t<p><p>Martin Steinum Brun fr\u00e5 V\u00e5g\u00e5 er songar med bakgrunn b\u00e5de fr\u00e5 klassisk og folkemusikalsk tradisjon, og vart i 2019 tildelt kulturstipendet i heimbygda for satsinga si innan klassisk musikk.<\/p>\n<\/p>\r\n<\/article><article class=\"aktorer_list\">\r\n\t<figure>\r\n\t\t<a href=\"https:\/\/diktardagar.no\/2022\/?post_type=aktr&#038;p=3547\"><img decoding=\"async\" src=\"https:\/\/diktardagar.no\/2022\/wp-content\/uploads\/sites\/15\/2022\/03\/Kvalvaag-150x150.png\" alt=\"Hilde Kvalvaag\"><\/a>\r\n\t<\/figure>\r\n\t<header>\r\n\t\t<hgroup>\r\n\t\t\t<h2><a href=\"https:\/\/diktardagar.no\/2022\/?post_type=aktr&#038;p=3547\">Hilde Kvalvaag<\/a><\/h2>\r\n\t\t<\/hgroup>\r\n\t<\/header>\r\n\t<p><p>Hilde Kvalvaag (f. 1968) bur i Bergen, der ho sidan 2017 har jobba som kommunikasjonsr\u00e5dgjevar ved Fakultet for kunst, musikk og design. Ho er utdanna sosialantropolog fr\u00e5 Universitetet i Bergen, og har studert barne- og ungdomslitteratur ved Skrivekunstakademiet i Hordaland.<\/p>\n<\/p>\r\n<\/article><article class=\"aktorer_list\">\r\n\t<figure>\r\n\t\t<a href=\"https:\/\/diktardagar.no\/2022\/?post_type=aktr&#038;p=2966\"><img decoding=\"async\" src=\"https:\/\/diktardagar.no\/2022\/wp-content\/uploads\/sites\/15\/2020\/06\/audhild-solberg-150x150.png\" alt=\"Audhild Solberg\"><\/a>\r\n\t<\/figure>\r\n\t<header>\r\n\t\t<hgroup>\r\n\t\t\t<h2><a href=\"https:\/\/diktardagar.no\/2022\/?post_type=aktr&#038;p=2966\">Audhild Solberg<\/a><\/h2>\r\n\t\t<\/hgroup>\r\n\t<\/header>\r\n\t<p><p>Audhild Solberg er opphaveleg fr\u00e5 Sauland i Telemark, men bur i Oslo der ho har jobba i forlagsbransjen og som forfattar av barne- og ungdomsb\u00f8ker gjennom ei \u00e5rrekke.<\/p>\n<\/p>\r\n<\/article><article class=\"aktorer_list\">\r\n\t<figure>\r\n\t\t<a href=\"https:\/\/diktardagar.no\/2022\/?post_type=aktr&#038;p=3733\"><img decoding=\"async\" src=\"https:\/\/diktardagar.no\/2022\/wp-content\/uploads\/sites\/15\/2022\/04\/Solbakken-1-150x150.jpg\" alt=\"Hans Andreas Solbakken\"><\/a>\r\n\t<\/figure>\r\n\t<header>\r\n\t\t<hgroup>\r\n\t\t\t<h2><a href=\"https:\/\/diktardagar.no\/2022\/?post_type=aktr&#038;p=3733\">Hans Andreas Solbakken<\/a><\/h2>\r\n\t\t<\/hgroup>\r\n\t<\/header>\r\n\t<p><p>Hans Andreas Solbakken fr\u00e5 Lom har bachelorgrad i fjernsyn- og radiojournalistikk fr\u00e5 H\u00f8gskulen i Volda. Han har jobba i NRK sidan 2017, f\u00f8rst for NRK Innlandet, og no som journalist i NRK Sport.<\/p>\n<\/p>\r\n<\/article><article class=\"aktorer_list\">\r\n\t<figure>\r\n\t\t<a href=\"https:\/\/diktardagar.no\/2022\/?post_type=aktr&#038;p=3645\"><img decoding=\"async\" src=\"https:\/\/diktardagar.no\/2022\/wp-content\/uploads\/sites\/15\/2022\/03\/Brimi-Arne_2-150x150.jpg\" alt=\"Arne Brimi\"><\/a>\r\n\t<\/figure>\r\n\t<header>\r\n\t\t<hgroup>\r\n\t\t\t<h2><a href=\"https:\/\/diktardagar.no\/2022\/?post_type=aktr&#038;p=3645\">Arne Brimi<\/a><\/h2>\r\n\t\t<\/hgroup>\r\n\t<\/header>\r\n\t<p><p>Arne Brimi (f\u00f8dd 1957) er kokk, kokebokforfattar og gr\u00fcnder fr\u00e5 V\u00e5g\u00e5. Han var kj\u00f8kensjef p\u00e5 Fossheim Hotell i Lom 1978\u20132002, og gjorde hotellet landskjend for sitt \u00abNaturens kj\u00f8ken\u00bb.<\/p>\n<\/p>\r\n<\/article><article class=\"aktorer_list\">\r\n\t<figure>\r\n\t\t<a href=\"https:\/\/diktardagar.no\/2022\/?post_type=aktr&#038;p=3698\"><img decoding=\"async\" src=\"https:\/\/diktardagar.no\/2022\/wp-content\/uploads\/sites\/15\/2022\/03\/Notaker-1-150x150.jpg\" alt=\"Henry Notaker\"><\/a>\r\n\t<\/figure>\r\n\t<header>\r\n\t\t<hgroup>\r\n\t\t\t<h2><a href=\"https:\/\/diktardagar.no\/2022\/?post_type=aktr&#038;p=3698\">Henry Notaker<\/a><\/h2>\r\n\t\t<\/hgroup>\r\n\t<\/header>\r\n\t<p><p>Henry Notaker er cand.philol. med hovudfag i nordisk. Han har jobba mesteparten av yrkeslivet i NRK, f\u00f8rst utanriksreporter og Paris-korrespondent, seinare kulturmedarbeidar med program om litteratur og om matkultur.<\/p>\n<\/p>\r\n<\/article><article class=\"aktorer_list\">\r\n\t<figure>\r\n\t\t<a href=\"https:\/\/diktardagar.no\/2022\/?post_type=aktr&#038;p=3727\"><img decoding=\"async\" src=\"https:\/\/diktardagar.no\/2022\/wp-content\/uploads\/sites\/15\/2022\/04\/Kirsti-150x150.jpg\" alt=\"Kirsti Lunde\"><\/a>\r\n\t<\/figure>\r\n\t<header>\r\n\t\t<hgroup>\r\n\t\t\t<h2><a href=\"https:\/\/diktardagar.no\/2022\/?post_type=aktr&#038;p=3727\">Kirsti Lunde<\/a><\/h2>\r\n\t\t<\/hgroup>\r\n\t<\/header>\r\n\t<p><p>Kirsti Lunde vart f\u00f8dd i Lom i 1989. Ho er utdanna h\u00f8gskulelektor i norsk, og var i perioden 2015-2017 skrivar for Norsk M\u00e5lungdom. No bur ho i Sogndal, der ho er stipendiat i Institutt for spr\u00e5k, litteratur, matematikk og tolking for H\u00f8gskulen p\u00e5 Vestlandet.<\/p>\n<\/p>\r\n<\/article><article class=\"aktorer_list\">\r\n\t<figure>\r\n\t\t<a href=\"https:\/\/diktardagar.no\/2022\/?post_type=aktr&#038;p=3337\"><img decoding=\"async\" src=\"https:\/\/diktardagar.no\/2022\/wp-content\/uploads\/sites\/15\/2021\/08\/Fjelltite-150x150.jpg\" alt=\"Fjelltite\"><\/a>\r\n\t<\/figure>\r\n\t<header>\r\n\t\t<hgroup>\r\n\t\t\t<h2><a href=\"https:\/\/diktardagar.no\/2022\/?post_type=aktr&#038;p=3337\">Fjelltite<\/a><\/h2>\r\n\t\t<\/hgroup>\r\n\t<\/header>\r\n\t<p><p>Fjelltite er seks jenter fr\u00e5 Lom som syng og spelar fele. Dei som er med er Iselin Aukrust, \u00c5ste Sulheim Viken, Lina Brenden, Magnhild Helland, Hanne og Synne Kj\u00f8k.<\/p>\n<\/p>\r\n<\/article><article class=\"aktorer_list\">\r\n\t<figure>\r\n\t\t<a href=\"https:\/\/diktardagar.no\/2022\/?post_type=aktr&#038;p=3706\"><img decoding=\"async\" src=\"https:\/\/diktardagar.no\/2022\/wp-content\/uploads\/sites\/15\/2022\/04\/Terje-Randen-150x150.jpg\" alt=\"Terje Randen\"><\/a>\r\n\t<\/figure>\r\n\t<header>\r\n\t\t<hgroup>\r\n\t\t\t<h2><a href=\"https:\/\/diktardagar.no\/2022\/?post_type=aktr&#038;p=3706\">Terje Randen<\/a><\/h2>\r\n\t\t<\/hgroup>\r\n\t<\/header>\r\n\t<p><p>Terje jobbar til dagleg som prosjektleiar og produksjons- og IT-ansvarleg i avisa Fjuken. Han er oppteken av at vi skal ta vare p\u00e5 dialekta og kulturarven v\u00e5r. Dette har resultert i at det store verket om talem\u00e5let i Lom og Skj\u00e5k har f\u00e5tt ei omfattande revidering og utviding.<\/p>\n<\/p>\r\n<\/article><article class=\"aktorer_list\">\r\n\t<figure>\r\n\t\t<a href=\"https:\/\/diktardagar.no\/2022\/?post_type=aktr&#038;p=3681\"><img decoding=\"async\" src=\"https:\/\/diktardagar.no\/2022\/wp-content\/uploads\/sites\/15\/2022\/03\/Marit-Hosar-fotograf-Monika-Sokol-Rudowska-150x150.jpg\" alt=\"Marit Hosar\"><\/a>\r\n\t<\/figure>\r\n\t<header>\r\n\t\t<hgroup>\r\n\t\t\t<h2><a href=\"https:\/\/diktardagar.no\/2022\/?post_type=aktr&#038;p=3681\">Marit Hosar<\/a><\/h2>\r\n\t\t<\/hgroup>\r\n\t<\/header>\r\n\t<p><p>Marit Hosar er fylkesarkivar ved Innlandet fylkesarkiv\/IKA Opplandene. Etter over 40 \u00e5r i arkiva si teneste, i arbeid med arkiv fr\u00e5 b\u00e5de privat og offentleg opphav, har ho vore oppteke av arkivinstitusjonane si samfunnsrolle.<\/p>\n<\/p>\r\n<\/article><article class=\"aktorer_list\">\r\n\t<figure>\r\n\t\t<a href=\"https:\/\/diktardagar.no\/2022\/?post_type=aktr&#038;p=3745\"><img decoding=\"async\" src=\"https:\/\/diktardagar.no\/2022\/wp-content\/uploads\/sites\/15\/2022\/04\/Trygve-1-150x150.jpg\" alt=\"Trygve Hesthagen\"><\/a>\r\n\t<\/figure>\r\n\t<header>\r\n\t\t<hgroup>\r\n\t\t\t<h2><a href=\"https:\/\/diktardagar.no\/2022\/?post_type=aktr&#038;p=3745\">Trygve Hesthagen<\/a><\/h2>\r\n\t\t<\/hgroup>\r\n\t<\/header>\r\n\t<p><p>Trygve Hesthagen vart f\u00f8dd i Garmo i 1951 , og er seniorforskar ved Norsk institutt for naturforskning i Trondheim.<\/p>\n<\/p>\r\n<\/article><article class=\"aktorer_list\">\r\n\t<figure>\r\n\t\t<a href=\"https:\/\/diktardagar.no\/2022\/?post_type=aktr&#038;p=2243\"><img decoding=\"async\" src=\"https:\/\/diktardagar.no\/2022\/wp-content\/uploads\/sites\/15\/2017\/08\/endre-150x150.jpg\" alt=\"Endre Skj\u00e5k\"><\/a>\r\n\t<\/figure>\r\n\t<header>\r\n\t\t<hgroup>\r\n\t\t\t<h2><a href=\"https:\/\/diktardagar.no\/2022\/?post_type=aktr&#038;p=2243\">Endre Skj\u00e5k<\/a><\/h2>\r\n\t\t<\/hgroup>\r\n\t<\/header>\r\n\t<p><p>Endre Skj\u00e5k har ein bachelorgrad i drama\/teater fr\u00e5 NTNU i Trondheim. Han har m.a. erfaring fr\u00e5 Kristinspelet p\u00e5 Sel og Teater Innlandet. <\/p>\n<\/p>\r\n<\/article><article class=\"aktorer_list\">\r\n\t<figure>\r\n\t\t<a href=\"https:\/\/diktardagar.no\/2022\/?post_type=aktr&#038;p=1710\"><img decoding=\"async\" src=\"https:\/\/diktardagar.no\/2022\/wp-content\/uploads\/sites\/15\/2017\/01\/Aslak-Brimi-portrett-_-foto-Johannes-Selvaag-150x150.png\" alt=\"Aslak Brimi\"><\/a>\r\n\t<\/figure>\r\n\t<header>\r\n\t\t<hgroup>\r\n\t\t\t<h2><a href=\"https:\/\/diktardagar.no\/2022\/?post_type=aktr&#038;p=1710\">Aslak Brimi<\/a><\/h2>\r\n\t\t<\/hgroup>\r\n\t<\/header>\r\n\t<p><p>Aslak er spelmann fr\u00e5 Garmo i Lom, har studert musikk i Oslo,  arbeider som musikkl\u00e6rar, og er aktiv medlem av Lom spel- og dansarlag. I tillegg har han produsert fleire CD-ar saman med andre eller solo.<\/p>\n<\/p>\r\n<\/article>\n\t\t\t<a href=\"https:\/\/diktardagar.no\/2022\/tidlegare\/\" target=\"_self\" role=\"button\" rel=\"noopener\">\n\t\t\t\t\t\t\tTidlegare Diktardagar\n\t\t\t\t\t<\/a>\n<h2>\n\t\tSponsorar\n\t<\/h2>\n<h2>\n\t\tTakk \u00f2g til\n\t<\/h2>\n\t\r\n\r\n\r\n\r\n<div class=\"sponsor-takk\">\r\n\t\r\n\t<a href=\"https:\/\/www.interfil.no\/\" target=\"_blank\" rel=\"noopener noreferrer\">\r\n\t\r\n\t\tInterfil AS\r\n\t\r\n\t<\/a>\r\n\t\r\n<\/div>\r\n\r\n\r\n\r\n<div class=\"sponsor-takk\">\r\n\t\r\n\t<a href=\"https:\/\/kagge.no\/\" target=\"_blank\" rel=\"noopener noreferrer\">\r\n\t\r\n\t\tKagge forlag\r\n\t\r\n\t<\/a>\r\n\t\r\n<\/div>\r\n\r\n\r\n\r\n<div class=\"sponsor-takk\">\r\n\t\r\n\t<a href=\"https:\/\/www.eidefoss.no\/\" target=\"_blank\" rel=\"noopener noreferrer\">\r\n\t\r\n\t\tEidefoss\r\n\t\r\n\t<\/a>\r\n\t\r\n<\/div>\r\n\r\n\r\n\r\n<div class=\"sponsor-takk\">\r\n\t\r\n\t<a href=\"https:\/\/aschehoug.no\/\" target=\"_blank\" rel=\"noopener noreferrer\">\r\n\t\r\n\t\tAschehoug\r\n\t\r\n\t<\/a>\r\n\t\r\n<\/div>\r\n\r\n\r\n\r\n\r\n\r\n\r\n\r\n\r\n\r\n\r\n\r\n\r\n\r\n\r\n\r\n\r\n\r\n\r\n\r\n\r\n\r\n\r\n\r\n\r\n\r\n<div class=\"sponsor-takk\">\r\n\t\r\n\t<a href=\"https:\/\/samlaget.no\/\" target=\"_blank\" rel=\"noopener noreferrer\">\r\n\t\r\n\t\tSamlaget\r\n\t\r\n\t<\/a>\r\n\t\r\n<\/div>\r\n\r\n\r\n\r\n<div class=\"sponsor-takk\">\r\n\t\r\n\t<a href=\"https:\/\/www.norgesfor.no\/ottadalen\/\" target=\"_blank\" rel=\"noopener noreferrer\">\r\n\t\r\n\t\tOttadalen M\u00f8lle\r\n\t\r\n\t<\/a>\r\n\t\r\n<\/div>\r\n\r\n\r\n\r\n<div class=\"sponsor-takk\">\r\n\t\r\n\t<a href=\"http:\/\/www.fjellogfritid.no\/\" target=\"_blank\" rel=\"noopener noreferrer\">\r\n\t\r\n\t\tFjell &amp; Fritid\r\n\t\r\n\t<\/a>\r\n\t\r\n<\/div>\r\n\r\n\r\n\r\n<div class=\"sponsor-takk\">\r\n\t\r\n\t<a href=\"https:\/\/fossberg.no\/\" target=\"_blank\" rel=\"noopener noreferrer\">\r\n\t\r\n\t\tFossberg Hotell\r\n\t\r\n\t<\/a>\r\n\t\r\n<\/div>\r\n\r\n\r\n\r\n<div class=\"sponsor-takk\">\r\n\t\r\n\t<a href=\"http:\/\/fossheimsteinsenter.no\/\" target=\"_blank\" rel=\"noopener noreferrer\">\r\n\t\r\n\t\tFossheim Steinsenter\r\n\t\r\n\t<\/a>\r\n\t\r\n<\/div>\r\n\r\n\r\n\r\n<div class=\"sponsor-takk\">\r\n\t\r\n\t<a href=\"https:\/\/www.fossheimhotel.no\/\" target=\"_blank\" rel=\"noopener noreferrer\">\r\n\t\r\n\t\tFossheim Hotell\r\n\t\r\n\t<\/a>\r\n\t\r\n<\/div>\r\n\r\n\r\n\r\n<div class=\"sponsor-takk\">\r\n\t\r\n\t<a href=\"https:\/\/www.nordalturistsenter.no\/\" target=\"_blank\" rel=\"noopener noreferrer\">\r\n\t\r\n\t\tNordal Turistsenter\r\n\t\r\n\t<\/a>\r\n\t\r\n<\/div>\r\n\r\n\r\n\r\n<div class=\"sponsor-takk\">\r\n\t\r\n\t<a href=\"https:\/\/kiwi.no\/Finn-butikk\/Kiwi-Lom\/\" target=\"_blank\" rel=\"noopener noreferrer\">\r\n\t\r\n\t\tKiwi\r\n\t\r\n\t<\/a>\r\n\t\r\n<\/div>\r\n\r\n\r\n\r\n<div class=\"sponsor-takk\">\r\n\t\r\n\t<a href=\"https:\/\/stokkstein.no\/\" target=\"_blank\" rel=\"noopener noreferrer\">\r\n\t\r\n\t\tStokk &amp; Stein\r\n\t\r\n\t<\/a>\r\n\t\r\n<\/div>\r\n\r\n\r\n\r\n<div class=\"sponsor-takk\">\r\n\t\r\n\t<a href=\"https:\/\/www.gaus.no\/\" target=\"_blank\" rel=\"noopener noreferrer\">\r\n\t\r\n\t\tGausdal Landhandleri\r\n\t\r\n\t<\/a>\r\n\t\r\n<\/div>\r\n\r\n\r\n\r\n<div class=\"sponsor-takk\">\r\n\t\r\n\t<a href=\"https:\/\/coop.no\/samvirkelag\/coop-ottadalen\/\" target=\"_blank\" rel=\"noopener noreferrer\">\r\n\t\r\n\t\tCoop Ottadalen\r\n\t\r\n\t<\/a>\r\n\t\r\n<\/div>\r\n\r\n\n\n","protected":false},"excerpt":{"rendered":"<p>\u00c5rets akt\u00f8rar 2018<\/p>\n","protected":false},"author":1,"featured_media":0,"parent":0,"menu_order":3,"comment_status":"closed","ping_status":"closed","template":"","meta":{"footnotes":""},"class_list":["post-2327","page","type-page","status-publish","hentry"],"yoast_head":"<!-- This site is optimized with the Yoast SEO plugin v27.5 - https:\/\/yoast.com\/product\/yoast-seo-wordpress\/ -->\n<title>Akt\u00f8rar - Diktardagar 2022<\/title>\n<meta name=\"robots\" content=\"index, follow, max-snippet:-1, max-image-preview:large, max-video-preview:-1\" \/>\n<link rel=\"canonical\" href=\"https:\/\/diktardagar.no\/2022\/aktorar\/\" class=\"yoast-seo-meta-tag\" \/>\n<meta property=\"og:locale\" content=\"nb_NO\" class=\"yoast-seo-meta-tag\" \/>\n<meta property=\"og:type\" content=\"article\" class=\"yoast-seo-meta-tag\" \/>\n<meta property=\"og:title\" content=\"Akt\u00f8rar - Diktardagar 2022\" class=\"yoast-seo-meta-tag\" \/>\n<meta property=\"og:description\" content=\"\u00c5rets akt\u00f8rar 2018\" class=\"yoast-seo-meta-tag\" \/>\n<meta property=\"og:url\" content=\"https:\/\/diktardagar.no\/2022\/aktorar\/\" class=\"yoast-seo-meta-tag\" \/>\n<meta property=\"og:site_name\" content=\"Diktardagar 2022\" class=\"yoast-seo-meta-tag\" \/>\n<meta property=\"article:modified_time\" content=\"2023-03-17T08:30:06+00:00\" class=\"yoast-seo-meta-tag\" \/>\n<meta name=\"twitter:card\" content=\"summary_large_image\" class=\"yoast-seo-meta-tag\" \/>\n<meta name=\"twitter:label1\" content=\"Ansl. lesetid\" class=\"yoast-seo-meta-tag\" \/>\n\t<meta name=\"twitter:data1\" content=\"1 minutt\" class=\"yoast-seo-meta-tag\" \/>\n<script type=\"application\/ld+json\" class=\"yoast-schema-graph\">{\"@context\":\"https:\\\/\\\/schema.org\",\"@graph\":[{\"@type\":\"WebPage\",\"@id\":\"https:\\\/\\\/diktardagar.no\\\/2022\\\/aktorar\\\/\",\"url\":\"https:\\\/\\\/diktardagar.no\\\/2022\\\/aktorar\\\/\",\"name\":\"Akt\u00f8rar - Diktardagar 2022\",\"isPartOf\":{\"@id\":\"https:\\\/\\\/diktardagar.no\\\/2022\\\/#website\"},\"datePublished\":\"2018-04-30T12:02:38+00:00\",\"dateModified\":\"2023-03-17T08:30:06+00:00\",\"breadcrumb\":{\"@id\":\"https:\\\/\\\/diktardagar.no\\\/2022\\\/aktorar\\\/#breadcrumb\"},\"inLanguage\":\"nb-NO\",\"potentialAction\":[{\"@type\":\"ReadAction\",\"target\":[\"https:\\\/\\\/diktardagar.no\\\/2022\\\/aktorar\\\/\"]}]},{\"@type\":\"BreadcrumbList\",\"@id\":\"https:\\\/\\\/diktardagar.no\\\/2022\\\/aktorar\\\/#breadcrumb\",\"itemListElement\":[{\"@type\":\"ListItem\",\"position\":1,\"name\":\"Hjem\",\"item\":\"https:\\\/\\\/diktardagar.no\\\/2022\\\/\"},{\"@type\":\"ListItem\",\"position\":2,\"name\":\"Akt\u00f8rar\"}]},{\"@type\":\"WebSite\",\"@id\":\"https:\\\/\\\/diktardagar.no\\\/2022\\\/#website\",\"url\":\"https:\\\/\\\/diktardagar.no\\\/2022\\\/\",\"name\":\"Diktardagar 2022\",\"description\":\"\",\"potentialAction\":[{\"@type\":\"SearchAction\",\"target\":{\"@type\":\"EntryPoint\",\"urlTemplate\":\"https:\\\/\\\/diktardagar.no\\\/2022\\\/?s={search_term_string}\"},\"query-input\":{\"@type\":\"PropertyValueSpecification\",\"valueRequired\":true,\"valueName\":\"search_term_string\"}}],\"inLanguage\":\"nb-NO\"}]}<\/script>\n<!-- \/ Yoast SEO plugin. -->","yoast_head_json":{"title":"Akt\u00f8rar - Diktardagar 2022","robots":{"index":"index","follow":"follow","max-snippet":"max-snippet:-1","max-image-preview":"max-image-preview:large","max-video-preview":"max-video-preview:-1"},"canonical":"https:\/\/diktardagar.no\/2022\/aktorar\/","og_locale":"nb_NO","og_type":"article","og_title":"Akt\u00f8rar - Diktardagar 2022","og_description":"\u00c5rets akt\u00f8rar 2018","og_url":"https:\/\/diktardagar.no\/2022\/aktorar\/","og_site_name":"Diktardagar 2022","article_modified_time":"2023-03-17T08:30:06+00:00","twitter_card":"summary_large_image","twitter_misc":{"Ansl. lesetid":"1 minutt"},"schema":{"@context":"https:\/\/schema.org","@graph":[{"@type":"WebPage","@id":"https:\/\/diktardagar.no\/2022\/aktorar\/","url":"https:\/\/diktardagar.no\/2022\/aktorar\/","name":"Akt\u00f8rar - Diktardagar 2022","isPartOf":{"@id":"https:\/\/diktardagar.no\/2022\/#website"},"datePublished":"2018-04-30T12:02:38+00:00","dateModified":"2023-03-17T08:30:06+00:00","breadcrumb":{"@id":"https:\/\/diktardagar.no\/2022\/aktorar\/#breadcrumb"},"inLanguage":"nb-NO","potentialAction":[{"@type":"ReadAction","target":["https:\/\/diktardagar.no\/2022\/aktorar\/"]}]},{"@type":"BreadcrumbList","@id":"https:\/\/diktardagar.no\/2022\/aktorar\/#breadcrumb","itemListElement":[{"@type":"ListItem","position":1,"name":"Hjem","item":"https:\/\/diktardagar.no\/2022\/"},{"@type":"ListItem","position":2,"name":"Akt\u00f8rar"}]},{"@type":"WebSite","@id":"https:\/\/diktardagar.no\/2022\/#website","url":"https:\/\/diktardagar.no\/2022\/","name":"Diktardagar 2022","description":"","potentialAction":[{"@type":"SearchAction","target":{"@type":"EntryPoint","urlTemplate":"https:\/\/diktardagar.no\/2022\/?s={search_term_string}"},"query-input":{"@type":"PropertyValueSpecification","valueRequired":true,"valueName":"search_term_string"}}],"inLanguage":"nb-NO"}]}},"_links":{"self":[{"href":"https:\/\/diktardagar.no\/2022\/wp-json\/wp\/v2\/pages\/2327","targetHints":{"allow":["GET"]}}],"collection":[{"href":"https:\/\/diktardagar.no\/2022\/wp-json\/wp\/v2\/pages"}],"about":[{"href":"https:\/\/diktardagar.no\/2022\/wp-json\/wp\/v2\/types\/page"}],"author":[{"embeddable":true,"href":"https:\/\/diktardagar.no\/2022\/wp-json\/wp\/v2\/users\/1"}],"replies":[{"embeddable":true,"href":"https:\/\/diktardagar.no\/2022\/wp-json\/wp\/v2\/comments?post=2327"}],"version-history":[{"count":18,"href":"https:\/\/diktardagar.no\/2022\/wp-json\/wp\/v2\/pages\/2327\/revisions"}],"predecessor-version":[{"id":4067,"href":"https:\/\/diktardagar.no\/2022\/wp-json\/wp\/v2\/pages\/2327\/revisions\/4067"}],"wp:attachment":[{"href":"https:\/\/diktardagar.no\/2022\/wp-json\/wp\/v2\/media?parent=2327"}],"curies":[{"name":"wp","href":"https:\/\/api.w.org\/{rel}","templated":true}]}}