{"id":2318,"date":"2017-11-03T08:40:22","date_gmt":"2017-11-03T07:40:22","guid":{"rendered":"https:\/\/diktardagar.no\/2022\/?page_id=2318"},"modified":"2022-12-16T13:22:31","modified_gmt":"2022-12-16T12:22:31","slug":"program-og-billettar","status":"publish","type":"page","link":"https:\/\/diktardagar.no\/2022\/program-og-billettar\/","title":{"rendered":"Program og billettar"},"content":{"rendered":"\n<h2>\n\t\tBilletsal fr\u00e5 15. juni\n\t<\/h2>\n\t<p><em>Vi nyttar e-billettar. Det kjem p\u00e5 ei lita avgift i tillegg til billettprisen som st\u00e5r i programmet.<\/em><\/p>\n\t<div class=\"em em-view-container\" id=\"em-view-1679174649\" data-view=\"list-grouped\">\r\n\t<div class=\"em pixelbones em-list em-events-list em-events-list-grouped\" id=\"em-events-list-grouped-1679174649\">\r\n\tIngen arrangementer er tilgjengelig enda.\t<\/div>\r\n<\/div>\n\t\t\t<a href=\"https:\/\/diktardagar.no\/2022\/tidlegare\/\" target=\"_self\" role=\"button\" rel=\"noopener\">\n\t\t\t\t\t\t\tTidlegare Diktardagar\n\t\t\t\t\t<\/a>\n<h2>\n\t\tSponsorar\n\t<\/h2>\n<h2>\n\t\tTakk \u00f2g til\n\t<\/h2>\n\t\r\n\r\n\r\n\r\n<div class=\"sponsor-takk\">\r\n\t\r\n\t<a href=\"https:\/\/www.interfil.no\/\" target=\"_blank\" rel=\"noopener noreferrer\">\r\n\t\r\n\t\tInterfil AS\r\n\t\r\n\t<\/a>\r\n\t\r\n<\/div>\r\n\r\n\r\n\r\n<div class=\"sponsor-takk\">\r\n\t\r\n\t<a href=\"https:\/\/kagge.no\/\" target=\"_blank\" rel=\"noopener noreferrer\">\r\n\t\r\n\t\tKagge forlag\r\n\t\r\n\t<\/a>\r\n\t\r\n<\/div>\r\n\r\n\r\n\r\n<div class=\"sponsor-takk\">\r\n\t\r\n\t<a href=\"https:\/\/www.eidefoss.no\/\" target=\"_blank\" rel=\"noopener noreferrer\">\r\n\t\r\n\t\tEidefoss\r\n\t\r\n\t<\/a>\r\n\t\r\n<\/div>\r\n\r\n\r\n\r\n<div class=\"sponsor-takk\">\r\n\t\r\n\t<a href=\"https:\/\/aschehoug.no\/\" target=\"_blank\" rel=\"noopener noreferrer\">\r\n\t\r\n\t\tAschehoug\r\n\t\r\n\t<\/a>\r\n\t\r\n<\/div>\r\n\r\n\r\n\r\n\r\n\r\n\r\n\r\n\r\n\r\n\r\n\r\n\r\n\r\n\r\n\r\n\r\n\r\n\r\n\r\n\r\n\r\n\r\n\r\n\r\n\r\n<div class=\"sponsor-takk\">\r\n\t\r\n\t<a href=\"https:\/\/samlaget.no\/\" target=\"_blank\" rel=\"noopener noreferrer\">\r\n\t\r\n\t\tSamlaget\r\n\t\r\n\t<\/a>\r\n\t\r\n<\/div>\r\n\r\n\r\n\r\n<div class=\"sponsor-takk\">\r\n\t\r\n\t<a href=\"https:\/\/www.norgesfor.no\/ottadalen\/\" target=\"_blank\" rel=\"noopener noreferrer\">\r\n\t\r\n\t\tOttadalen M\u00f8lle\r\n\t\r\n\t<\/a>\r\n\t\r\n<\/div>\r\n\r\n\r\n\r\n<div class=\"sponsor-takk\">\r\n\t\r\n\t<a href=\"http:\/\/www.fjellogfritid.no\/\" target=\"_blank\" rel=\"noopener noreferrer\">\r\n\t\r\n\t\tFjell &amp; Fritid\r\n\t\r\n\t<\/a>\r\n\t\r\n<\/div>\r\n\r\n\r\n\r\n<div class=\"sponsor-takk\">\r\n\t\r\n\t<a href=\"https:\/\/fossberg.no\/\" target=\"_blank\" rel=\"noopener noreferrer\">\r\n\t\r\n\t\tFossberg Hotell\r\n\t\r\n\t<\/a>\r\n\t\r\n<\/div>\r\n\r\n\r\n\r\n<div class=\"sponsor-takk\">\r\n\t\r\n\t<a href=\"http:\/\/fossheimsteinsenter.no\/\" target=\"_blank\" rel=\"noopener noreferrer\">\r\n\t\r\n\t\tFossheim Steinsenter\r\n\t\r\n\t<\/a>\r\n\t\r\n<\/div>\r\n\r\n\r\n\r\n<div class=\"sponsor-takk\">\r\n\t\r\n\t<a href=\"https:\/\/www.fossheimhotel.no\/\" target=\"_blank\" rel=\"noopener noreferrer\">\r\n\t\r\n\t\tFossheim Hotell\r\n\t\r\n\t<\/a>\r\n\t\r\n<\/div>\r\n\r\n\r\n\r\n<div class=\"sponsor-takk\">\r\n\t\r\n\t<a href=\"https:\/\/www.nordalturistsenter.no\/\" target=\"_blank\" rel=\"noopener noreferrer\">\r\n\t\r\n\t\tNordal Turistsenter\r\n\t\r\n\t<\/a>\r\n\t\r\n<\/div>\r\n\r\n\r\n\r\n<div class=\"sponsor-takk\">\r\n\t\r\n\t<a href=\"https:\/\/kiwi.no\/Finn-butikk\/Kiwi-Lom\/\" target=\"_blank\" rel=\"noopener noreferrer\">\r\n\t\r\n\t\tKiwi\r\n\t\r\n\t<\/a>\r\n\t\r\n<\/div>\r\n\r\n\r\n\r\n<div class=\"sponsor-takk\">\r\n\t\r\n\t<a href=\"https:\/\/stokkstein.no\/\" target=\"_blank\" rel=\"noopener noreferrer\">\r\n\t\r\n\t\tStokk &amp; Stein\r\n\t\r\n\t<\/a>\r\n\t\r\n<\/div>\r\n\r\n\r\n\r\n<div class=\"sponsor-takk\">\r\n\t\r\n\t<a href=\"https:\/\/www.gaus.no\/\" target=\"_blank\" rel=\"noopener noreferrer\">\r\n\t\r\n\t\tGausdal Landhandleri\r\n\t\r\n\t<\/a>\r\n\t\r\n<\/div>\r\n\r\n\r\n\r\n<div class=\"sponsor-takk\">\r\n\t\r\n\t<a href=\"https:\/\/coop.no\/samvirkelag\/coop-ottadalen\/\" target=\"_blank\" rel=\"noopener noreferrer\">\r\n\t\r\n\t\tCoop Ottadalen\r\n\t\r\n\t<\/a>\r\n\t\r\n<\/div>\r\n\r\n\n\n","protected":false},"excerpt":{"rendered":"<p>Billetsal fr\u00e5 15. juni Vi nyttar e-billettar. Det kjem p\u00e5 ei lita avgift i tillegg til billettprisen som st\u00e5r i programmet. Tidlegare Diktardagar Sponsorar Takk \u00f2g til<\/p>\n","protected":false},"author":1,"featured_media":0,"parent":0,"menu_order":4,"comment_status":"closed","ping_status":"closed","template":"","meta":{"footnotes":""},"class_list":["post-2318","page","type-page","status-publish","hentry"],"yoast_head":"<!-- This site is optimized with the Yoast SEO plugin v27.3 - https:\/\/yoast.com\/product\/yoast-seo-wordpress\/ -->\n<title>Program og billettar - Diktardagar 2022<\/title>\n<meta name=\"robots\" content=\"index, follow, max-snippet:-1, max-image-preview:large, max-video-preview:-1\" \/>\n<link rel=\"canonical\" href=\"https:\/\/diktardagar.no\/2022\/program-og-billettar\/\" class=\"yoast-seo-meta-tag\" \/>\n<meta property=\"og:locale\" content=\"nb_NO\" class=\"yoast-seo-meta-tag\" \/>\n<meta property=\"og:type\" content=\"article\" class=\"yoast-seo-meta-tag\" \/>\n<meta property=\"og:title\" content=\"Program og billettar - Diktardagar 2022\" class=\"yoast-seo-meta-tag\" \/>\n<meta property=\"og:description\" content=\"Billetsal fr\u00e5 15. juni Vi nyttar e-billettar. Det kjem p\u00e5 ei lita avgift i tillegg til billettprisen som st\u00e5r i programmet. Tidlegare Diktardagar Sponsorar Takk \u00f2g til\" class=\"yoast-seo-meta-tag\" \/>\n<meta property=\"og:url\" content=\"https:\/\/diktardagar.no\/2022\/program-og-billettar\/\" class=\"yoast-seo-meta-tag\" \/>\n<meta property=\"og:site_name\" content=\"Diktardagar 2022\" class=\"yoast-seo-meta-tag\" \/>\n<meta property=\"article:modified_time\" content=\"2022-12-16T12:22:31+00:00\" class=\"yoast-seo-meta-tag\" \/>\n<meta name=\"twitter:card\" content=\"summary_large_image\" class=\"yoast-seo-meta-tag\" \/>\n<meta name=\"twitter:label1\" content=\"Ansl. lesetid\" class=\"yoast-seo-meta-tag\" \/>\n\t<meta name=\"twitter:data1\" content=\"1 minutt\" class=\"yoast-seo-meta-tag\" \/>\n<script type=\"application\/ld+json\" class=\"yoast-schema-graph\">{\"@context\":\"https:\\\/\\\/schema.org\",\"@graph\":[{\"@type\":\"WebPage\",\"@id\":\"https:\\\/\\\/diktardagar.no\\\/2022\\\/program-og-billettar\\\/\",\"url\":\"https:\\\/\\\/diktardagar.no\\\/2022\\\/program-og-billettar\\\/\",\"name\":\"Program og billettar - Diktardagar 2022\",\"isPartOf\":{\"@id\":\"https:\\\/\\\/diktardagar.no\\\/2022\\\/#website\"},\"datePublished\":\"2017-11-03T07:40:22+00:00\",\"dateModified\":\"2022-12-16T12:22:31+00:00\",\"breadcrumb\":{\"@id\":\"https:\\\/\\\/diktardagar.no\\\/2022\\\/program-og-billettar\\\/#breadcrumb\"},\"inLanguage\":\"nb-NO\",\"potentialAction\":[{\"@type\":\"ReadAction\",\"target\":[\"https:\\\/\\\/diktardagar.no\\\/2022\\\/program-og-billettar\\\/\"]}]},{\"@type\":\"BreadcrumbList\",\"@id\":\"https:\\\/\\\/diktardagar.no\\\/2022\\\/program-og-billettar\\\/#breadcrumb\",\"itemListElement\":[{\"@type\":\"ListItem\",\"position\":1,\"name\":\"Hjem\",\"item\":\"https:\\\/\\\/diktardagar.no\\\/2022\\\/\"},{\"@type\":\"ListItem\",\"position\":2,\"name\":\"Program og billettar\"}]},{\"@type\":\"WebSite\",\"@id\":\"https:\\\/\\\/diktardagar.no\\\/2022\\\/#website\",\"url\":\"https:\\\/\\\/diktardagar.no\\\/2022\\\/\",\"name\":\"Diktardagar 2022\",\"description\":\"\",\"potentialAction\":[{\"@type\":\"SearchAction\",\"target\":{\"@type\":\"EntryPoint\",\"urlTemplate\":\"https:\\\/\\\/diktardagar.no\\\/2022\\\/?s={search_term_string}\"},\"query-input\":{\"@type\":\"PropertyValueSpecification\",\"valueRequired\":true,\"valueName\":\"search_term_string\"}}],\"inLanguage\":\"nb-NO\"}]}<\/script>\n<!-- \/ Yoast SEO plugin. -->","yoast_head_json":{"title":"Program og billettar - Diktardagar 2022","robots":{"index":"index","follow":"follow","max-snippet":"max-snippet:-1","max-image-preview":"max-image-preview:large","max-video-preview":"max-video-preview:-1"},"canonical":"https:\/\/diktardagar.no\/2022\/program-og-billettar\/","og_locale":"nb_NO","og_type":"article","og_title":"Program og billettar - Diktardagar 2022","og_description":"Billetsal fr\u00e5 15. juni Vi nyttar e-billettar. Det kjem p\u00e5 ei lita avgift i tillegg til billettprisen som st\u00e5r i programmet. Tidlegare Diktardagar Sponsorar Takk \u00f2g til","og_url":"https:\/\/diktardagar.no\/2022\/program-og-billettar\/","og_site_name":"Diktardagar 2022","article_modified_time":"2022-12-16T12:22:31+00:00","twitter_card":"summary_large_image","twitter_misc":{"Ansl. lesetid":"1 minutt"},"schema":{"@context":"https:\/\/schema.org","@graph":[{"@type":"WebPage","@id":"https:\/\/diktardagar.no\/2022\/program-og-billettar\/","url":"https:\/\/diktardagar.no\/2022\/program-og-billettar\/","name":"Program og billettar - Diktardagar 2022","isPartOf":{"@id":"https:\/\/diktardagar.no\/2022\/#website"},"datePublished":"2017-11-03T07:40:22+00:00","dateModified":"2022-12-16T12:22:31+00:00","breadcrumb":{"@id":"https:\/\/diktardagar.no\/2022\/program-og-billettar\/#breadcrumb"},"inLanguage":"nb-NO","potentialAction":[{"@type":"ReadAction","target":["https:\/\/diktardagar.no\/2022\/program-og-billettar\/"]}]},{"@type":"BreadcrumbList","@id":"https:\/\/diktardagar.no\/2022\/program-og-billettar\/#breadcrumb","itemListElement":[{"@type":"ListItem","position":1,"name":"Hjem","item":"https:\/\/diktardagar.no\/2022\/"},{"@type":"ListItem","position":2,"name":"Program og billettar"}]},{"@type":"WebSite","@id":"https:\/\/diktardagar.no\/2022\/#website","url":"https:\/\/diktardagar.no\/2022\/","name":"Diktardagar 2022","description":"","potentialAction":[{"@type":"SearchAction","target":{"@type":"EntryPoint","urlTemplate":"https:\/\/diktardagar.no\/2022\/?s={search_term_string}"},"query-input":{"@type":"PropertyValueSpecification","valueRequired":true,"valueName":"search_term_string"}}],"inLanguage":"nb-NO"}]}},"_links":{"self":[{"href":"https:\/\/diktardagar.no\/2022\/wp-json\/wp\/v2\/pages\/2318","targetHints":{"allow":["GET"]}}],"collection":[{"href":"https:\/\/diktardagar.no\/2022\/wp-json\/wp\/v2\/pages"}],"about":[{"href":"https:\/\/diktardagar.no\/2022\/wp-json\/wp\/v2\/types\/page"}],"author":[{"embeddable":true,"href":"https:\/\/diktardagar.no\/2022\/wp-json\/wp\/v2\/users\/1"}],"replies":[{"embeddable":true,"href":"https:\/\/diktardagar.no\/2022\/wp-json\/wp\/v2\/comments?post=2318"}],"version-history":[{"count":63,"href":"https:\/\/diktardagar.no\/2022\/wp-json\/wp\/v2\/pages\/2318\/revisions"}],"predecessor-version":[{"id":4065,"href":"https:\/\/diktardagar.no\/2022\/wp-json\/wp\/v2\/pages\/2318\/revisions\/4065"}],"wp:attachment":[{"href":"https:\/\/diktardagar.no\/2022\/wp-json\/wp\/v2\/media?parent=2318"}],"curies":[{"name":"wp","href":"https:\/\/api.w.org\/{rel}","templated":true}]}}