{"id":874,"date":"2015-07-23T19:27:29","date_gmt":"2015-07-23T17:27:29","guid":{"rendered":"https:\/\/diktardagar.no\/2021\/?page_id=874"},"modified":"2015-07-24T11:56:58","modified_gmt":"2015-07-24T09:56:58","slug":"dagfinn-nordbo-og-det-norske-poesi-satireorkester","status":"publish","type":"page","link":"https:\/\/diktardagar.no\/2021\/tidlegare\/diktardagar2015\/dagfinn-nordbo-og-det-norske-poesi-satireorkester\/","title":{"rendered":"Dagfinn Nordb\u00f8 og Det Norske Poesi &#038; Satireorkester"},"content":{"rendered":"<p><a href=\"https:\/\/diktardagar.no\/2021\/wp-content\/uploads\/sites\/14\/2015\/07\/Dagfinn.jpg\"><img loading=\"lazy\" decoding=\"async\" class=\" size-medium wp-image-875 alignleft\" src=\"https:\/\/diktardagar.no\/2021\/wp-content\/uploads\/sites\/14\/2015\/07\/Dagfinn-284x300.jpg\" alt=\"Dagfinn\" width=\"284\" height=\"300\" srcset=\"https:\/\/diktardagar.no\/2021\/wp-content\/uploads\/sites\/14\/2015\/07\/Dagfinn-284x300.jpg 284w, https:\/\/diktardagar.no\/2021\/wp-content\/uploads\/sites\/14\/2015\/07\/Dagfinn.jpg 909w\" sizes=\"auto, (max-width: 284px) 100vw, 284px\" \/><\/a><\/p>\n<p>Dagfinn Nordb\u00f8 og Det Norske Poesi &amp; Satireorkester driv med humor og satire til jazzmusikk. Dagfinn Nordb\u00f8 som st\u00e5r for opplesing og song, har med seg musikarane Vigleik Storaas, piano og komposisjon, og Gaute Storaas, kontrabass og komposisjon.<\/p>\n<p>Dagfinn har 20 \u00e5r med erfaring som tekstforfattar for NRK P2s satireprogram <em>Hallo i Uken<\/em>. Han har ogs\u00e5 jobba som tekstforfattar for <em>Nitimen<\/em>, <em>Reiseradioen<\/em> og <em>HumorXtra<\/em>. Han har vore fast kommentarspaltist for VG S\u00f8ndager sidan 2010, skrive tekstar for ei rekkje show og komikarar som Shabana Rehman, Rune Andersen, Dennis Storh\u00f8i, Espen Beranek Holm m.fl. Vigleik Storaas er ein av Norges leiande jazzpianistar og har spelt med bl.a. Knut Riisn\u00e6s, Chet Baker, Niels Henning \u00d8rsted Pedersen og Karin Krog. Gaute Storaas er jazzmusikar, komponist og arrang\u00f8r og produsent av musikkutgjevingar. Instrumentet hans er bass, og han har s\u00e6rleg komponert musikk for TV og film. Dagfinn Nordb\u00f8 og Det Norske Poesi &amp; Satireorkester kan du oppleva p\u00e5 Lunsj og lyrikk p\u00e5 Bakeriet i Lom og p\u00e5 pubkveld p\u00e5 Nordalsfjoset laurdag.<\/p>\n","protected":false},"excerpt":{"rendered":"<p>Dagfinn Nordb\u00f8 og Det Norske Poesi &amp; Satireorkester driv med humor og satire til jazzmusikk. Dagfinn Nordb\u00f8 som st\u00e5r for opplesing og song, har med seg musikarane Vigleik Storaas, piano og komposisjon, og Gaute Storaas, kontrabass og komposisjon. Dagfinn har 20 \u00e5r med erfaring som tekstforfattar for NRK P2s satireprogram Hallo i Uken. Han har&hellip;<\/p>\n","protected":false},"author":9,"featured_media":875,"parent":45,"menu_order":0,"comment_status":"closed","ping_status":"open","template":"","meta":{"footnotes":""},"class_list":["post-874","page","type-page","status-publish","has-post-thumbnail","hentry"],"yoast_head":"<!-- This site is optimized with the Yoast SEO plugin v27.4 - https:\/\/yoast.com\/product\/yoast-seo-wordpress\/ -->\n<title>Dagfinn Nordb\u00f8 og Det Norske Poesi &amp; Satireorkester - Diktardagar 2021<\/title>\n<meta name=\"robots\" content=\"index, follow, max-snippet:-1, max-image-preview:large, max-video-preview:-1\" \/>\n<link rel=\"canonical\" href=\"https:\/\/diktardagar.no\/2021\/tidlegare\/diktardagar2015\/dagfinn-nordbo-og-det-norske-poesi-satireorkester\/\" class=\"yoast-seo-meta-tag\" \/>\n<meta property=\"og:locale\" content=\"nb_NO\" class=\"yoast-seo-meta-tag\" \/>\n<meta property=\"og:type\" content=\"article\" class=\"yoast-seo-meta-tag\" \/>\n<meta property=\"og:title\" content=\"Dagfinn Nordb\u00f8 og Det Norske Poesi &amp; Satireorkester - Diktardagar 2021\" class=\"yoast-seo-meta-tag\" \/>\n<meta property=\"og:description\" content=\"Dagfinn Nordb\u00f8 og Det Norske Poesi &amp; Satireorkester driv med humor og satire til jazzmusikk. Dagfinn Nordb\u00f8 som st\u00e5r for opplesing og song, har med seg musikarane Vigleik Storaas, piano og komposisjon, og Gaute Storaas, kontrabass og komposisjon. Dagfinn har 20 \u00e5r med erfaring som tekstforfattar for NRK P2s satireprogram Hallo i Uken. Han har&hellip;\" class=\"yoast-seo-meta-tag\" \/>\n<meta property=\"og:url\" content=\"https:\/\/diktardagar.no\/2021\/tidlegare\/diktardagar2015\/dagfinn-nordbo-og-det-norske-poesi-satireorkester\/\" class=\"yoast-seo-meta-tag\" \/>\n<meta property=\"og:site_name\" content=\"Diktardagar 2021\" class=\"yoast-seo-meta-tag\" \/>\n<meta property=\"article:modified_time\" content=\"2015-07-24T09:56:58+00:00\" class=\"yoast-seo-meta-tag\" \/>\n<meta property=\"og:image\" content=\"https:\/\/diktardagar.no\/2021\/wp-content\/uploads\/sites\/14\/2015\/07\/Dagfinn.jpg\" class=\"yoast-seo-meta-tag\" \/>\n\t<meta property=\"og:image:width\" content=\"909\" class=\"yoast-seo-meta-tag\" \/>\n\t<meta property=\"og:image:height\" content=\"960\" class=\"yoast-seo-meta-tag\" \/>\n\t<meta property=\"og:image:type\" content=\"image\/jpeg\" class=\"yoast-seo-meta-tag\" \/>\n<meta name=\"twitter:card\" content=\"summary_large_image\" class=\"yoast-seo-meta-tag\" \/>\n<meta name=\"twitter:label1\" content=\"Ansl. lesetid\" class=\"yoast-seo-meta-tag\" \/>\n\t<meta name=\"twitter:data1\" content=\"1 minutt\" class=\"yoast-seo-meta-tag\" \/>\n<script type=\"application\/ld+json\" class=\"yoast-schema-graph\">{\"@context\":\"https:\\\/\\\/schema.org\",\"@graph\":[{\"@type\":\"WebPage\",\"@id\":\"https:\\\/\\\/diktardagar.no\\\/2021\\\/tidlegare\\\/diktardagar2015\\\/dagfinn-nordbo-og-det-norske-poesi-satireorkester\\\/\",\"url\":\"https:\\\/\\\/diktardagar.no\\\/2021\\\/tidlegare\\\/diktardagar2015\\\/dagfinn-nordbo-og-det-norske-poesi-satireorkester\\\/\",\"name\":\"Dagfinn Nordb\u00f8 og Det Norske Poesi & Satireorkester - Diktardagar 2021\",\"isPartOf\":{\"@id\":\"https:\\\/\\\/diktardagar.no\\\/2021\\\/#website\"},\"primaryImageOfPage\":{\"@id\":\"https:\\\/\\\/diktardagar.no\\\/2021\\\/tidlegare\\\/diktardagar2015\\\/dagfinn-nordbo-og-det-norske-poesi-satireorkester\\\/#primaryimage\"},\"image\":{\"@id\":\"https:\\\/\\\/diktardagar.no\\\/2021\\\/tidlegare\\\/diktardagar2015\\\/dagfinn-nordbo-og-det-norske-poesi-satireorkester\\\/#primaryimage\"},\"thumbnailUrl\":\"https:\\\/\\\/diktardagar.no\\\/2021\\\/wp-content\\\/uploads\\\/sites\\\/14\\\/2015\\\/07\\\/Dagfinn.jpg\",\"datePublished\":\"2015-07-23T17:27:29+00:00\",\"dateModified\":\"2015-07-24T09:56:58+00:00\",\"breadcrumb\":{\"@id\":\"https:\\\/\\\/diktardagar.no\\\/2021\\\/tidlegare\\\/diktardagar2015\\\/dagfinn-nordbo-og-det-norske-poesi-satireorkester\\\/#breadcrumb\"},\"inLanguage\":\"nb-NO\",\"potentialAction\":[{\"@type\":\"ReadAction\",\"target\":[\"https:\\\/\\\/diktardagar.no\\\/2021\\\/tidlegare\\\/diktardagar2015\\\/dagfinn-nordbo-og-det-norske-poesi-satireorkester\\\/\"]}]},{\"@type\":\"ImageObject\",\"inLanguage\":\"nb-NO\",\"@id\":\"https:\\\/\\\/diktardagar.no\\\/2021\\\/tidlegare\\\/diktardagar2015\\\/dagfinn-nordbo-og-det-norske-poesi-satireorkester\\\/#primaryimage\",\"url\":\"https:\\\/\\\/diktardagar.no\\\/2021\\\/wp-content\\\/uploads\\\/sites\\\/14\\\/2015\\\/07\\\/Dagfinn.jpg\",\"contentUrl\":\"https:\\\/\\\/diktardagar.no\\\/2021\\\/wp-content\\\/uploads\\\/sites\\\/14\\\/2015\\\/07\\\/Dagfinn.jpg\",\"width\":909,\"height\":960},{\"@type\":\"BreadcrumbList\",\"@id\":\"https:\\\/\\\/diktardagar.no\\\/2021\\\/tidlegare\\\/diktardagar2015\\\/dagfinn-nordbo-og-det-norske-poesi-satireorkester\\\/#breadcrumb\",\"itemListElement\":[{\"@type\":\"ListItem\",\"position\":1,\"name\":\"Hjem\",\"item\":\"https:\\\/\\\/diktardagar.no\\\/2021\\\/\"},{\"@type\":\"ListItem\",\"position\":2,\"name\":\"Tidlegare diktardagar\",\"item\":\"https:\\\/\\\/diktardagar.no\\\/2021\\\/tidlegare\\\/\"},{\"@type\":\"ListItem\",\"position\":3,\"name\":\"Diktardagar 2015\",\"item\":\"https:\\\/\\\/diktardagar.no\\\/2021\\\/tidlegare\\\/diktardagar2015\\\/\"},{\"@type\":\"ListItem\",\"position\":4,\"name\":\"Dagfinn Nordb\u00f8 og Det Norske Poesi &#038; Satireorkester\"}]},{\"@type\":\"WebSite\",\"@id\":\"https:\\\/\\\/diktardagar.no\\\/2021\\\/#website\",\"url\":\"https:\\\/\\\/diktardagar.no\\\/2021\\\/\",\"name\":\"Diktardagar 2021\",\"description\":\"\",\"potentialAction\":[{\"@type\":\"SearchAction\",\"target\":{\"@type\":\"EntryPoint\",\"urlTemplate\":\"https:\\\/\\\/diktardagar.no\\\/2021\\\/?s={search_term_string}\"},\"query-input\":{\"@type\":\"PropertyValueSpecification\",\"valueRequired\":true,\"valueName\":\"search_term_string\"}}],\"inLanguage\":\"nb-NO\"}]}<\/script>\n<!-- \/ Yoast SEO plugin. -->","yoast_head_json":{"title":"Dagfinn Nordb\u00f8 og Det Norske Poesi & Satireorkester - Diktardagar 2021","robots":{"index":"index","follow":"follow","max-snippet":"max-snippet:-1","max-image-preview":"max-image-preview:large","max-video-preview":"max-video-preview:-1"},"canonical":"https:\/\/diktardagar.no\/2021\/tidlegare\/diktardagar2015\/dagfinn-nordbo-og-det-norske-poesi-satireorkester\/","og_locale":"nb_NO","og_type":"article","og_title":"Dagfinn Nordb\u00f8 og Det Norske Poesi & Satireorkester - Diktardagar 2021","og_description":"Dagfinn Nordb\u00f8 og Det Norske Poesi &amp; Satireorkester driv med humor og satire til jazzmusikk. Dagfinn Nordb\u00f8 som st\u00e5r for opplesing og song, har med seg musikarane Vigleik Storaas, piano og komposisjon, og Gaute Storaas, kontrabass og komposisjon. Dagfinn har 20 \u00e5r med erfaring som tekstforfattar for NRK P2s satireprogram Hallo i Uken. Han har&hellip;","og_url":"https:\/\/diktardagar.no\/2021\/tidlegare\/diktardagar2015\/dagfinn-nordbo-og-det-norske-poesi-satireorkester\/","og_site_name":"Diktardagar 2021","article_modified_time":"2015-07-24T09:56:58+00:00","og_image":[{"width":909,"height":960,"url":"https:\/\/diktardagar.no\/2021\/wp-content\/uploads\/sites\/14\/2015\/07\/Dagfinn.jpg","type":"image\/jpeg"}],"twitter_card":"summary_large_image","twitter_misc":{"Ansl. lesetid":"1 minutt"},"schema":{"@context":"https:\/\/schema.org","@graph":[{"@type":"WebPage","@id":"https:\/\/diktardagar.no\/2021\/tidlegare\/diktardagar2015\/dagfinn-nordbo-og-det-norske-poesi-satireorkester\/","url":"https:\/\/diktardagar.no\/2021\/tidlegare\/diktardagar2015\/dagfinn-nordbo-og-det-norske-poesi-satireorkester\/","name":"Dagfinn Nordb\u00f8 og Det Norske Poesi & Satireorkester - Diktardagar 2021","isPartOf":{"@id":"https:\/\/diktardagar.no\/2021\/#website"},"primaryImageOfPage":{"@id":"https:\/\/diktardagar.no\/2021\/tidlegare\/diktardagar2015\/dagfinn-nordbo-og-det-norske-poesi-satireorkester\/#primaryimage"},"image":{"@id":"https:\/\/diktardagar.no\/2021\/tidlegare\/diktardagar2015\/dagfinn-nordbo-og-det-norske-poesi-satireorkester\/#primaryimage"},"thumbnailUrl":"https:\/\/diktardagar.no\/2021\/wp-content\/uploads\/sites\/14\/2015\/07\/Dagfinn.jpg","datePublished":"2015-07-23T17:27:29+00:00","dateModified":"2015-07-24T09:56:58+00:00","breadcrumb":{"@id":"https:\/\/diktardagar.no\/2021\/tidlegare\/diktardagar2015\/dagfinn-nordbo-og-det-norske-poesi-satireorkester\/#breadcrumb"},"inLanguage":"nb-NO","potentialAction":[{"@type":"ReadAction","target":["https:\/\/diktardagar.no\/2021\/tidlegare\/diktardagar2015\/dagfinn-nordbo-og-det-norske-poesi-satireorkester\/"]}]},{"@type":"ImageObject","inLanguage":"nb-NO","@id":"https:\/\/diktardagar.no\/2021\/tidlegare\/diktardagar2015\/dagfinn-nordbo-og-det-norske-poesi-satireorkester\/#primaryimage","url":"https:\/\/diktardagar.no\/2021\/wp-content\/uploads\/sites\/14\/2015\/07\/Dagfinn.jpg","contentUrl":"https:\/\/diktardagar.no\/2021\/wp-content\/uploads\/sites\/14\/2015\/07\/Dagfinn.jpg","width":909,"height":960},{"@type":"BreadcrumbList","@id":"https:\/\/diktardagar.no\/2021\/tidlegare\/diktardagar2015\/dagfinn-nordbo-og-det-norske-poesi-satireorkester\/#breadcrumb","itemListElement":[{"@type":"ListItem","position":1,"name":"Hjem","item":"https:\/\/diktardagar.no\/2021\/"},{"@type":"ListItem","position":2,"name":"Tidlegare diktardagar","item":"https:\/\/diktardagar.no\/2021\/tidlegare\/"},{"@type":"ListItem","position":3,"name":"Diktardagar 2015","item":"https:\/\/diktardagar.no\/2021\/tidlegare\/diktardagar2015\/"},{"@type":"ListItem","position":4,"name":"Dagfinn Nordb\u00f8 og Det Norske Poesi &#038; Satireorkester"}]},{"@type":"WebSite","@id":"https:\/\/diktardagar.no\/2021\/#website","url":"https:\/\/diktardagar.no\/2021\/","name":"Diktardagar 2021","description":"","potentialAction":[{"@type":"SearchAction","target":{"@type":"EntryPoint","urlTemplate":"https:\/\/diktardagar.no\/2021\/?s={search_term_string}"},"query-input":{"@type":"PropertyValueSpecification","valueRequired":true,"valueName":"search_term_string"}}],"inLanguage":"nb-NO"}]}},"_links":{"self":[{"href":"https:\/\/diktardagar.no\/2021\/wp-json\/wp\/v2\/pages\/874","targetHints":{"allow":["GET"]}}],"collection":[{"href":"https:\/\/diktardagar.no\/2021\/wp-json\/wp\/v2\/pages"}],"about":[{"href":"https:\/\/diktardagar.no\/2021\/wp-json\/wp\/v2\/types\/page"}],"author":[{"embeddable":true,"href":"https:\/\/diktardagar.no\/2021\/wp-json\/wp\/v2\/users\/9"}],"replies":[{"embeddable":true,"href":"https:\/\/diktardagar.no\/2021\/wp-json\/wp\/v2\/comments?post=874"}],"version-history":[{"count":2,"href":"https:\/\/diktardagar.no\/2021\/wp-json\/wp\/v2\/pages\/874\/revisions"}],"predecessor-version":[{"id":905,"href":"https:\/\/diktardagar.no\/2021\/wp-json\/wp\/v2\/pages\/874\/revisions\/905"}],"up":[{"embeddable":true,"href":"https:\/\/diktardagar.no\/2021\/wp-json\/wp\/v2\/pages\/45"}],"wp:featuredmedia":[{"embeddable":true,"href":"https:\/\/diktardagar.no\/2021\/wp-json\/wp\/v2\/media\/875"}],"wp:attachment":[{"href":"https:\/\/diktardagar.no\/2021\/wp-json\/wp\/v2\/media?parent=874"}],"curies":[{"name":"wp","href":"https:\/\/api.w.org\/{rel}","templated":true}]}}