{"id":856,"date":"2015-07-23T17:38:43","date_gmt":"2015-07-23T15:38:43","guid":{"rendered":"https:\/\/diktardagar.no\/2020\/?page_id=856"},"modified":"2015-07-24T09:53:58","modified_gmt":"2015-07-24T07:53:58","slug":"ruth-lillegraven-2","status":"publish","type":"page","link":"https:\/\/diktardagar.no\/2020\/tidlegare\/diktardagar2015\/ruth-lillegraven-2\/","title":{"rendered":"Ruth Lillegraven"},"content":{"rendered":"<div id=\"attachment_702\" style=\"width: 272px\" class=\"wp-caption alignleft\"><a href=\"https:\/\/diktardagar.no\/2020\/wp-content\/uploads\/sites\/4\/2015\/05\/Ruth-Lillegraven.jpg\"><img loading=\"lazy\" decoding=\"async\" aria-describedby=\"caption-attachment-702\" class=\"size-medium wp-image-702\" src=\"https:\/\/diktardagar.no\/2020\/wp-content\/uploads\/sites\/4\/2015\/05\/Ruth-Lillegraven-262x300.jpg\" alt=\"Ruth Lillegraven. Foto: Astrid Borchgrevink Lund\" width=\"262\" height=\"300\" srcset=\"https:\/\/diktardagar.no\/2020\/wp-content\/uploads\/sites\/4\/2015\/05\/Ruth-Lillegraven-262x300.jpg 262w, https:\/\/diktardagar.no\/2020\/wp-content\/uploads\/sites\/4\/2015\/05\/Ruth-Lillegraven.jpg 420w\" sizes=\"auto, (max-width: 262px) 100vw, 262px\" \/><\/a><p id=\"caption-attachment-702\" class=\"wp-caption-text\">Ruth Lillegraven. Foto: Astrid Borchgrevink Lund<\/p><\/div>\n<p>Ruth Lillegraven er f\u00f8dd 21. oktober 1978. Ho er forfattar fr\u00e5 Granvin og bur n\u00e5 i B\u00e6rum. Ruth debuterte med diktsamlinga <em>Store stygge dikt<\/em> i 2005. For diktsamlinga <em>Urd<\/em> fekk ho Brageprisen i 2013. Ho har ogs\u00e5 gjeve ut fleire barneb\u00f8ker og romanen <em>Mellom oss<\/em>. Ho har jobba i Samferdselsdepartementet\u00a0og\u00a0satsar n\u00e5 p\u00e5 \u00e5 livn\u00e6re seg som forfattar p\u00e5 heiltid. Under Diktardagar kan de oppleva Ruth p\u00e5 litter\u00e6re lunsjar i Skj\u00e5k og V\u00e5g\u00e5, p\u00e5 festkvelden og med <em>Urd<\/em> i Utgard sundag. Her vil Ruth fortelja om boka og framf\u00f8re utdrag. Dette er eit arrangement i samarbeid med Bygdekvinnelaga i Lom, Skj\u00e5k og V\u00e5g\u00e5 som har ordna utstilling med gamle husflidsprodukt og svartar opp med kaffi og bite ti.<\/p>\n","protected":false},"excerpt":{"rendered":"<p>Ruth Lillegraven er f\u00f8dd 21. oktober 1978. Ho er forfattar fr\u00e5 Granvin og bur n\u00e5 i B\u00e6rum. Ruth debuterte med diktsamlinga Store stygge dikt i 2005. For diktsamlinga Urd fekk ho Brageprisen i 2013. Ho har ogs\u00e5 gjeve ut fleire barneb\u00f8ker og romanen Mellom oss. Ho har jobba i Samferdselsdepartementet\u00a0og\u00a0satsar n\u00e5 p\u00e5 \u00e5 livn\u00e6re seg&hellip;<\/p>\n","protected":false},"author":9,"featured_media":702,"parent":45,"menu_order":5,"comment_status":"closed","ping_status":"open","template":"","meta":{"footnotes":""},"class_list":["post-856","page","type-page","status-publish","has-post-thumbnail","hentry"],"yoast_head":"<!-- This site is optimized with the Yoast SEO plugin v27.4 - https:\/\/yoast.com\/product\/yoast-seo-wordpress\/ -->\n<title>Ruth Lillegraven - Diktardagar 2020<\/title>\n<meta name=\"robots\" content=\"index, follow, max-snippet:-1, max-image-preview:large, max-video-preview:-1\" \/>\n<link rel=\"canonical\" href=\"https:\/\/diktardagar.no\/2020\/tidlegare\/diktardagar2015\/ruth-lillegraven-2\/\" class=\"yoast-seo-meta-tag\" \/>\n<meta property=\"og:locale\" content=\"nb_NO\" class=\"yoast-seo-meta-tag\" \/>\n<meta property=\"og:type\" content=\"article\" class=\"yoast-seo-meta-tag\" \/>\n<meta property=\"og:title\" content=\"Ruth Lillegraven - Diktardagar 2020\" class=\"yoast-seo-meta-tag\" \/>\n<meta property=\"og:description\" content=\"Ruth Lillegraven er f\u00f8dd 21. oktober 1978. Ho er forfattar fr\u00e5 Granvin og bur n\u00e5 i B\u00e6rum. Ruth debuterte med diktsamlinga Store stygge dikt i 2005. For diktsamlinga Urd fekk ho Brageprisen i 2013. Ho har ogs\u00e5 gjeve ut fleire barneb\u00f8ker og romanen Mellom oss. Ho har jobba i Samferdselsdepartementet\u00a0og\u00a0satsar n\u00e5 p\u00e5 \u00e5 livn\u00e6re seg&hellip;\" class=\"yoast-seo-meta-tag\" \/>\n<meta property=\"og:url\" content=\"https:\/\/diktardagar.no\/2020\/tidlegare\/diktardagar2015\/ruth-lillegraven-2\/\" class=\"yoast-seo-meta-tag\" \/>\n<meta property=\"og:site_name\" content=\"Diktardagar 2020\" class=\"yoast-seo-meta-tag\" \/>\n<meta property=\"article:modified_time\" content=\"2015-07-24T07:53:58+00:00\" class=\"yoast-seo-meta-tag\" \/>\n<meta property=\"og:image\" content=\"https:\/\/diktardagar.no\/2020\/wp-content\/uploads\/sites\/4\/2015\/05\/Ruth-Lillegraven.jpg\" class=\"yoast-seo-meta-tag\" \/>\n\t<meta property=\"og:image:width\" content=\"420\" class=\"yoast-seo-meta-tag\" \/>\n\t<meta property=\"og:image:height\" content=\"481\" class=\"yoast-seo-meta-tag\" \/>\n\t<meta property=\"og:image:type\" content=\"image\/jpeg\" class=\"yoast-seo-meta-tag\" \/>\n<meta name=\"twitter:card\" content=\"summary_large_image\" class=\"yoast-seo-meta-tag\" \/>\n<meta name=\"twitter:label1\" content=\"Ansl. lesetid\" class=\"yoast-seo-meta-tag\" \/>\n\t<meta name=\"twitter:data1\" content=\"1 minutt\" class=\"yoast-seo-meta-tag\" \/>\n<script type=\"application\/ld+json\" class=\"yoast-schema-graph\">{\"@context\":\"https:\\\/\\\/schema.org\",\"@graph\":[{\"@type\":\"WebPage\",\"@id\":\"https:\\\/\\\/diktardagar.no\\\/2020\\\/tidlegare\\\/diktardagar2015\\\/ruth-lillegraven-2\\\/\",\"url\":\"https:\\\/\\\/diktardagar.no\\\/2020\\\/tidlegare\\\/diktardagar2015\\\/ruth-lillegraven-2\\\/\",\"name\":\"Ruth Lillegraven - Diktardagar 2020\",\"isPartOf\":{\"@id\":\"https:\\\/\\\/diktardagar.no\\\/2020\\\/#website\"},\"primaryImageOfPage\":{\"@id\":\"https:\\\/\\\/diktardagar.no\\\/2020\\\/tidlegare\\\/diktardagar2015\\\/ruth-lillegraven-2\\\/#primaryimage\"},\"image\":{\"@id\":\"https:\\\/\\\/diktardagar.no\\\/2020\\\/tidlegare\\\/diktardagar2015\\\/ruth-lillegraven-2\\\/#primaryimage\"},\"thumbnailUrl\":\"https:\\\/\\\/diktardagar.no\\\/2020\\\/wp-content\\\/uploads\\\/sites\\\/4\\\/2015\\\/05\\\/Ruth-Lillegraven.jpg\",\"datePublished\":\"2015-07-23T15:38:43+00:00\",\"dateModified\":\"2015-07-24T07:53:58+00:00\",\"breadcrumb\":{\"@id\":\"https:\\\/\\\/diktardagar.no\\\/2020\\\/tidlegare\\\/diktardagar2015\\\/ruth-lillegraven-2\\\/#breadcrumb\"},\"inLanguage\":\"nb-NO\",\"potentialAction\":[{\"@type\":\"ReadAction\",\"target\":[\"https:\\\/\\\/diktardagar.no\\\/2020\\\/tidlegare\\\/diktardagar2015\\\/ruth-lillegraven-2\\\/\"]}]},{\"@type\":\"ImageObject\",\"inLanguage\":\"nb-NO\",\"@id\":\"https:\\\/\\\/diktardagar.no\\\/2020\\\/tidlegare\\\/diktardagar2015\\\/ruth-lillegraven-2\\\/#primaryimage\",\"url\":\"https:\\\/\\\/diktardagar.no\\\/2020\\\/wp-content\\\/uploads\\\/sites\\\/4\\\/2015\\\/05\\\/Ruth-Lillegraven.jpg\",\"contentUrl\":\"https:\\\/\\\/diktardagar.no\\\/2020\\\/wp-content\\\/uploads\\\/sites\\\/4\\\/2015\\\/05\\\/Ruth-Lillegraven.jpg\",\"width\":420,\"height\":481,\"caption\":\"Ruth Lillegraven. Foto: Astrid Borchgrevink Lund\"},{\"@type\":\"BreadcrumbList\",\"@id\":\"https:\\\/\\\/diktardagar.no\\\/2020\\\/tidlegare\\\/diktardagar2015\\\/ruth-lillegraven-2\\\/#breadcrumb\",\"itemListElement\":[{\"@type\":\"ListItem\",\"position\":1,\"name\":\"Hjem\",\"item\":\"https:\\\/\\\/diktardagar.no\\\/2020\\\/\"},{\"@type\":\"ListItem\",\"position\":2,\"name\":\"Tidlegare diktardagar\",\"item\":\"https:\\\/\\\/diktardagar.no\\\/2020\\\/tidlegare\\\/\"},{\"@type\":\"ListItem\",\"position\":3,\"name\":\"Diktardagar 2015\",\"item\":\"https:\\\/\\\/diktardagar.no\\\/2020\\\/tidlegare\\\/diktardagar2015\\\/\"},{\"@type\":\"ListItem\",\"position\":4,\"name\":\"Ruth Lillegraven\"}]},{\"@type\":\"WebSite\",\"@id\":\"https:\\\/\\\/diktardagar.no\\\/2020\\\/#website\",\"url\":\"https:\\\/\\\/diktardagar.no\\\/2020\\\/\",\"name\":\"Diktardagar 2020\",\"description\":\"\",\"potentialAction\":[{\"@type\":\"SearchAction\",\"target\":{\"@type\":\"EntryPoint\",\"urlTemplate\":\"https:\\\/\\\/diktardagar.no\\\/2020\\\/?s={search_term_string}\"},\"query-input\":{\"@type\":\"PropertyValueSpecification\",\"valueRequired\":true,\"valueName\":\"search_term_string\"}}],\"inLanguage\":\"nb-NO\"}]}<\/script>\n<!-- \/ Yoast SEO plugin. -->","yoast_head_json":{"title":"Ruth Lillegraven - Diktardagar 2020","robots":{"index":"index","follow":"follow","max-snippet":"max-snippet:-1","max-image-preview":"max-image-preview:large","max-video-preview":"max-video-preview:-1"},"canonical":"https:\/\/diktardagar.no\/2020\/tidlegare\/diktardagar2015\/ruth-lillegraven-2\/","og_locale":"nb_NO","og_type":"article","og_title":"Ruth Lillegraven - Diktardagar 2020","og_description":"Ruth Lillegraven er f\u00f8dd 21. oktober 1978. Ho er forfattar fr\u00e5 Granvin og bur n\u00e5 i B\u00e6rum. Ruth debuterte med diktsamlinga Store stygge dikt i 2005. For diktsamlinga Urd fekk ho Brageprisen i 2013. Ho har ogs\u00e5 gjeve ut fleire barneb\u00f8ker og romanen Mellom oss. Ho har jobba i Samferdselsdepartementet\u00a0og\u00a0satsar n\u00e5 p\u00e5 \u00e5 livn\u00e6re seg&hellip;","og_url":"https:\/\/diktardagar.no\/2020\/tidlegare\/diktardagar2015\/ruth-lillegraven-2\/","og_site_name":"Diktardagar 2020","article_modified_time":"2015-07-24T07:53:58+00:00","og_image":[{"width":420,"height":481,"url":"https:\/\/diktardagar.no\/2020\/wp-content\/uploads\/sites\/4\/2015\/05\/Ruth-Lillegraven.jpg","type":"image\/jpeg"}],"twitter_card":"summary_large_image","twitter_misc":{"Ansl. lesetid":"1 minutt"},"schema":{"@context":"https:\/\/schema.org","@graph":[{"@type":"WebPage","@id":"https:\/\/diktardagar.no\/2020\/tidlegare\/diktardagar2015\/ruth-lillegraven-2\/","url":"https:\/\/diktardagar.no\/2020\/tidlegare\/diktardagar2015\/ruth-lillegraven-2\/","name":"Ruth Lillegraven - Diktardagar 2020","isPartOf":{"@id":"https:\/\/diktardagar.no\/2020\/#website"},"primaryImageOfPage":{"@id":"https:\/\/diktardagar.no\/2020\/tidlegare\/diktardagar2015\/ruth-lillegraven-2\/#primaryimage"},"image":{"@id":"https:\/\/diktardagar.no\/2020\/tidlegare\/diktardagar2015\/ruth-lillegraven-2\/#primaryimage"},"thumbnailUrl":"https:\/\/diktardagar.no\/2020\/wp-content\/uploads\/sites\/4\/2015\/05\/Ruth-Lillegraven.jpg","datePublished":"2015-07-23T15:38:43+00:00","dateModified":"2015-07-24T07:53:58+00:00","breadcrumb":{"@id":"https:\/\/diktardagar.no\/2020\/tidlegare\/diktardagar2015\/ruth-lillegraven-2\/#breadcrumb"},"inLanguage":"nb-NO","potentialAction":[{"@type":"ReadAction","target":["https:\/\/diktardagar.no\/2020\/tidlegare\/diktardagar2015\/ruth-lillegraven-2\/"]}]},{"@type":"ImageObject","inLanguage":"nb-NO","@id":"https:\/\/diktardagar.no\/2020\/tidlegare\/diktardagar2015\/ruth-lillegraven-2\/#primaryimage","url":"https:\/\/diktardagar.no\/2020\/wp-content\/uploads\/sites\/4\/2015\/05\/Ruth-Lillegraven.jpg","contentUrl":"https:\/\/diktardagar.no\/2020\/wp-content\/uploads\/sites\/4\/2015\/05\/Ruth-Lillegraven.jpg","width":420,"height":481,"caption":"Ruth Lillegraven. Foto: Astrid Borchgrevink Lund"},{"@type":"BreadcrumbList","@id":"https:\/\/diktardagar.no\/2020\/tidlegare\/diktardagar2015\/ruth-lillegraven-2\/#breadcrumb","itemListElement":[{"@type":"ListItem","position":1,"name":"Hjem","item":"https:\/\/diktardagar.no\/2020\/"},{"@type":"ListItem","position":2,"name":"Tidlegare diktardagar","item":"https:\/\/diktardagar.no\/2020\/tidlegare\/"},{"@type":"ListItem","position":3,"name":"Diktardagar 2015","item":"https:\/\/diktardagar.no\/2020\/tidlegare\/diktardagar2015\/"},{"@type":"ListItem","position":4,"name":"Ruth Lillegraven"}]},{"@type":"WebSite","@id":"https:\/\/diktardagar.no\/2020\/#website","url":"https:\/\/diktardagar.no\/2020\/","name":"Diktardagar 2020","description":"","potentialAction":[{"@type":"SearchAction","target":{"@type":"EntryPoint","urlTemplate":"https:\/\/diktardagar.no\/2020\/?s={search_term_string}"},"query-input":{"@type":"PropertyValueSpecification","valueRequired":true,"valueName":"search_term_string"}}],"inLanguage":"nb-NO"}]}},"_links":{"self":[{"href":"https:\/\/diktardagar.no\/2020\/wp-json\/wp\/v2\/pages\/856","targetHints":{"allow":["GET"]}}],"collection":[{"href":"https:\/\/diktardagar.no\/2020\/wp-json\/wp\/v2\/pages"}],"about":[{"href":"https:\/\/diktardagar.no\/2020\/wp-json\/wp\/v2\/types\/page"}],"author":[{"embeddable":true,"href":"https:\/\/diktardagar.no\/2020\/wp-json\/wp\/v2\/users\/9"}],"replies":[{"embeddable":true,"href":"https:\/\/diktardagar.no\/2020\/wp-json\/wp\/v2\/comments?post=856"}],"version-history":[{"count":6,"href":"https:\/\/diktardagar.no\/2020\/wp-json\/wp\/v2\/pages\/856\/revisions"}],"predecessor-version":[{"id":862,"href":"https:\/\/diktardagar.no\/2020\/wp-json\/wp\/v2\/pages\/856\/revisions\/862"}],"up":[{"embeddable":true,"href":"https:\/\/diktardagar.no\/2020\/wp-json\/wp\/v2\/pages\/45"}],"wp:featuredmedia":[{"embeddable":true,"href":"https:\/\/diktardagar.no\/2020\/wp-json\/wp\/v2\/media\/702"}],"wp:attachment":[{"href":"https:\/\/diktardagar.no\/2020\/wp-json\/wp\/v2\/media?parent=856"}],"curies":[{"name":"wp","href":"https:\/\/api.w.org\/{rel}","templated":true}]}}