{"id":883,"date":"2015-07-23T20:00:03","date_gmt":"2015-07-23T18:00:03","guid":{"rendered":"https:\/\/diktardagar.no\/2019\/?page_id=883"},"modified":"2016-04-17T14:23:43","modified_gmt":"2016-04-17T12:23:43","slug":"sol-i-skuggeskog","status":"publish","type":"page","link":"https:\/\/diktardagar.no\/2019\/tidlegare\/diktardagar2015\/sol-i-skuggeskog\/","title":{"rendered":"Sol i skuggeskog"},"content":{"rendered":"<p><a href=\"https:\/\/diktardagar.no\/2019\/wp-content\/uploads\/sites\/6\/2015\/07\/Sol-i-skugge.jpg\"><img loading=\"lazy\" decoding=\"async\" class=\" size-medium wp-image-884 alignleft\" src=\"https:\/\/diktardagar.no\/2019\/wp-content\/uploads\/sites\/6\/2015\/07\/Sol-i-skugge-300x300.jpg\" alt=\"Sol i skugge\" width=\"300\" height=\"300\" srcset=\"https:\/\/diktardagar.no\/2019\/wp-content\/uploads\/sites\/6\/2015\/07\/Sol-i-skugge-300x300.jpg 300w, https:\/\/diktardagar.no\/2019\/wp-content\/uploads\/sites\/6\/2015\/07\/Sol-i-skugge-150x150.jpg 150w, https:\/\/diktardagar.no\/2019\/wp-content\/uploads\/sites\/6\/2015\/07\/Sol-i-skugge-270x270.jpg 270w, https:\/\/diktardagar.no\/2019\/wp-content\/uploads\/sites\/6\/2015\/07\/Sol-i-skugge-230x230.jpg 230w, https:\/\/diktardagar.no\/2019\/wp-content\/uploads\/sites\/6\/2015\/07\/Sol-i-skugge.jpg 480w\" sizes=\"auto, (max-width: 300px) 100vw, 300px\" \/><\/a><\/p>\n<p>Bandet Sol i skuggeskog s\u00e5g dagens ljos i Oppdal i 2010 og best\u00e5r av f\u00f8lgande musikarar:<br \/>\nIngrid Lian-Bj\u00f8rgum, vokal<br \/>\n\u00d8yvind Sandum, trekkspill\/vokal<br \/>\nEinar Lian-Bj\u00f8rgum, gitar\/vokal<\/p>\n<p>Bandnamnet og tekstane er henta fr\u00e5 ei diktsamling av Skj\u00e5k-dikteren Finn Sandum. Bandet kler opp lyrikken med ein varm og kl\u00e5r vokal, og eit leikent og lett\u00a0akkompagnement av gitar, trekkspel, fele, kontrabass og perkusjon. Musikken er ei delikat blanding av melodiar med inspirasjon fr\u00e5 norsk og amerikansk folkemusikk. I 2013 ga Sol i skuggeskog ut debutalbumet <em>Livet<\/em>. Under Diktardagar kan du oppleva dei p\u00e5 Billingen s\u00e6terpensjonat i Skj\u00e5k sundag.<\/p>\n","protected":false},"excerpt":{"rendered":"<p>Bandet Sol i skuggeskog s\u00e5g dagens ljos i Oppdal i 2010 og best\u00e5r av f\u00f8lgande musikarar: Ingrid Lian-Bj\u00f8rgum, vokal \u00d8yvind Sandum, trekkspill\/vokal Einar Lian-Bj\u00f8rgum, gitar\/vokal Bandnamnet og tekstane er henta fr\u00e5 ei diktsamling av Skj\u00e5k-dikteren Finn Sandum. Bandet kler opp lyrikken med ein varm og kl\u00e5r vokal, og eit leikent og lett\u00a0akkompagnement av gitar, trekkspel,&hellip;<\/p>\n","protected":false},"author":9,"featured_media":884,"parent":45,"menu_order":9,"comment_status":"closed","ping_status":"open","template":"","meta":{"footnotes":""},"class_list":["post-883","page","type-page","status-publish","has-post-thumbnail","hentry"],"yoast_head":"<!-- This site is optimized with the Yoast SEO plugin v27.4 - https:\/\/yoast.com\/product\/yoast-seo-wordpress\/ -->\n<title>Sol i skuggeskog - Diktardagar 2019<\/title>\n<meta name=\"robots\" content=\"index, follow, max-snippet:-1, max-image-preview:large, max-video-preview:-1\" \/>\n<link rel=\"canonical\" href=\"https:\/\/diktardagar.no\/2019\/tidlegare\/diktardagar2015\/sol-i-skuggeskog\/\" class=\"yoast-seo-meta-tag\" \/>\n<meta property=\"og:locale\" content=\"nb_NO\" class=\"yoast-seo-meta-tag\" \/>\n<meta property=\"og:type\" content=\"article\" class=\"yoast-seo-meta-tag\" \/>\n<meta property=\"og:title\" content=\"Sol i skuggeskog - Diktardagar 2019\" class=\"yoast-seo-meta-tag\" \/>\n<meta property=\"og:description\" content=\"Bandet Sol i skuggeskog s\u00e5g dagens ljos i Oppdal i 2010 og best\u00e5r av f\u00f8lgande musikarar: Ingrid Lian-Bj\u00f8rgum, vokal \u00d8yvind Sandum, trekkspill\/vokal Einar Lian-Bj\u00f8rgum, gitar\/vokal Bandnamnet og tekstane er henta fr\u00e5 ei diktsamling av Skj\u00e5k-dikteren Finn Sandum. Bandet kler opp lyrikken med ein varm og kl\u00e5r vokal, og eit leikent og lett\u00a0akkompagnement av gitar, trekkspel,&hellip;\" class=\"yoast-seo-meta-tag\" \/>\n<meta property=\"og:url\" content=\"https:\/\/diktardagar.no\/2019\/tidlegare\/diktardagar2015\/sol-i-skuggeskog\/\" class=\"yoast-seo-meta-tag\" \/>\n<meta property=\"og:site_name\" content=\"Diktardagar 2019\" class=\"yoast-seo-meta-tag\" \/>\n<meta property=\"article:modified_time\" content=\"2016-04-17T12:23:43+00:00\" class=\"yoast-seo-meta-tag\" \/>\n<meta property=\"og:image\" content=\"https:\/\/diktardagar.no\/2019\/wp-content\/uploads\/sites\/6\/2015\/07\/Sol-i-skugge.jpg\" class=\"yoast-seo-meta-tag\" \/>\n\t<meta property=\"og:image:width\" content=\"480\" class=\"yoast-seo-meta-tag\" \/>\n\t<meta property=\"og:image:height\" content=\"480\" class=\"yoast-seo-meta-tag\" \/>\n\t<meta property=\"og:image:type\" content=\"image\/jpeg\" class=\"yoast-seo-meta-tag\" \/>\n<meta name=\"twitter:card\" content=\"summary_large_image\" class=\"yoast-seo-meta-tag\" \/>\n<meta name=\"twitter:label1\" content=\"Ansl. lesetid\" class=\"yoast-seo-meta-tag\" \/>\n\t<meta name=\"twitter:data1\" content=\"1 minutt\" class=\"yoast-seo-meta-tag\" \/>\n<script type=\"application\/ld+json\" class=\"yoast-schema-graph\">{\"@context\":\"https:\\\/\\\/schema.org\",\"@graph\":[{\"@type\":\"WebPage\",\"@id\":\"https:\\\/\\\/diktardagar.no\\\/2019\\\/tidlegare\\\/diktardagar2015\\\/sol-i-skuggeskog\\\/\",\"url\":\"https:\\\/\\\/diktardagar.no\\\/2019\\\/tidlegare\\\/diktardagar2015\\\/sol-i-skuggeskog\\\/\",\"name\":\"Sol i skuggeskog - Diktardagar 2019\",\"isPartOf\":{\"@id\":\"https:\\\/\\\/diktardagar.no\\\/2019\\\/#website\"},\"primaryImageOfPage\":{\"@id\":\"https:\\\/\\\/diktardagar.no\\\/2019\\\/tidlegare\\\/diktardagar2015\\\/sol-i-skuggeskog\\\/#primaryimage\"},\"image\":{\"@id\":\"https:\\\/\\\/diktardagar.no\\\/2019\\\/tidlegare\\\/diktardagar2015\\\/sol-i-skuggeskog\\\/#primaryimage\"},\"thumbnailUrl\":\"https:\\\/\\\/diktardagar.no\\\/2019\\\/wp-content\\\/uploads\\\/sites\\\/6\\\/2015\\\/07\\\/Sol-i-skugge.jpg\",\"datePublished\":\"2015-07-23T18:00:03+00:00\",\"dateModified\":\"2016-04-17T12:23:43+00:00\",\"breadcrumb\":{\"@id\":\"https:\\\/\\\/diktardagar.no\\\/2019\\\/tidlegare\\\/diktardagar2015\\\/sol-i-skuggeskog\\\/#breadcrumb\"},\"inLanguage\":\"nb-NO\",\"potentialAction\":[{\"@type\":\"ReadAction\",\"target\":[\"https:\\\/\\\/diktardagar.no\\\/2019\\\/tidlegare\\\/diktardagar2015\\\/sol-i-skuggeskog\\\/\"]}]},{\"@type\":\"ImageObject\",\"inLanguage\":\"nb-NO\",\"@id\":\"https:\\\/\\\/diktardagar.no\\\/2019\\\/tidlegare\\\/diktardagar2015\\\/sol-i-skuggeskog\\\/#primaryimage\",\"url\":\"https:\\\/\\\/diktardagar.no\\\/2019\\\/wp-content\\\/uploads\\\/sites\\\/6\\\/2015\\\/07\\\/Sol-i-skugge.jpg\",\"contentUrl\":\"https:\\\/\\\/diktardagar.no\\\/2019\\\/wp-content\\\/uploads\\\/sites\\\/6\\\/2015\\\/07\\\/Sol-i-skugge.jpg\",\"width\":480,\"height\":480},{\"@type\":\"BreadcrumbList\",\"@id\":\"https:\\\/\\\/diktardagar.no\\\/2019\\\/tidlegare\\\/diktardagar2015\\\/sol-i-skuggeskog\\\/#breadcrumb\",\"itemListElement\":[{\"@type\":\"ListItem\",\"position\":1,\"name\":\"Hjem\",\"item\":\"https:\\\/\\\/diktardagar.no\\\/2019\\\/\"},{\"@type\":\"ListItem\",\"position\":2,\"name\":\"Tidlegare diktardagar\",\"item\":\"https:\\\/\\\/diktardagar.no\\\/2019\\\/tidlegare\\\/\"},{\"@type\":\"ListItem\",\"position\":3,\"name\":\"Diktardagar 2015\",\"item\":\"https:\\\/\\\/diktardagar.no\\\/2019\\\/tidlegare\\\/diktardagar2015\\\/\"},{\"@type\":\"ListItem\",\"position\":4,\"name\":\"Sol i skuggeskog\"}]},{\"@type\":\"WebSite\",\"@id\":\"https:\\\/\\\/diktardagar.no\\\/2019\\\/#website\",\"url\":\"https:\\\/\\\/diktardagar.no\\\/2019\\\/\",\"name\":\"Diktardagar 2019\",\"description\":\"\",\"potentialAction\":[{\"@type\":\"SearchAction\",\"target\":{\"@type\":\"EntryPoint\",\"urlTemplate\":\"https:\\\/\\\/diktardagar.no\\\/2019\\\/?s={search_term_string}\"},\"query-input\":{\"@type\":\"PropertyValueSpecification\",\"valueRequired\":true,\"valueName\":\"search_term_string\"}}],\"inLanguage\":\"nb-NO\"}]}<\/script>\n<!-- \/ Yoast SEO plugin. -->","yoast_head_json":{"title":"Sol i skuggeskog - Diktardagar 2019","robots":{"index":"index","follow":"follow","max-snippet":"max-snippet:-1","max-image-preview":"max-image-preview:large","max-video-preview":"max-video-preview:-1"},"canonical":"https:\/\/diktardagar.no\/2019\/tidlegare\/diktardagar2015\/sol-i-skuggeskog\/","og_locale":"nb_NO","og_type":"article","og_title":"Sol i skuggeskog - Diktardagar 2019","og_description":"Bandet Sol i skuggeskog s\u00e5g dagens ljos i Oppdal i 2010 og best\u00e5r av f\u00f8lgande musikarar: Ingrid Lian-Bj\u00f8rgum, vokal \u00d8yvind Sandum, trekkspill\/vokal Einar Lian-Bj\u00f8rgum, gitar\/vokal Bandnamnet og tekstane er henta fr\u00e5 ei diktsamling av Skj\u00e5k-dikteren Finn Sandum. Bandet kler opp lyrikken med ein varm og kl\u00e5r vokal, og eit leikent og lett\u00a0akkompagnement av gitar, trekkspel,&hellip;","og_url":"https:\/\/diktardagar.no\/2019\/tidlegare\/diktardagar2015\/sol-i-skuggeskog\/","og_site_name":"Diktardagar 2019","article_modified_time":"2016-04-17T12:23:43+00:00","og_image":[{"width":480,"height":480,"url":"https:\/\/diktardagar.no\/2019\/wp-content\/uploads\/sites\/6\/2015\/07\/Sol-i-skugge.jpg","type":"image\/jpeg"}],"twitter_card":"summary_large_image","twitter_misc":{"Ansl. lesetid":"1 minutt"},"schema":{"@context":"https:\/\/schema.org","@graph":[{"@type":"WebPage","@id":"https:\/\/diktardagar.no\/2019\/tidlegare\/diktardagar2015\/sol-i-skuggeskog\/","url":"https:\/\/diktardagar.no\/2019\/tidlegare\/diktardagar2015\/sol-i-skuggeskog\/","name":"Sol i skuggeskog - Diktardagar 2019","isPartOf":{"@id":"https:\/\/diktardagar.no\/2019\/#website"},"primaryImageOfPage":{"@id":"https:\/\/diktardagar.no\/2019\/tidlegare\/diktardagar2015\/sol-i-skuggeskog\/#primaryimage"},"image":{"@id":"https:\/\/diktardagar.no\/2019\/tidlegare\/diktardagar2015\/sol-i-skuggeskog\/#primaryimage"},"thumbnailUrl":"https:\/\/diktardagar.no\/2019\/wp-content\/uploads\/sites\/6\/2015\/07\/Sol-i-skugge.jpg","datePublished":"2015-07-23T18:00:03+00:00","dateModified":"2016-04-17T12:23:43+00:00","breadcrumb":{"@id":"https:\/\/diktardagar.no\/2019\/tidlegare\/diktardagar2015\/sol-i-skuggeskog\/#breadcrumb"},"inLanguage":"nb-NO","potentialAction":[{"@type":"ReadAction","target":["https:\/\/diktardagar.no\/2019\/tidlegare\/diktardagar2015\/sol-i-skuggeskog\/"]}]},{"@type":"ImageObject","inLanguage":"nb-NO","@id":"https:\/\/diktardagar.no\/2019\/tidlegare\/diktardagar2015\/sol-i-skuggeskog\/#primaryimage","url":"https:\/\/diktardagar.no\/2019\/wp-content\/uploads\/sites\/6\/2015\/07\/Sol-i-skugge.jpg","contentUrl":"https:\/\/diktardagar.no\/2019\/wp-content\/uploads\/sites\/6\/2015\/07\/Sol-i-skugge.jpg","width":480,"height":480},{"@type":"BreadcrumbList","@id":"https:\/\/diktardagar.no\/2019\/tidlegare\/diktardagar2015\/sol-i-skuggeskog\/#breadcrumb","itemListElement":[{"@type":"ListItem","position":1,"name":"Hjem","item":"https:\/\/diktardagar.no\/2019\/"},{"@type":"ListItem","position":2,"name":"Tidlegare diktardagar","item":"https:\/\/diktardagar.no\/2019\/tidlegare\/"},{"@type":"ListItem","position":3,"name":"Diktardagar 2015","item":"https:\/\/diktardagar.no\/2019\/tidlegare\/diktardagar2015\/"},{"@type":"ListItem","position":4,"name":"Sol i skuggeskog"}]},{"@type":"WebSite","@id":"https:\/\/diktardagar.no\/2019\/#website","url":"https:\/\/diktardagar.no\/2019\/","name":"Diktardagar 2019","description":"","potentialAction":[{"@type":"SearchAction","target":{"@type":"EntryPoint","urlTemplate":"https:\/\/diktardagar.no\/2019\/?s={search_term_string}"},"query-input":{"@type":"PropertyValueSpecification","valueRequired":true,"valueName":"search_term_string"}}],"inLanguage":"nb-NO"}]}},"_links":{"self":[{"href":"https:\/\/diktardagar.no\/2019\/wp-json\/wp\/v2\/pages\/883","targetHints":{"allow":["GET"]}}],"collection":[{"href":"https:\/\/diktardagar.no\/2019\/wp-json\/wp\/v2\/pages"}],"about":[{"href":"https:\/\/diktardagar.no\/2019\/wp-json\/wp\/v2\/types\/page"}],"author":[{"embeddable":true,"href":"https:\/\/diktardagar.no\/2019\/wp-json\/wp\/v2\/users\/9"}],"replies":[{"embeddable":true,"href":"https:\/\/diktardagar.no\/2019\/wp-json\/wp\/v2\/comments?post=883"}],"version-history":[{"count":3,"href":"https:\/\/diktardagar.no\/2019\/wp-json\/wp\/v2\/pages\/883\/revisions"}],"predecessor-version":[{"id":887,"href":"https:\/\/diktardagar.no\/2019\/wp-json\/wp\/v2\/pages\/883\/revisions\/887"}],"up":[{"embeddable":true,"href":"https:\/\/diktardagar.no\/2019\/wp-json\/wp\/v2\/pages\/45"}],"wp:featuredmedia":[{"embeddable":true,"href":"https:\/\/diktardagar.no\/2019\/wp-json\/wp\/v2\/media\/884"}],"wp:attachment":[{"href":"https:\/\/diktardagar.no\/2019\/wp-json\/wp\/v2\/media?parent=883"}],"curies":[{"name":"wp","href":"https:\/\/api.w.org\/{rel}","templated":true}]}}