{"id":77,"date":"2014-04-25T21:32:15","date_gmt":"2014-04-25T19:32:15","guid":{"rendered":"https:\/\/diktardagar.no\/2019\/?page_id=77"},"modified":"2019-05-31T10:20:41","modified_gmt":"2019-05-31T08:20:41","slug":"lenker","status":"publish","type":"page","link":"https:\/\/diktardagar.no\/2019\/lenker\/","title":{"rendered":"Lenker"},"content":{"rendered":"<h2>\n\t\tSponsorer\n\t<\/h2>\n\t\r\n\r\n<div class=\"sponsor-fremhevet\">\r\n\t\r\n\t<a href=\"https:\/\/innlandetfylke.no\/\" target=\"_blank\" rel=\"noopener noreferrer\">\r\n\t\r\n\t\t<img loading=\"lazy\" decoding=\"async\" width=\"300\" height=\"88\" src=\"https:\/\/diktardagar.no\/2019\/wp-content\/uploads\/sites\/6\/2019\/05\/Innlandet_fylkeskommune_liggende_pos_RGB-300x88.jpg\" class=\"attachment-medium size-medium\" alt=\"\" srcset=\"https:\/\/diktardagar.no\/2019\/wp-content\/uploads\/sites\/6\/2019\/05\/Innlandet_fylkeskommune_liggende_pos_RGB-300x88.jpg 300w, https:\/\/diktardagar.no\/2019\/wp-content\/uploads\/sites\/6\/2019\/05\/Innlandet_fylkeskommune_liggende_pos_RGB.jpg 596w\" sizes=\"auto, (max-width: 300px) 100vw, 300px\" \/>\r\n\t\r\n\t<\/a>\r\n\t\r\n<\/div>\r\n\r\n\r\n\r\n<div class=\"sponsor-fremhevet\">\r\n\t\r\n\t<a href=\"http:\/\/kulturradet.no\/\" target=\"_blank\" rel=\"noopener noreferrer\">\r\n\t\r\n\t\t<img loading=\"lazy\" decoding=\"async\" width=\"300\" height=\"268\" src=\"https:\/\/diktardagar.no\/2019\/wp-content\/uploads\/sites\/6\/2014\/07\/kulturr\u00e5d-300x268.png\" class=\"attachment-medium size-medium\" alt=\"kulturr\u00e5d\" srcset=\"https:\/\/diktardagar.no\/2019\/wp-content\/uploads\/sites\/6\/2014\/07\/kulturr\u00e5d-300x268.png 300w, https:\/\/diktardagar.no\/2019\/wp-content\/uploads\/sites\/6\/2014\/07\/kulturr\u00e5d-1024x915.png 1024w, https:\/\/diktardagar.no\/2019\/wp-content\/uploads\/sites\/6\/2014\/07\/kulturr\u00e5d.png 1409w\" sizes=\"auto, (max-width: 300px) 100vw, 300px\" \/>\r\n\t\r\n\t<\/a>\r\n\t\r\n<\/div>\r\n\r\n\r\n\r\n<div class=\"sponsor-fremhevet\">\r\n\t\r\n\t<a href=\"http:\/\/www.nord-gudbrandsdal.no\/\" target=\"_blank\" rel=\"noopener noreferrer\">\r\n\t\r\n\t\t<img loading=\"lazy\" decoding=\"async\" width=\"300\" height=\"169\" src=\"https:\/\/diktardagar.no\/2019\/wp-content\/uploads\/sites\/6\/2014\/07\/regr\u00e5d-300x169.png\" class=\"attachment-medium size-medium\" alt=\"\" srcset=\"https:\/\/diktardagar.no\/2019\/wp-content\/uploads\/sites\/6\/2014\/07\/regr\u00e5d-300x169.png 300w, https:\/\/diktardagar.no\/2019\/wp-content\/uploads\/sites\/6\/2014\/07\/regr\u00e5d.png 886w\" sizes=\"auto, (max-width: 300px) 100vw, 300px\" \/>\r\n\t\r\n\t<\/a>\r\n\t\r\n<\/div>\r\n\r\n\r\n\r\n<div class=\"sponsor-fremhevet\">\r\n\t\r\n\t<a href=\"https:\/\/www.sparebank1.no\/lom-skjaak\/privat.html\" target=\"_blank\" rel=\"noopener noreferrer\">\r\n\t\r\n\t\t<img loading=\"lazy\" decoding=\"async\" width=\"300\" height=\"89\" src=\"https:\/\/diktardagar.no\/2019\/wp-content\/uploads\/sites\/6\/2017\/01\/Spb1LSlogo-300x89.jpg\" class=\"attachment-medium size-medium\" alt=\"Spb1LSlogo\" srcset=\"https:\/\/diktardagar.no\/2019\/wp-content\/uploads\/sites\/6\/2017\/01\/Spb1LSlogo-300x89.jpg 300w, https:\/\/diktardagar.no\/2019\/wp-content\/uploads\/sites\/6\/2017\/01\/Spb1LSlogo.jpg 414w\" sizes=\"auto, (max-width: 300px) 100vw, 300px\" \/>\r\n\t\r\n\t<\/a>\r\n\t\r\n<\/div>\r\n\r\n\r\n\r\n<div class=\"sponsor-fremhevet\">\r\n\t\r\n\t<a href=\"http:\/\/lom.kommune.no\/\" target=\"_blank\" rel=\"noopener noreferrer\">\r\n\t\r\n\t\t<img loading=\"lazy\" decoding=\"async\" width=\"300\" height=\"102\" src=\"https:\/\/diktardagar.no\/2019\/wp-content\/uploads\/sites\/6\/2014\/07\/lom-kommune-300x102.png\" class=\"attachment-medium size-medium\" alt=\"\" srcset=\"https:\/\/diktardagar.no\/2019\/wp-content\/uploads\/sites\/6\/2014\/07\/lom-kommune-300x102.png 300w, https:\/\/diktardagar.no\/2019\/wp-content\/uploads\/sites\/6\/2014\/07\/lom-kommune-1024x348.png 1024w, https:\/\/diktardagar.no\/2019\/wp-content\/uploads\/sites\/6\/2014\/07\/lom-kommune.png 1181w\" sizes=\"auto, (max-width: 300px) 100vw, 300px\" \/>\r\n\t\r\n\t<\/a>\r\n\t\r\n<\/div>\r\n\r\n\r\n\r\n<div class=\"sponsor-fremhevet\">\r\n\t\r\n\t<a href=\"http:\/\/www.skjaak.kommune.no\/\" target=\"_blank\" rel=\"noopener noreferrer\">\r\n\t\r\n\t\t<img loading=\"lazy\" decoding=\"async\" width=\"300\" height=\"147\" src=\"https:\/\/diktardagar.no\/2019\/wp-content\/uploads\/sites\/6\/2015\/07\/skjaak_logo_1-300x147.png\" class=\"attachment-medium size-medium\" alt=\"skjaak_logo\" srcset=\"https:\/\/diktardagar.no\/2019\/wp-content\/uploads\/sites\/6\/2015\/07\/skjaak_logo_1-300x147.png 300w, https:\/\/diktardagar.no\/2019\/wp-content\/uploads\/sites\/6\/2015\/07\/skjaak_logo_1.png 987w\" sizes=\"auto, (max-width: 300px) 100vw, 300px\" \/>\r\n\t\r\n\t<\/a>\r\n\t\r\n<\/div>\r\n\r\n\r\n\r\n<div class=\"sponsor-fremhevet\">\r\n\t\r\n\t<a href=\"http:\/\/www.nm.no\/\" target=\"_blank\" rel=\"noopener noreferrer\">\r\n\t\r\n\t\t<img loading=\"lazy\" decoding=\"async\" width=\"300\" height=\"276\" src=\"https:\/\/diktardagar.no\/2019\/wp-content\/uploads\/sites\/6\/2019\/06\/nm_logo_farge1-300x276.jpg\" class=\"attachment-medium size-medium\" alt=\"\" srcset=\"https:\/\/diktardagar.no\/2019\/wp-content\/uploads\/sites\/6\/2019\/06\/nm_logo_farge1-300x276.jpg 300w, https:\/\/diktardagar.no\/2019\/wp-content\/uploads\/sites\/6\/2019\/06\/nm_logo_farge1-768x707.jpg 768w, https:\/\/diktardagar.no\/2019\/wp-content\/uploads\/sites\/6\/2019\/06\/nm_logo_farge1-1024x943.jpg 1024w, https:\/\/diktardagar.no\/2019\/wp-content\/uploads\/sites\/6\/2019\/06\/nm_logo_farge1.jpg 1026w\" sizes=\"auto, (max-width: 300px) 100vw, 300px\" \/>\r\n\t\r\n\t<\/a>\r\n\t\r\n<\/div>\r\n\r\n\r\n\r\n<div class=\"sponsor-fremhevet\">\r\n\t\r\n\t<a href=\"http:\/\/www.fritt-ord.no\/\" target=\"_blank\" rel=\"noopener noreferrer\">\r\n\t\r\n\t\t<img loading=\"lazy\" decoding=\"async\" width=\"266\" height=\"300\" src=\"https:\/\/diktardagar.no\/2019\/wp-content\/uploads\/sites\/6\/2014\/07\/fritt-ord-266x300.png\" class=\"attachment-medium size-medium\" alt=\"fritt ord\" srcset=\"https:\/\/diktardagar.no\/2019\/wp-content\/uploads\/sites\/6\/2014\/07\/fritt-ord-266x300.png 266w, https:\/\/diktardagar.no\/2019\/wp-content\/uploads\/sites\/6\/2014\/07\/fritt-ord.png 713w\" sizes=\"auto, (max-width: 266px) 100vw, 266px\" \/>\r\n\t\r\n\t<\/a>\r\n\t\r\n<\/div>\r\n\r\n\r\n\r\n<div class=\"sponsor-fremhevet\">\r\n\t\r\n\t<a href=\"http:\/\/www.g-kultur.no\/\" target=\"_blank\" rel=\"noopener noreferrer\">\r\n\t\r\n\t\t<img loading=\"lazy\" decoding=\"async\" width=\"300\" height=\"108\" src=\"https:\/\/diktardagar.no\/2019\/wp-content\/uploads\/sites\/6\/2017\/06\/stifting_g-kultur-naturgroenn_1692x611-300x108.jpg\" class=\"attachment-medium size-medium\" alt=\"Stiftinga G-KULTUR logo\" srcset=\"https:\/\/diktardagar.no\/2019\/wp-content\/uploads\/sites\/6\/2017\/06\/stifting_g-kultur-naturgroenn_1692x611-300x108.jpg 300w, https:\/\/diktardagar.no\/2019\/wp-content\/uploads\/sites\/6\/2017\/06\/stifting_g-kultur-naturgroenn_1692x611-768x277.jpg 768w, https:\/\/diktardagar.no\/2019\/wp-content\/uploads\/sites\/6\/2017\/06\/stifting_g-kultur-naturgroenn_1692x611-1024x370.jpg 1024w, https:\/\/diktardagar.no\/2019\/wp-content\/uploads\/sites\/6\/2017\/06\/stifting_g-kultur-naturgroenn_1692x611-1080x390.jpg 1080w, https:\/\/diktardagar.no\/2019\/wp-content\/uploads\/sites\/6\/2017\/06\/stifting_g-kultur-naturgroenn_1692x611.jpg 1692w\" sizes=\"auto, (max-width: 300px) 100vw, 300px\" \/>\r\n\t\r\n\t<\/a>\r\n\t\r\n<\/div>\r\n\r\n\r\n\r\n<div class=\"sponsor-fremhevet\">\r\n\t\r\n\t<a href=\"http:\/\/www.vaga.kommune.no\/\" target=\"_blank\" rel=\"noopener noreferrer\">\r\n\t\r\n\t\t<img loading=\"lazy\" decoding=\"async\" width=\"300\" height=\"95\" src=\"https:\/\/diktardagar.no\/2019\/wp-content\/uploads\/sites\/6\/2015\/07\/Kommunelogo1-v\u00e5g\u00e5-5405-4f-300x95.png\" class=\"attachment-medium size-medium\" alt=\"\" srcset=\"https:\/\/diktardagar.no\/2019\/wp-content\/uploads\/sites\/6\/2015\/07\/Kommunelogo1-v\u00e5g\u00e5-5405-4f-300x95.png 300w, https:\/\/diktardagar.no\/2019\/wp-content\/uploads\/sites\/6\/2015\/07\/Kommunelogo1-v\u00e5g\u00e5-5405-4f.png 525w\" sizes=\"auto, (max-width: 300px) 100vw, 300px\" \/>\r\n\t\r\n\t<\/a>\r\n\t\r\n<\/div>\r\n\r\n\r\n\r\n\r\n\r\n<div class=\"sponsor-fremhevet\">\r\n\t\r\n\t<a href=\"http:\/\/www.forfattersentrum.no\/\" target=\"_blank\" rel=\"noopener noreferrer\">\r\n\t\r\n\t\t<img loading=\"lazy\" decoding=\"async\" width=\"300\" height=\"132\" src=\"https:\/\/diktardagar.no\/2019\/wp-content\/uploads\/sites\/6\/2018\/06\/norsk_forfattersentrum_logo-300x132.png\" class=\"attachment-medium size-medium\" alt=\"\" srcset=\"https:\/\/diktardagar.no\/2019\/wp-content\/uploads\/sites\/6\/2018\/06\/norsk_forfattersentrum_logo-300x132.png 300w, https:\/\/diktardagar.no\/2019\/wp-content\/uploads\/sites\/6\/2018\/06\/norsk_forfattersentrum_logo.png 339w\" sizes=\"auto, (max-width: 300px) 100vw, 300px\" \/>\r\n\t\r\n\t<\/a>\r\n\t\r\n<\/div>\r\n\r\n\r\n\r\n\r\n\r\n\n<h2>\n\t\tTakk \u00f2g til\n\t<\/h2>\n\t\r\n\r\n\r\n\r\n\r\n\r\n\r\n\r\n\r\n\r\n\r\n\r\n\r\n\r\n\r\n\r\n\r\n\r\n\r\n\r\n\r\n\r\n<div class=\"sponsor-takk\">\r\n\t\r\n\t<a href=\"https:\/\/samlaget.no\/\" target=\"_blank\" rel=\"noopener noreferrer\">\r\n\t\r\n\t\tSamlaget\r\n\t\r\n\t<\/a>\r\n\t\r\n<\/div>\r\n\r\n\r\n\r\n\r\n\r\n<div class=\"sponsor-takk\">\r\n\t\r\n\t\tOttadalen M\u00f8lle\r\n\t\r\n<\/div>\r\n\r\n\r\n\r\n<div class=\"sponsor-takk\">\r\n\t\r\n\t\tFjell &#038; Fritid\r\n\t\r\n<\/div>\r\n\r\n\r\n\r\n<div class=\"sponsor-takk\">\r\n\t\r\n\t\tFossberg Hotell\r\n\t\r\n<\/div>\r\n\r\n\r\n\r\n<div class=\"sponsor-takk\">\r\n\t\r\n\t<a href=\"http:\/\/fossheimsteinsenter.no\/\" target=\"_blank\" rel=\"noopener noreferrer\">\r\n\t\r\n\t\tFossheim Steinsenter\r\n\t\r\n\t<\/a>\r\n\t\r\n<\/div>\r\n\r\n\r\n\r\n<div class=\"sponsor-takk\">\r\n\t\r\n\t\tFossheim Hotell\r\n\t\r\n<\/div>\r\n\r\n\r\n\r\n<div class=\"sponsor-takk\">\r\n\t\r\n\t\tNordal Eiendom\r\n\t\r\n<\/div>\r\n\r\n\r\n\r\n<div class=\"sponsor-takk\">\r\n\t\r\n\t\tKiwi\r\n\t\r\n<\/div>\r\n\r\n\r\n\r\n<div class=\"sponsor-takk\">\r\n\t\r\n\t\tStokk &#038; Stein\r\n\t\r\n<\/div>\r\n\r\n\r\n\r\n<div class=\"sponsor-takk\">\r\n\t\r\n\t\tSpiterstulen\r\n\t\r\n<\/div>\r\n\r\n\r\n\r\n<div class=\"sponsor-takk\">\r\n\t\r\n\t\tGausdal Landhandleri\r\n\t\r\n<\/div>\r\n\r\n\r\n\r\n<div class=\"sponsor-takk\">\r\n\t\r\n\t\tCoop Ottadalen\r\n\t\r\n<\/div>\r\n\r\n\r\n\r\n<div class=\"sponsor-takk\">\r\n\t\r\n\t\tFjuken\r\n\t\r\n<\/div>\r\n\r\n\r\n\r\n<div class=\"sponsor-takk\">\r\n\t\r\n\t\tBreheimen Mat\r\n\t\r\n<\/div>\r\n\r\n\r\n\r\n<div class=\"sponsor-takk\">\r\n\t\r\n\t\tNye Brimi Bue\r\n\t\r\n<\/div>\r\n\r\n\n\t<h4>Diktarar og diktarlag<\/h4>\n<ul>\n\t<li><a href=\"http:\/\/www.aukrust-nordgard.no\/\" target=\"_blank\" rel=\"noopener noreferrer\">Olav Aukrust<\/a><\/li>\n\t<li><a href=\"http:\/\/www.torjonsson.no\/\" target=\"_blank\" rel=\"noopener noreferrer\">Tor Jonsson<\/a><\/li>\n\t<li><a href=\"http:\/\/www.hamsunlaget.no\/\" target=\"_blank\" rel=\"noopener noreferrer\">Knut Hamsun<\/a><\/li>\n\t<li><a href=\"http:\/\/www.hamsun-selskapet.no\/\" target=\"_blank\" rel=\"noopener noreferrer\">Hamsunselskapet<\/a><\/li>\n\t<li><a href=\"http:\/\/www.litteraturhuset.no\/nyheter\/2011\/vigdishjorth.html\" target=\"_blank\" rel=\"noopener noreferrer\">Vigdis Hjorth<\/a><\/li>\n\t<li><a href=\"http:\/\/www.janmagnusbruheim.no\/\" target=\"_blank\" rel=\"noopener noreferrer\">Jan-Magnus Bruheim<\/a><\/li>\n\t<li><a href=\"http:\/\/www.lokalhistoriewiki.no\/index.php\/Ivar_Kleiven\" target=\"_blank\" rel=\"noopener noreferrer\">Ivar Kleiven<\/a><\/li>\n\t<li><a href=\"http:\/\/alnakka.net\/w\/index.php?title=Tore_%C3%98rjas%C3%A6ter\" target=\"_blank\" rel=\"noopener noreferrer\">Tore \u00d8rjas\u00e6ter<\/a><\/li>\n\t<li><a href=\"http:\/\/www.otta2000.com\/dikt\/Storm\/edvard_storm.htm\" target=\"_blank\" rel=\"noopener noreferrer\">Edvard Storm<\/a><\/li>\n\t<li><a href=\"http:\/\/www.snl.no\/.nbl_biografi\/Elise_Aubert\/utdypning\" target=\"_blank\" rel=\"noopener noreferrer\">Elise Aubert<\/a><\/li>\n\t<li><a href=\"http:\/\/www.haukdalen.no\/kitty.htm\" target=\"_blank\" rel=\"noopener noreferrer\">Kitty Wentzel<\/a><\/li>\n\t<li><a href=\"http:\/\/www.snl.no\/.nbl_biografi\/Ragnvald_Skrede\/utdypning\" target=\"_blank\" rel=\"noopener noreferrer\">Ragnvald Skrede<\/a><\/li>\n\t<li><a href=\"http:\/\/sok.bibliotekportalenoppland.no\/bibnett\/forfatternett\/hoydal_aslaug.html\" target=\"_blank\" rel=\"noopener noreferrer\">Aslaug H\u00f8ydal<\/a><\/li>\n<\/ul>\n\t<h4>Lom folkebibliotek<\/h4>\n<ul>\n \t<li><a href=\"http:\/\/www.lom.kommune.no\/biblioteket.144626.nn.html\" target=\"_blank\" rel=\"noopener noreferrer\">Biblioteket<\/a><\/li>\n \t<li><a href=\"http:\/\/ordomfjell.blogspot.no\/\" target=\"_blank\" rel=\"noopener noreferrer\">Ord om fjell<\/a><\/li>\n \t<li><a href=\"http:\/\/utuhyllun.blogspot.no\/\" target=\"_blank\" rel=\"noopener noreferrer\">Utu hyllun<\/a><\/li>\n<\/ul>\n\t<h4>Lom kommune<\/h4>\n<ul>\n \t<li><a href=\"http:\/\/www.lom.no\" target=\"_blank\" rel=\"noopener noreferrer\">www.lom.no<\/a><\/li>\n \t<li><a href=\"http:\/\/lom.kommune.no\" target=\"_blank\" rel=\"noopener noreferrer\">lom.kommune.no<\/a><\/li>\n<\/ul>\n","protected":false},"excerpt":{"rendered":"<p>Sponsorer Takk \u00f2g til Diktarar og diktarlag Olav Aukrust Tor Jonsson Knut Hamsun Hamsunselskapet Vigdis Hjorth Jan-Magnus Bruheim Ivar Kleiven Tore \u00d8rjas\u00e6ter Edvard Storm Elise Aubert Kitty Wentzel Ragnvald Skrede Aslaug H\u00f8ydal Lom folkebibliotek Biblioteket Ord om fjell Utu hyllun Lom kommune www.lom.no lom.kommune.no<\/p>\n","protected":false},"author":1,"featured_media":0,"parent":0,"menu_order":2,"comment_status":"closed","ping_status":"open","template":"","meta":{"footnotes":""},"class_list":["post-77","page","type-page","status-publish","hentry"],"yoast_head":"<!-- This site is optimized with the Yoast SEO plugin v27.4 - https:\/\/yoast.com\/product\/yoast-seo-wordpress\/ -->\n<title>Lenker - Diktardagar 2019<\/title>\n<meta name=\"robots\" content=\"index, follow, max-snippet:-1, max-image-preview:large, max-video-preview:-1\" \/>\n<link rel=\"canonical\" href=\"https:\/\/diktardagar.no\/2019\/lenker\/\" class=\"yoast-seo-meta-tag\" \/>\n<meta property=\"og:locale\" content=\"nb_NO\" class=\"yoast-seo-meta-tag\" \/>\n<meta property=\"og:type\" content=\"article\" class=\"yoast-seo-meta-tag\" \/>\n<meta property=\"og:title\" content=\"Lenker - Diktardagar 2019\" class=\"yoast-seo-meta-tag\" \/>\n<meta property=\"og:description\" content=\"Sponsorer Takk \u00f2g til Diktarar og diktarlag Olav Aukrust Tor Jonsson Knut Hamsun Hamsunselskapet Vigdis Hjorth Jan-Magnus Bruheim Ivar Kleiven Tore \u00d8rjas\u00e6ter Edvard Storm Elise Aubert Kitty Wentzel Ragnvald Skrede Aslaug H\u00f8ydal Lom folkebibliotek Biblioteket Ord om fjell Utu hyllun Lom kommune www.lom.no lom.kommune.no\" class=\"yoast-seo-meta-tag\" \/>\n<meta property=\"og:url\" content=\"https:\/\/diktardagar.no\/2019\/lenker\/\" class=\"yoast-seo-meta-tag\" \/>\n<meta property=\"og:site_name\" content=\"Diktardagar 2019\" class=\"yoast-seo-meta-tag\" \/>\n<meta property=\"article:modified_time\" content=\"2019-05-31T08:20:41+00:00\" class=\"yoast-seo-meta-tag\" \/>\n<meta name=\"twitter:card\" content=\"summary_large_image\" class=\"yoast-seo-meta-tag\" \/>\n<script type=\"application\/ld+json\" class=\"yoast-schema-graph\">{\"@context\":\"https:\\\/\\\/schema.org\",\"@graph\":[{\"@type\":\"WebPage\",\"@id\":\"https:\\\/\\\/diktardagar.no\\\/2019\\\/lenker\\\/\",\"url\":\"https:\\\/\\\/diktardagar.no\\\/2019\\\/lenker\\\/\",\"name\":\"Lenker - Diktardagar 2019\",\"isPartOf\":{\"@id\":\"https:\\\/\\\/diktardagar.no\\\/2019\\\/#website\"},\"datePublished\":\"2014-04-25T19:32:15+00:00\",\"dateModified\":\"2019-05-31T08:20:41+00:00\",\"breadcrumb\":{\"@id\":\"https:\\\/\\\/diktardagar.no\\\/2019\\\/lenker\\\/#breadcrumb\"},\"inLanguage\":\"nb-NO\",\"potentialAction\":[{\"@type\":\"ReadAction\",\"target\":[\"https:\\\/\\\/diktardagar.no\\\/2019\\\/lenker\\\/\"]}]},{\"@type\":\"BreadcrumbList\",\"@id\":\"https:\\\/\\\/diktardagar.no\\\/2019\\\/lenker\\\/#breadcrumb\",\"itemListElement\":[{\"@type\":\"ListItem\",\"position\":1,\"name\":\"Hjem\",\"item\":\"https:\\\/\\\/diktardagar.no\\\/2019\\\/\"},{\"@type\":\"ListItem\",\"position\":2,\"name\":\"Lenker\"}]},{\"@type\":\"WebSite\",\"@id\":\"https:\\\/\\\/diktardagar.no\\\/2019\\\/#website\",\"url\":\"https:\\\/\\\/diktardagar.no\\\/2019\\\/\",\"name\":\"Diktardagar 2019\",\"description\":\"\",\"potentialAction\":[{\"@type\":\"SearchAction\",\"target\":{\"@type\":\"EntryPoint\",\"urlTemplate\":\"https:\\\/\\\/diktardagar.no\\\/2019\\\/?s={search_term_string}\"},\"query-input\":{\"@type\":\"PropertyValueSpecification\",\"valueRequired\":true,\"valueName\":\"search_term_string\"}}],\"inLanguage\":\"nb-NO\"}]}<\/script>\n<!-- \/ Yoast SEO plugin. -->","yoast_head_json":{"title":"Lenker - Diktardagar 2019","robots":{"index":"index","follow":"follow","max-snippet":"max-snippet:-1","max-image-preview":"max-image-preview:large","max-video-preview":"max-video-preview:-1"},"canonical":"https:\/\/diktardagar.no\/2019\/lenker\/","og_locale":"nb_NO","og_type":"article","og_title":"Lenker - Diktardagar 2019","og_description":"Sponsorer Takk \u00f2g til Diktarar og diktarlag Olav Aukrust Tor Jonsson Knut Hamsun Hamsunselskapet Vigdis Hjorth Jan-Magnus Bruheim Ivar Kleiven Tore \u00d8rjas\u00e6ter Edvard Storm Elise Aubert Kitty Wentzel Ragnvald Skrede Aslaug H\u00f8ydal Lom folkebibliotek Biblioteket Ord om fjell Utu hyllun Lom kommune www.lom.no lom.kommune.no","og_url":"https:\/\/diktardagar.no\/2019\/lenker\/","og_site_name":"Diktardagar 2019","article_modified_time":"2019-05-31T08:20:41+00:00","twitter_card":"summary_large_image","schema":{"@context":"https:\/\/schema.org","@graph":[{"@type":"WebPage","@id":"https:\/\/diktardagar.no\/2019\/lenker\/","url":"https:\/\/diktardagar.no\/2019\/lenker\/","name":"Lenker - Diktardagar 2019","isPartOf":{"@id":"https:\/\/diktardagar.no\/2019\/#website"},"datePublished":"2014-04-25T19:32:15+00:00","dateModified":"2019-05-31T08:20:41+00:00","breadcrumb":{"@id":"https:\/\/diktardagar.no\/2019\/lenker\/#breadcrumb"},"inLanguage":"nb-NO","potentialAction":[{"@type":"ReadAction","target":["https:\/\/diktardagar.no\/2019\/lenker\/"]}]},{"@type":"BreadcrumbList","@id":"https:\/\/diktardagar.no\/2019\/lenker\/#breadcrumb","itemListElement":[{"@type":"ListItem","position":1,"name":"Hjem","item":"https:\/\/diktardagar.no\/2019\/"},{"@type":"ListItem","position":2,"name":"Lenker"}]},{"@type":"WebSite","@id":"https:\/\/diktardagar.no\/2019\/#website","url":"https:\/\/diktardagar.no\/2019\/","name":"Diktardagar 2019","description":"","potentialAction":[{"@type":"SearchAction","target":{"@type":"EntryPoint","urlTemplate":"https:\/\/diktardagar.no\/2019\/?s={search_term_string}"},"query-input":{"@type":"PropertyValueSpecification","valueRequired":true,"valueName":"search_term_string"}}],"inLanguage":"nb-NO"}]}},"_links":{"self":[{"href":"https:\/\/diktardagar.no\/2019\/wp-json\/wp\/v2\/pages\/77","targetHints":{"allow":["GET"]}}],"collection":[{"href":"https:\/\/diktardagar.no\/2019\/wp-json\/wp\/v2\/pages"}],"about":[{"href":"https:\/\/diktardagar.no\/2019\/wp-json\/wp\/v2\/types\/page"}],"author":[{"embeddable":true,"href":"https:\/\/diktardagar.no\/2019\/wp-json\/wp\/v2\/users\/1"}],"replies":[{"embeddable":true,"href":"https:\/\/diktardagar.no\/2019\/wp-json\/wp\/v2\/comments?post=77"}],"version-history":[{"count":36,"href":"https:\/\/diktardagar.no\/2019\/wp-json\/wp\/v2\/pages\/77\/revisions"}],"predecessor-version":[{"id":2744,"href":"https:\/\/diktardagar.no\/2019\/wp-json\/wp\/v2\/pages\/77\/revisions\/2744"}],"wp:attachment":[{"href":"https:\/\/diktardagar.no\/2019\/wp-json\/wp\/v2\/media?parent=77"}],"curies":[{"name":"wp","href":"https:\/\/api.w.org\/{rel}","templated":true}]}}