{"id":218,"date":"2014-04-30T10:32:34","date_gmt":"2014-04-30T08:32:34","guid":{"rendered":"https:\/\/diktardagar.no\/2019\/?page_id=218"},"modified":"2014-04-30T10:32:34","modified_gmt":"2014-04-30T08:32:34","slug":"skultbakken","status":"publish","type":"page","link":"https:\/\/diktardagar.no\/2019\/tidlegare\/diktardagar2015\/stadar-2015\/skultbakken\/","title":{"rendered":"Skultbakken"},"content":{"rendered":"<p><a href=\"https:\/\/diktardagar.no\/2019\/wp-content\/uploads\/sites\/6\/2014\/04\/skultbakken.jpg\"><img loading=\"lazy\" decoding=\"async\" class=\"alignleft wp-image-219 size-medium\" src=\"https:\/\/diktardagar.no\/2019\/wp-content\/uploads\/sites\/6\/2014\/04\/skultbakken-300x200.jpg\" alt=\"skultbakken\" width=\"300\" height=\"200\" srcset=\"https:\/\/diktardagar.no\/2019\/wp-content\/uploads\/sites\/6\/2014\/04\/skultbakken-300x200.jpg 300w, https:\/\/diktardagar.no\/2019\/wp-content\/uploads\/sites\/6\/2014\/04\/skultbakken.jpg 999w\" sizes=\"auto, (max-width: 300px) 100vw, 300px\" \/><\/a>Skultbakken i V\u00e5g\u00e5 er husmannsplassen der far til Knut Hamsun vaks opp. Skultbakken ligg bratt til p\u00e5 oppsida av hovudvegen over Valdresflya (R51), omlag 3km opp fr\u00e5 vegkrysset v R15 nede ved V\u00e5g\u00e5vatnet. Dette krysset ved Randen ligg 7 km vest for V\u00e5g\u00e5 eller 25 km aust for Lom. 2011-05-31<\/p>\n","protected":false},"excerpt":{"rendered":"<p>Skultbakken i V\u00e5g\u00e5 er husmannsplassen der far til Knut Hamsun vaks opp. Skultbakken ligg bratt til p\u00e5 oppsida av hovudvegen over Valdresflya (R51), omlag 3km opp fr\u00e5 vegkrysset v R15 nede ved V\u00e5g\u00e5vatnet. Dette krysset ved Randen ligg 7 km vest for V\u00e5g\u00e5 eller 25 km aust for Lom. 2011-05-31<\/p>\n","protected":false},"author":2,"featured_media":0,"parent":67,"menu_order":0,"comment_status":"closed","ping_status":"open","template":"","meta":{"footnotes":""},"class_list":["post-218","page","type-page","status-publish","hentry"],"yoast_head":"<!-- This site is optimized with the Yoast SEO plugin v27.5 - https:\/\/yoast.com\/product\/yoast-seo-wordpress\/ -->\n<title>Skultbakken - Diktardagar 2019<\/title>\n<meta name=\"robots\" content=\"index, follow, max-snippet:-1, max-image-preview:large, max-video-preview:-1\" \/>\n<link rel=\"canonical\" href=\"https:\/\/diktardagar.no\/2019\/tidlegare\/diktardagar2015\/stadar-2015\/skultbakken\/\" class=\"yoast-seo-meta-tag\" \/>\n<meta property=\"og:locale\" content=\"nb_NO\" class=\"yoast-seo-meta-tag\" \/>\n<meta property=\"og:type\" content=\"article\" class=\"yoast-seo-meta-tag\" \/>\n<meta property=\"og:title\" content=\"Skultbakken - Diktardagar 2019\" class=\"yoast-seo-meta-tag\" \/>\n<meta property=\"og:description\" content=\"Skultbakken i V\u00e5g\u00e5 er husmannsplassen der far til Knut Hamsun vaks opp. Skultbakken ligg bratt til p\u00e5 oppsida av hovudvegen over Valdresflya (R51), omlag 3km opp fr\u00e5 vegkrysset v R15 nede ved V\u00e5g\u00e5vatnet. Dette krysset ved Randen ligg 7 km vest for V\u00e5g\u00e5 eller 25 km aust for Lom. 2011-05-31\" class=\"yoast-seo-meta-tag\" \/>\n<meta property=\"og:url\" content=\"https:\/\/diktardagar.no\/2019\/tidlegare\/diktardagar2015\/stadar-2015\/skultbakken\/\" class=\"yoast-seo-meta-tag\" \/>\n<meta property=\"og:site_name\" content=\"Diktardagar 2019\" class=\"yoast-seo-meta-tag\" \/>\n<meta property=\"og:image\" content=\"https:\/\/diktardagar.no\/2019\/wp-content\/uploads\/sites\/6\/2014\/04\/skultbakken-300x200.jpg\" class=\"yoast-seo-meta-tag\" \/>\n<meta name=\"twitter:card\" content=\"summary_large_image\" class=\"yoast-seo-meta-tag\" \/>\n<script type=\"application\/ld+json\" class=\"yoast-schema-graph\">{\"@context\":\"https:\\\/\\\/schema.org\",\"@graph\":[{\"@type\":\"WebPage\",\"@id\":\"https:\\\/\\\/diktardagar.no\\\/2019\\\/tidlegare\\\/diktardagar2015\\\/stadar-2015\\\/skultbakken\\\/\",\"url\":\"https:\\\/\\\/diktardagar.no\\\/2019\\\/tidlegare\\\/diktardagar2015\\\/stadar-2015\\\/skultbakken\\\/\",\"name\":\"Skultbakken - Diktardagar 2019\",\"isPartOf\":{\"@id\":\"https:\\\/\\\/diktardagar.no\\\/2019\\\/#website\"},\"primaryImageOfPage\":{\"@id\":\"https:\\\/\\\/diktardagar.no\\\/2019\\\/tidlegare\\\/diktardagar2015\\\/stadar-2015\\\/skultbakken\\\/#primaryimage\"},\"image\":{\"@id\":\"https:\\\/\\\/diktardagar.no\\\/2019\\\/tidlegare\\\/diktardagar2015\\\/stadar-2015\\\/skultbakken\\\/#primaryimage\"},\"thumbnailUrl\":\"https:\\\/\\\/diktardagar.no\\\/2019\\\/wp-content\\\/uploads\\\/sites\\\/6\\\/2014\\\/04\\\/skultbakken-300x200.jpg\",\"datePublished\":\"2014-04-30T08:32:34+00:00\",\"breadcrumb\":{\"@id\":\"https:\\\/\\\/diktardagar.no\\\/2019\\\/tidlegare\\\/diktardagar2015\\\/stadar-2015\\\/skultbakken\\\/#breadcrumb\"},\"inLanguage\":\"nb-NO\",\"potentialAction\":[{\"@type\":\"ReadAction\",\"target\":[\"https:\\\/\\\/diktardagar.no\\\/2019\\\/tidlegare\\\/diktardagar2015\\\/stadar-2015\\\/skultbakken\\\/\"]}]},{\"@type\":\"ImageObject\",\"inLanguage\":\"nb-NO\",\"@id\":\"https:\\\/\\\/diktardagar.no\\\/2019\\\/tidlegare\\\/diktardagar2015\\\/stadar-2015\\\/skultbakken\\\/#primaryimage\",\"url\":\"https:\\\/\\\/diktardagar.no\\\/2019\\\/wp-content\\\/uploads\\\/sites\\\/6\\\/2014\\\/04\\\/skultbakken.jpg\",\"contentUrl\":\"https:\\\/\\\/diktardagar.no\\\/2019\\\/wp-content\\\/uploads\\\/sites\\\/6\\\/2014\\\/04\\\/skultbakken.jpg\",\"width\":999,\"height\":669},{\"@type\":\"BreadcrumbList\",\"@id\":\"https:\\\/\\\/diktardagar.no\\\/2019\\\/tidlegare\\\/diktardagar2015\\\/stadar-2015\\\/skultbakken\\\/#breadcrumb\",\"itemListElement\":[{\"@type\":\"ListItem\",\"position\":1,\"name\":\"Hjem\",\"item\":\"https:\\\/\\\/diktardagar.no\\\/2019\\\/\"},{\"@type\":\"ListItem\",\"position\":2,\"name\":\"Tidlegare diktardagar\",\"item\":\"https:\\\/\\\/diktardagar.no\\\/2019\\\/tidlegare\\\/\"},{\"@type\":\"ListItem\",\"position\":3,\"name\":\"Diktardagar 2015\",\"item\":\"https:\\\/\\\/diktardagar.no\\\/2019\\\/tidlegare\\\/diktardagar2015\\\/\"},{\"@type\":\"ListItem\",\"position\":4,\"name\":\"Stadar 2015\",\"item\":\"https:\\\/\\\/diktardagar.no\\\/2019\\\/tidlegare\\\/diktardagar2015\\\/stadar-2015\\\/\"},{\"@type\":\"ListItem\",\"position\":5,\"name\":\"Skultbakken\"}]},{\"@type\":\"WebSite\",\"@id\":\"https:\\\/\\\/diktardagar.no\\\/2019\\\/#website\",\"url\":\"https:\\\/\\\/diktardagar.no\\\/2019\\\/\",\"name\":\"Diktardagar 2019\",\"description\":\"\",\"potentialAction\":[{\"@type\":\"SearchAction\",\"target\":{\"@type\":\"EntryPoint\",\"urlTemplate\":\"https:\\\/\\\/diktardagar.no\\\/2019\\\/?s={search_term_string}\"},\"query-input\":{\"@type\":\"PropertyValueSpecification\",\"valueRequired\":true,\"valueName\":\"search_term_string\"}}],\"inLanguage\":\"nb-NO\"}]}<\/script>\n<!-- \/ Yoast SEO plugin. -->","yoast_head_json":{"title":"Skultbakken - Diktardagar 2019","robots":{"index":"index","follow":"follow","max-snippet":"max-snippet:-1","max-image-preview":"max-image-preview:large","max-video-preview":"max-video-preview:-1"},"canonical":"https:\/\/diktardagar.no\/2019\/tidlegare\/diktardagar2015\/stadar-2015\/skultbakken\/","og_locale":"nb_NO","og_type":"article","og_title":"Skultbakken - Diktardagar 2019","og_description":"Skultbakken i V\u00e5g\u00e5 er husmannsplassen der far til Knut Hamsun vaks opp. Skultbakken ligg bratt til p\u00e5 oppsida av hovudvegen over Valdresflya (R51), omlag 3km opp fr\u00e5 vegkrysset v R15 nede ved V\u00e5g\u00e5vatnet. Dette krysset ved Randen ligg 7 km vest for V\u00e5g\u00e5 eller 25 km aust for Lom. 2011-05-31","og_url":"https:\/\/diktardagar.no\/2019\/tidlegare\/diktardagar2015\/stadar-2015\/skultbakken\/","og_site_name":"Diktardagar 2019","og_image":[{"url":"https:\/\/diktardagar.no\/2019\/wp-content\/uploads\/sites\/6\/2014\/04\/skultbakken-300x200.jpg","type":"","width":"","height":""}],"twitter_card":"summary_large_image","schema":{"@context":"https:\/\/schema.org","@graph":[{"@type":"WebPage","@id":"https:\/\/diktardagar.no\/2019\/tidlegare\/diktardagar2015\/stadar-2015\/skultbakken\/","url":"https:\/\/diktardagar.no\/2019\/tidlegare\/diktardagar2015\/stadar-2015\/skultbakken\/","name":"Skultbakken - Diktardagar 2019","isPartOf":{"@id":"https:\/\/diktardagar.no\/2019\/#website"},"primaryImageOfPage":{"@id":"https:\/\/diktardagar.no\/2019\/tidlegare\/diktardagar2015\/stadar-2015\/skultbakken\/#primaryimage"},"image":{"@id":"https:\/\/diktardagar.no\/2019\/tidlegare\/diktardagar2015\/stadar-2015\/skultbakken\/#primaryimage"},"thumbnailUrl":"https:\/\/diktardagar.no\/2019\/wp-content\/uploads\/sites\/6\/2014\/04\/skultbakken-300x200.jpg","datePublished":"2014-04-30T08:32:34+00:00","breadcrumb":{"@id":"https:\/\/diktardagar.no\/2019\/tidlegare\/diktardagar2015\/stadar-2015\/skultbakken\/#breadcrumb"},"inLanguage":"nb-NO","potentialAction":[{"@type":"ReadAction","target":["https:\/\/diktardagar.no\/2019\/tidlegare\/diktardagar2015\/stadar-2015\/skultbakken\/"]}]},{"@type":"ImageObject","inLanguage":"nb-NO","@id":"https:\/\/diktardagar.no\/2019\/tidlegare\/diktardagar2015\/stadar-2015\/skultbakken\/#primaryimage","url":"https:\/\/diktardagar.no\/2019\/wp-content\/uploads\/sites\/6\/2014\/04\/skultbakken.jpg","contentUrl":"https:\/\/diktardagar.no\/2019\/wp-content\/uploads\/sites\/6\/2014\/04\/skultbakken.jpg","width":999,"height":669},{"@type":"BreadcrumbList","@id":"https:\/\/diktardagar.no\/2019\/tidlegare\/diktardagar2015\/stadar-2015\/skultbakken\/#breadcrumb","itemListElement":[{"@type":"ListItem","position":1,"name":"Hjem","item":"https:\/\/diktardagar.no\/2019\/"},{"@type":"ListItem","position":2,"name":"Tidlegare diktardagar","item":"https:\/\/diktardagar.no\/2019\/tidlegare\/"},{"@type":"ListItem","position":3,"name":"Diktardagar 2015","item":"https:\/\/diktardagar.no\/2019\/tidlegare\/diktardagar2015\/"},{"@type":"ListItem","position":4,"name":"Stadar 2015","item":"https:\/\/diktardagar.no\/2019\/tidlegare\/diktardagar2015\/stadar-2015\/"},{"@type":"ListItem","position":5,"name":"Skultbakken"}]},{"@type":"WebSite","@id":"https:\/\/diktardagar.no\/2019\/#website","url":"https:\/\/diktardagar.no\/2019\/","name":"Diktardagar 2019","description":"","potentialAction":[{"@type":"SearchAction","target":{"@type":"EntryPoint","urlTemplate":"https:\/\/diktardagar.no\/2019\/?s={search_term_string}"},"query-input":{"@type":"PropertyValueSpecification","valueRequired":true,"valueName":"search_term_string"}}],"inLanguage":"nb-NO"}]}},"_links":{"self":[{"href":"https:\/\/diktardagar.no\/2019\/wp-json\/wp\/v2\/pages\/218","targetHints":{"allow":["GET"]}}],"collection":[{"href":"https:\/\/diktardagar.no\/2019\/wp-json\/wp\/v2\/pages"}],"about":[{"href":"https:\/\/diktardagar.no\/2019\/wp-json\/wp\/v2\/types\/page"}],"author":[{"embeddable":true,"href":"https:\/\/diktardagar.no\/2019\/wp-json\/wp\/v2\/users\/2"}],"replies":[{"embeddable":true,"href":"https:\/\/diktardagar.no\/2019\/wp-json\/wp\/v2\/comments?post=218"}],"version-history":[{"count":1,"href":"https:\/\/diktardagar.no\/2019\/wp-json\/wp\/v2\/pages\/218\/revisions"}],"predecessor-version":[{"id":220,"href":"https:\/\/diktardagar.no\/2019\/wp-json\/wp\/v2\/pages\/218\/revisions\/220"}],"up":[{"embeddable":true,"href":"https:\/\/diktardagar.no\/2019\/wp-json\/wp\/v2\/pages\/67"}],"wp:attachment":[{"href":"https:\/\/diktardagar.no\/2019\/wp-json\/wp\/v2\/media?parent=218"}],"curies":[{"name":"wp","href":"https:\/\/api.w.org\/{rel}","templated":true}]}}