{"id":215,"date":"2014-04-30T10:31:06","date_gmt":"2014-04-30T08:31:06","guid":{"rendered":"https:\/\/diktardagar.no\/2019\/?page_id=215"},"modified":"2014-04-30T10:31:06","modified_gmt":"2014-04-30T08:31:06","slug":"nordalsberget","status":"publish","type":"page","link":"https:\/\/diktardagar.no\/2019\/tidlegare\/diktardagar2015\/stadar-2015\/nordalsberget\/","title":{"rendered":"Nordalsberget"},"content":{"rendered":"<p><a href=\"https:\/\/diktardagar.no\/2019\/wp-content\/uploads\/sites\/6\/2014\/04\/nordalsberget.jpg\"><img loading=\"lazy\" decoding=\"async\" class=\"alignleft wp-image-216 size-medium\" src=\"https:\/\/diktardagar.no\/2019\/wp-content\/uploads\/sites\/6\/2014\/04\/nordalsberget-300x200.jpg\" alt=\"nordalsberget\" width=\"300\" height=\"200\" srcset=\"https:\/\/diktardagar.no\/2019\/wp-content\/uploads\/sites\/6\/2014\/04\/nordalsberget-300x200.jpg 300w, https:\/\/diktardagar.no\/2019\/wp-content\/uploads\/sites\/6\/2014\/04\/nordalsberget.jpg 999w\" sizes=\"auto, (max-width: 300px) 100vw, 300px\" \/><\/a>Fossbergom er namnet p\u00e5 Lom sentrum. Berga ved fossen (Prestfossen) tyder det. Nordal turistsenter ligg p\u00e5 Nordalsberget like ved B\u00f8vra og Prestfossen midt i sentrum. P\u00e5 omr\u00e5det mellom hotellet og elva er tunet som fr\u00e5 tid til anna blir brukt til konsertar og dramaframsyningar. Framsyninga Kvinnfolkplager g\u00e5r f\u00f8re seg p\u00e5 Nordalsberget.<\/p>\n","protected":false},"excerpt":{"rendered":"<p>Fossbergom er namnet p\u00e5 Lom sentrum. Berga ved fossen (Prestfossen) tyder det. Nordal turistsenter ligg p\u00e5 Nordalsberget like ved B\u00f8vra og Prestfossen midt i sentrum. P\u00e5 omr\u00e5det mellom hotellet og elva er tunet som fr\u00e5 tid til anna blir brukt til konsertar og dramaframsyningar. Framsyninga Kvinnfolkplager g\u00e5r f\u00f8re seg p\u00e5 Nordalsberget.<\/p>\n","protected":false},"author":2,"featured_media":0,"parent":67,"menu_order":0,"comment_status":"closed","ping_status":"open","template":"","meta":{"footnotes":""},"class_list":["post-215","page","type-page","status-publish","hentry"],"yoast_head":"<!-- This site is optimized with the Yoast SEO plugin v27.5 - https:\/\/yoast.com\/product\/yoast-seo-wordpress\/ -->\n<title>Nordalsberget - Diktardagar 2019<\/title>\n<meta name=\"robots\" content=\"index, follow, max-snippet:-1, max-image-preview:large, max-video-preview:-1\" \/>\n<link rel=\"canonical\" href=\"https:\/\/diktardagar.no\/2019\/tidlegare\/diktardagar2015\/stadar-2015\/nordalsberget\/\" class=\"yoast-seo-meta-tag\" \/>\n<meta property=\"og:locale\" content=\"nb_NO\" class=\"yoast-seo-meta-tag\" \/>\n<meta property=\"og:type\" content=\"article\" class=\"yoast-seo-meta-tag\" \/>\n<meta property=\"og:title\" content=\"Nordalsberget - Diktardagar 2019\" class=\"yoast-seo-meta-tag\" \/>\n<meta property=\"og:description\" content=\"Fossbergom er namnet p\u00e5 Lom sentrum. Berga ved fossen (Prestfossen) tyder det. Nordal turistsenter ligg p\u00e5 Nordalsberget like ved B\u00f8vra og Prestfossen midt i sentrum. P\u00e5 omr\u00e5det mellom hotellet og elva er tunet som fr\u00e5 tid til anna blir brukt til konsertar og dramaframsyningar. Framsyninga Kvinnfolkplager g\u00e5r f\u00f8re seg p\u00e5 Nordalsberget.\" class=\"yoast-seo-meta-tag\" \/>\n<meta property=\"og:url\" content=\"https:\/\/diktardagar.no\/2019\/tidlegare\/diktardagar2015\/stadar-2015\/nordalsberget\/\" class=\"yoast-seo-meta-tag\" \/>\n<meta property=\"og:site_name\" content=\"Diktardagar 2019\" class=\"yoast-seo-meta-tag\" \/>\n<meta property=\"og:image\" content=\"https:\/\/diktardagar.no\/2019\/wp-content\/uploads\/sites\/6\/2014\/04\/nordalsberget-300x200.jpg\" class=\"yoast-seo-meta-tag\" \/>\n<meta name=\"twitter:card\" content=\"summary_large_image\" class=\"yoast-seo-meta-tag\" \/>\n<script type=\"application\/ld+json\" class=\"yoast-schema-graph\">{\"@context\":\"https:\\\/\\\/schema.org\",\"@graph\":[{\"@type\":\"WebPage\",\"@id\":\"https:\\\/\\\/diktardagar.no\\\/2019\\\/tidlegare\\\/diktardagar2015\\\/stadar-2015\\\/nordalsberget\\\/\",\"url\":\"https:\\\/\\\/diktardagar.no\\\/2019\\\/tidlegare\\\/diktardagar2015\\\/stadar-2015\\\/nordalsberget\\\/\",\"name\":\"Nordalsberget - Diktardagar 2019\",\"isPartOf\":{\"@id\":\"https:\\\/\\\/diktardagar.no\\\/2019\\\/#website\"},\"primaryImageOfPage\":{\"@id\":\"https:\\\/\\\/diktardagar.no\\\/2019\\\/tidlegare\\\/diktardagar2015\\\/stadar-2015\\\/nordalsberget\\\/#primaryimage\"},\"image\":{\"@id\":\"https:\\\/\\\/diktardagar.no\\\/2019\\\/tidlegare\\\/diktardagar2015\\\/stadar-2015\\\/nordalsberget\\\/#primaryimage\"},\"thumbnailUrl\":\"https:\\\/\\\/diktardagar.no\\\/2019\\\/wp-content\\\/uploads\\\/sites\\\/6\\\/2014\\\/04\\\/nordalsberget-300x200.jpg\",\"datePublished\":\"2014-04-30T08:31:06+00:00\",\"breadcrumb\":{\"@id\":\"https:\\\/\\\/diktardagar.no\\\/2019\\\/tidlegare\\\/diktardagar2015\\\/stadar-2015\\\/nordalsberget\\\/#breadcrumb\"},\"inLanguage\":\"nb-NO\",\"potentialAction\":[{\"@type\":\"ReadAction\",\"target\":[\"https:\\\/\\\/diktardagar.no\\\/2019\\\/tidlegare\\\/diktardagar2015\\\/stadar-2015\\\/nordalsberget\\\/\"]}]},{\"@type\":\"ImageObject\",\"inLanguage\":\"nb-NO\",\"@id\":\"https:\\\/\\\/diktardagar.no\\\/2019\\\/tidlegare\\\/diktardagar2015\\\/stadar-2015\\\/nordalsberget\\\/#primaryimage\",\"url\":\"https:\\\/\\\/diktardagar.no\\\/2019\\\/wp-content\\\/uploads\\\/sites\\\/6\\\/2014\\\/04\\\/nordalsberget.jpg\",\"contentUrl\":\"https:\\\/\\\/diktardagar.no\\\/2019\\\/wp-content\\\/uploads\\\/sites\\\/6\\\/2014\\\/04\\\/nordalsberget.jpg\",\"width\":999,\"height\":669},{\"@type\":\"BreadcrumbList\",\"@id\":\"https:\\\/\\\/diktardagar.no\\\/2019\\\/tidlegare\\\/diktardagar2015\\\/stadar-2015\\\/nordalsberget\\\/#breadcrumb\",\"itemListElement\":[{\"@type\":\"ListItem\",\"position\":1,\"name\":\"Hjem\",\"item\":\"https:\\\/\\\/diktardagar.no\\\/2019\\\/\"},{\"@type\":\"ListItem\",\"position\":2,\"name\":\"Tidlegare diktardagar\",\"item\":\"https:\\\/\\\/diktardagar.no\\\/2019\\\/tidlegare\\\/\"},{\"@type\":\"ListItem\",\"position\":3,\"name\":\"Diktardagar 2015\",\"item\":\"https:\\\/\\\/diktardagar.no\\\/2019\\\/tidlegare\\\/diktardagar2015\\\/\"},{\"@type\":\"ListItem\",\"position\":4,\"name\":\"Stadar 2015\",\"item\":\"https:\\\/\\\/diktardagar.no\\\/2019\\\/tidlegare\\\/diktardagar2015\\\/stadar-2015\\\/\"},{\"@type\":\"ListItem\",\"position\":5,\"name\":\"Nordalsberget\"}]},{\"@type\":\"WebSite\",\"@id\":\"https:\\\/\\\/diktardagar.no\\\/2019\\\/#website\",\"url\":\"https:\\\/\\\/diktardagar.no\\\/2019\\\/\",\"name\":\"Diktardagar 2019\",\"description\":\"\",\"potentialAction\":[{\"@type\":\"SearchAction\",\"target\":{\"@type\":\"EntryPoint\",\"urlTemplate\":\"https:\\\/\\\/diktardagar.no\\\/2019\\\/?s={search_term_string}\"},\"query-input\":{\"@type\":\"PropertyValueSpecification\",\"valueRequired\":true,\"valueName\":\"search_term_string\"}}],\"inLanguage\":\"nb-NO\"}]}<\/script>\n<!-- \/ Yoast SEO plugin. -->","yoast_head_json":{"title":"Nordalsberget - Diktardagar 2019","robots":{"index":"index","follow":"follow","max-snippet":"max-snippet:-1","max-image-preview":"max-image-preview:large","max-video-preview":"max-video-preview:-1"},"canonical":"https:\/\/diktardagar.no\/2019\/tidlegare\/diktardagar2015\/stadar-2015\/nordalsberget\/","og_locale":"nb_NO","og_type":"article","og_title":"Nordalsberget - Diktardagar 2019","og_description":"Fossbergom er namnet p\u00e5 Lom sentrum. Berga ved fossen (Prestfossen) tyder det. Nordal turistsenter ligg p\u00e5 Nordalsberget like ved B\u00f8vra og Prestfossen midt i sentrum. P\u00e5 omr\u00e5det mellom hotellet og elva er tunet som fr\u00e5 tid til anna blir brukt til konsertar og dramaframsyningar. Framsyninga Kvinnfolkplager g\u00e5r f\u00f8re seg p\u00e5 Nordalsberget.","og_url":"https:\/\/diktardagar.no\/2019\/tidlegare\/diktardagar2015\/stadar-2015\/nordalsberget\/","og_site_name":"Diktardagar 2019","og_image":[{"url":"https:\/\/diktardagar.no\/2019\/wp-content\/uploads\/sites\/6\/2014\/04\/nordalsberget-300x200.jpg","type":"","width":"","height":""}],"twitter_card":"summary_large_image","schema":{"@context":"https:\/\/schema.org","@graph":[{"@type":"WebPage","@id":"https:\/\/diktardagar.no\/2019\/tidlegare\/diktardagar2015\/stadar-2015\/nordalsberget\/","url":"https:\/\/diktardagar.no\/2019\/tidlegare\/diktardagar2015\/stadar-2015\/nordalsberget\/","name":"Nordalsberget - Diktardagar 2019","isPartOf":{"@id":"https:\/\/diktardagar.no\/2019\/#website"},"primaryImageOfPage":{"@id":"https:\/\/diktardagar.no\/2019\/tidlegare\/diktardagar2015\/stadar-2015\/nordalsberget\/#primaryimage"},"image":{"@id":"https:\/\/diktardagar.no\/2019\/tidlegare\/diktardagar2015\/stadar-2015\/nordalsberget\/#primaryimage"},"thumbnailUrl":"https:\/\/diktardagar.no\/2019\/wp-content\/uploads\/sites\/6\/2014\/04\/nordalsberget-300x200.jpg","datePublished":"2014-04-30T08:31:06+00:00","breadcrumb":{"@id":"https:\/\/diktardagar.no\/2019\/tidlegare\/diktardagar2015\/stadar-2015\/nordalsberget\/#breadcrumb"},"inLanguage":"nb-NO","potentialAction":[{"@type":"ReadAction","target":["https:\/\/diktardagar.no\/2019\/tidlegare\/diktardagar2015\/stadar-2015\/nordalsberget\/"]}]},{"@type":"ImageObject","inLanguage":"nb-NO","@id":"https:\/\/diktardagar.no\/2019\/tidlegare\/diktardagar2015\/stadar-2015\/nordalsberget\/#primaryimage","url":"https:\/\/diktardagar.no\/2019\/wp-content\/uploads\/sites\/6\/2014\/04\/nordalsberget.jpg","contentUrl":"https:\/\/diktardagar.no\/2019\/wp-content\/uploads\/sites\/6\/2014\/04\/nordalsberget.jpg","width":999,"height":669},{"@type":"BreadcrumbList","@id":"https:\/\/diktardagar.no\/2019\/tidlegare\/diktardagar2015\/stadar-2015\/nordalsberget\/#breadcrumb","itemListElement":[{"@type":"ListItem","position":1,"name":"Hjem","item":"https:\/\/diktardagar.no\/2019\/"},{"@type":"ListItem","position":2,"name":"Tidlegare diktardagar","item":"https:\/\/diktardagar.no\/2019\/tidlegare\/"},{"@type":"ListItem","position":3,"name":"Diktardagar 2015","item":"https:\/\/diktardagar.no\/2019\/tidlegare\/diktardagar2015\/"},{"@type":"ListItem","position":4,"name":"Stadar 2015","item":"https:\/\/diktardagar.no\/2019\/tidlegare\/diktardagar2015\/stadar-2015\/"},{"@type":"ListItem","position":5,"name":"Nordalsberget"}]},{"@type":"WebSite","@id":"https:\/\/diktardagar.no\/2019\/#website","url":"https:\/\/diktardagar.no\/2019\/","name":"Diktardagar 2019","description":"","potentialAction":[{"@type":"SearchAction","target":{"@type":"EntryPoint","urlTemplate":"https:\/\/diktardagar.no\/2019\/?s={search_term_string}"},"query-input":{"@type":"PropertyValueSpecification","valueRequired":true,"valueName":"search_term_string"}}],"inLanguage":"nb-NO"}]}},"_links":{"self":[{"href":"https:\/\/diktardagar.no\/2019\/wp-json\/wp\/v2\/pages\/215","targetHints":{"allow":["GET"]}}],"collection":[{"href":"https:\/\/diktardagar.no\/2019\/wp-json\/wp\/v2\/pages"}],"about":[{"href":"https:\/\/diktardagar.no\/2019\/wp-json\/wp\/v2\/types\/page"}],"author":[{"embeddable":true,"href":"https:\/\/diktardagar.no\/2019\/wp-json\/wp\/v2\/users\/2"}],"replies":[{"embeddable":true,"href":"https:\/\/diktardagar.no\/2019\/wp-json\/wp\/v2\/comments?post=215"}],"version-history":[{"count":1,"href":"https:\/\/diktardagar.no\/2019\/wp-json\/wp\/v2\/pages\/215\/revisions"}],"predecessor-version":[{"id":217,"href":"https:\/\/diktardagar.no\/2019\/wp-json\/wp\/v2\/pages\/215\/revisions\/217"}],"up":[{"embeddable":true,"href":"https:\/\/diktardagar.no\/2019\/wp-json\/wp\/v2\/pages\/67"}],"wp:attachment":[{"href":"https:\/\/diktardagar.no\/2019\/wp-json\/wp\/v2\/media?parent=215"}],"curies":[{"name":"wp","href":"https:\/\/api.w.org\/{rel}","templated":true}]}}