{"id":1178,"date":"2016-03-18T19:21:23","date_gmt":"2016-03-18T18:21:23","guid":{"rendered":"https:\/\/diktardagar.no\/2019\/?page_id=1178"},"modified":"2017-01-15T10:19:51","modified_gmt":"2017-01-15T09:19:51","slug":"2016-aslaug-hoydal-fylt-100-ar","status":"publish","type":"page","link":"https:\/\/diktardagar.no\/2019\/2016-aslaug-hoydal-fylt-100-ar\/","title":{"rendered":"I 2016 ville Aslaug H\u00f8ydal fylt 100 \u00e5r"},"content":{"rendered":"<p><img loading=\"lazy\" decoding=\"async\" class=\"size-medium wp-image-1180 alignright\" src=\"https:\/\/diktardagar.no\/2019\/wp-content\/uploads\/sites\/6\/2016\/04\/Aslaug-H\u00f8ydal-1956-215x300.jpg\" alt=\"Aslaug H\u00f8ydal 1956\" width=\"215\" height=\"300\" srcset=\"https:\/\/diktardagar.no\/2019\/wp-content\/uploads\/sites\/6\/2016\/04\/Aslaug-H\u00f8ydal-1956-215x300.jpg 215w, https:\/\/diktardagar.no\/2019\/wp-content\/uploads\/sites\/6\/2016\/04\/Aslaug-H\u00f8ydal-1956-768x1074.jpg 768w, https:\/\/diktardagar.no\/2019\/wp-content\/uploads\/sites\/6\/2016\/04\/Aslaug-H\u00f8ydal-1956-732x1024.jpg 732w, https:\/\/diktardagar.no\/2019\/wp-content\/uploads\/sites\/6\/2016\/04\/Aslaug-H\u00f8ydal-1956.jpg 1147w\" sizes=\"auto, (max-width: 215px) 100vw, 215px\" \/>Aslaug H\u00f8ydal (f\u00f8dd i Seljord 22. desember 1916, d\u00f8d i Skj\u00e5k 2007) var l\u00e6rar, forfattar og samfunnsdebattant. Einar Gotehus skriv i samandraget i si hovudoppg\u00e5ve om Aslaug H\u00f8ydal: \u00abAll diktinga hennar munnar ut i eit forsvar for dei veike og verjelause\u00bb. Dette er kjernen i livsverket hennar. Alt ber i seg m\u00e5let at det gode i menneska m\u00e5 f\u00e5 r\u00e5 i samfunnet.<\/p>\n<p>Den litter\u00e6re produksjonen hennar er sv\u00e6rt omfattande, meir enn 50 b\u00f8ker i l\u00f8pet av ein femti\u00e5rsperiode. Forfattarskapen omfattar romanar, barneb\u00f8ker, noveller, diktsamlingar, folkelivsskildringar og biografiar.<\/p>\n<p>Medkjensle for dei svake i samfunnet pregar mange av b\u00f8kene til Aslaug. Ho har alltid hatt omtanke for dei sm\u00e5. Barna. Taparane. Dei nedtrykte. Ho var oppteken av fredsarbeid, fr\u00e5haldsarbeid, ungdomsarbeide, nei til EU og for palestinarane si sak i Midt-Austen.<\/p>\n<blockquote><p>Eg f\u00f8ler at eg har s\u00e5 mykje ugjort. Det er s\u00e5 mange ungdomar som ikkje finn meining med livet. Taparar blir det stadig fleire av. Fleire enn nokon gong. Hadde vi enda vist meir medkjensle for dei&#8230;.<br \/>\n<em>Aslaug H\u00f8ydal<\/em><\/p><\/blockquote>\n<p>Les meir om Aslaug H\u00f8ydal og program for jubileums\u00e5ret p\u00e5 <a href=\"https:\/\/aslaughoydal.wordpress.com\/\" target=\"_blank\">heimesida \u00abAslaug H\u00f8ydal 100 \u00e5r\u00bb<\/a>.<\/p>\n","protected":false},"excerpt":{"rendered":"<p>Aslaug H\u00f8ydal (f\u00f8dd i Seljord 22. desember 1916, d\u00f8d i Skj\u00e5k 2007) var l\u00e6rar, forfattar og samfunnsdebattant. Einar Gotehus skriv i samandraget i si hovudoppg\u00e5ve om Aslaug H\u00f8ydal: \u00abAll diktinga hennar munnar ut i eit forsvar for dei veike og verjelause\u00bb. Dette er kjernen i livsverket hennar. Alt ber i seg m\u00e5let at det gode&hellip;<\/p>\n","protected":false},"author":1,"featured_media":1181,"parent":0,"menu_order":3,"comment_status":"closed","ping_status":"closed","template":"","meta":{"footnotes":""},"class_list":["post-1178","page","type-page","status-publish","has-post-thumbnail","hentry"],"yoast_head":"<!-- This site is optimized with the Yoast SEO plugin v27.4 - https:\/\/yoast.com\/product\/yoast-seo-wordpress\/ -->\n<title>I 2016 ville Aslaug H\u00f8ydal fylt 100 \u00e5r - Diktardagar 2019<\/title>\n<meta name=\"robots\" content=\"index, follow, max-snippet:-1, max-image-preview:large, max-video-preview:-1\" \/>\n<link rel=\"canonical\" href=\"https:\/\/diktardagar.no\/2019\/2016-aslaug-hoydal-fylt-100-ar\/\" class=\"yoast-seo-meta-tag\" \/>\n<meta property=\"og:locale\" content=\"nb_NO\" class=\"yoast-seo-meta-tag\" \/>\n<meta property=\"og:type\" content=\"article\" class=\"yoast-seo-meta-tag\" \/>\n<meta property=\"og:title\" content=\"I 2016 ville Aslaug H\u00f8ydal fylt 100 \u00e5r - Diktardagar 2019\" class=\"yoast-seo-meta-tag\" \/>\n<meta property=\"og:description\" content=\"Aslaug H\u00f8ydal (f\u00f8dd i Seljord 22. desember 1916, d\u00f8d i Skj\u00e5k 2007) var l\u00e6rar, forfattar og samfunnsdebattant. Einar Gotehus skriv i samandraget i si hovudoppg\u00e5ve om Aslaug H\u00f8ydal: \u00abAll diktinga hennar munnar ut i eit forsvar for dei veike og verjelause\u00bb. Dette er kjernen i livsverket hennar. Alt ber i seg m\u00e5let at det gode&hellip;\" class=\"yoast-seo-meta-tag\" \/>\n<meta property=\"og:url\" content=\"https:\/\/diktardagar.no\/2019\/2016-aslaug-hoydal-fylt-100-ar\/\" class=\"yoast-seo-meta-tag\" \/>\n<meta property=\"og:site_name\" content=\"Diktardagar 2019\" class=\"yoast-seo-meta-tag\" \/>\n<meta property=\"article:modified_time\" content=\"2017-01-15T09:19:51+00:00\" class=\"yoast-seo-meta-tag\" \/>\n<meta property=\"og:image\" content=\"https:\/\/diktardagar.no\/2019\/wp-content\/uploads\/sites\/6\/2016\/04\/portrett-gr\u00e5tt-kvitt.jpg\" class=\"yoast-seo-meta-tag\" \/>\n\t<meta property=\"og:image:width\" content=\"690\" class=\"yoast-seo-meta-tag\" \/>\n\t<meta property=\"og:image:height\" content=\"846\" class=\"yoast-seo-meta-tag\" \/>\n\t<meta property=\"og:image:type\" content=\"image\/jpeg\" class=\"yoast-seo-meta-tag\" \/>\n<meta name=\"twitter:card\" content=\"summary_large_image\" class=\"yoast-seo-meta-tag\" \/>\n<meta name=\"twitter:label1\" content=\"Ansl. lesetid\" class=\"yoast-seo-meta-tag\" \/>\n\t<meta name=\"twitter:data1\" content=\"1 minutt\" class=\"yoast-seo-meta-tag\" \/>\n<script type=\"application\/ld+json\" class=\"yoast-schema-graph\">{\"@context\":\"https:\\\/\\\/schema.org\",\"@graph\":[{\"@type\":\"WebPage\",\"@id\":\"https:\\\/\\\/diktardagar.no\\\/2019\\\/2016-aslaug-hoydal-fylt-100-ar\\\/\",\"url\":\"https:\\\/\\\/diktardagar.no\\\/2019\\\/2016-aslaug-hoydal-fylt-100-ar\\\/\",\"name\":\"I 2016 ville Aslaug H\u00f8ydal fylt 100 \u00e5r - Diktardagar 2019\",\"isPartOf\":{\"@id\":\"https:\\\/\\\/diktardagar.no\\\/2019\\\/#website\"},\"primaryImageOfPage\":{\"@id\":\"https:\\\/\\\/diktardagar.no\\\/2019\\\/2016-aslaug-hoydal-fylt-100-ar\\\/#primaryimage\"},\"image\":{\"@id\":\"https:\\\/\\\/diktardagar.no\\\/2019\\\/2016-aslaug-hoydal-fylt-100-ar\\\/#primaryimage\"},\"thumbnailUrl\":\"https:\\\/\\\/diktardagar.no\\\/2019\\\/wp-content\\\/uploads\\\/sites\\\/6\\\/2016\\\/04\\\/portrett-gr\u00e5tt-kvitt.jpg\",\"datePublished\":\"2016-03-18T18:21:23+00:00\",\"dateModified\":\"2017-01-15T09:19:51+00:00\",\"breadcrumb\":{\"@id\":\"https:\\\/\\\/diktardagar.no\\\/2019\\\/2016-aslaug-hoydal-fylt-100-ar\\\/#breadcrumb\"},\"inLanguage\":\"nb-NO\",\"potentialAction\":[{\"@type\":\"ReadAction\",\"target\":[\"https:\\\/\\\/diktardagar.no\\\/2019\\\/2016-aslaug-hoydal-fylt-100-ar\\\/\"]}]},{\"@type\":\"ImageObject\",\"inLanguage\":\"nb-NO\",\"@id\":\"https:\\\/\\\/diktardagar.no\\\/2019\\\/2016-aslaug-hoydal-fylt-100-ar\\\/#primaryimage\",\"url\":\"https:\\\/\\\/diktardagar.no\\\/2019\\\/wp-content\\\/uploads\\\/sites\\\/6\\\/2016\\\/04\\\/portrett-gr\u00e5tt-kvitt.jpg\",\"contentUrl\":\"https:\\\/\\\/diktardagar.no\\\/2019\\\/wp-content\\\/uploads\\\/sites\\\/6\\\/2016\\\/04\\\/portrett-gr\u00e5tt-kvitt.jpg\",\"width\":690,\"height\":846},{\"@type\":\"BreadcrumbList\",\"@id\":\"https:\\\/\\\/diktardagar.no\\\/2019\\\/2016-aslaug-hoydal-fylt-100-ar\\\/#breadcrumb\",\"itemListElement\":[{\"@type\":\"ListItem\",\"position\":1,\"name\":\"Hjem\",\"item\":\"https:\\\/\\\/diktardagar.no\\\/2019\\\/\"},{\"@type\":\"ListItem\",\"position\":2,\"name\":\"I 2016 ville Aslaug H\u00f8ydal fylt 100 \u00e5r\"}]},{\"@type\":\"WebSite\",\"@id\":\"https:\\\/\\\/diktardagar.no\\\/2019\\\/#website\",\"url\":\"https:\\\/\\\/diktardagar.no\\\/2019\\\/\",\"name\":\"Diktardagar 2019\",\"description\":\"\",\"potentialAction\":[{\"@type\":\"SearchAction\",\"target\":{\"@type\":\"EntryPoint\",\"urlTemplate\":\"https:\\\/\\\/diktardagar.no\\\/2019\\\/?s={search_term_string}\"},\"query-input\":{\"@type\":\"PropertyValueSpecification\",\"valueRequired\":true,\"valueName\":\"search_term_string\"}}],\"inLanguage\":\"nb-NO\"}]}<\/script>\n<!-- \/ Yoast SEO plugin. -->","yoast_head_json":{"title":"I 2016 ville Aslaug H\u00f8ydal fylt 100 \u00e5r - Diktardagar 2019","robots":{"index":"index","follow":"follow","max-snippet":"max-snippet:-1","max-image-preview":"max-image-preview:large","max-video-preview":"max-video-preview:-1"},"canonical":"https:\/\/diktardagar.no\/2019\/2016-aslaug-hoydal-fylt-100-ar\/","og_locale":"nb_NO","og_type":"article","og_title":"I 2016 ville Aslaug H\u00f8ydal fylt 100 \u00e5r - Diktardagar 2019","og_description":"Aslaug H\u00f8ydal (f\u00f8dd i Seljord 22. desember 1916, d\u00f8d i Skj\u00e5k 2007) var l\u00e6rar, forfattar og samfunnsdebattant. Einar Gotehus skriv i samandraget i si hovudoppg\u00e5ve om Aslaug H\u00f8ydal: \u00abAll diktinga hennar munnar ut i eit forsvar for dei veike og verjelause\u00bb. Dette er kjernen i livsverket hennar. Alt ber i seg m\u00e5let at det gode&hellip;","og_url":"https:\/\/diktardagar.no\/2019\/2016-aslaug-hoydal-fylt-100-ar\/","og_site_name":"Diktardagar 2019","article_modified_time":"2017-01-15T09:19:51+00:00","og_image":[{"width":690,"height":846,"url":"https:\/\/diktardagar.no\/2019\/wp-content\/uploads\/sites\/6\/2016\/04\/portrett-gr\u00e5tt-kvitt.jpg","type":"image\/jpeg"}],"twitter_card":"summary_large_image","twitter_misc":{"Ansl. lesetid":"1 minutt"},"schema":{"@context":"https:\/\/schema.org","@graph":[{"@type":"WebPage","@id":"https:\/\/diktardagar.no\/2019\/2016-aslaug-hoydal-fylt-100-ar\/","url":"https:\/\/diktardagar.no\/2019\/2016-aslaug-hoydal-fylt-100-ar\/","name":"I 2016 ville Aslaug H\u00f8ydal fylt 100 \u00e5r - Diktardagar 2019","isPartOf":{"@id":"https:\/\/diktardagar.no\/2019\/#website"},"primaryImageOfPage":{"@id":"https:\/\/diktardagar.no\/2019\/2016-aslaug-hoydal-fylt-100-ar\/#primaryimage"},"image":{"@id":"https:\/\/diktardagar.no\/2019\/2016-aslaug-hoydal-fylt-100-ar\/#primaryimage"},"thumbnailUrl":"https:\/\/diktardagar.no\/2019\/wp-content\/uploads\/sites\/6\/2016\/04\/portrett-gr\u00e5tt-kvitt.jpg","datePublished":"2016-03-18T18:21:23+00:00","dateModified":"2017-01-15T09:19:51+00:00","breadcrumb":{"@id":"https:\/\/diktardagar.no\/2019\/2016-aslaug-hoydal-fylt-100-ar\/#breadcrumb"},"inLanguage":"nb-NO","potentialAction":[{"@type":"ReadAction","target":["https:\/\/diktardagar.no\/2019\/2016-aslaug-hoydal-fylt-100-ar\/"]}]},{"@type":"ImageObject","inLanguage":"nb-NO","@id":"https:\/\/diktardagar.no\/2019\/2016-aslaug-hoydal-fylt-100-ar\/#primaryimage","url":"https:\/\/diktardagar.no\/2019\/wp-content\/uploads\/sites\/6\/2016\/04\/portrett-gr\u00e5tt-kvitt.jpg","contentUrl":"https:\/\/diktardagar.no\/2019\/wp-content\/uploads\/sites\/6\/2016\/04\/portrett-gr\u00e5tt-kvitt.jpg","width":690,"height":846},{"@type":"BreadcrumbList","@id":"https:\/\/diktardagar.no\/2019\/2016-aslaug-hoydal-fylt-100-ar\/#breadcrumb","itemListElement":[{"@type":"ListItem","position":1,"name":"Hjem","item":"https:\/\/diktardagar.no\/2019\/"},{"@type":"ListItem","position":2,"name":"I 2016 ville Aslaug H\u00f8ydal fylt 100 \u00e5r"}]},{"@type":"WebSite","@id":"https:\/\/diktardagar.no\/2019\/#website","url":"https:\/\/diktardagar.no\/2019\/","name":"Diktardagar 2019","description":"","potentialAction":[{"@type":"SearchAction","target":{"@type":"EntryPoint","urlTemplate":"https:\/\/diktardagar.no\/2019\/?s={search_term_string}"},"query-input":{"@type":"PropertyValueSpecification","valueRequired":true,"valueName":"search_term_string"}}],"inLanguage":"nb-NO"}]}},"_links":{"self":[{"href":"https:\/\/diktardagar.no\/2019\/wp-json\/wp\/v2\/pages\/1178","targetHints":{"allow":["GET"]}}],"collection":[{"href":"https:\/\/diktardagar.no\/2019\/wp-json\/wp\/v2\/pages"}],"about":[{"href":"https:\/\/diktardagar.no\/2019\/wp-json\/wp\/v2\/types\/page"}],"author":[{"embeddable":true,"href":"https:\/\/diktardagar.no\/2019\/wp-json\/wp\/v2\/users\/1"}],"replies":[{"embeddable":true,"href":"https:\/\/diktardagar.no\/2019\/wp-json\/wp\/v2\/comments?post=1178"}],"version-history":[{"count":5,"href":"https:\/\/diktardagar.no\/2019\/wp-json\/wp\/v2\/pages\/1178\/revisions"}],"predecessor-version":[{"id":1182,"href":"https:\/\/diktardagar.no\/2019\/wp-json\/wp\/v2\/pages\/1178\/revisions\/1182"}],"wp:featuredmedia":[{"embeddable":true,"href":"https:\/\/diktardagar.no\/2019\/wp-json\/wp\/v2\/media\/1181"}],"wp:attachment":[{"href":"https:\/\/diktardagar.no\/2019\/wp-json\/wp\/v2\/media?parent=1178"}],"curies":[{"name":"wp","href":"https:\/\/api.w.org\/{rel}","templated":true}]}}