{"id":209,"date":"2014-04-30T10:27:15","date_gmt":"2014-04-30T08:27:15","guid":{"rendered":"https:\/\/diktardagar.no\/2016\/?page_id=209"},"modified":"2014-04-30T10:27:15","modified_gmt":"2014-04-30T08:27:15","slug":"lom-folkebibliotek-diktardagkontor","status":"publish","type":"page","link":"https:\/\/diktardagar.no\/2016\/tidlegare\/diktardagar2015\/stadar-2015\/lom-folkebibliotek-diktardagkontor\/","title":{"rendered":"Lom folkebibliotek, Diktardagkontor"},"content":{"rendered":"<p><a href=\"https:\/\/diktardagar.no\/2016\/wp-content\/uploads\/sites\/10\/2014\/04\/loar.jpg\"><img loading=\"lazy\" decoding=\"async\" class=\"alignleft wp-image-210 size-medium\" src=\"https:\/\/diktardagar.no\/2016\/wp-content\/uploads\/sites\/10\/2014\/04\/loar-300x200.jpg\" alt=\"loar\" width=\"300\" height=\"200\" srcset=\"https:\/\/diktardagar.no\/2016\/wp-content\/uploads\/sites\/10\/2014\/04\/loar-300x200.jpg 300w, https:\/\/diktardagar.no\/2016\/wp-content\/uploads\/sites\/10\/2014\/04\/loar.jpg 999w\" sizes=\"auto, (max-width: 300px) 100vw, 300px\" \/><\/a>Lom folkebibliotek er stemnekontor under Diktardagane. Biblioteket ligg i den gamle hovudbygningen p\u00e5 prestegarden i Lom. Her ligg ogs\u00e5 stavkyrkjeutstilling, friviljugsentral, utsal av lokalt handverk og administrasjon av vidareg\u00e5ande skule. Lom folkebibliotek er eit sv\u00e6rt oppeg\u00e5ande bibliotek. Sj\u00e5 nettsida til biblioteket under kommunesida www.lom.kommune.no og fylg gjerne med i bloggen til dei tri vise kvinnene som styrer biblioteket <a href=\"http:\/\/3visekvinner.blogspot.com\" target=\"_blank\">http:\/\/3visekvinner.blogspot.com<\/a><\/p>\n","protected":false},"excerpt":{"rendered":"<p>Lom folkebibliotek er stemnekontor under Diktardagane. Biblioteket ligg i den gamle hovudbygningen p\u00e5 prestegarden i Lom. Her ligg ogs\u00e5 stavkyrkjeutstilling, friviljugsentral, utsal av lokalt handverk og administrasjon av vidareg\u00e5ande skule. Lom folkebibliotek er eit sv\u00e6rt oppeg\u00e5ande bibliotek. Sj\u00e5 nettsida til biblioteket under kommunesida www.lom.kommune.no og fylg gjerne med i bloggen til dei tri vise kvinnene&hellip;<\/p>\n","protected":false},"author":2,"featured_media":0,"parent":67,"menu_order":0,"comment_status":"closed","ping_status":"open","template":"","meta":{"footnotes":""},"class_list":["post-209","page","type-page","status-publish","hentry"],"yoast_head":"<!-- This site is optimized with the Yoast SEO plugin v27.4 - https:\/\/yoast.com\/product\/yoast-seo-wordpress\/ -->\n<title>Lom folkebibliotek, Diktardagkontor - Diktardagar 2016<\/title>\n<meta name=\"robots\" content=\"index, follow, max-snippet:-1, max-image-preview:large, max-video-preview:-1\" \/>\n<link rel=\"canonical\" href=\"https:\/\/diktardagar.no\/2016\/tidlegare\/diktardagar2015\/stadar-2015\/lom-folkebibliotek-diktardagkontor\/\" class=\"yoast-seo-meta-tag\" \/>\n<meta property=\"og:locale\" content=\"nb_NO\" class=\"yoast-seo-meta-tag\" \/>\n<meta property=\"og:type\" content=\"article\" class=\"yoast-seo-meta-tag\" \/>\n<meta property=\"og:title\" content=\"Lom folkebibliotek, Diktardagkontor - Diktardagar 2016\" class=\"yoast-seo-meta-tag\" \/>\n<meta property=\"og:description\" content=\"Lom folkebibliotek er stemnekontor under Diktardagane. Biblioteket ligg i den gamle hovudbygningen p\u00e5 prestegarden i Lom. Her ligg ogs\u00e5 stavkyrkjeutstilling, friviljugsentral, utsal av lokalt handverk og administrasjon av vidareg\u00e5ande skule. Lom folkebibliotek er eit sv\u00e6rt oppeg\u00e5ande bibliotek. Sj\u00e5 nettsida til biblioteket under kommunesida www.lom.kommune.no og fylg gjerne med i bloggen til dei tri vise kvinnene&hellip;\" class=\"yoast-seo-meta-tag\" \/>\n<meta property=\"og:url\" content=\"https:\/\/diktardagar.no\/2016\/tidlegare\/diktardagar2015\/stadar-2015\/lom-folkebibliotek-diktardagkontor\/\" class=\"yoast-seo-meta-tag\" \/>\n<meta property=\"og:site_name\" content=\"Diktardagar 2016\" class=\"yoast-seo-meta-tag\" \/>\n<meta property=\"og:image\" content=\"https:\/\/diktardagar.no\/2016\/wp-content\/uploads\/sites\/10\/2014\/04\/loar-300x200.jpg\" class=\"yoast-seo-meta-tag\" \/>\n<meta name=\"twitter:card\" content=\"summary_large_image\" class=\"yoast-seo-meta-tag\" \/>\n<script type=\"application\/ld+json\" class=\"yoast-schema-graph\">{\"@context\":\"https:\\\/\\\/schema.org\",\"@graph\":[{\"@type\":\"WebPage\",\"@id\":\"https:\\\/\\\/diktardagar.no\\\/2016\\\/tidlegare\\\/diktardagar2015\\\/stadar-2015\\\/lom-folkebibliotek-diktardagkontor\\\/\",\"url\":\"https:\\\/\\\/diktardagar.no\\\/2016\\\/tidlegare\\\/diktardagar2015\\\/stadar-2015\\\/lom-folkebibliotek-diktardagkontor\\\/\",\"name\":\"Lom folkebibliotek, Diktardagkontor - Diktardagar 2016\",\"isPartOf\":{\"@id\":\"https:\\\/\\\/diktardagar.no\\\/2016\\\/#website\"},\"primaryImageOfPage\":{\"@id\":\"https:\\\/\\\/diktardagar.no\\\/2016\\\/tidlegare\\\/diktardagar2015\\\/stadar-2015\\\/lom-folkebibliotek-diktardagkontor\\\/#primaryimage\"},\"image\":{\"@id\":\"https:\\\/\\\/diktardagar.no\\\/2016\\\/tidlegare\\\/diktardagar2015\\\/stadar-2015\\\/lom-folkebibliotek-diktardagkontor\\\/#primaryimage\"},\"thumbnailUrl\":\"https:\\\/\\\/diktardagar.no\\\/2016\\\/wp-content\\\/uploads\\\/sites\\\/10\\\/2014\\\/04\\\/loar-300x200.jpg\",\"datePublished\":\"2014-04-30T08:27:15+00:00\",\"breadcrumb\":{\"@id\":\"https:\\\/\\\/diktardagar.no\\\/2016\\\/tidlegare\\\/diktardagar2015\\\/stadar-2015\\\/lom-folkebibliotek-diktardagkontor\\\/#breadcrumb\"},\"inLanguage\":\"nb-NO\",\"potentialAction\":[{\"@type\":\"ReadAction\",\"target\":[\"https:\\\/\\\/diktardagar.no\\\/2016\\\/tidlegare\\\/diktardagar2015\\\/stadar-2015\\\/lom-folkebibliotek-diktardagkontor\\\/\"]}]},{\"@type\":\"ImageObject\",\"inLanguage\":\"nb-NO\",\"@id\":\"https:\\\/\\\/diktardagar.no\\\/2016\\\/tidlegare\\\/diktardagar2015\\\/stadar-2015\\\/lom-folkebibliotek-diktardagkontor\\\/#primaryimage\",\"url\":\"https:\\\/\\\/diktardagar.no\\\/2016\\\/wp-content\\\/uploads\\\/sites\\\/10\\\/2014\\\/04\\\/loar.jpg\",\"contentUrl\":\"https:\\\/\\\/diktardagar.no\\\/2016\\\/wp-content\\\/uploads\\\/sites\\\/10\\\/2014\\\/04\\\/loar.jpg\",\"width\":999,\"height\":669},{\"@type\":\"BreadcrumbList\",\"@id\":\"https:\\\/\\\/diktardagar.no\\\/2016\\\/tidlegare\\\/diktardagar2015\\\/stadar-2015\\\/lom-folkebibliotek-diktardagkontor\\\/#breadcrumb\",\"itemListElement\":[{\"@type\":\"ListItem\",\"position\":1,\"name\":\"Hjem\",\"item\":\"https:\\\/\\\/diktardagar.no\\\/2016\\\/\"},{\"@type\":\"ListItem\",\"position\":2,\"name\":\"Tidlegare diktardagar\",\"item\":\"https:\\\/\\\/diktardagar.no\\\/2016\\\/tidlegare\\\/\"},{\"@type\":\"ListItem\",\"position\":3,\"name\":\"Diktardagar 2015\",\"item\":\"https:\\\/\\\/diktardagar.no\\\/2016\\\/tidlegare\\\/diktardagar2015\\\/\"},{\"@type\":\"ListItem\",\"position\":4,\"name\":\"Stadar 2015\",\"item\":\"https:\\\/\\\/diktardagar.no\\\/2016\\\/tidlegare\\\/diktardagar2015\\\/stadar-2015\\\/\"},{\"@type\":\"ListItem\",\"position\":5,\"name\":\"Lom folkebibliotek, Diktardagkontor\"}]},{\"@type\":\"WebSite\",\"@id\":\"https:\\\/\\\/diktardagar.no\\\/2016\\\/#website\",\"url\":\"https:\\\/\\\/diktardagar.no\\\/2016\\\/\",\"name\":\"Diktardagar 2016\",\"description\":\"\",\"potentialAction\":[{\"@type\":\"SearchAction\",\"target\":{\"@type\":\"EntryPoint\",\"urlTemplate\":\"https:\\\/\\\/diktardagar.no\\\/2016\\\/?s={search_term_string}\"},\"query-input\":{\"@type\":\"PropertyValueSpecification\",\"valueRequired\":true,\"valueName\":\"search_term_string\"}}],\"inLanguage\":\"nb-NO\"}]}<\/script>\n<!-- \/ Yoast SEO plugin. -->","yoast_head_json":{"title":"Lom folkebibliotek, Diktardagkontor - Diktardagar 2016","robots":{"index":"index","follow":"follow","max-snippet":"max-snippet:-1","max-image-preview":"max-image-preview:large","max-video-preview":"max-video-preview:-1"},"canonical":"https:\/\/diktardagar.no\/2016\/tidlegare\/diktardagar2015\/stadar-2015\/lom-folkebibliotek-diktardagkontor\/","og_locale":"nb_NO","og_type":"article","og_title":"Lom folkebibliotek, Diktardagkontor - Diktardagar 2016","og_description":"Lom folkebibliotek er stemnekontor under Diktardagane. Biblioteket ligg i den gamle hovudbygningen p\u00e5 prestegarden i Lom. Her ligg ogs\u00e5 stavkyrkjeutstilling, friviljugsentral, utsal av lokalt handverk og administrasjon av vidareg\u00e5ande skule. Lom folkebibliotek er eit sv\u00e6rt oppeg\u00e5ande bibliotek. Sj\u00e5 nettsida til biblioteket under kommunesida www.lom.kommune.no og fylg gjerne med i bloggen til dei tri vise kvinnene&hellip;","og_url":"https:\/\/diktardagar.no\/2016\/tidlegare\/diktardagar2015\/stadar-2015\/lom-folkebibliotek-diktardagkontor\/","og_site_name":"Diktardagar 2016","og_image":[{"url":"https:\/\/diktardagar.no\/2016\/wp-content\/uploads\/sites\/10\/2014\/04\/loar-300x200.jpg","type":"","width":"","height":""}],"twitter_card":"summary_large_image","schema":{"@context":"https:\/\/schema.org","@graph":[{"@type":"WebPage","@id":"https:\/\/diktardagar.no\/2016\/tidlegare\/diktardagar2015\/stadar-2015\/lom-folkebibliotek-diktardagkontor\/","url":"https:\/\/diktardagar.no\/2016\/tidlegare\/diktardagar2015\/stadar-2015\/lom-folkebibliotek-diktardagkontor\/","name":"Lom folkebibliotek, Diktardagkontor - Diktardagar 2016","isPartOf":{"@id":"https:\/\/diktardagar.no\/2016\/#website"},"primaryImageOfPage":{"@id":"https:\/\/diktardagar.no\/2016\/tidlegare\/diktardagar2015\/stadar-2015\/lom-folkebibliotek-diktardagkontor\/#primaryimage"},"image":{"@id":"https:\/\/diktardagar.no\/2016\/tidlegare\/diktardagar2015\/stadar-2015\/lom-folkebibliotek-diktardagkontor\/#primaryimage"},"thumbnailUrl":"https:\/\/diktardagar.no\/2016\/wp-content\/uploads\/sites\/10\/2014\/04\/loar-300x200.jpg","datePublished":"2014-04-30T08:27:15+00:00","breadcrumb":{"@id":"https:\/\/diktardagar.no\/2016\/tidlegare\/diktardagar2015\/stadar-2015\/lom-folkebibliotek-diktardagkontor\/#breadcrumb"},"inLanguage":"nb-NO","potentialAction":[{"@type":"ReadAction","target":["https:\/\/diktardagar.no\/2016\/tidlegare\/diktardagar2015\/stadar-2015\/lom-folkebibliotek-diktardagkontor\/"]}]},{"@type":"ImageObject","inLanguage":"nb-NO","@id":"https:\/\/diktardagar.no\/2016\/tidlegare\/diktardagar2015\/stadar-2015\/lom-folkebibliotek-diktardagkontor\/#primaryimage","url":"https:\/\/diktardagar.no\/2016\/wp-content\/uploads\/sites\/10\/2014\/04\/loar.jpg","contentUrl":"https:\/\/diktardagar.no\/2016\/wp-content\/uploads\/sites\/10\/2014\/04\/loar.jpg","width":999,"height":669},{"@type":"BreadcrumbList","@id":"https:\/\/diktardagar.no\/2016\/tidlegare\/diktardagar2015\/stadar-2015\/lom-folkebibliotek-diktardagkontor\/#breadcrumb","itemListElement":[{"@type":"ListItem","position":1,"name":"Hjem","item":"https:\/\/diktardagar.no\/2016\/"},{"@type":"ListItem","position":2,"name":"Tidlegare diktardagar","item":"https:\/\/diktardagar.no\/2016\/tidlegare\/"},{"@type":"ListItem","position":3,"name":"Diktardagar 2015","item":"https:\/\/diktardagar.no\/2016\/tidlegare\/diktardagar2015\/"},{"@type":"ListItem","position":4,"name":"Stadar 2015","item":"https:\/\/diktardagar.no\/2016\/tidlegare\/diktardagar2015\/stadar-2015\/"},{"@type":"ListItem","position":5,"name":"Lom folkebibliotek, Diktardagkontor"}]},{"@type":"WebSite","@id":"https:\/\/diktardagar.no\/2016\/#website","url":"https:\/\/diktardagar.no\/2016\/","name":"Diktardagar 2016","description":"","potentialAction":[{"@type":"SearchAction","target":{"@type":"EntryPoint","urlTemplate":"https:\/\/diktardagar.no\/2016\/?s={search_term_string}"},"query-input":{"@type":"PropertyValueSpecification","valueRequired":true,"valueName":"search_term_string"}}],"inLanguage":"nb-NO"}]}},"_links":{"self":[{"href":"https:\/\/diktardagar.no\/2016\/wp-json\/wp\/v2\/pages\/209","targetHints":{"allow":["GET"]}}],"collection":[{"href":"https:\/\/diktardagar.no\/2016\/wp-json\/wp\/v2\/pages"}],"about":[{"href":"https:\/\/diktardagar.no\/2016\/wp-json\/wp\/v2\/types\/page"}],"author":[{"embeddable":true,"href":"https:\/\/diktardagar.no\/2016\/wp-json\/wp\/v2\/users\/2"}],"replies":[{"embeddable":true,"href":"https:\/\/diktardagar.no\/2016\/wp-json\/wp\/v2\/comments?post=209"}],"version-history":[{"count":1,"href":"https:\/\/diktardagar.no\/2016\/wp-json\/wp\/v2\/pages\/209\/revisions"}],"predecessor-version":[{"id":211,"href":"https:\/\/diktardagar.no\/2016\/wp-json\/wp\/v2\/pages\/209\/revisions\/211"}],"up":[{"embeddable":true,"href":"https:\/\/diktardagar.no\/2016\/wp-json\/wp\/v2\/pages\/67"}],"wp:attachment":[{"href":"https:\/\/diktardagar.no\/2016\/wp-json\/wp\/v2\/media?parent=209"}],"curies":[{"name":"wp","href":"https:\/\/api.w.org\/{rel}","templated":true}]}}