{"id":740,"date":"2015-07-09T16:27:26","date_gmt":"2015-07-09T14:27:26","guid":{"rendered":"https:\/\/diktardagar.no\/2015\/?page_id=740"},"modified":"2015-07-23T16:59:29","modified_gmt":"2015-07-23T14:59:29","slug":"ola-e-bo","status":"publish","type":"page","link":"https:\/\/diktardagar.no\/2015\/tidlegare\/diktardagar2015\/ola-e-bo\/","title":{"rendered":"Ola E B\u00f8"},"content":{"rendered":"<div id=\"attachment_741\" style=\"width: 243px\" class=\"wp-caption alignleft\"><a href=\"https:\/\/diktardagar.no\/2015\/wp-content\/uploads\/sites\/11\/2015\/07\/Ola-E.-B\u00f8.jpg\"><img loading=\"lazy\" decoding=\"async\" aria-describedby=\"caption-attachment-741\" class=\"size-medium wp-image-741\" src=\"https:\/\/diktardagar.no\/2015\/wp-content\/uploads\/sites\/11\/2015\/07\/Ola-E.-B\u00f8-233x300.jpg\" alt=\"OLA E B\u00d8 Foto: multinorsk.no\" width=\"233\" height=\"300\" srcset=\"https:\/\/diktardagar.no\/2015\/wp-content\/uploads\/sites\/11\/2015\/07\/Ola-E.-B\u00f8-233x300.jpg 233w, https:\/\/diktardagar.no\/2015\/wp-content\/uploads\/sites\/11\/2015\/07\/Ola-E.-B\u00f8-797x1024.jpg 797w, https:\/\/diktardagar.no\/2015\/wp-content\/uploads\/sites\/11\/2015\/07\/Ola-E.-B\u00f8.jpg 900w\" sizes=\"auto, (max-width: 233px) 100vw, 233px\" \/><\/a><p id=\"caption-attachment-741\" class=\"wp-caption-text\">OLA E B\u00d8<br \/>Foto: multinorsk.no<\/p><\/div>\n<p>Ola E. B\u00f8 er f\u00f8dd i Kristiansand 1. september 1948. Han er dramaturg, har vore programmedarbeidar i NRK fr\u00e5 1981 &#8211; 1982, dagleg leiar i plateselskapet P\u00e5 Norsk fr\u00e5 1982 &#8211; 1985 og programmedarbeidar i NRK P2 1985 &#8211; 1990. Sidan 1991 har han vore dramaturg og spr\u00e5krettleiar ved Det Norske Teatret. Fr\u00e5 1984 &#8211; 1986 var han leiar i Noregs M\u00e5llag. Han var \u00f2g blant dei fremste i arbeidet med \u00e5 utvikle og realisere planane om Ivar Aasen-tunet. Under Diktardagar deltek han p\u00e5 seminaret med foredraget <em>Fr\u00e5 syngjespel til musikalar<\/em>.<\/p>\n","protected":false},"excerpt":{"rendered":"<p>Ola E. B\u00f8 er f\u00f8dd i Kristiansand 1. september 1948. Han er dramaturg, har vore programmedarbeidar i NRK fr\u00e5 1981 &#8211; 1982, dagleg leiar i plateselskapet P\u00e5 Norsk fr\u00e5 1982 &#8211; 1985 og programmedarbeidar i NRK P2 1985 &#8211; 1990. Sidan 1991 har han vore dramaturg og spr\u00e5krettleiar ved Det Norske Teatret. Fr\u00e5 1984 &#8211;&hellip;<\/p>\n","protected":false},"author":1,"featured_media":741,"parent":45,"menu_order":14,"comment_status":"closed","ping_status":"open","template":"","meta":{"footnotes":""},"class_list":["post-740","page","type-page","status-publish","has-post-thumbnail","hentry"],"yoast_head":"<!-- This site is optimized with the Yoast SEO plugin v27.3 - https:\/\/yoast.com\/product\/yoast-seo-wordpress\/ -->\n<title>Ola E B\u00f8 - Diktardagar 2015<\/title>\n<meta name=\"robots\" content=\"index, follow, max-snippet:-1, max-image-preview:large, max-video-preview:-1\" \/>\n<link rel=\"canonical\" href=\"https:\/\/diktardagar.no\/2015\/tidlegare\/diktardagar2015\/ola-e-bo\/\" class=\"yoast-seo-meta-tag\" \/>\n<meta property=\"og:locale\" content=\"nb_NO\" class=\"yoast-seo-meta-tag\" \/>\n<meta property=\"og:type\" content=\"article\" class=\"yoast-seo-meta-tag\" \/>\n<meta property=\"og:title\" content=\"Ola E B\u00f8 - Diktardagar 2015\" class=\"yoast-seo-meta-tag\" \/>\n<meta property=\"og:description\" content=\"Ola E. B\u00f8 er f\u00f8dd i Kristiansand 1. september 1948. Han er dramaturg, har vore programmedarbeidar i NRK fr\u00e5 1981 &#8211; 1982, dagleg leiar i plateselskapet P\u00e5 Norsk fr\u00e5 1982 &#8211; 1985 og programmedarbeidar i NRK P2 1985 &#8211; 1990. Sidan 1991 har han vore dramaturg og spr\u00e5krettleiar ved Det Norske Teatret. Fr\u00e5 1984 &#8211;&hellip;\" class=\"yoast-seo-meta-tag\" \/>\n<meta property=\"og:url\" content=\"https:\/\/diktardagar.no\/2015\/tidlegare\/diktardagar2015\/ola-e-bo\/\" class=\"yoast-seo-meta-tag\" \/>\n<meta property=\"og:site_name\" content=\"Diktardagar 2015\" class=\"yoast-seo-meta-tag\" \/>\n<meta property=\"article:modified_time\" content=\"2015-07-23T14:59:29+00:00\" class=\"yoast-seo-meta-tag\" \/>\n<meta property=\"og:image\" content=\"https:\/\/diktardagar.no\/2015\/wp-content\/uploads\/sites\/11\/2015\/07\/Ola-E.-B\u00f8.jpg\" class=\"yoast-seo-meta-tag\" \/>\n\t<meta property=\"og:image:width\" content=\"900\" class=\"yoast-seo-meta-tag\" \/>\n\t<meta property=\"og:image:height\" content=\"1157\" class=\"yoast-seo-meta-tag\" \/>\n\t<meta property=\"og:image:type\" content=\"image\/jpeg\" class=\"yoast-seo-meta-tag\" \/>\n<meta name=\"twitter:card\" content=\"summary_large_image\" class=\"yoast-seo-meta-tag\" \/>\n<script type=\"application\/ld+json\" class=\"yoast-schema-graph\">{\"@context\":\"https:\\\/\\\/schema.org\",\"@graph\":[{\"@type\":\"WebPage\",\"@id\":\"https:\\\/\\\/diktardagar.no\\\/2015\\\/tidlegare\\\/diktardagar2015\\\/ola-e-bo\\\/\",\"url\":\"https:\\\/\\\/diktardagar.no\\\/2015\\\/tidlegare\\\/diktardagar2015\\\/ola-e-bo\\\/\",\"name\":\"Ola E B\u00f8 - Diktardagar 2015\",\"isPartOf\":{\"@id\":\"https:\\\/\\\/diktardagar.no\\\/2015\\\/#website\"},\"primaryImageOfPage\":{\"@id\":\"https:\\\/\\\/diktardagar.no\\\/2015\\\/tidlegare\\\/diktardagar2015\\\/ola-e-bo\\\/#primaryimage\"},\"image\":{\"@id\":\"https:\\\/\\\/diktardagar.no\\\/2015\\\/tidlegare\\\/diktardagar2015\\\/ola-e-bo\\\/#primaryimage\"},\"thumbnailUrl\":\"https:\\\/\\\/diktardagar.no\\\/2015\\\/wp-content\\\/uploads\\\/sites\\\/11\\\/2015\\\/07\\\/Ola-E.-B\u00f8.jpg\",\"datePublished\":\"2015-07-09T14:27:26+00:00\",\"dateModified\":\"2015-07-23T14:59:29+00:00\",\"breadcrumb\":{\"@id\":\"https:\\\/\\\/diktardagar.no\\\/2015\\\/tidlegare\\\/diktardagar2015\\\/ola-e-bo\\\/#breadcrumb\"},\"inLanguage\":\"nb-NO\",\"potentialAction\":[{\"@type\":\"ReadAction\",\"target\":[\"https:\\\/\\\/diktardagar.no\\\/2015\\\/tidlegare\\\/diktardagar2015\\\/ola-e-bo\\\/\"]}]},{\"@type\":\"ImageObject\",\"inLanguage\":\"nb-NO\",\"@id\":\"https:\\\/\\\/diktardagar.no\\\/2015\\\/tidlegare\\\/diktardagar2015\\\/ola-e-bo\\\/#primaryimage\",\"url\":\"https:\\\/\\\/diktardagar.no\\\/2015\\\/wp-content\\\/uploads\\\/sites\\\/11\\\/2015\\\/07\\\/Ola-E.-B\u00f8.jpg\",\"contentUrl\":\"https:\\\/\\\/diktardagar.no\\\/2015\\\/wp-content\\\/uploads\\\/sites\\\/11\\\/2015\\\/07\\\/Ola-E.-B\u00f8.jpg\",\"width\":900,\"height\":1157,\"caption\":\"OLA E B\u00d8 Foto: multinorsk.no\"},{\"@type\":\"BreadcrumbList\",\"@id\":\"https:\\\/\\\/diktardagar.no\\\/2015\\\/tidlegare\\\/diktardagar2015\\\/ola-e-bo\\\/#breadcrumb\",\"itemListElement\":[{\"@type\":\"ListItem\",\"position\":1,\"name\":\"Hjem\",\"item\":\"https:\\\/\\\/diktardagar.no\\\/2015\\\/\"},{\"@type\":\"ListItem\",\"position\":2,\"name\":\"Tidlegare diktardagar\",\"item\":\"https:\\\/\\\/diktardagar.no\\\/2015\\\/tidlegare\\\/\"},{\"@type\":\"ListItem\",\"position\":3,\"name\":\"Diktardagar 2015\",\"item\":\"https:\\\/\\\/diktardagar.no\\\/2015\\\/tidlegare\\\/diktardagar2015\\\/\"},{\"@type\":\"ListItem\",\"position\":4,\"name\":\"Ola E B\u00f8\"}]},{\"@type\":\"WebSite\",\"@id\":\"https:\\\/\\\/diktardagar.no\\\/2015\\\/#website\",\"url\":\"https:\\\/\\\/diktardagar.no\\\/2015\\\/\",\"name\":\"Diktardagar 2015\",\"description\":\"\",\"potentialAction\":[{\"@type\":\"SearchAction\",\"target\":{\"@type\":\"EntryPoint\",\"urlTemplate\":\"https:\\\/\\\/diktardagar.no\\\/2015\\\/?s={search_term_string}\"},\"query-input\":{\"@type\":\"PropertyValueSpecification\",\"valueRequired\":true,\"valueName\":\"search_term_string\"}}],\"inLanguage\":\"nb-NO\"}]}<\/script>\n<!-- \/ Yoast SEO plugin. -->","yoast_head_json":{"title":"Ola E B\u00f8 - Diktardagar 2015","robots":{"index":"index","follow":"follow","max-snippet":"max-snippet:-1","max-image-preview":"max-image-preview:large","max-video-preview":"max-video-preview:-1"},"canonical":"https:\/\/diktardagar.no\/2015\/tidlegare\/diktardagar2015\/ola-e-bo\/","og_locale":"nb_NO","og_type":"article","og_title":"Ola E B\u00f8 - Diktardagar 2015","og_description":"Ola E. B\u00f8 er f\u00f8dd i Kristiansand 1. september 1948. Han er dramaturg, har vore programmedarbeidar i NRK fr\u00e5 1981 &#8211; 1982, dagleg leiar i plateselskapet P\u00e5 Norsk fr\u00e5 1982 &#8211; 1985 og programmedarbeidar i NRK P2 1985 &#8211; 1990. Sidan 1991 har han vore dramaturg og spr\u00e5krettleiar ved Det Norske Teatret. Fr\u00e5 1984 &#8211;&hellip;","og_url":"https:\/\/diktardagar.no\/2015\/tidlegare\/diktardagar2015\/ola-e-bo\/","og_site_name":"Diktardagar 2015","article_modified_time":"2015-07-23T14:59:29+00:00","og_image":[{"width":900,"height":1157,"url":"https:\/\/diktardagar.no\/2015\/wp-content\/uploads\/sites\/11\/2015\/07\/Ola-E.-B\u00f8.jpg","type":"image\/jpeg"}],"twitter_card":"summary_large_image","schema":{"@context":"https:\/\/schema.org","@graph":[{"@type":"WebPage","@id":"https:\/\/diktardagar.no\/2015\/tidlegare\/diktardagar2015\/ola-e-bo\/","url":"https:\/\/diktardagar.no\/2015\/tidlegare\/diktardagar2015\/ola-e-bo\/","name":"Ola E B\u00f8 - Diktardagar 2015","isPartOf":{"@id":"https:\/\/diktardagar.no\/2015\/#website"},"primaryImageOfPage":{"@id":"https:\/\/diktardagar.no\/2015\/tidlegare\/diktardagar2015\/ola-e-bo\/#primaryimage"},"image":{"@id":"https:\/\/diktardagar.no\/2015\/tidlegare\/diktardagar2015\/ola-e-bo\/#primaryimage"},"thumbnailUrl":"https:\/\/diktardagar.no\/2015\/wp-content\/uploads\/sites\/11\/2015\/07\/Ola-E.-B\u00f8.jpg","datePublished":"2015-07-09T14:27:26+00:00","dateModified":"2015-07-23T14:59:29+00:00","breadcrumb":{"@id":"https:\/\/diktardagar.no\/2015\/tidlegare\/diktardagar2015\/ola-e-bo\/#breadcrumb"},"inLanguage":"nb-NO","potentialAction":[{"@type":"ReadAction","target":["https:\/\/diktardagar.no\/2015\/tidlegare\/diktardagar2015\/ola-e-bo\/"]}]},{"@type":"ImageObject","inLanguage":"nb-NO","@id":"https:\/\/diktardagar.no\/2015\/tidlegare\/diktardagar2015\/ola-e-bo\/#primaryimage","url":"https:\/\/diktardagar.no\/2015\/wp-content\/uploads\/sites\/11\/2015\/07\/Ola-E.-B\u00f8.jpg","contentUrl":"https:\/\/diktardagar.no\/2015\/wp-content\/uploads\/sites\/11\/2015\/07\/Ola-E.-B\u00f8.jpg","width":900,"height":1157,"caption":"OLA E B\u00d8 Foto: multinorsk.no"},{"@type":"BreadcrumbList","@id":"https:\/\/diktardagar.no\/2015\/tidlegare\/diktardagar2015\/ola-e-bo\/#breadcrumb","itemListElement":[{"@type":"ListItem","position":1,"name":"Hjem","item":"https:\/\/diktardagar.no\/2015\/"},{"@type":"ListItem","position":2,"name":"Tidlegare diktardagar","item":"https:\/\/diktardagar.no\/2015\/tidlegare\/"},{"@type":"ListItem","position":3,"name":"Diktardagar 2015","item":"https:\/\/diktardagar.no\/2015\/tidlegare\/diktardagar2015\/"},{"@type":"ListItem","position":4,"name":"Ola E B\u00f8"}]},{"@type":"WebSite","@id":"https:\/\/diktardagar.no\/2015\/#website","url":"https:\/\/diktardagar.no\/2015\/","name":"Diktardagar 2015","description":"","potentialAction":[{"@type":"SearchAction","target":{"@type":"EntryPoint","urlTemplate":"https:\/\/diktardagar.no\/2015\/?s={search_term_string}"},"query-input":{"@type":"PropertyValueSpecification","valueRequired":true,"valueName":"search_term_string"}}],"inLanguage":"nb-NO"}]}},"_links":{"self":[{"href":"https:\/\/diktardagar.no\/2015\/wp-json\/wp\/v2\/pages\/740","targetHints":{"allow":["GET"]}}],"collection":[{"href":"https:\/\/diktardagar.no\/2015\/wp-json\/wp\/v2\/pages"}],"about":[{"href":"https:\/\/diktardagar.no\/2015\/wp-json\/wp\/v2\/types\/page"}],"author":[{"embeddable":true,"href":"https:\/\/diktardagar.no\/2015\/wp-json\/wp\/v2\/users\/1"}],"replies":[{"embeddable":true,"href":"https:\/\/diktardagar.no\/2015\/wp-json\/wp\/v2\/comments?post=740"}],"version-history":[{"count":3,"href":"https:\/\/diktardagar.no\/2015\/wp-json\/wp\/v2\/pages\/740\/revisions"}],"predecessor-version":[{"id":850,"href":"https:\/\/diktardagar.no\/2015\/wp-json\/wp\/v2\/pages\/740\/revisions\/850"}],"up":[{"embeddable":true,"href":"https:\/\/diktardagar.no\/2015\/wp-json\/wp\/v2\/pages\/45"}],"wp:featuredmedia":[{"embeddable":true,"href":"https:\/\/diktardagar.no\/2015\/wp-json\/wp\/v2\/media\/741"}],"wp:attachment":[{"href":"https:\/\/diktardagar.no\/2015\/wp-json\/wp\/v2\/media?parent=740"}],"curies":[{"name":"wp","href":"https:\/\/api.w.org\/{rel}","templated":true}]}}