{"id":2782,"date":"2019-06-14T13:24:45","date_gmt":"2019-06-14T11:24:45","guid":{"rendered":"https:\/\/diktardagar.no\/2015\/?page_id=2782"},"modified":"2020-11-19T07:56:56","modified_gmt":"2020-11-19T06:56:56","slug":"stadane","status":"publish","type":"page","link":"https:\/\/diktardagar.no\/2015\/stadane\/","title":{"rendered":"Stadane"},"content":{"rendered":"\n\n\t\t\t<a href=\"https:\/\/diktardagar.no\/2015\/\" target=\"_self\" role=\"button\" rel=\"noopener noreferrer\">\n\t\t\t\t\t\t\tNeste diktardagar\n\t\t\t\t\t<\/a>\n\t\t\t<a href=\"https:\/\/diktardagar.no\/2015\/tidlegare\/\" target=\"_self\" role=\"button\" rel=\"noopener noreferrer\">\n\t\t\t\t\t\t\tTidligare diktardagar\n\t\t\t\t\t<\/a>\n<h2>\n\t\tSponsorer\n\t<\/h2>\n\t\r\n\r\n<div class=\"sponsor-fremhevet\">\r\n\t\r\n\t<a href=\"https:\/\/innlandetfylke.no\/\" target=\"_blank\" rel=\"noopener noreferrer\">\r\n\t\r\n\t\t<img loading=\"lazy\" decoding=\"async\" width=\"300\" height=\"88\" src=\"https:\/\/diktardagar.no\/2015\/wp-content\/uploads\/sites\/11\/2019\/05\/Innlandet_fylkeskommune_liggende_pos_RGB-300x88.jpg\" class=\"attachment-medium size-medium\" alt=\"\" srcset=\"https:\/\/diktardagar.no\/2015\/wp-content\/uploads\/sites\/11\/2019\/05\/Innlandet_fylkeskommune_liggende_pos_RGB-300x88.jpg 300w, https:\/\/diktardagar.no\/2015\/wp-content\/uploads\/sites\/11\/2019\/05\/Innlandet_fylkeskommune_liggende_pos_RGB.jpg 596w\" sizes=\"auto, (max-width: 300px) 100vw, 300px\" \/>\r\n\t\r\n\t<\/a>\r\n\t\r\n<\/div>\r\n\r\n\r\n\r\n<div class=\"sponsor-fremhevet\">\r\n\t\r\n\t<a href=\"http:\/\/kulturradet.no\/\" target=\"_blank\" rel=\"noopener noreferrer\">\r\n\t\r\n\t\t<img loading=\"lazy\" decoding=\"async\" width=\"300\" height=\"268\" src=\"https:\/\/diktardagar.no\/2015\/wp-content\/uploads\/sites\/11\/2014\/07\/kulturr\u00e5d-300x268.png\" class=\"attachment-medium size-medium\" alt=\"kulturr\u00e5d\" srcset=\"https:\/\/diktardagar.no\/2015\/wp-content\/uploads\/sites\/11\/2014\/07\/kulturr\u00e5d-300x268.png 300w, https:\/\/diktardagar.no\/2015\/wp-content\/uploads\/sites\/11\/2014\/07\/kulturr\u00e5d-1024x915.png 1024w, https:\/\/diktardagar.no\/2015\/wp-content\/uploads\/sites\/11\/2014\/07\/kulturr\u00e5d.png 1409w\" sizes=\"auto, (max-width: 300px) 100vw, 300px\" \/>\r\n\t\r\n\t<\/a>\r\n\t\r\n<\/div>\r\n\r\n\r\n\r\n<div class=\"sponsor-fremhevet\">\r\n\t\r\n\t<a href=\"http:\/\/www.nord-gudbrandsdal.no\/\" target=\"_blank\" rel=\"noopener noreferrer\">\r\n\t\r\n\t\t<img loading=\"lazy\" decoding=\"async\" width=\"300\" height=\"169\" src=\"https:\/\/diktardagar.no\/2015\/wp-content\/uploads\/sites\/11\/2014\/07\/regr\u00e5d-300x169.png\" class=\"attachment-medium size-medium\" alt=\"\" srcset=\"https:\/\/diktardagar.no\/2015\/wp-content\/uploads\/sites\/11\/2014\/07\/regr\u00e5d-300x169.png 300w, https:\/\/diktardagar.no\/2015\/wp-content\/uploads\/sites\/11\/2014\/07\/regr\u00e5d.png 886w\" sizes=\"auto, (max-width: 300px) 100vw, 300px\" \/>\r\n\t\r\n\t<\/a>\r\n\t\r\n<\/div>\r\n\r\n\r\n\r\n<div class=\"sponsor-fremhevet\">\r\n\t\r\n\t<a href=\"https:\/\/www.sparebank1.no\/lom-skjaak\/privat.html\" target=\"_blank\" rel=\"noopener noreferrer\">\r\n\t\r\n\t\t<img loading=\"lazy\" decoding=\"async\" width=\"300\" height=\"89\" src=\"https:\/\/diktardagar.no\/2015\/wp-content\/uploads\/sites\/11\/2017\/01\/Spb1LSlogo-300x89.jpg\" class=\"attachment-medium size-medium\" alt=\"Spb1LSlogo\" srcset=\"https:\/\/diktardagar.no\/2015\/wp-content\/uploads\/sites\/11\/2017\/01\/Spb1LSlogo-300x89.jpg 300w, https:\/\/diktardagar.no\/2015\/wp-content\/uploads\/sites\/11\/2017\/01\/Spb1LSlogo.jpg 414w\" sizes=\"auto, (max-width: 300px) 100vw, 300px\" \/>\r\n\t\r\n\t<\/a>\r\n\t\r\n<\/div>\r\n\r\n\r\n\r\n<div class=\"sponsor-fremhevet\">\r\n\t\r\n\t<a href=\"http:\/\/lom.kommune.no\/\" target=\"_blank\" rel=\"noopener noreferrer\">\r\n\t\r\n\t\t<img loading=\"lazy\" decoding=\"async\" width=\"300\" height=\"102\" src=\"https:\/\/diktardagar.no\/2015\/wp-content\/uploads\/sites\/11\/2014\/07\/lom-kommune-300x102.png\" class=\"attachment-medium size-medium\" alt=\"\" srcset=\"https:\/\/diktardagar.no\/2015\/wp-content\/uploads\/sites\/11\/2014\/07\/lom-kommune-300x102.png 300w, https:\/\/diktardagar.no\/2015\/wp-content\/uploads\/sites\/11\/2014\/07\/lom-kommune-1024x348.png 1024w, https:\/\/diktardagar.no\/2015\/wp-content\/uploads\/sites\/11\/2014\/07\/lom-kommune.png 1181w\" sizes=\"auto, (max-width: 300px) 100vw, 300px\" \/>\r\n\t\r\n\t<\/a>\r\n\t\r\n<\/div>\r\n\r\n\r\n\r\n<div class=\"sponsor-fremhevet\">\r\n\t\r\n\t<a href=\"http:\/\/www.skjaak.kommune.no\/\" target=\"_blank\" rel=\"noopener noreferrer\">\r\n\t\r\n\t\t<img loading=\"lazy\" decoding=\"async\" width=\"300\" height=\"147\" src=\"https:\/\/diktardagar.no\/2015\/wp-content\/uploads\/sites\/11\/2015\/07\/skjaak_logo_1-300x147.png\" class=\"attachment-medium size-medium\" alt=\"skjaak_logo\" srcset=\"https:\/\/diktardagar.no\/2015\/wp-content\/uploads\/sites\/11\/2015\/07\/skjaak_logo_1-300x147.png 300w, https:\/\/diktardagar.no\/2015\/wp-content\/uploads\/sites\/11\/2015\/07\/skjaak_logo_1.png 987w\" sizes=\"auto, (max-width: 300px) 100vw, 300px\" \/>\r\n\t\r\n\t<\/a>\r\n\t\r\n<\/div>\r\n\r\n\r\n\r\n<div class=\"sponsor-fremhevet\">\r\n\t\r\n\t<a href=\"http:\/\/www.nm.no\/\" target=\"_blank\" rel=\"noopener noreferrer\">\r\n\t\r\n\t\t<img loading=\"lazy\" decoding=\"async\" width=\"300\" height=\"276\" src=\"https:\/\/diktardagar.no\/2015\/wp-content\/uploads\/sites\/11\/2019\/06\/nm_logo_farge1-300x276.jpg\" class=\"attachment-medium size-medium\" alt=\"\" srcset=\"https:\/\/diktardagar.no\/2015\/wp-content\/uploads\/sites\/11\/2019\/06\/nm_logo_farge1-300x276.jpg 300w, https:\/\/diktardagar.no\/2015\/wp-content\/uploads\/sites\/11\/2019\/06\/nm_logo_farge1-768x707.jpg 768w, https:\/\/diktardagar.no\/2015\/wp-content\/uploads\/sites\/11\/2019\/06\/nm_logo_farge1-1024x943.jpg 1024w, https:\/\/diktardagar.no\/2015\/wp-content\/uploads\/sites\/11\/2019\/06\/nm_logo_farge1.jpg 1026w\" sizes=\"auto, (max-width: 300px) 100vw, 300px\" \/>\r\n\t\r\n\t<\/a>\r\n\t\r\n<\/div>\r\n\r\n\r\n\r\n<div class=\"sponsor-fremhevet\">\r\n\t\r\n\t<a href=\"http:\/\/www.fritt-ord.no\/\" target=\"_blank\" rel=\"noopener noreferrer\">\r\n\t\r\n\t\t<img loading=\"lazy\" decoding=\"async\" width=\"266\" height=\"300\" src=\"https:\/\/diktardagar.no\/2015\/wp-content\/uploads\/sites\/11\/2014\/07\/fritt-ord-266x300.png\" class=\"attachment-medium size-medium\" alt=\"fritt ord\" srcset=\"https:\/\/diktardagar.no\/2015\/wp-content\/uploads\/sites\/11\/2014\/07\/fritt-ord-266x300.png 266w, https:\/\/diktardagar.no\/2015\/wp-content\/uploads\/sites\/11\/2014\/07\/fritt-ord.png 713w\" sizes=\"auto, (max-width: 266px) 100vw, 266px\" \/>\r\n\t\r\n\t<\/a>\r\n\t\r\n<\/div>\r\n\r\n\r\n\r\n<div class=\"sponsor-fremhevet\">\r\n\t\r\n\t<a href=\"http:\/\/www.g-kultur.no\/\" target=\"_blank\" rel=\"noopener noreferrer\">\r\n\t\r\n\t\t<img loading=\"lazy\" decoding=\"async\" width=\"300\" height=\"108\" src=\"https:\/\/diktardagar.no\/2015\/wp-content\/uploads\/sites\/11\/2017\/06\/stifting_g-kultur-naturgroenn_1692x611-300x108.jpg\" class=\"attachment-medium size-medium\" alt=\"Stiftinga G-KULTUR logo\" srcset=\"https:\/\/diktardagar.no\/2015\/wp-content\/uploads\/sites\/11\/2017\/06\/stifting_g-kultur-naturgroenn_1692x611-300x108.jpg 300w, https:\/\/diktardagar.no\/2015\/wp-content\/uploads\/sites\/11\/2017\/06\/stifting_g-kultur-naturgroenn_1692x611-768x277.jpg 768w, https:\/\/diktardagar.no\/2015\/wp-content\/uploads\/sites\/11\/2017\/06\/stifting_g-kultur-naturgroenn_1692x611-1024x370.jpg 1024w, https:\/\/diktardagar.no\/2015\/wp-content\/uploads\/sites\/11\/2017\/06\/stifting_g-kultur-naturgroenn_1692x611-1080x390.jpg 1080w, https:\/\/diktardagar.no\/2015\/wp-content\/uploads\/sites\/11\/2017\/06\/stifting_g-kultur-naturgroenn_1692x611.jpg 1692w\" sizes=\"auto, (max-width: 300px) 100vw, 300px\" \/>\r\n\t\r\n\t<\/a>\r\n\t\r\n<\/div>\r\n\r\n\r\n\r\n<div class=\"sponsor-fremhevet\">\r\n\t\r\n\t<a href=\"http:\/\/www.vaga.kommune.no\/\" target=\"_blank\" rel=\"noopener noreferrer\">\r\n\t\r\n\t\t<img loading=\"lazy\" decoding=\"async\" width=\"300\" height=\"95\" src=\"https:\/\/diktardagar.no\/2015\/wp-content\/uploads\/sites\/11\/2015\/07\/Kommunelogo1-v\u00e5g\u00e5-5405-4f-300x95.png\" class=\"attachment-medium size-medium\" alt=\"\" srcset=\"https:\/\/diktardagar.no\/2015\/wp-content\/uploads\/sites\/11\/2015\/07\/Kommunelogo1-v\u00e5g\u00e5-5405-4f-300x95.png 300w, https:\/\/diktardagar.no\/2015\/wp-content\/uploads\/sites\/11\/2015\/07\/Kommunelogo1-v\u00e5g\u00e5-5405-4f.png 525w\" sizes=\"auto, (max-width: 300px) 100vw, 300px\" \/>\r\n\t\r\n\t<\/a>\r\n\t\r\n<\/div>\r\n\r\n\r\n\r\n\r\n\r\n<div class=\"sponsor-fremhevet\">\r\n\t\r\n\t<a href=\"http:\/\/www.forfattersentrum.no\/\" target=\"_blank\" rel=\"noopener noreferrer\">\r\n\t\r\n\t\t<img loading=\"lazy\" decoding=\"async\" width=\"300\" height=\"132\" src=\"https:\/\/diktardagar.no\/2015\/wp-content\/uploads\/sites\/11\/2018\/06\/norsk_forfattersentrum_logo-300x132.png\" class=\"attachment-medium size-medium\" alt=\"\" srcset=\"https:\/\/diktardagar.no\/2015\/wp-content\/uploads\/sites\/11\/2018\/06\/norsk_forfattersentrum_logo-300x132.png 300w, https:\/\/diktardagar.no\/2015\/wp-content\/uploads\/sites\/11\/2018\/06\/norsk_forfattersentrum_logo.png 339w\" sizes=\"auto, (max-width: 300px) 100vw, 300px\" \/>\r\n\t\r\n\t<\/a>\r\n\t\r\n<\/div>\r\n\r\n\r\n\r\n\r\n\r\n\n<h2>\n\t\tTakk \u00f2g til\n\t<\/h2>\n\t\r\n\r\n\r\n\r\n\r\n\r\n\r\n\r\n\r\n\r\n\r\n\r\n\r\n\r\n\r\n\r\n\r\n\r\n\r\n\r\n\r\n\r\n<div class=\"sponsor-takk\">\r\n\t\r\n\t<a href=\"https:\/\/samlaget.no\/\" target=\"_blank\" rel=\"noopener noreferrer\">\r\n\t\r\n\t\tSamlaget\r\n\t\r\n\t<\/a>\r\n\t\r\n<\/div>\r\n\r\n\r\n\r\n\r\n\r\n<div class=\"sponsor-takk\">\r\n\t\r\n\t\tOttadalen M\u00f8lle\r\n\t\r\n<\/div>\r\n\r\n\r\n\r\n<div class=\"sponsor-takk\">\r\n\t\r\n\t\tFjell &#038; Fritid\r\n\t\r\n<\/div>\r\n\r\n\r\n\r\n<div class=\"sponsor-takk\">\r\n\t\r\n\t\tFossberg Hotell\r\n\t\r\n<\/div>\r\n\r\n\r\n\r\n<div class=\"sponsor-takk\">\r\n\t\r\n\t<a href=\"http:\/\/fossheimsteinsenter.no\/\" target=\"_blank\" rel=\"noopener noreferrer\">\r\n\t\r\n\t\tFossheim Steinsenter\r\n\t\r\n\t<\/a>\r\n\t\r\n<\/div>\r\n\r\n\r\n\r\n<div class=\"sponsor-takk\">\r\n\t\r\n\t\tFossheim Hotell\r\n\t\r\n<\/div>\r\n\r\n\r\n\r\n<div class=\"sponsor-takk\">\r\n\t\r\n\t\tNordal Eiendom\r\n\t\r\n<\/div>\r\n\r\n\r\n\r\n<div class=\"sponsor-takk\">\r\n\t\r\n\t\tKiwi\r\n\t\r\n<\/div>\r\n\r\n\r\n\r\n<div class=\"sponsor-takk\">\r\n\t\r\n\t\tStokk &#038; Stein\r\n\t\r\n<\/div>\r\n\r\n\r\n\r\n<div class=\"sponsor-takk\">\r\n\t\r\n\t\tSpiterstulen\r\n\t\r\n<\/div>\r\n\r\n\r\n\r\n<div class=\"sponsor-takk\">\r\n\t\r\n\t\tGausdal Landhandleri\r\n\t\r\n<\/div>\r\n\r\n\r\n\r\n<div class=\"sponsor-takk\">\r\n\t\r\n\t\tCoop Ottadalen\r\n\t\r\n<\/div>\r\n\r\n\r\n\r\n<div class=\"sponsor-takk\">\r\n\t\r\n\t\tFjuken\r\n\t\r\n<\/div>\r\n\r\n\r\n\r\n<div class=\"sponsor-takk\">\r\n\t\r\n\t\tBreheimen Mat\r\n\t\r\n<\/div>\r\n\r\n\r\n\r\n<div class=\"sponsor-takk\">\r\n\t\r\n\t\tNye Brimi Bue\r\n\t\r\n<\/div>\r\n\r\n\n<h2>\n\t<\/h2>\n\t<div class=\"em-view-container\" id=\"em-view-1592243573\" data-view=\"location-list\">\r\n\t<div class=\"em-list em-locations-list\" id=\"em-locations-list-1592243573\" data-view-id=\"1592243573\">\r\n\t\t\n        <img loading=\"lazy\" decoding=\"async\" width=\"150\" height=\"150\" src=\"https:\/\/diktardagar.no\/2015\/wp-content\/uploads\/sites\/11\/2014\/04\/bakeri-150x150.jpg\" class=\"attachment-150x0 size-150x0 wp-post-image\" alt=\"\" srcset=\"https:\/\/diktardagar.no\/2015\/wp-content\/uploads\/sites\/11\/2014\/04\/bakeri-150x150.jpg 150w, https:\/\/diktardagar.no\/2015\/wp-content\/uploads\/sites\/11\/2014\/04\/bakeri-270x270.jpg 270w, https:\/\/diktardagar.no\/2015\/wp-content\/uploads\/sites\/11\/2014\/04\/bakeri-230x230.jpg 230w\" sizes=\"auto, (max-width: 150px) 100vw, 150px\" \/>\n        <a href=\"https:\/\/diktardagar.no\/2015\/locations\/bakeriet-lom\/\">Bakeriet i Lom<\/a>\n        Like ved Prestfossen i Lom sentrum har Morten Schakenda etablert eit s\u00e6reige og popul\u00e6rt bakeri. Den kulturengasjerte og dyktige bakaren trekkjer til seg mange fr\u00e5 fjern og n\u00e6r. Her f\u00e5r ein h\u00f8ve til \u00e5 oppleva bakst og milj\u00f8 ein knapt&#8230;\n\n        \n        <a href=\"\">Billingen<\/a>\n        \n\n        <img loading=\"lazy\" decoding=\"async\" width=\"150\" height=\"150\" src=\"https:\/\/diktardagar.no\/2015\/wp-content\/uploads\/sites\/11\/2015\/07\/billingenseterpensjonat-150x150.jpg\" class=\"attachment-150x0 size-150x0 wp-post-image\" alt=\"\" srcset=\"https:\/\/diktardagar.no\/2015\/wp-content\/uploads\/sites\/11\/2015\/07\/billingenseterpensjonat-150x150.jpg 150w, https:\/\/diktardagar.no\/2015\/wp-content\/uploads\/sites\/11\/2015\/07\/billingenseterpensjonat-270x270.jpg 270w, https:\/\/diktardagar.no\/2015\/wp-content\/uploads\/sites\/11\/2015\/07\/billingenseterpensjonat-230x230.jpg 230w\" sizes=\"auto, (max-width: 150px) 100vw, 150px\" \/>\n        <a href=\"https:\/\/diktardagar.no\/2015\/locations\/billingen-seterpensjonat\/\">Billingen Seterpensjonat<\/a>\n        \"P\u00e5 Billingen Seterpensjonat kan vegfarande f\u00e5 mat, drikke og kvile i gode senger. Den ville, vakre Tora brusar forbi rett utanfor glaset.\" Ekteparet Marianne Stensg\u00e5rd og Arnstein Fjerdinggreen driv det nyopna Seterpensjonatet p\u00e5 Billingen i Skj\u00e5k. Det gamle t\u00f8mmerhuset kjem&#8230;\n\n        <img loading=\"lazy\" decoding=\"async\" width=\"150\" height=\"117\" src=\"https:\/\/diktardagar.no\/2015\/wp-content\/uploads\/sites\/11\/2015\/05\/Logo_svart-150x117.png\" class=\"attachment-150x0 size-150x0 wp-post-image\" alt=\"\" \/>\n        <a href=\"https:\/\/diktardagar.no\/2015\/locations\/bokhandelen-kafe\/\">Bokhandelen Kaf\u00e9<\/a>\n        Bokhandel\u2019n Kafe ligger rett ved V\u00e5g\u00e5kyrkja.  Dei tilbyr god og variert heimelaga mat.\n\n        <img loading=\"lazy\" decoding=\"async\" width=\"150\" height=\"150\" src=\"https:\/\/diktardagar.no\/2015\/wp-content\/uploads\/sites\/11\/2014\/05\/fossberg_hotell-150x150.jpg\" class=\"attachment-150x0 size-150x0 wp-post-image\" alt=\"\" srcset=\"https:\/\/diktardagar.no\/2015\/wp-content\/uploads\/sites\/11\/2014\/05\/fossberg_hotell-150x150.jpg 150w, https:\/\/diktardagar.no\/2015\/wp-content\/uploads\/sites\/11\/2014\/05\/fossberg_hotell-270x270.jpg 270w, https:\/\/diktardagar.no\/2015\/wp-content\/uploads\/sites\/11\/2014\/05\/fossberg_hotell-230x230.jpg 230w\" sizes=\"auto, (max-width: 150px) 100vw, 150px\" \/>\n        <a href=\"https:\/\/diktardagar.no\/2015\/locations\/fossberg-hotell\/\">Fossberg Hotell<\/a>\n        Fossberg Hotell ligg midt i Lom sentrum der dalf\u00f8ret deler seg for den mektige Lomseggen og B\u00f8vra renn kvit og vill utover Prestfossen. I v\u00e5rt moderne men tradisjonsrike hotell kan vi tilby komfortable hotellrom med dusj, toalett og TV med&#8230;\n\n        \n        <a href=\"https:\/\/diktardagar.no\/2015\/locations\/fossheim-hotell\/\">Fossheim hotell<\/a>\n        Fossheim Hotell er eit historisk og tradisjonsrikt hotell midt i Lom i Jotunheimen. Her f\u00e5r du god overnatting i ei roleg atmosf\u00e6re. I restauranten v\u00e5r kan du nyte b\u00e5de norsk tradisjonsmat og gourmetmat tufta p\u00e5 lokale r\u00e5varer fr\u00e5 nasjonalparkane rundt&#8230;\n\n        <img loading=\"lazy\" decoding=\"async\" width=\"150\" height=\"150\" src=\"https:\/\/diktardagar.no\/2015\/wp-content\/uploads\/sites\/11\/2015\/05\/lom_kyrkje-150x150.png\" class=\"attachment-150x0 size-150x0 wp-post-image\" alt=\"\" srcset=\"https:\/\/diktardagar.no\/2015\/wp-content\/uploads\/sites\/11\/2015\/05\/lom_kyrkje-150x150.png 150w, https:\/\/diktardagar.no\/2015\/wp-content\/uploads\/sites\/11\/2015\/05\/lom_kyrkje-270x270.png 270w, https:\/\/diktardagar.no\/2015\/wp-content\/uploads\/sites\/11\/2015\/05\/lom_kyrkje-230x230.png 230w\" sizes=\"auto, (max-width: 150px) 100vw, 150px\" \/>\n        <a href=\"https:\/\/diktardagar.no\/2015\/locations\/lom-stavkyrkje\/\">Lom stavkyrkje<\/a>\n        Lomskyrkja er ei av dei st\u00f8rste stavkyrkjene som framleis st\u00e5r i Norge. Analyse av  trevirket viser at kyrkja truleg vart bygd ca. 1160.\n\n        <img loading=\"lazy\" decoding=\"async\" width=\"150\" height=\"150\" src=\"https:\/\/diktardagar.no\/2015\/wp-content\/uploads\/sites\/11\/2014\/05\/nordalsfjoset_pub-150x150.jpg\" class=\"attachment-150x0 size-150x0 wp-post-image\" alt=\"\" srcset=\"https:\/\/diktardagar.no\/2015\/wp-content\/uploads\/sites\/11\/2014\/05\/nordalsfjoset_pub-150x150.jpg 150w, https:\/\/diktardagar.no\/2015\/wp-content\/uploads\/sites\/11\/2014\/05\/nordalsfjoset_pub-270x270.jpg 270w, https:\/\/diktardagar.no\/2015\/wp-content\/uploads\/sites\/11\/2014\/05\/nordalsfjoset_pub-230x230.jpg 230w\" sizes=\"auto, (max-width: 150px) 100vw, 150px\" \/>\n        <a href=\"https:\/\/diktardagar.no\/2015\/locations\/nordalsfjoset\/\">Nordalsfjoset<\/a>\n        Er eit hundre \u00e5r gamalt fjos som er ombygd til pub. Dei gamle t\u00f8mmerveggane, metertjukke natursteinveggar og rustikk tak er teke vare p\u00e5 siden den gongen hest, ku, sau, h\u00f8ns og gris heldt til her. Bar med alle rettar. Pizzaservering.\n\n        <img loading=\"lazy\" decoding=\"async\" width=\"150\" height=\"150\" src=\"https:\/\/diktardagar.no\/2015\/wp-content\/uploads\/sites\/11\/2015\/05\/Skj\u00e5k-runde-053-150x150.jpg\" class=\"attachment-150x0 size-150x0 wp-post-image\" alt=\"\" srcset=\"https:\/\/diktardagar.no\/2015\/wp-content\/uploads\/sites\/11\/2015\/05\/Skj\u00e5k-runde-053-150x150.jpg 150w, https:\/\/diktardagar.no\/2015\/wp-content\/uploads\/sites\/11\/2015\/05\/Skj\u00e5k-runde-053-270x270.jpg 270w, https:\/\/diktardagar.no\/2015\/wp-content\/uploads\/sites\/11\/2015\/05\/Skj\u00e5k-runde-053-230x230.jpg 230w\" sizes=\"auto, (max-width: 150px) 100vw, 150px\" \/>\n        <a href=\"https:\/\/diktardagar.no\/2015\/locations\/skjak-kjopesenter\/\">Skj\u00e5k Kj\u00f8pesenter<\/a>\n        \n\n        <img loading=\"lazy\" decoding=\"async\" width=\"150\" height=\"150\" src=\"https:\/\/diktardagar.no\/2015\/wp-content\/uploads\/sites\/11\/2014\/04\/505px-Skj\u00e5k_kyrkje-150x150.jpg\" class=\"attachment-150x0 size-150x0 wp-post-image\" alt=\"\" srcset=\"https:\/\/diktardagar.no\/2015\/wp-content\/uploads\/sites\/11\/2014\/04\/505px-Skj\u00e5k_kyrkje-150x150.jpg 150w, https:\/\/diktardagar.no\/2015\/wp-content\/uploads\/sites\/11\/2014\/04\/505px-Skj\u00e5k_kyrkje-270x270.jpg 270w, https:\/\/diktardagar.no\/2015\/wp-content\/uploads\/sites\/11\/2014\/04\/505px-Skj\u00e5k_kyrkje-230x230.jpg 230w\" sizes=\"auto, (max-width: 150px) 100vw, 150px\" \/>\n        <a href=\"https:\/\/diktardagar.no\/2015\/locations\/skjak-kyrkje\/\">Skj\u00e5k kyrkje<\/a>\n        Skj\u00e5k kirke\u00a0er en\u00a0korskirke fra 1752\u00a0i\u00a0Skj\u00e5k\u00a0kommune,\u00a0Oppland\u00a0fylke. Kirken er oppf\u00f8rt som en laftet korskirke av t\u00f8mmer, og har 350 plasser. Prekestol og altertavle er sk\u00e5ret av bygdekunstneren\u00a0Jakob Klukstad. I kirken er det ogs\u00e5 en stor samling votivtavler, malerier som er gitt som&#8230;\n\n        <img loading=\"lazy\" decoding=\"async\" width=\"150\" height=\"150\" src=\"https:\/\/diktardagar.no\/2015\/wp-content\/uploads\/sites\/11\/2014\/04\/5236506_2320938-150x150.jpg\" class=\"attachment-150x0 size-150x0 wp-post-image\" alt=\"\" \/>\n        <a href=\"https:\/\/diktardagar.no\/2015\/locations\/tor-jonsson-stugu\/\">Tor Jonsson-stugu<\/a>\n        Tor Jonssun-stugu kan opnast etter avtale med museumsvakta i sommar.\u00a0 Det er Gudbrandsdalsmusea AS\u00a0 gjennom Lom Bygdamuseum som yter denne s\u00f8rvisen, etter avtale med Tor Jonsson-laget, som eig diktarheimen.\n\n        <img loading=\"lazy\" decoding=\"async\" width=\"150\" height=\"150\" src=\"https:\/\/diktardagar.no\/2015\/wp-content\/uploads\/sites\/11\/2014\/05\/utgard-150x150.jpg\" class=\"attachment-150x0 size-150x0 wp-post-image\" alt=\"\" srcset=\"https:\/\/diktardagar.no\/2015\/wp-content\/uploads\/sites\/11\/2014\/05\/utgard-150x150.jpg 150w, https:\/\/diktardagar.no\/2015\/wp-content\/uploads\/sites\/11\/2014\/05\/utgard-270x270.jpg 270w, https:\/\/diktardagar.no\/2015\/wp-content\/uploads\/sites\/11\/2014\/05\/utgard-230x230.jpg 230w\" sizes=\"auto, (max-width: 150px) 100vw, 150px\" \/>\n        <a href=\"https:\/\/diktardagar.no\/2015\/locations\/utgard-lom-kulturhus\/\">Utgard - Lom kulturhus<\/a>\n        \n\n        \n        <a href=\"https:\/\/diktardagar.no\/2015\/locations\/vaga-kulturhus\/\">V\u00e5g\u00e5 Kulturhus<\/a>\n        \n\n        <img loading=\"lazy\" decoding=\"async\" width=\"150\" height=\"150\" src=\"https:\/\/diktardagar.no\/2015\/wp-content\/uploads\/sites\/11\/2015\/05\/vaga_kyrkje-150x150.jpg\" class=\"attachment-150x0 size-150x0 wp-post-image\" alt=\"\" srcset=\"https:\/\/diktardagar.no\/2015\/wp-content\/uploads\/sites\/11\/2015\/05\/vaga_kyrkje-150x150.jpg 150w, https:\/\/diktardagar.no\/2015\/wp-content\/uploads\/sites\/11\/2015\/05\/vaga_kyrkje-270x270.jpg 270w, https:\/\/diktardagar.no\/2015\/wp-content\/uploads\/sites\/11\/2015\/05\/vaga_kyrkje-230x230.jpg 230w\" sizes=\"auto, (max-width: 150px) 100vw, 150px\" \/>\n        <a href=\"https:\/\/diktardagar.no\/2015\/locations\/vaga-kyrkje\/\">V\u00e5g\u00e5 kyrkje<\/a>\n        \n\t<\/div>\r\n<\/div>\n\n","protected":false},"excerpt":{"rendered":"<p>Neste diktardagar Tidligare diktardagar Sponsorer Takk \u00f2g til<\/p>\n","protected":false},"author":1,"featured_media":0,"parent":0,"menu_order":0,"comment_status":"closed","ping_status":"closed","template":"","meta":{"footnotes":""},"class_list":["post-2782","page","type-page","status-publish","hentry"],"yoast_head":"<!-- This site is optimized with the Yoast SEO plugin v27.3 - https:\/\/yoast.com\/product\/yoast-seo-wordpress\/ -->\n<title>Stadane - Diktardagar 2015<\/title>\n<meta name=\"robots\" content=\"index, follow, max-snippet:-1, max-image-preview:large, max-video-preview:-1\" \/>\n<link rel=\"canonical\" href=\"https:\/\/diktardagar.no\/2015\/stadane\/\" class=\"yoast-seo-meta-tag\" \/>\n<meta property=\"og:locale\" content=\"nb_NO\" class=\"yoast-seo-meta-tag\" \/>\n<meta property=\"og:type\" content=\"article\" class=\"yoast-seo-meta-tag\" \/>\n<meta property=\"og:title\" content=\"Stadane - Diktardagar 2015\" class=\"yoast-seo-meta-tag\" \/>\n<meta property=\"og:description\" content=\"Neste diktardagar Tidligare diktardagar Sponsorer Takk \u00f2g til\" class=\"yoast-seo-meta-tag\" \/>\n<meta property=\"og:url\" content=\"https:\/\/diktardagar.no\/2015\/stadane\/\" class=\"yoast-seo-meta-tag\" \/>\n<meta property=\"og:site_name\" content=\"Diktardagar 2015\" class=\"yoast-seo-meta-tag\" \/>\n<meta property=\"article:modified_time\" content=\"2020-11-19T06:56:56+00:00\" class=\"yoast-seo-meta-tag\" \/>\n<meta name=\"twitter:card\" content=\"summary_large_image\" class=\"yoast-seo-meta-tag\" \/>\n<script type=\"application\/ld+json\" class=\"yoast-schema-graph\">{\"@context\":\"https:\\\/\\\/schema.org\",\"@graph\":[{\"@type\":\"WebPage\",\"@id\":\"https:\\\/\\\/diktardagar.no\\\/2015\\\/stadane\\\/\",\"url\":\"https:\\\/\\\/diktardagar.no\\\/2015\\\/stadane\\\/\",\"name\":\"Stadane - Diktardagar 2015\",\"isPartOf\":{\"@id\":\"https:\\\/\\\/diktardagar.no\\\/2015\\\/#website\"},\"datePublished\":\"2019-06-14T11:24:45+00:00\",\"dateModified\":\"2020-11-19T06:56:56+00:00\",\"breadcrumb\":{\"@id\":\"https:\\\/\\\/diktardagar.no\\\/2015\\\/stadane\\\/#breadcrumb\"},\"inLanguage\":\"nb-NO\",\"potentialAction\":[{\"@type\":\"ReadAction\",\"target\":[\"https:\\\/\\\/diktardagar.no\\\/2015\\\/stadane\\\/\"]}]},{\"@type\":\"BreadcrumbList\",\"@id\":\"https:\\\/\\\/diktardagar.no\\\/2015\\\/stadane\\\/#breadcrumb\",\"itemListElement\":[{\"@type\":\"ListItem\",\"position\":1,\"name\":\"Hjem\",\"item\":\"https:\\\/\\\/diktardagar.no\\\/2015\\\/\"},{\"@type\":\"ListItem\",\"position\":2,\"name\":\"Stadane\"}]},{\"@type\":\"WebSite\",\"@id\":\"https:\\\/\\\/diktardagar.no\\\/2015\\\/#website\",\"url\":\"https:\\\/\\\/diktardagar.no\\\/2015\\\/\",\"name\":\"Diktardagar 2015\",\"description\":\"\",\"potentialAction\":[{\"@type\":\"SearchAction\",\"target\":{\"@type\":\"EntryPoint\",\"urlTemplate\":\"https:\\\/\\\/diktardagar.no\\\/2015\\\/?s={search_term_string}\"},\"query-input\":{\"@type\":\"PropertyValueSpecification\",\"valueRequired\":true,\"valueName\":\"search_term_string\"}}],\"inLanguage\":\"nb-NO\"}]}<\/script>\n<!-- \/ Yoast SEO plugin. -->","yoast_head_json":{"title":"Stadane - Diktardagar 2015","robots":{"index":"index","follow":"follow","max-snippet":"max-snippet:-1","max-image-preview":"max-image-preview:large","max-video-preview":"max-video-preview:-1"},"canonical":"https:\/\/diktardagar.no\/2015\/stadane\/","og_locale":"nb_NO","og_type":"article","og_title":"Stadane - Diktardagar 2015","og_description":"Neste diktardagar Tidligare diktardagar Sponsorer Takk \u00f2g til","og_url":"https:\/\/diktardagar.no\/2015\/stadane\/","og_site_name":"Diktardagar 2015","article_modified_time":"2020-11-19T06:56:56+00:00","twitter_card":"summary_large_image","schema":{"@context":"https:\/\/schema.org","@graph":[{"@type":"WebPage","@id":"https:\/\/diktardagar.no\/2015\/stadane\/","url":"https:\/\/diktardagar.no\/2015\/stadane\/","name":"Stadane - Diktardagar 2015","isPartOf":{"@id":"https:\/\/diktardagar.no\/2015\/#website"},"datePublished":"2019-06-14T11:24:45+00:00","dateModified":"2020-11-19T06:56:56+00:00","breadcrumb":{"@id":"https:\/\/diktardagar.no\/2015\/stadane\/#breadcrumb"},"inLanguage":"nb-NO","potentialAction":[{"@type":"ReadAction","target":["https:\/\/diktardagar.no\/2015\/stadane\/"]}]},{"@type":"BreadcrumbList","@id":"https:\/\/diktardagar.no\/2015\/stadane\/#breadcrumb","itemListElement":[{"@type":"ListItem","position":1,"name":"Hjem","item":"https:\/\/diktardagar.no\/2015\/"},{"@type":"ListItem","position":2,"name":"Stadane"}]},{"@type":"WebSite","@id":"https:\/\/diktardagar.no\/2015\/#website","url":"https:\/\/diktardagar.no\/2015\/","name":"Diktardagar 2015","description":"","potentialAction":[{"@type":"SearchAction","target":{"@type":"EntryPoint","urlTemplate":"https:\/\/diktardagar.no\/2015\/?s={search_term_string}"},"query-input":{"@type":"PropertyValueSpecification","valueRequired":true,"valueName":"search_term_string"}}],"inLanguage":"nb-NO"}]}},"_links":{"self":[{"href":"https:\/\/diktardagar.no\/2015\/wp-json\/wp\/v2\/pages\/2782","targetHints":{"allow":["GET"]}}],"collection":[{"href":"https:\/\/diktardagar.no\/2015\/wp-json\/wp\/v2\/pages"}],"about":[{"href":"https:\/\/diktardagar.no\/2015\/wp-json\/wp\/v2\/types\/page"}],"author":[{"embeddable":true,"href":"https:\/\/diktardagar.no\/2015\/wp-json\/wp\/v2\/users\/1"}],"replies":[{"embeddable":true,"href":"https:\/\/diktardagar.no\/2015\/wp-json\/wp\/v2\/comments?post=2782"}],"version-history":[{"count":10,"href":"https:\/\/diktardagar.no\/2015\/wp-json\/wp\/v2\/pages\/2782\/revisions"}],"predecessor-version":[{"id":3092,"href":"https:\/\/diktardagar.no\/2015\/wp-json\/wp\/v2\/pages\/2782\/revisions\/3092"}],"wp:attachment":[{"href":"https:\/\/diktardagar.no\/2015\/wp-json\/wp\/v2\/media?parent=2782"}],"curies":[{"name":"wp","href":"https:\/\/api.w.org\/{rel}","templated":true}]}}