{"id":880,"date":"2015-07-23T19:51:43","date_gmt":"2015-07-23T17:51:43","guid":{"rendered":"https:\/\/diktardagar.no\/2014\/?page_id=880"},"modified":"2015-07-24T09:58:05","modified_gmt":"2015-07-24T07:58:05","slug":"rimrose","status":"publish","type":"page","link":"https:\/\/diktardagar.no\/2014\/tidlegare\/diktardagar2015\/rimrose\/","title":{"rendered":"Rimrose"},"content":{"rendered":"<p><a href=\"https:\/\/diktardagar.no\/2014\/wp-content\/uploads\/sites\/12\/2015\/07\/Rimrose.jpg\"><img loading=\"lazy\" decoding=\"async\" class=\" size-medium wp-image-881 alignleft\" src=\"https:\/\/diktardagar.no\/2014\/wp-content\/uploads\/sites\/12\/2015\/07\/Rimrose-300x300.jpg\" alt=\"Rimrose\" width=\"300\" height=\"300\" srcset=\"https:\/\/diktardagar.no\/2014\/wp-content\/uploads\/sites\/12\/2015\/07\/Rimrose-300x300.jpg 300w, https:\/\/diktardagar.no\/2014\/wp-content\/uploads\/sites\/12\/2015\/07\/Rimrose-150x150.jpg 150w, https:\/\/diktardagar.no\/2014\/wp-content\/uploads\/sites\/12\/2015\/07\/Rimrose-270x270.jpg 270w, https:\/\/diktardagar.no\/2014\/wp-content\/uploads\/sites\/12\/2015\/07\/Rimrose-230x230.jpg 230w, https:\/\/diktardagar.no\/2014\/wp-content\/uploads\/sites\/12\/2015\/07\/Rimrose.jpg 709w\" sizes=\"auto, (max-width: 300px) 100vw, 300px\" \/><\/a><\/p>\n<p>Fleire av dei fremste diktarane i Noreg har sitt opphav i Norddalen, og dei skildrar naturen, menneska og samtida p\u00e5 ekte, gudbrandsdalsk vis. Tor Jonsson, Olav Aukrust, Vegard Vigerust, Olav \u00d8ygard, Tore \u00d8rjas\u00e6ter og Jan-Magnus Bruheim har alle dette til felles. Dei har skildra vinterhalv\u00e5ret og kjenslene som kjem n\u00e5r lauvet fell og bakken vert dekt av sn\u00f8. Med dette tekstgrunnlaget har Hildegunn Hovde, Aslak Brimi, Ole Jonny Bekkemellem og Geir Thorud tonesett eit utval lokale dikt. Fire ulike ut\u00f8varar fr\u00e5 fire grender i Norddalen med r\u00f8ter innanfor folkemusikk, klassisk song, folkrock, country og jazz. Dei m\u00f8ttest i interessa for lokal lyrikk og musikalsk skapartrong. Resultatet vart juleplata <em>Rimrose<\/em>.<\/p>\n<p>Hildegunn Hovde kjem opprinneleg fr\u00e5 V\u00e5g\u00e5 og har si utdanning som klassisk songar fr\u00e5 Barratt Due Musikkinstitutt og Norges Musikkh\u00f8gskole. Aslak Opsahl Brimi er felespelar fr\u00e5 Lom, f\u00f8dd inn i ein folkemusikkfamilie, og har sidan barndommen blitt oppl\u00e6rt i og arbeidd med tradisjonsmusikken i dalen. Han har vore aktiv p\u00e5 kappleikar og stemne i ei \u00e5rrekkje og vann Fele klasse A p\u00e5 Landskappleiken i 2014. Ole Jonny Bekkemellem kjem fr\u00e5 Heidal, er busett p\u00e5 Otta og har vore s\u00e6rs aktiv i musikk og teater b\u00e5de i og utenfor Sel kommune i mange \u00e5r. Han trakterer gitar og er gitarist, voklist og l\u00e5tskrivar i gruppa Von. Geir Thorud kjem opphavleg fr\u00e5 Sel, men har etablert seg som gardbrukar i V\u00e5g\u00e5. Han er ein aktiv bassist, trekkspelar og toraderspelemann i gammaldansmilj\u00f8et i Norddalen. Under Diktardagar m\u00f8ter du\u00a0desse lokale musikarane p\u00e5 festkvelden.<\/p>\n","protected":false},"excerpt":{"rendered":"<p>Fleire av dei fremste diktarane i Noreg har sitt opphav i Norddalen, og dei skildrar naturen, menneska og samtida p\u00e5 ekte, gudbrandsdalsk vis. Tor Jonsson, Olav Aukrust, Vegard Vigerust, Olav \u00d8ygard, Tore \u00d8rjas\u00e6ter og Jan-Magnus Bruheim har alle dette til felles. Dei har skildra vinterhalv\u00e5ret og kjenslene som kjem n\u00e5r lauvet fell og bakken vert&hellip;<\/p>\n","protected":false},"author":9,"featured_media":881,"parent":45,"menu_order":8,"comment_status":"closed","ping_status":"open","template":"","meta":{"footnotes":""},"class_list":["post-880","page","type-page","status-publish","has-post-thumbnail","hentry"],"yoast_head":"<!-- This site is optimized with the Yoast SEO plugin v27.5 - https:\/\/yoast.com\/product\/yoast-seo-wordpress\/ -->\n<title>Rimrose - Diktardagar 2014<\/title>\n<meta name=\"robots\" content=\"index, follow, max-snippet:-1, max-image-preview:large, max-video-preview:-1\" \/>\n<link rel=\"canonical\" href=\"https:\/\/diktardagar.no\/2014\/tidlegare\/diktardagar2015\/rimrose\/\" class=\"yoast-seo-meta-tag\" \/>\n<meta property=\"og:locale\" content=\"nb_NO\" class=\"yoast-seo-meta-tag\" \/>\n<meta property=\"og:type\" content=\"article\" class=\"yoast-seo-meta-tag\" \/>\n<meta property=\"og:title\" content=\"Rimrose - Diktardagar 2014\" class=\"yoast-seo-meta-tag\" \/>\n<meta property=\"og:description\" content=\"Fleire av dei fremste diktarane i Noreg har sitt opphav i Norddalen, og dei skildrar naturen, menneska og samtida p\u00e5 ekte, gudbrandsdalsk vis. Tor Jonsson, Olav Aukrust, Vegard Vigerust, Olav \u00d8ygard, Tore \u00d8rjas\u00e6ter og Jan-Magnus Bruheim har alle dette til felles. Dei har skildra vinterhalv\u00e5ret og kjenslene som kjem n\u00e5r lauvet fell og bakken vert&hellip;\" class=\"yoast-seo-meta-tag\" \/>\n<meta property=\"og:url\" content=\"https:\/\/diktardagar.no\/2014\/tidlegare\/diktardagar2015\/rimrose\/\" class=\"yoast-seo-meta-tag\" \/>\n<meta property=\"og:site_name\" content=\"Diktardagar 2014\" class=\"yoast-seo-meta-tag\" \/>\n<meta property=\"article:modified_time\" content=\"2015-07-24T07:58:05+00:00\" class=\"yoast-seo-meta-tag\" \/>\n<meta property=\"og:image\" content=\"https:\/\/diktardagar.no\/2014\/wp-content\/uploads\/sites\/12\/2015\/07\/Rimrose.jpg\" class=\"yoast-seo-meta-tag\" \/>\n\t<meta property=\"og:image:width\" content=\"709\" class=\"yoast-seo-meta-tag\" \/>\n\t<meta property=\"og:image:height\" content=\"709\" class=\"yoast-seo-meta-tag\" \/>\n\t<meta property=\"og:image:type\" content=\"image\/jpeg\" class=\"yoast-seo-meta-tag\" \/>\n<meta name=\"twitter:card\" content=\"summary_large_image\" class=\"yoast-seo-meta-tag\" \/>\n<meta name=\"twitter:label1\" content=\"Ansl. lesetid\" class=\"yoast-seo-meta-tag\" \/>\n\t<meta name=\"twitter:data1\" content=\"1 minutt\" class=\"yoast-seo-meta-tag\" \/>\n<script type=\"application\/ld+json\" class=\"yoast-schema-graph\">{\"@context\":\"https:\\\/\\\/schema.org\",\"@graph\":[{\"@type\":\"WebPage\",\"@id\":\"https:\\\/\\\/diktardagar.no\\\/2014\\\/tidlegare\\\/diktardagar2015\\\/rimrose\\\/\",\"url\":\"https:\\\/\\\/diktardagar.no\\\/2014\\\/tidlegare\\\/diktardagar2015\\\/rimrose\\\/\",\"name\":\"Rimrose - Diktardagar 2014\",\"isPartOf\":{\"@id\":\"https:\\\/\\\/diktardagar.no\\\/2014\\\/#website\"},\"primaryImageOfPage\":{\"@id\":\"https:\\\/\\\/diktardagar.no\\\/2014\\\/tidlegare\\\/diktardagar2015\\\/rimrose\\\/#primaryimage\"},\"image\":{\"@id\":\"https:\\\/\\\/diktardagar.no\\\/2014\\\/tidlegare\\\/diktardagar2015\\\/rimrose\\\/#primaryimage\"},\"thumbnailUrl\":\"https:\\\/\\\/diktardagar.no\\\/2014\\\/wp-content\\\/uploads\\\/sites\\\/12\\\/2015\\\/07\\\/Rimrose.jpg\",\"datePublished\":\"2015-07-23T17:51:43+00:00\",\"dateModified\":\"2015-07-24T07:58:05+00:00\",\"breadcrumb\":{\"@id\":\"https:\\\/\\\/diktardagar.no\\\/2014\\\/tidlegare\\\/diktardagar2015\\\/rimrose\\\/#breadcrumb\"},\"inLanguage\":\"nb-NO\",\"potentialAction\":[{\"@type\":\"ReadAction\",\"target\":[\"https:\\\/\\\/diktardagar.no\\\/2014\\\/tidlegare\\\/diktardagar2015\\\/rimrose\\\/\"]}]},{\"@type\":\"ImageObject\",\"inLanguage\":\"nb-NO\",\"@id\":\"https:\\\/\\\/diktardagar.no\\\/2014\\\/tidlegare\\\/diktardagar2015\\\/rimrose\\\/#primaryimage\",\"url\":\"https:\\\/\\\/diktardagar.no\\\/2014\\\/wp-content\\\/uploads\\\/sites\\\/12\\\/2015\\\/07\\\/Rimrose.jpg\",\"contentUrl\":\"https:\\\/\\\/diktardagar.no\\\/2014\\\/wp-content\\\/uploads\\\/sites\\\/12\\\/2015\\\/07\\\/Rimrose.jpg\",\"width\":709,\"height\":709},{\"@type\":\"BreadcrumbList\",\"@id\":\"https:\\\/\\\/diktardagar.no\\\/2014\\\/tidlegare\\\/diktardagar2015\\\/rimrose\\\/#breadcrumb\",\"itemListElement\":[{\"@type\":\"ListItem\",\"position\":1,\"name\":\"Hjem\",\"item\":\"https:\\\/\\\/diktardagar.no\\\/2014\\\/\"},{\"@type\":\"ListItem\",\"position\":2,\"name\":\"Tidlegare diktardagar\",\"item\":\"https:\\\/\\\/diktardagar.no\\\/2014\\\/tidlegare\\\/\"},{\"@type\":\"ListItem\",\"position\":3,\"name\":\"Diktardagar 2015\",\"item\":\"https:\\\/\\\/diktardagar.no\\\/2014\\\/tidlegare\\\/diktardagar2015\\\/\"},{\"@type\":\"ListItem\",\"position\":4,\"name\":\"Rimrose\"}]},{\"@type\":\"WebSite\",\"@id\":\"https:\\\/\\\/diktardagar.no\\\/2014\\\/#website\",\"url\":\"https:\\\/\\\/diktardagar.no\\\/2014\\\/\",\"name\":\"Diktardagar 2014\",\"description\":\"\",\"potentialAction\":[{\"@type\":\"SearchAction\",\"target\":{\"@type\":\"EntryPoint\",\"urlTemplate\":\"https:\\\/\\\/diktardagar.no\\\/2014\\\/?s={search_term_string}\"},\"query-input\":{\"@type\":\"PropertyValueSpecification\",\"valueRequired\":true,\"valueName\":\"search_term_string\"}}],\"inLanguage\":\"nb-NO\"}]}<\/script>\n<!-- \/ Yoast SEO plugin. -->","yoast_head_json":{"title":"Rimrose - Diktardagar 2014","robots":{"index":"index","follow":"follow","max-snippet":"max-snippet:-1","max-image-preview":"max-image-preview:large","max-video-preview":"max-video-preview:-1"},"canonical":"https:\/\/diktardagar.no\/2014\/tidlegare\/diktardagar2015\/rimrose\/","og_locale":"nb_NO","og_type":"article","og_title":"Rimrose - Diktardagar 2014","og_description":"Fleire av dei fremste diktarane i Noreg har sitt opphav i Norddalen, og dei skildrar naturen, menneska og samtida p\u00e5 ekte, gudbrandsdalsk vis. Tor Jonsson, Olav Aukrust, Vegard Vigerust, Olav \u00d8ygard, Tore \u00d8rjas\u00e6ter og Jan-Magnus Bruheim har alle dette til felles. Dei har skildra vinterhalv\u00e5ret og kjenslene som kjem n\u00e5r lauvet fell og bakken vert&hellip;","og_url":"https:\/\/diktardagar.no\/2014\/tidlegare\/diktardagar2015\/rimrose\/","og_site_name":"Diktardagar 2014","article_modified_time":"2015-07-24T07:58:05+00:00","og_image":[{"width":709,"height":709,"url":"https:\/\/diktardagar.no\/2014\/wp-content\/uploads\/sites\/12\/2015\/07\/Rimrose.jpg","type":"image\/jpeg"}],"twitter_card":"summary_large_image","twitter_misc":{"Ansl. lesetid":"1 minutt"},"schema":{"@context":"https:\/\/schema.org","@graph":[{"@type":"WebPage","@id":"https:\/\/diktardagar.no\/2014\/tidlegare\/diktardagar2015\/rimrose\/","url":"https:\/\/diktardagar.no\/2014\/tidlegare\/diktardagar2015\/rimrose\/","name":"Rimrose - Diktardagar 2014","isPartOf":{"@id":"https:\/\/diktardagar.no\/2014\/#website"},"primaryImageOfPage":{"@id":"https:\/\/diktardagar.no\/2014\/tidlegare\/diktardagar2015\/rimrose\/#primaryimage"},"image":{"@id":"https:\/\/diktardagar.no\/2014\/tidlegare\/diktardagar2015\/rimrose\/#primaryimage"},"thumbnailUrl":"https:\/\/diktardagar.no\/2014\/wp-content\/uploads\/sites\/12\/2015\/07\/Rimrose.jpg","datePublished":"2015-07-23T17:51:43+00:00","dateModified":"2015-07-24T07:58:05+00:00","breadcrumb":{"@id":"https:\/\/diktardagar.no\/2014\/tidlegare\/diktardagar2015\/rimrose\/#breadcrumb"},"inLanguage":"nb-NO","potentialAction":[{"@type":"ReadAction","target":["https:\/\/diktardagar.no\/2014\/tidlegare\/diktardagar2015\/rimrose\/"]}]},{"@type":"ImageObject","inLanguage":"nb-NO","@id":"https:\/\/diktardagar.no\/2014\/tidlegare\/diktardagar2015\/rimrose\/#primaryimage","url":"https:\/\/diktardagar.no\/2014\/wp-content\/uploads\/sites\/12\/2015\/07\/Rimrose.jpg","contentUrl":"https:\/\/diktardagar.no\/2014\/wp-content\/uploads\/sites\/12\/2015\/07\/Rimrose.jpg","width":709,"height":709},{"@type":"BreadcrumbList","@id":"https:\/\/diktardagar.no\/2014\/tidlegare\/diktardagar2015\/rimrose\/#breadcrumb","itemListElement":[{"@type":"ListItem","position":1,"name":"Hjem","item":"https:\/\/diktardagar.no\/2014\/"},{"@type":"ListItem","position":2,"name":"Tidlegare diktardagar","item":"https:\/\/diktardagar.no\/2014\/tidlegare\/"},{"@type":"ListItem","position":3,"name":"Diktardagar 2015","item":"https:\/\/diktardagar.no\/2014\/tidlegare\/diktardagar2015\/"},{"@type":"ListItem","position":4,"name":"Rimrose"}]},{"@type":"WebSite","@id":"https:\/\/diktardagar.no\/2014\/#website","url":"https:\/\/diktardagar.no\/2014\/","name":"Diktardagar 2014","description":"","potentialAction":[{"@type":"SearchAction","target":{"@type":"EntryPoint","urlTemplate":"https:\/\/diktardagar.no\/2014\/?s={search_term_string}"},"query-input":{"@type":"PropertyValueSpecification","valueRequired":true,"valueName":"search_term_string"}}],"inLanguage":"nb-NO"}]}},"_links":{"self":[{"href":"https:\/\/diktardagar.no\/2014\/wp-json\/wp\/v2\/pages\/880","targetHints":{"allow":["GET"]}}],"collection":[{"href":"https:\/\/diktardagar.no\/2014\/wp-json\/wp\/v2\/pages"}],"about":[{"href":"https:\/\/diktardagar.no\/2014\/wp-json\/wp\/v2\/types\/page"}],"author":[{"embeddable":true,"href":"https:\/\/diktardagar.no\/2014\/wp-json\/wp\/v2\/users\/9"}],"replies":[{"embeddable":true,"href":"https:\/\/diktardagar.no\/2014\/wp-json\/wp\/v2\/comments?post=880"}],"version-history":[{"count":1,"href":"https:\/\/diktardagar.no\/2014\/wp-json\/wp\/v2\/pages\/880\/revisions"}],"predecessor-version":[{"id":882,"href":"https:\/\/diktardagar.no\/2014\/wp-json\/wp\/v2\/pages\/880\/revisions\/882"}],"up":[{"embeddable":true,"href":"https:\/\/diktardagar.no\/2014\/wp-json\/wp\/v2\/pages\/45"}],"wp:featuredmedia":[{"embeddable":true,"href":"https:\/\/diktardagar.no\/2014\/wp-json\/wp\/v2\/media\/881"}],"wp:attachment":[{"href":"https:\/\/diktardagar.no\/2014\/wp-json\/wp\/v2\/media?parent=880"}],"curies":[{"name":"wp","href":"https:\/\/api.w.org\/{rel}","templated":true}]}}