{"id":2327,"date":"2018-04-30T14:02:38","date_gmt":"2018-04-30T12:02:38","guid":{"rendered":"https:\/\/diktardagar.no\/2014\/?page_id=2327"},"modified":"2020-11-19T12:35:49","modified_gmt":"2020-11-19T11:35:49","slug":"aktorar","status":"publish","type":"page","link":"https:\/\/diktardagar.no\/2014\/aktorar\/","title":{"rendered":"Akt\u00f8rar"},"content":{"rendered":"\n\n\t\t\t<a href=\"https:\/\/diktardagar.no\/2014\/\" target=\"_self\" role=\"button\" rel=\"noopener noreferrer\">\n\t\t\t\t\t\t\tNeste diktardagar\n\t\t\t\t\t<\/a>\n\t\t\t<a href=\"https:\/\/diktardagar.no\/2014\/tidlegare\/\" target=\"_self\" role=\"button\" rel=\"noopener noreferrer\">\n\t\t\t\t\t\t\tTidligare diktardagar\n\t\t\t\t\t<\/a>\n<h2>\n\t\tSponsorer\n\t<\/h2>\n\t\r\n\r\n<div class=\"sponsor-fremhevet\">\r\n\t\r\n\t<a href=\"https:\/\/innlandetfylke.no\/\" target=\"_blank\" rel=\"noopener noreferrer\">\r\n\t\r\n\t\t<img loading=\"lazy\" decoding=\"async\" width=\"300\" height=\"88\" src=\"https:\/\/diktardagar.no\/2014\/wp-content\/uploads\/sites\/12\/2019\/05\/Innlandet_fylkeskommune_liggende_pos_RGB-300x88.jpg\" class=\"attachment-medium size-medium\" alt=\"\" srcset=\"https:\/\/diktardagar.no\/2014\/wp-content\/uploads\/sites\/12\/2019\/05\/Innlandet_fylkeskommune_liggende_pos_RGB-300x88.jpg 300w, https:\/\/diktardagar.no\/2014\/wp-content\/uploads\/sites\/12\/2019\/05\/Innlandet_fylkeskommune_liggende_pos_RGB.jpg 596w\" sizes=\"auto, (max-width: 300px) 100vw, 300px\" \/>\r\n\t\r\n\t<\/a>\r\n\t\r\n<\/div>\r\n\r\n\r\n\r\n<div class=\"sponsor-fremhevet\">\r\n\t\r\n\t<a href=\"http:\/\/kulturradet.no\/\" target=\"_blank\" rel=\"noopener noreferrer\">\r\n\t\r\n\t\t<img loading=\"lazy\" decoding=\"async\" width=\"300\" height=\"268\" src=\"https:\/\/diktardagar.no\/2014\/wp-content\/uploads\/sites\/12\/2014\/07\/kulturr\u00e5d-300x268.png\" class=\"attachment-medium size-medium\" alt=\"kulturr\u00e5d\" srcset=\"https:\/\/diktardagar.no\/2014\/wp-content\/uploads\/sites\/12\/2014\/07\/kulturr\u00e5d-300x268.png 300w, https:\/\/diktardagar.no\/2014\/wp-content\/uploads\/sites\/12\/2014\/07\/kulturr\u00e5d-1024x915.png 1024w, https:\/\/diktardagar.no\/2014\/wp-content\/uploads\/sites\/12\/2014\/07\/kulturr\u00e5d.png 1409w\" sizes=\"auto, (max-width: 300px) 100vw, 300px\" \/>\r\n\t\r\n\t<\/a>\r\n\t\r\n<\/div>\r\n\r\n\r\n\r\n<div class=\"sponsor-fremhevet\">\r\n\t\r\n\t<a href=\"http:\/\/www.nord-gudbrandsdal.no\/\" target=\"_blank\" rel=\"noopener noreferrer\">\r\n\t\r\n\t\t<img loading=\"lazy\" decoding=\"async\" width=\"300\" height=\"169\" src=\"https:\/\/diktardagar.no\/2014\/wp-content\/uploads\/sites\/12\/2014\/07\/regr\u00e5d-300x169.png\" class=\"attachment-medium size-medium\" alt=\"\" srcset=\"https:\/\/diktardagar.no\/2014\/wp-content\/uploads\/sites\/12\/2014\/07\/regr\u00e5d-300x169.png 300w, https:\/\/diktardagar.no\/2014\/wp-content\/uploads\/sites\/12\/2014\/07\/regr\u00e5d.png 886w\" sizes=\"auto, (max-width: 300px) 100vw, 300px\" \/>\r\n\t\r\n\t<\/a>\r\n\t\r\n<\/div>\r\n\r\n\r\n\r\n<div class=\"sponsor-fremhevet\">\r\n\t\r\n\t<a href=\"https:\/\/www.sparebank1.no\/lom-skjaak\/privat.html\" target=\"_blank\" rel=\"noopener noreferrer\">\r\n\t\r\n\t\t<img loading=\"lazy\" decoding=\"async\" width=\"300\" height=\"89\" src=\"https:\/\/diktardagar.no\/2014\/wp-content\/uploads\/sites\/12\/2017\/01\/Spb1LSlogo-300x89.jpg\" class=\"attachment-medium size-medium\" alt=\"Spb1LSlogo\" srcset=\"https:\/\/diktardagar.no\/2014\/wp-content\/uploads\/sites\/12\/2017\/01\/Spb1LSlogo-300x89.jpg 300w, https:\/\/diktardagar.no\/2014\/wp-content\/uploads\/sites\/12\/2017\/01\/Spb1LSlogo.jpg 414w\" sizes=\"auto, (max-width: 300px) 100vw, 300px\" \/>\r\n\t\r\n\t<\/a>\r\n\t\r\n<\/div>\r\n\r\n\r\n\r\n<div class=\"sponsor-fremhevet\">\r\n\t\r\n\t<a href=\"http:\/\/lom.kommune.no\/\" target=\"_blank\" rel=\"noopener noreferrer\">\r\n\t\r\n\t\t<img loading=\"lazy\" decoding=\"async\" width=\"300\" height=\"102\" src=\"https:\/\/diktardagar.no\/2014\/wp-content\/uploads\/sites\/12\/2014\/07\/lom-kommune-300x102.png\" class=\"attachment-medium size-medium\" alt=\"\" srcset=\"https:\/\/diktardagar.no\/2014\/wp-content\/uploads\/sites\/12\/2014\/07\/lom-kommune-300x102.png 300w, https:\/\/diktardagar.no\/2014\/wp-content\/uploads\/sites\/12\/2014\/07\/lom-kommune-1024x348.png 1024w, https:\/\/diktardagar.no\/2014\/wp-content\/uploads\/sites\/12\/2014\/07\/lom-kommune.png 1181w\" sizes=\"auto, (max-width: 300px) 100vw, 300px\" \/>\r\n\t\r\n\t<\/a>\r\n\t\r\n<\/div>\r\n\r\n\r\n\r\n<div class=\"sponsor-fremhevet\">\r\n\t\r\n\t<a href=\"http:\/\/www.skjaak.kommune.no\/\" target=\"_blank\" rel=\"noopener noreferrer\">\r\n\t\r\n\t\t<img loading=\"lazy\" decoding=\"async\" width=\"300\" height=\"147\" src=\"https:\/\/diktardagar.no\/2014\/wp-content\/uploads\/sites\/12\/2015\/07\/skjaak_logo_1-300x147.png\" class=\"attachment-medium size-medium\" alt=\"skjaak_logo\" srcset=\"https:\/\/diktardagar.no\/2014\/wp-content\/uploads\/sites\/12\/2015\/07\/skjaak_logo_1-300x147.png 300w, https:\/\/diktardagar.no\/2014\/wp-content\/uploads\/sites\/12\/2015\/07\/skjaak_logo_1.png 987w\" sizes=\"auto, (max-width: 300px) 100vw, 300px\" \/>\r\n\t\r\n\t<\/a>\r\n\t\r\n<\/div>\r\n\r\n\r\n\r\n<div class=\"sponsor-fremhevet\">\r\n\t\r\n\t<a href=\"http:\/\/www.nm.no\/\" target=\"_blank\" rel=\"noopener noreferrer\">\r\n\t\r\n\t\t<img loading=\"lazy\" decoding=\"async\" width=\"300\" height=\"276\" src=\"https:\/\/diktardagar.no\/2014\/wp-content\/uploads\/sites\/12\/2019\/06\/nm_logo_farge1-300x276.jpg\" class=\"attachment-medium size-medium\" alt=\"\" srcset=\"https:\/\/diktardagar.no\/2014\/wp-content\/uploads\/sites\/12\/2019\/06\/nm_logo_farge1-300x276.jpg 300w, https:\/\/diktardagar.no\/2014\/wp-content\/uploads\/sites\/12\/2019\/06\/nm_logo_farge1-768x707.jpg 768w, https:\/\/diktardagar.no\/2014\/wp-content\/uploads\/sites\/12\/2019\/06\/nm_logo_farge1-1024x943.jpg 1024w, https:\/\/diktardagar.no\/2014\/wp-content\/uploads\/sites\/12\/2019\/06\/nm_logo_farge1.jpg 1026w\" sizes=\"auto, (max-width: 300px) 100vw, 300px\" \/>\r\n\t\r\n\t<\/a>\r\n\t\r\n<\/div>\r\n\r\n\r\n\r\n<div class=\"sponsor-fremhevet\">\r\n\t\r\n\t<a href=\"http:\/\/www.fritt-ord.no\/\" target=\"_blank\" rel=\"noopener noreferrer\">\r\n\t\r\n\t\t<img loading=\"lazy\" decoding=\"async\" width=\"266\" height=\"300\" src=\"https:\/\/diktardagar.no\/2014\/wp-content\/uploads\/sites\/12\/2014\/07\/fritt-ord-266x300.png\" class=\"attachment-medium size-medium\" alt=\"fritt ord\" srcset=\"https:\/\/diktardagar.no\/2014\/wp-content\/uploads\/sites\/12\/2014\/07\/fritt-ord-266x300.png 266w, https:\/\/diktardagar.no\/2014\/wp-content\/uploads\/sites\/12\/2014\/07\/fritt-ord.png 713w\" sizes=\"auto, (max-width: 266px) 100vw, 266px\" \/>\r\n\t\r\n\t<\/a>\r\n\t\r\n<\/div>\r\n\r\n\r\n\r\n<div class=\"sponsor-fremhevet\">\r\n\t\r\n\t<a href=\"http:\/\/www.g-kultur.no\/\" target=\"_blank\" rel=\"noopener noreferrer\">\r\n\t\r\n\t\t<img loading=\"lazy\" decoding=\"async\" width=\"300\" height=\"108\" src=\"https:\/\/diktardagar.no\/2014\/wp-content\/uploads\/sites\/12\/2017\/06\/stifting_g-kultur-naturgroenn_1692x611-300x108.jpg\" class=\"attachment-medium size-medium\" alt=\"Stiftinga G-KULTUR logo\" srcset=\"https:\/\/diktardagar.no\/2014\/wp-content\/uploads\/sites\/12\/2017\/06\/stifting_g-kultur-naturgroenn_1692x611-300x108.jpg 300w, https:\/\/diktardagar.no\/2014\/wp-content\/uploads\/sites\/12\/2017\/06\/stifting_g-kultur-naturgroenn_1692x611-768x277.jpg 768w, https:\/\/diktardagar.no\/2014\/wp-content\/uploads\/sites\/12\/2017\/06\/stifting_g-kultur-naturgroenn_1692x611-1024x370.jpg 1024w, https:\/\/diktardagar.no\/2014\/wp-content\/uploads\/sites\/12\/2017\/06\/stifting_g-kultur-naturgroenn_1692x611-1080x390.jpg 1080w, https:\/\/diktardagar.no\/2014\/wp-content\/uploads\/sites\/12\/2017\/06\/stifting_g-kultur-naturgroenn_1692x611.jpg 1692w\" sizes=\"auto, (max-width: 300px) 100vw, 300px\" \/>\r\n\t\r\n\t<\/a>\r\n\t\r\n<\/div>\r\n\r\n\r\n\r\n<div class=\"sponsor-fremhevet\">\r\n\t\r\n\t<a href=\"http:\/\/www.vaga.kommune.no\/\" target=\"_blank\" rel=\"noopener noreferrer\">\r\n\t\r\n\t\t<img loading=\"lazy\" decoding=\"async\" width=\"300\" height=\"95\" src=\"https:\/\/diktardagar.no\/2014\/wp-content\/uploads\/sites\/12\/2015\/07\/Kommunelogo1-v\u00e5g\u00e5-5405-4f-300x95.png\" class=\"attachment-medium size-medium\" alt=\"\" srcset=\"https:\/\/diktardagar.no\/2014\/wp-content\/uploads\/sites\/12\/2015\/07\/Kommunelogo1-v\u00e5g\u00e5-5405-4f-300x95.png 300w, https:\/\/diktardagar.no\/2014\/wp-content\/uploads\/sites\/12\/2015\/07\/Kommunelogo1-v\u00e5g\u00e5-5405-4f.png 525w\" sizes=\"auto, (max-width: 300px) 100vw, 300px\" \/>\r\n\t\r\n\t<\/a>\r\n\t\r\n<\/div>\r\n\r\n\r\n\r\n\r\n\r\n<div class=\"sponsor-fremhevet\">\r\n\t\r\n\t<a href=\"http:\/\/www.forfattersentrum.no\/\" target=\"_blank\" rel=\"noopener noreferrer\">\r\n\t\r\n\t\t<img loading=\"lazy\" decoding=\"async\" width=\"300\" height=\"132\" src=\"https:\/\/diktardagar.no\/2014\/wp-content\/uploads\/sites\/12\/2018\/06\/norsk_forfattersentrum_logo-300x132.png\" class=\"attachment-medium size-medium\" alt=\"\" srcset=\"https:\/\/diktardagar.no\/2014\/wp-content\/uploads\/sites\/12\/2018\/06\/norsk_forfattersentrum_logo-300x132.png 300w, https:\/\/diktardagar.no\/2014\/wp-content\/uploads\/sites\/12\/2018\/06\/norsk_forfattersentrum_logo.png 339w\" sizes=\"auto, (max-width: 300px) 100vw, 300px\" \/>\r\n\t\r\n\t<\/a>\r\n\t\r\n<\/div>\r\n\r\n\r\n\r\n\r\n\r\n\n<h2>\n\t\tTakk \u00f2g til\n\t<\/h2>\n\t\r\n\r\n\r\n\r\n\r\n\r\n\r\n\r\n\r\n\r\n\r\n\r\n\r\n\r\n\r\n\r\n\r\n\r\n\r\n\r\n\r\n\r\n<div class=\"sponsor-takk\">\r\n\t\r\n\t<a href=\"https:\/\/samlaget.no\/\" target=\"_blank\" rel=\"noopener noreferrer\">\r\n\t\r\n\t\tSamlaget\r\n\t\r\n\t<\/a>\r\n\t\r\n<\/div>\r\n\r\n\r\n\r\n\r\n\r\n<div class=\"sponsor-takk\">\r\n\t\r\n\t\tOttadalen M\u00f8lle\r\n\t\r\n<\/div>\r\n\r\n\r\n\r\n<div class=\"sponsor-takk\">\r\n\t\r\n\t\tFjell &#038; Fritid\r\n\t\r\n<\/div>\r\n\r\n\r\n\r\n<div class=\"sponsor-takk\">\r\n\t\r\n\t\tFossberg Hotell\r\n\t\r\n<\/div>\r\n\r\n\r\n\r\n<div class=\"sponsor-takk\">\r\n\t\r\n\t<a href=\"http:\/\/fossheimsteinsenter.no\/\" target=\"_blank\" rel=\"noopener noreferrer\">\r\n\t\r\n\t\tFossheim Steinsenter\r\n\t\r\n\t<\/a>\r\n\t\r\n<\/div>\r\n\r\n\r\n\r\n<div class=\"sponsor-takk\">\r\n\t\r\n\t\tFossheim Hotell\r\n\t\r\n<\/div>\r\n\r\n\r\n\r\n<div class=\"sponsor-takk\">\r\n\t\r\n\t\tNordal Eiendom\r\n\t\r\n<\/div>\r\n\r\n\r\n\r\n<div class=\"sponsor-takk\">\r\n\t\r\n\t\tKiwi\r\n\t\r\n<\/div>\r\n\r\n\r\n\r\n<div class=\"sponsor-takk\">\r\n\t\r\n\t\tStokk &#038; Stein\r\n\t\r\n<\/div>\r\n\r\n\r\n\r\n<div class=\"sponsor-takk\">\r\n\t\r\n\t\tSpiterstulen\r\n\t\r\n<\/div>\r\n\r\n\r\n\r\n<div class=\"sponsor-takk\">\r\n\t\r\n\t\tGausdal Landhandleri\r\n\t\r\n<\/div>\r\n\r\n\r\n\r\n<div class=\"sponsor-takk\">\r\n\t\r\n\t\tCoop Ottadalen\r\n\t\r\n<\/div>\r\n\r\n\r\n\r\n<div class=\"sponsor-takk\">\r\n\t\r\n\t\tFjuken\r\n\t\r\n<\/div>\r\n\r\n\r\n\r\n<div class=\"sponsor-takk\">\r\n\t\r\n\t\tBreheimen Mat\r\n\t\r\n<\/div>\r\n\r\n\r\n\r\n<div class=\"sponsor-takk\">\r\n\t\r\n\t\tNye Brimi Bue\r\n\t\r\n<\/div>\r\n\r\n\n<h2>\n\t\t\u00c5rets akt\u00f8rar\n\t<\/h2>\n\t<article class=\"aktorer_list\">\r\n\t<figure>\r\n\t\t<a href=\"https:\/\/diktardagar.no\/2014\/?post_type=aktr&#038;p=1841\"><img decoding=\"async\" src=\"https:\/\/diktardagar.no\/2014\/wp-content\/uploads\/sites\/12\/2014\/04\/2000x2000Frank_Aarebrot-150x150.jpg\" alt=\"Frank Aarebrot\"><\/a>\r\n\t<\/figure>\r\n\t<header>\r\n\t\t<hgroup>\r\n\t\t\t<h2><a href=\"https:\/\/diktardagar.no\/2014\/?post_type=aktr&#038;p=1841\">Frank Aarebrot<\/a><\/h2>\r\n\t\t<\/hgroup>\r\n\t<\/header>\r\n\t<p><p>Frank Aarebrot, norsk samfunnsforsker, f\u00f8dt 19. januar 1947 i Bergen. Professor i sammenliknende politikk, Universitetet i Bergen.<\/p>\n<\/p>\r\n<\/article><article class=\"aktorer_list\">\r\n\t<figure>\r\n\t\t<a href=\"https:\/\/diktardagar.no\/2014\/?post_type=aktr&#038;p=1840\"><img decoding=\"async\" src=\"https:\/\/diktardagar.no\/2014\/wp-content\/uploads\/sites\/12\/2014\/05\/rian-kopi-150x150.jpg\" alt=\"\u00d8ystein Rian\"><\/a>\r\n\t<\/figure>\r\n\t<header>\r\n\t\t<hgroup>\r\n\t\t\t<h2><a href=\"https:\/\/diktardagar.no\/2014\/?post_type=aktr&#038;p=1840\">\u00d8ystein Rian<\/a><\/h2>\r\n\t\t<\/hgroup>\r\n\t<\/header>\r\n\t<p><p>\u00d8ystein Rian (f\u00f8dt 23. februar 1945 i F\u00e5berg, n\u00e5 Lillehammer kommune) er en norsk historiker. Han er (fra 2015) professor emeritus ved Universitetet i Oslo. Hans spesialomr\u00e5de er dansketiden fra 1536 til 1814 med vekt p\u00e5 politisk, sosial og regional historie.<\/p>\n<\/p>\r\n<\/article><article class=\"aktorer_list\">\r\n\t<figure>\r\n\t\t<a href=\"https:\/\/diktardagar.no\/2014\/?post_type=aktr&#038;p=1839\"><img decoding=\"async\" src=\"https:\/\/diktardagar.no\/2014\/wp-content\/uploads\/sites\/12\/2014\/05\/eide-150x150.jpg\" alt=\"Ove Lidvar Eide\"><\/a>\r\n\t<\/figure>\r\n\t<header>\r\n\t\t<hgroup>\r\n\t\t\t<h2><a href=\"https:\/\/diktardagar.no\/2014\/?post_type=aktr&#038;p=1839\">Ove Lidvar Eide<\/a><\/h2>\r\n\t\t<\/hgroup>\r\n\t<\/header>\r\n\t<p><p>Ove Lidvar Eide (f\u00f8dt 1. september 1950 p\u00e5 Sandane) er en norsk forfatter, bokredakt\u00f8r og pensjonert lektor fra Sandane i Gloppen kommune.<\/p>\n<\/p>\r\n<\/article><article class=\"aktorer_list\">\r\n\t<figure>\r\n\t\t<a href=\"https:\/\/diktardagar.no\/2014\/?post_type=aktr&#038;p=1838\"><img decoding=\"async\" src=\"https:\/\/diktardagar.no\/2014\/wp-content\/uploads\/sites\/12\/2014\/04\/jon_hjornevik-150x150.jpg\" alt=\"Jon Hj\u00f8rnevik\"><\/a>\r\n\t<\/figure>\r\n\t<header>\r\n\t\t<hgroup>\r\n\t\t\t<h2><a href=\"https:\/\/diktardagar.no\/2014\/?post_type=aktr&#038;p=1838\">Jon Hj\u00f8rnevik<\/a><\/h2>\r\n\t\t<\/hgroup>\r\n\t<\/header>\r\n\t<p><p>Jon Hj\u00f8rnevik (f\u00f8dt 14. april 1970 p\u00e5 Voss) er en norsk forfatter, dikter og komiker. Hj\u00f8rnevik har gitt ut en rekke humoristiske diktsamlinger samt et rart leksikon p\u00e5 ett bind med tittelen Hj\u00f8rneviks Store norske leksikon, som spiller p\u00e5 Store norske leksikon.<\/p>\n<\/p>\r\n<\/article><article class=\"aktorer_list\">\r\n\t<figure>\r\n\t\t<a href=\"https:\/\/diktardagar.no\/2014\/?post_type=aktr&#038;p=1837\"><img decoding=\"async\" src=\"https:\/\/diktardagar.no\/2014\/wp-content\/uploads\/sites\/12\/2017\/01\/SigridMoldestad_Promo_01-150x150.jpg\" alt=\"Sigrid Terese Moldestad\"><\/a>\r\n\t<\/figure>\r\n\t<header>\r\n\t\t<hgroup>\r\n\t\t\t<h2><a href=\"https:\/\/diktardagar.no\/2014\/?post_type=aktr&#038;p=1837\">Sigrid Terese Moldestad<\/a><\/h2>\r\n\t\t<\/hgroup>\r\n\t<\/header>\r\n\t<p><p>Sigrid Terese Moldestad (f\u00f8dt 19. juli 1972 p\u00e5 Breim i Gloppen kommune) er en norsk folkemusiker, som spiller fele, hardingfele, og sang. Hun er utdannet ved Ole Bull Akademiet, og spiller sammen med H\u00e5kon H\u00f8gemo og Einar Mj\u00f8lsnes i Gamaltnymalt som fikk Spellemannprisen 2005 i klassen folkemusikk\/gammeldans for debutplata Gamaltnymalt.<\/p>\n<\/p>\r\n<\/article><article class=\"aktorer_list\">\r\n\t<figure>\r\n\t\t<a href=\"https:\/\/diktardagar.no\/2014\/?post_type=aktr&#038;p=1836\"><img decoding=\"async\" src=\"https:\/\/diktardagar.no\/2014\/wp-content\/uploads\/sites\/12\/2014\/05\/\u00f8vsteng-150x150.jpg\" alt=\"Gyrid Axe \u00d8vsteng\"><\/a>\r\n\t<\/figure>\r\n\t<header>\r\n\t\t<hgroup>\r\n\t\t\t<h2><a href=\"https:\/\/diktardagar.no\/2014\/?post_type=aktr&#038;p=1836\">Gyrid Axe \u00d8vsteng<\/a><\/h2>\r\n\t\t<\/hgroup>\r\n\t<\/header>\r\n\t<p><p>Gyrid Axe \u00d8vsteng (f\u00f8dt 31. juli 1974 i V\u00e5g\u00e5) er en norsk dramatiker og barnebokforfatter.<\/p>\n<\/p>\r\n<\/article>\n\n","protected":false},"excerpt":{"rendered":"<p>\u00c5rets akt\u00f8rar 2018<\/p>\n","protected":false},"author":1,"featured_media":0,"parent":0,"menu_order":0,"comment_status":"closed","ping_status":"closed","template":"","meta":{"footnotes":""},"class_list":["post-2327","page","type-page","status-publish","hentry"],"yoast_head":"<!-- This site is optimized with the Yoast SEO plugin v27.4 - https:\/\/yoast.com\/product\/yoast-seo-wordpress\/ -->\n<title>Akt\u00f8rar - Diktardagar 2014<\/title>\n<meta name=\"robots\" content=\"index, follow, max-snippet:-1, max-image-preview:large, max-video-preview:-1\" \/>\n<link rel=\"canonical\" href=\"https:\/\/diktardagar.no\/2014\/aktorar\/\" class=\"yoast-seo-meta-tag\" \/>\n<meta property=\"og:locale\" content=\"nb_NO\" class=\"yoast-seo-meta-tag\" \/>\n<meta property=\"og:type\" content=\"article\" class=\"yoast-seo-meta-tag\" \/>\n<meta property=\"og:title\" content=\"Akt\u00f8rar - Diktardagar 2014\" class=\"yoast-seo-meta-tag\" \/>\n<meta property=\"og:description\" content=\"\u00c5rets akt\u00f8rar 2018\" class=\"yoast-seo-meta-tag\" \/>\n<meta property=\"og:url\" content=\"https:\/\/diktardagar.no\/2014\/aktorar\/\" class=\"yoast-seo-meta-tag\" \/>\n<meta property=\"og:site_name\" content=\"Diktardagar 2014\" class=\"yoast-seo-meta-tag\" \/>\n<meta property=\"article:modified_time\" content=\"2020-11-19T11:35:49+00:00\" class=\"yoast-seo-meta-tag\" \/>\n<meta name=\"twitter:card\" content=\"summary_large_image\" class=\"yoast-seo-meta-tag\" \/>\n<script type=\"application\/ld+json\" class=\"yoast-schema-graph\">{\"@context\":\"https:\\\/\\\/schema.org\",\"@graph\":[{\"@type\":\"WebPage\",\"@id\":\"https:\\\/\\\/diktardagar.no\\\/2014\\\/aktorar\\\/\",\"url\":\"https:\\\/\\\/diktardagar.no\\\/2014\\\/aktorar\\\/\",\"name\":\"Akt\u00f8rar - Diktardagar 2014\",\"isPartOf\":{\"@id\":\"https:\\\/\\\/diktardagar.no\\\/2014\\\/#website\"},\"datePublished\":\"2018-04-30T12:02:38+00:00\",\"dateModified\":\"2020-11-19T11:35:49+00:00\",\"breadcrumb\":{\"@id\":\"https:\\\/\\\/diktardagar.no\\\/2014\\\/aktorar\\\/#breadcrumb\"},\"inLanguage\":\"nb-NO\",\"potentialAction\":[{\"@type\":\"ReadAction\",\"target\":[\"https:\\\/\\\/diktardagar.no\\\/2014\\\/aktorar\\\/\"]}]},{\"@type\":\"BreadcrumbList\",\"@id\":\"https:\\\/\\\/diktardagar.no\\\/2014\\\/aktorar\\\/#breadcrumb\",\"itemListElement\":[{\"@type\":\"ListItem\",\"position\":1,\"name\":\"Hjem\",\"item\":\"https:\\\/\\\/diktardagar.no\\\/2014\\\/\"},{\"@type\":\"ListItem\",\"position\":2,\"name\":\"Akt\u00f8rar\"}]},{\"@type\":\"WebSite\",\"@id\":\"https:\\\/\\\/diktardagar.no\\\/2014\\\/#website\",\"url\":\"https:\\\/\\\/diktardagar.no\\\/2014\\\/\",\"name\":\"Diktardagar 2014\",\"description\":\"\",\"potentialAction\":[{\"@type\":\"SearchAction\",\"target\":{\"@type\":\"EntryPoint\",\"urlTemplate\":\"https:\\\/\\\/diktardagar.no\\\/2014\\\/?s={search_term_string}\"},\"query-input\":{\"@type\":\"PropertyValueSpecification\",\"valueRequired\":true,\"valueName\":\"search_term_string\"}}],\"inLanguage\":\"nb-NO\"}]}<\/script>\n<!-- \/ Yoast SEO plugin. -->","yoast_head_json":{"title":"Akt\u00f8rar - Diktardagar 2014","robots":{"index":"index","follow":"follow","max-snippet":"max-snippet:-1","max-image-preview":"max-image-preview:large","max-video-preview":"max-video-preview:-1"},"canonical":"https:\/\/diktardagar.no\/2014\/aktorar\/","og_locale":"nb_NO","og_type":"article","og_title":"Akt\u00f8rar - Diktardagar 2014","og_description":"\u00c5rets akt\u00f8rar 2018","og_url":"https:\/\/diktardagar.no\/2014\/aktorar\/","og_site_name":"Diktardagar 2014","article_modified_time":"2020-11-19T11:35:49+00:00","twitter_card":"summary_large_image","schema":{"@context":"https:\/\/schema.org","@graph":[{"@type":"WebPage","@id":"https:\/\/diktardagar.no\/2014\/aktorar\/","url":"https:\/\/diktardagar.no\/2014\/aktorar\/","name":"Akt\u00f8rar - Diktardagar 2014","isPartOf":{"@id":"https:\/\/diktardagar.no\/2014\/#website"},"datePublished":"2018-04-30T12:02:38+00:00","dateModified":"2020-11-19T11:35:49+00:00","breadcrumb":{"@id":"https:\/\/diktardagar.no\/2014\/aktorar\/#breadcrumb"},"inLanguage":"nb-NO","potentialAction":[{"@type":"ReadAction","target":["https:\/\/diktardagar.no\/2014\/aktorar\/"]}]},{"@type":"BreadcrumbList","@id":"https:\/\/diktardagar.no\/2014\/aktorar\/#breadcrumb","itemListElement":[{"@type":"ListItem","position":1,"name":"Hjem","item":"https:\/\/diktardagar.no\/2014\/"},{"@type":"ListItem","position":2,"name":"Akt\u00f8rar"}]},{"@type":"WebSite","@id":"https:\/\/diktardagar.no\/2014\/#website","url":"https:\/\/diktardagar.no\/2014\/","name":"Diktardagar 2014","description":"","potentialAction":[{"@type":"SearchAction","target":{"@type":"EntryPoint","urlTemplate":"https:\/\/diktardagar.no\/2014\/?s={search_term_string}"},"query-input":{"@type":"PropertyValueSpecification","valueRequired":true,"valueName":"search_term_string"}}],"inLanguage":"nb-NO"}]}},"_links":{"self":[{"href":"https:\/\/diktardagar.no\/2014\/wp-json\/wp\/v2\/pages\/2327","targetHints":{"allow":["GET"]}}],"collection":[{"href":"https:\/\/diktardagar.no\/2014\/wp-json\/wp\/v2\/pages"}],"about":[{"href":"https:\/\/diktardagar.no\/2014\/wp-json\/wp\/v2\/types\/page"}],"author":[{"embeddable":true,"href":"https:\/\/diktardagar.no\/2014\/wp-json\/wp\/v2\/users\/1"}],"replies":[{"embeddable":true,"href":"https:\/\/diktardagar.no\/2014\/wp-json\/wp\/v2\/comments?post=2327"}],"version-history":[{"count":10,"href":"https:\/\/diktardagar.no\/2014\/wp-json\/wp\/v2\/pages\/2327\/revisions"}],"predecessor-version":[{"id":3089,"href":"https:\/\/diktardagar.no\/2014\/wp-json\/wp\/v2\/pages\/2327\/revisions\/3089"}],"wp:attachment":[{"href":"https:\/\/diktardagar.no\/2014\/wp-json\/wp\/v2\/media?parent=2327"}],"curies":[{"name":"wp","href":"https:\/\/api.w.org\/{rel}","templated":true}]}}